{"id":4400,"date":"2021-10-12T15:51:09","date_gmt":"2021-10-12T13:51:09","guid":{"rendered":"http:\/\/dummy.xtemos.com\/woodmart2\/elementor\/?page_id=4400"},"modified":"2025-02-03T14:57:07","modified_gmt":"2025-02-03T13:57:07","slug":"unsere-geschichte","status":"publish","type":"page","link":"https:\/\/www.vinness.it\/de\/la-nostra-storia\/","title":{"rendered":"Unsere Geschichte"},"content":{"rendered":"<div data-elementor-type=\"wp-page\" data-elementor-id=\"4400\" class=\"elementor elementor-4400\" data-elementor-post-type=\"page\">\n\t\t\t\t\t\t<section data-particle_enable=\"false\" data-particle-mobile-disabled=\"false\" class=\"wd-negative-gap elementor-section elementor-top-section elementor-element elementor-element-30f4b337 elementor-section-content-middle wd-section-stretch elementor-section-boxed elementor-section-height-default elementor-section-height-default\" data-id=\"30f4b337\" data-element_type=\"section\" data-e-type=\"section\" data-settings=\"{&quot;background_background&quot;:&quot;classic&quot;}\">\n\t\t\t\t\t\t<div class=\"elementor-container elementor-column-gap-extended\">\n\t\t\t\t\t<div class=\"elementor-column elementor-col-33 elementor-top-column elementor-element elementor-element-709130a2\" data-id=\"709130a2\" data-element_type=\"column\" data-e-type=\"column\">\n\t\t\t<div class=\"elementor-widget-wrap elementor-element-populated\">\n\t\t\t\t\t\t<div class=\"elementor-element elementor-element-de6816b wd-width-100 elementor-widget elementor-widget-wd_title\" data-id=\"de6816b\" data-element_type=\"widget\" data-e-type=\"widget\" data-widget_type=\"wd_title.default\">\n\t\t\t\t<div class=\"elementor-widget-container\">\n\t\t\t\t\t\t\t<div class=\"title-wrapper wd-set-mb reset-last-child wd-title-color-primary wd-title-style-default wd-title-size-large text-left\">\n\n\t\t\t\t\t\t\t\t\t\t\t<div class=\"title-subtitle subtitle-color-primary subtitle-style-default wd-fontsize-xs\">\n\t\t\t\t\tEIN PAAR WORTE \u00dcBER UNS\t\t\t\t<\/div>\n\t\t\t\n\t\t\t<div class=\"liner-continer\">\n\t\t\t\t<h4 class=\"woodmart-title-container title wd-fontsize-xxl\">Gut koordinierte Teamarbeit spricht f\u00fcr uns<\/h4> \n\t\t\t\t\t\t\t<\/div>\n\n\t\t\t\t\t<\/div>\n\t\t\t\t\t\t<\/div>\n\t\t\t\t<\/div>\n\t\t\t\t\t<\/div>\n\t\t<\/div>\n\t\t\t\t<div class=\"elementor-column elementor-col-33 elementor-top-column elementor-element elementor-element-52737e3b\" data-id=\"52737e3b\" data-element_type=\"column\" data-e-type=\"column\">\n\t\t\t<div class=\"elementor-widget-wrap elementor-element-populated\">\n\t\t\t\t\t\t<div class=\"elementor-element elementor-element-1cde49f0 elementor-widget elementor-widget-wd_infobox\" data-id=\"1cde49f0\" data-element_type=\"widget\" data-e-type=\"widget\" data-widget_type=\"wd_infobox.default\">\n\t\t\t\t<div class=\"elementor-widget-container\">\n\t\t\t\t\t\t\t<div class=\"info-box-wrapper\">\n\t\t\t<div class=\"wd-info-box text-left box-icon-align-top box-style-base color-scheme-\">\n\t\t\t\t\n\t\t\t\t<div class=\"info-box-content\">\n\t\t\t\t\t\n\t\t\t\t\t\t\t\t\t\t\t<h4\t\t\t\t\t\tclass=\"info-box-title title box-title-style-default wd-fontsize-m\" data-elementor-setting-key=\"title\">\n\t\t\t\t\t\t\t\tLiebe und Leidenschaft \t\t\t\t\t\t<\/h4>\n\t\t\t\t\t\n\t\t\t\t\t<div class=\"info-box-inner reset-last-child\"data-elementor-setting-key=\"content\"><p>Love &amp; Passion\" ist eine gewinnbringende Kombination f\u00fcr Vinness, denn sie verdeutlicht, was uns zu dem gemacht hat, was wir heute sind. Eine t\u00e4gliche Verpflichtung, die mit der Seele erdacht und mit dem Herzen umgesetzt wird.<span style=\"font-size: 16px; color: var(--wd-text-color);\"><\/span><\/p>\n<\/div>\n\n\t\t\t\t\t\t\t\t\t<\/div>\n\n\t\t\t\t\t\t\t\t\t<a href=\"#\" class=\"wd-info-box-link wd-fill\" aria-label=\"Infobox-Link\"><\/a>\n\t\t\t\t\t\t\t<\/div>\n\t\t<\/div>\n\t\t\t\t\t\t<\/div>\n\t\t\t\t<\/div>\n\t\t\t\t\t<\/div>\n\t\t<\/div>\n\t\t\t\t<div class=\"elementor-column elementor-col-33 elementor-top-column elementor-element elementor-element-1c137d17\" data-id=\"1c137d17\" data-element_type=\"column\" data-e-type=\"column\">\n\t\t\t<div class=\"elementor-widget-wrap elementor-element-populated\">\n\t\t\t\t\t\t<div class=\"elementor-element elementor-element-1be79bd5 elementor-widget elementor-widget-wd_infobox\" data-id=\"1be79bd5\" data-element_type=\"widget\" data-e-type=\"widget\" data-widget_type=\"wd_infobox.default\">\n\t\t\t\t<div class=\"elementor-widget-container\">\n\t\t\t\t\t\t\t<div class=\"info-box-wrapper\">\n\t\t\t<div class=\"wd-info-box text-left box-icon-align-top box-style-base color-scheme-\">\n\t\t\t\t\n\t\t\t\t<div class=\"info-box-content\">\n\t\t\t\t\t\n\t\t\t\t\t\t\t\t\t\t\t<h4\t\t\t\t\t\tclass=\"info-box-title title box-title-style-default wd-fontsize-m\" data-elementor-setting-key=\"title\">\n\t\t\t\t\t\t\t\tAusgezeichnetes Personal\t\t\t\t\t\t<\/h4>\n\t\t\t\t\t\n\t\t\t\t\t<div class=\"info-box-inner reset-last-child\"data-elementor-setting-key=\"content\"><p>Die Exzellenz der Vinness-Mitarbeiter wird jeden Tag durch das Wohlwollen unserer Kunden und das Vertrauen, das sie uns jedes Mal entgegenbringen, wenn sie uns w\u00e4hlen, unter Beweis gestellt. Aus diesem Grund wird unser Team als \"ausgezeichnet\" bezeichnet, sowohl wegen des Engagements, das wir ihm entgegenbringen, als auch wegen der Aufmerksamkeit, die wir ihm widmen.<\/p>\n<\/div>\n\n\t\t\t\t\t\t\t\t\t<\/div>\n\n\t\t\t\t\t\t\t<\/div>\n\t\t<\/div>\n\t\t\t\t\t\t<\/div>\n\t\t\t\t<\/div>\n\t\t\t\t\t<\/div>\n\t\t<\/div>\n\t\t\t\t\t<\/div>\n\t\t<\/section>\n\t\t\t\t<section data-particle_enable=\"false\" data-particle-mobile-disabled=\"false\" class=\"wd-negative-gap elementor-section elementor-top-section elementor-element elementor-element-3c548bca elementor-reverse-tablet elementor-reverse-mobile elementor-section-boxed elementor-section-height-default elementor-section-height-default\" data-id=\"3c548bca\" data-element_type=\"section\" data-e-type=\"section\">\n\t\t\t\t\t\t<div class=\"elementor-container elementor-column-gap-default\">\n\t\t\t\t\t<div class=\"elementor-column elementor-col-50 elementor-top-column elementor-element elementor-element-1d354ed7\" data-id=\"1d354ed7\" data-element_type=\"column\" data-e-type=\"column\">\n\t\t\t<div class=\"elementor-widget-wrap elementor-element-populated\">\n\t\t\t\t\t\t<div class=\"elementor-element elementor-element-3b8f1c6 elementor-widget elementor-widget-wd_image_or_svg\" data-id=\"3b8f1c6\" data-element_type=\"widget\" data-e-type=\"widget\" data-widget_type=\"wd_image_or_svg.default\">\n\t\t\t\t<div class=\"elementor-widget-container\">\n\t\t\t\t\t\n\t\t<div class=\"wd-image text-center\">\n\t\t\t\t\t\t\t\t<img fetchpriority=\"high\" decoding=\"async\" width=\"815\" height=\"485\" src=\"https:\/\/www.vinness.it\/wp-content\/uploads\/2022\/04\/Logo_Vinness-e1668160215802.jpg\" class=\"attachment-full size-full\" alt=\"\" srcset=\"https:\/\/www.vinness.it\/wp-content\/uploads\/2022\/04\/Logo_Vinness-e1668160215802.jpg 815w, https:\/\/www.vinness.it\/wp-content\/uploads\/2022\/04\/Logo_Vinness-e1668160215802-400x238.jpg 400w, https:\/\/www.vinness.it\/wp-content\/uploads\/2022\/04\/Logo_Vinness-e1668160215802-768x457.jpg 768w, https:\/\/www.vinness.it\/wp-content\/uploads\/2022\/04\/Logo_Vinness-e1668160215802-430x256.jpg 430w, https:\/\/www.vinness.it\/wp-content\/uploads\/2022\/04\/Logo_Vinness-e1668160215802-700x417.jpg 700w, https:\/\/www.vinness.it\/wp-content\/uploads\/2022\/04\/Logo_Vinness-e1668160215802-150x89.jpg 150w, https:\/\/www.vinness.it\/wp-content\/uploads\/2022\/04\/Logo_Vinness-e1668160215802-18x12.jpg 18w\" sizes=\"(max-width: 815px) 100vw, 815px\" loading=\"eager\" title=\"\">\t\t\t\t\t<\/div>\n\n\t\t\t\t\t\t<\/div>\n\t\t\t\t<\/div>\n\t\t\t\t\t<\/div>\n\t\t<\/div>\n\t\t\t\t<div class=\"elementor-column elementor-col-50 elementor-top-column elementor-element elementor-element-7a9daa7\" data-id=\"7a9daa7\" data-element_type=\"column\" data-e-type=\"column\">\n\t\t\t<div class=\"elementor-widget-wrap elementor-element-populated\">\n\t\t\t\t\t\t<div class=\"elementor-element elementor-element-18566191 wd-width-100 elementor-widget elementor-widget-wd_title\" data-id=\"18566191\" data-element_type=\"widget\" data-e-type=\"widget\" data-widget_type=\"wd_title.default\">\n\t\t\t\t<div class=\"elementor-widget-container\">\n\t\t\t\t\t\t\t<div class=\"title-wrapper wd-set-mb reset-last-child wd-title-color-primary wd-title-style-default wd-title-size-large text-left\">\n\n\t\t\t\t\t\t\t\t\t\t\t<div class=\"title-subtitle subtitle-color-primary subtitle-style-default wd-fontsize-xs\">\n\t\t\t\t\tGEBOREN IM JAHR 2014\t\t\t\t<\/div>\n\t\t\t\n\t\t\t<div class=\"liner-continer\">\n\t\t\t\t<h4 class=\"woodmart-title-container title wd-fontsize-xxl\">Eine innovative und elegante Weinkellerei<\/h4> \n\t\t\t\t\t\t\t<\/div>\n\n\t\t\t\t\t\t\t<div class=\"title-after_title reset-last-child wd-fontsize-s\">\n\t\t\t\t\t<p><em>Aus dem Projekt eines Unternehmers, eine Lounge zu schaffen, die sowohl ein Ort der Zusammenkunft als auch der Verkostung sein sollte, entstand 2014 Vinness. Ein gem\u00fctlicher, intimer und zur\u00fcckhaltender Ort, der trotz seiner Lage im Stadtzentrum all jenen gewidmet ist, die die Kunst des Weines und die typischen Geschm\u00e4cker unseres Italiens feiern m\u00f6chten.<\/em><\/p>\t\t\t\t<\/div>\n\t\t\t\t\t<\/div>\n\t\t\t\t\t\t<\/div>\n\t\t\t\t<\/div>\n\t\t\t\t<div class=\"elementor-element elementor-element-cf34ae6 elementor-widget elementor-widget-wd_text_block\" data-id=\"cf34ae6\" data-element_type=\"widget\" data-e-type=\"widget\" data-widget_type=\"wd_text_block.default\">\n\t\t\t\t<div class=\"elementor-widget-container\">\n\t\t\t\t\t\t\t<div class=\"wd-text-block reset-last-child text-left\">\n\t\t\t\n\t\t\t<p>Vinness wird zu einer Synthese aus Vertrautheit und Eleganz und leistet damit Pionierarbeit f\u00fcr ein neues Konzept der Verkostung. Eine neue Art des modernen Trinkens, die sich in einer sorgf\u00e4ltigen Auswahl von Weinetiketten niederschl\u00e4gt, die sich durch eine breite Palette von Weinen im Ausschank auszeichnen, deren Erfolg ein einziges Geheimnis verbirgt: die Echtheit des Produkts! Die Liebe zum Detail ist f\u00fcr uns unabdingbar, denn wir m\u00f6chten unseren Kunden nur das Beste bieten, um ihnen eine beispiellose Reise der Aromen und des Geschmacks zu garantieren.<\/p>\n\t\t\t\t\t<\/div>\n\t\t\t\t\t\t<\/div>\n\t\t\t\t<\/div>\n\t\t\t\t<section data-particle_enable=\"false\" data-particle-mobile-disabled=\"false\" class=\"wd-negative-gap elementor-section elementor-inner-section elementor-element elementor-element-6c441740 elementor-section-boxed elementor-section-height-default elementor-section-height-default\" data-id=\"6c441740\" data-element_type=\"section\" data-e-type=\"section\">\n\t\t\t\t\t\t<div class=\"elementor-container elementor-column-gap-default\">\n\t\t\t\t\t<div class=\"elementor-column elementor-col-100 elementor-inner-column elementor-element elementor-element-2340cadd\" data-id=\"2340cadd\" data-element_type=\"column\" data-e-type=\"column\">\n\t\t\t<div class=\"elementor-widget-wrap elementor-element-populated\">\n\t\t\t\t\t\t<div class=\"elementor-element elementor-element-bd4094d elementor-widget__width-auto elementor-widget elementor-widget-wd_text_block\" data-id=\"bd4094d\" data-element_type=\"widget\" data-e-type=\"widget\" data-widget_type=\"wd_text_block.default\">\n\t\t\t\t<div class=\"elementor-widget-container\">\n\t\t\t\t\t\t\t<div class=\"wd-text-block reset-last-child text-left\">\n\t\t\t\n\t\t\t<p><a href=\"https:\/\/www.vinness.it\/de\/\"><strong><em>Vinness | Vineria <span style=\"color: #cd1d1d;\">&amp; <\/span>Gastronomie <\/em><\/strong><\/a><\/p>\n\t\t\t\t\t<\/div>\n\t\t\t\t\t\t<\/div>\n\t\t\t\t<\/div>\n\t\t\t\t<div class=\"elementor-element elementor-element-5292d768 elementor-widget__width-auto elementor-hidden-phone elementor-widget elementor-widget-wd_social_buttons\" data-id=\"5292d768\" data-element_type=\"widget\" data-e-type=\"widget\" data-widget_type=\"wd_social_buttons.default\">\n\t\t\t\t<div class=\"elementor-widget-container\">\n\t\t\t\t\t\t\t\t<div\n\t\t\t\t\t\tclass=\"wd-social-icons wd-style-colored-alt wd-size-small social-share wd-shape-circle color-scheme-dark text-left\">\n\t\t\t\t\n\t\t\t\t\n\t\t\t\t\t\t\t\t\t<a rel=\"noopener noreferrer nofollow\" href=\"https:\/\/www.facebook.com\/sharer\/sharer.php?u=https:\/\/www.vinness.it\/de\/la-nostra-storia\/\" target=\"_blank\" class=\"wd-social-icon social-facebook\" aria-label=\"Facebook Social-Link\">\n\t\t\t\t\t\t<span class=\"wd-icon\"><\/span>\n\t\t\t\t\t\t\t\t\t\t\t<\/a>\n\t\t\t\t\n\t\t\t\t\t\t\t\t\t<a rel=\"noopener noreferrer nofollow\" href=\"https:\/\/x.com\/share?url=https:\/\/www.vinness.it\/de\/la-nostra-storia\/\" target=\"_blank\" class=\"wd-social-icon social-twitter\" aria-label=\"X Social-Link\">\n\t\t\t\t\t\t<span class=\"wd-icon\"><\/span>\n\t\t\t\t\t\t\t\t\t\t\t<\/a>\n\t\t\t\t\n\t\t\t\t\n\t\t\t\t\t\t\t\t\t<a rel=\"noopener noreferrer nofollow\" href=\"mailto:?subject=Pr\u00fcfen%20this%20https:\/\/www.vinness.it\/de\/la-nostra-storia\/\" target=\"_blank\" class=\"wd-social-icon social-email\" aria-label=\"E-Mail-Social-Link\">\n\t\t\t\t\t\t<span class=\"wd-icon\"><\/span>\n\t\t\t\t\t\t\t\t\t\t\t<\/a>\n\t\t\t\t\n\t\t\t\t\n\t\t\t\t\n\t\t\t\t\n\t\t\t\t\n\t\t\t\t\n\t\t\t\t\n\t\t\t\t\n\t\t\t\t\n\t\t\t\t\n\t\t\t\t\n\t\t\t\t\n\t\t\t\t\n\t\t\t\t\n\t\t\t\t\n\t\t\t\t\t\t\t\t\t<a rel=\"noopener noreferrer nofollow\" href=\"https:\/\/api.whatsapp.com\/send?text=https%3A%2F%2Fwww.vinness.it%2Fde%2Fla-nostra-storia%2F\" target=\"_blank\" class=\"wd-hide-md wd-social-icon social-whatsapp\" aria-label=\"WhatsApp-Social-Link\">\n\t\t\t\t\t\t<span class=\"wd-icon\"><\/span>\n\t\t\t\t\t\t\t\t\t\t\t<\/a>\n\n\t\t\t\t\t<a rel=\"noopener noreferrer nofollow\" href=\"whatsapp:\/\/send?text=http:\/\/https%3A%2F%2Fwww.vinness.it%2Fde%2Fla-nostra-storia%2F\" target=\"_blank\" class=\"wd-hide-lg wd-social-icon social-whatsapp\" aria-label=\"WhatsApp-Social-Link\">\n\t\t\t\t\t\t<span class=\"wd-icon\"><\/span>\n\t\t\t\t\t\t\t\t\t\t\t<\/a>\n\t\t\t\t\n\t\t\t\t\n\t\t\t\t\n\t\t\t\t\n\t\t\t\t\n\t\t\t\t\n\t\t\t\t\t\t\t\t\t<a rel=\"noopener noreferrer nofollow\" href=\"https:\/\/telegram.me\/share\/url?url=https:\/\/www.vinness.it\/de\/la-nostra-storia\/\" target=\"_blank\" class=\"wd-social-icon social-tg\" aria-label=\"Telegram-Social-Link\">\n\t\t\t\t\t\t<span class=\"wd-icon\"><\/span>\n\t\t\t\t\t\t\t\t\t\t\t<\/a>\n\t\t\t\t\n\t\t\t\t\n\t\t\t<\/div>\n\n\t\t\t\t\t\t<\/div>\n\t\t\t\t<\/div>\n\t\t\t\t\t<\/div>\n\t\t<\/div>\n\t\t\t\t\t<\/div>\n\t\t<\/section>\n\t\t\t\t\t<\/div>\n\t\t<\/div>\n\t\t\t\t\t<\/div>\n\t\t<\/section>\n\t\t\t\t<\/div>","protected":false},"excerpt":{"rendered":"<p>ALCUNE PAROLE SU DI NOI Un lavoro di squadra ben coordinato parla di noi Amore &amp; Passione Amore &amp; Passione<\/p>","protected":false},"author":1,"featured_media":0,"parent":0,"menu_order":0,"comment_status":"closed","ping_status":"closed","template":"","meta":{"_relevanssi_hide_post":"","_relevanssi_hide_content":"","_relevanssi_pin_for_all":"","_relevanssi_pin_keywords":"","_relevanssi_unpin_keywords":"","_relevanssi_related_keywords":"","_relevanssi_related_include_ids":"","_relevanssi_related_exclude_ids":"","_relevanssi_related_no_append":"","_relevanssi_related_not_related":"","_relevanssi_related_posts":"","_relevanssi_noindex_reason":"","footnotes":""},"class_list":["post-4400","page","type-page","status-publish","hentry"],"_links":{"self":[{"href":"https:\/\/www.vinness.it\/de\/wp-json\/wp\/v2\/pages\/4400","targetHints":{"allow":["GET"]}}],"collection":[{"href":"https:\/\/www.vinness.it\/de\/wp-json\/wp\/v2\/pages"}],"about":[{"href":"https:\/\/www.vinness.it\/de\/wp-json\/wp\/v2\/types\/page"}],"author":[{"embeddable":true,"href":"https:\/\/www.vinness.it\/de\/wp-json\/wp\/v2\/users\/1"}],"replies":[{"embeddable":true,"href":"https:\/\/www.vinness.it\/de\/wp-json\/wp\/v2\/comments?post=4400"}],"version-history":[{"count":0,"href":"https:\/\/www.vinness.it\/de\/wp-json\/wp\/v2\/pages\/4400\/revisions"}],"wp:attachment":[{"href":"https:\/\/www.vinness.it\/de\/wp-json\/wp\/v2\/media?parent=4400"}],"curies":[{"name":"wp","href":"https:\/\/api.w.org\/{rel}","templated":true}]}}