{"id":129355,"date":"2026-03-04T19:57:24","date_gmt":"2026-03-04T18:57:24","guid":{"rendered":"https:\/\/www.vinness.it\/catalogo\/senza-categoria\/taurasi-2018-375-8017015302182\/"},"modified":"2026-04-25T23:33:11","modified_gmt":"2026-04-25T21:33:11","slug":"taurasi-2018-375-8017015302182","status":"publish","type":"product","link":"https:\/\/www.vinness.it\/de\/catalogo\/vineria\/vini-vineria\/vini-375-cl\/taurasi-2018-375-8017015302182\/","title":{"rendered":"Taurasi 2018-37,5-8017015302182"},"content":{"rendered":"<p>Hauptgerichte\r\n\r\nIntensives Rubinrot, in der Nase ein breites, komplexes und intensives Bouquet mit Noten von Kirschen, Veilchen, Beeren und einem ausgepr\u00e4gten Gew\u00fcrzaroma. Am Gaumen ist er einh\u00fcllend und elegant und zeichnet sich durch eine tadellos ausgearbeitete Tanninstruktur aus. Aromen von Pflaume und Schwarzkirsche begleiten den lang anhaltenden Abgang.<\/p>","protected":false},"excerpt":{"rendered":"<p>Hauptgerichte\r\n\r\nIntensives Rubinrot, in der Nase ein breites, komplexes und intensives Bouquet mit Noten von Kirschen, Veilchen, Beeren und einem ausgepr\u00e4gten Gew\u00fcrzaroma. Am Gaumen ist er einh\u00fcllend und elegant und zeichnet sich durch eine tadellos ausgearbeitete Tanninstruktur aus. Aromen von Pflaume und Schwarzkirsche begleiten den lang anhaltenden Abgang.<\/p>","protected":false},"featured_media":285223,"comment_status":"closed","ping_status":"closed","template":"","meta":{"_relevanssi_hide_post":"","_relevanssi_hide_content":"","_relevanssi_pin_for_all":"","_relevanssi_pin_keywords":"","_relevanssi_unpin_keywords":"","_relevanssi_related_keywords":"","_relevanssi_related_include_ids":"","_relevanssi_related_exclude_ids":"","_relevanssi_related_no_append":"","_relevanssi_related_not_related":"","_relevanssi_related_posts":"","_relevanssi_noindex_reason":""},"product_brand":[],"product_cat":[623],"product_tag":[],"class_list":{"0":"post-129355","1":"product","2":"type-product","3":"status-publish","4":"has-post-thumbnail","6":"product_cat-vini-375-cl","8":"first","9":"instock","10":"taxable","11":"shipping-taxable","12":"purchasable","13":"product-type-simple"},"ase":null,"_links":{"self":[{"href":"https:\/\/www.vinness.it\/de\/wp-json\/wp\/v2\/product\/129355","targetHints":{"allow":["GET"]}}],"collection":[{"href":"https:\/\/www.vinness.it\/de\/wp-json\/wp\/v2\/product"}],"about":[{"href":"https:\/\/www.vinness.it\/de\/wp-json\/wp\/v2\/types\/product"}],"replies":[{"embeddable":true,"href":"https:\/\/www.vinness.it\/de\/wp-json\/wp\/v2\/comments?post=129355"}],"version-history":[{"count":0,"href":"https:\/\/www.vinness.it\/de\/wp-json\/wp\/v2\/product\/129355\/revisions"}],"wp:featuredmedia":[{"embeddable":true,"href":"https:\/\/www.vinness.it\/de\/wp-json\/wp\/v2\/media\/285223"}],"wp:attachment":[{"href":"https:\/\/www.vinness.it\/de\/wp-json\/wp\/v2\/media?parent=129355"}],"wp:term":[{"taxonomy":"product_brand","embeddable":true,"href":"https:\/\/www.vinness.it\/de\/wp-json\/wp\/v2\/product_brand?post=129355"},{"taxonomy":"product_cat","embeddable":true,"href":"https:\/\/www.vinness.it\/de\/wp-json\/wp\/v2\/product_cat?post=129355"},{"taxonomy":"product_tag","embeddable":true,"href":"https:\/\/www.vinness.it\/de\/wp-json\/wp\/v2\/product_tag?post=129355"}],"curies":[{"name":"wp","href":"https:\/\/api.w.org\/{rel}","templated":true}]}}