{"id":30270,"date":"2024-02-13T22:01:30","date_gmt":"2024-02-13T21:01:30","guid":{"rendered":"http:\/\/vinness.it\/?post_type=product&#038;p=30270"},"modified":"2025-03-08T23:18:34","modified_gmt":"2025-03-08T22:18:34","slug":"fiano-radici-2020-mastroberardino","status":"publish","type":"product","link":"https:\/\/www.vinness.it\/de\/catalogo\/vineria\/vini-vineria\/bianco\/fiano-radici-2020-mastroberardino\/","title":{"rendered":"Fiano &#8220;Radici&#8221; 2020 &#8211; Mastroberardino"},"content":{"rendered":"<p>Ci racconta come pochi altri vini sanno fare, quella che \u00e8 la pi\u00f9 vera e profonda identit\u00e0 del terroir da cui proviene. Il Fiano di Avellino \u201cRadici\u201d prodotto da Mastroberardino \u00e8 un bianco d\u2019Irpinia che nasce a oltre 500 metri di altitudine sul livello del mare, e che viene lavorato e invecchiato esclusivamente in acciaio, per poi essere affinato in bottiglia per circa quattro mesi prima della commercializzazione. \u00c8 un Fiano che come un mosaico ha tutte le tessere al proprio posto, ordinate e precise. \u00c8 un Fiano di Avellino veramente ben fatto.<\/p>","protected":false},"excerpt":{"rendered":"<p><strong>CARATTERISTICHE<\/strong><\/p>\n<p><strong>Denominierung:<\/strong> Fiano di Avellino DOCG<br \/>\n<strong>Rebsorten:<\/strong> Fiano 100%<br \/>\n<strong>Region:<\/strong> Kampanien<br \/>\n<strong>Abstufung:<\/strong> 13,5%<br \/>\n<strong>Temp. servizio:<\/strong> 8\u00b0-12\u00b0C<br \/>\n<strong>Format:<\/strong> Flasche 75 cl<\/p>","protected":false},"featured_media":32765,"comment_status":"closed","ping_status":"closed","template":"","meta":{"_relevanssi_hide_post":"","_relevanssi_hide_content":"","_relevanssi_pin_for_all":"","_relevanssi_pin_keywords":"","_relevanssi_unpin_keywords":"","_relevanssi_related_keywords":"","_relevanssi_related_include_ids":"","_relevanssi_related_exclude_ids":"","_relevanssi_related_no_append":"","_relevanssi_related_not_related":"","_relevanssi_related_posts":"","_relevanssi_noindex_reason":""},"product_brand":[],"product_cat":[429],"product_tag":[],"class_list":{"0":"post-30270","1":"product","2":"type-product","3":"status-publish","4":"has-post-thumbnail","6":"product_cat-bianco","8":"first","9":"outofstock","10":"taxable","11":"shipping-taxable","12":"purchasable","13":"product-type-simple"},"ase":null,"_links":{"self":[{"href":"https:\/\/www.vinness.it\/de\/wp-json\/wp\/v2\/product\/30270","targetHints":{"allow":["GET"]}}],"collection":[{"href":"https:\/\/www.vinness.it\/de\/wp-json\/wp\/v2\/product"}],"about":[{"href":"https:\/\/www.vinness.it\/de\/wp-json\/wp\/v2\/types\/product"}],"replies":[{"embeddable":true,"href":"https:\/\/www.vinness.it\/de\/wp-json\/wp\/v2\/comments?post=30270"}],"version-history":[{"count":0,"href":"https:\/\/www.vinness.it\/de\/wp-json\/wp\/v2\/product\/30270\/revisions"}],"wp:featuredmedia":[{"embeddable":true,"href":"https:\/\/www.vinness.it\/de\/wp-json\/wp\/v2\/media\/32765"}],"wp:attachment":[{"href":"https:\/\/www.vinness.it\/de\/wp-json\/wp\/v2\/media?parent=30270"}],"wp:term":[{"taxonomy":"product_brand","embeddable":true,"href":"https:\/\/www.vinness.it\/de\/wp-json\/wp\/v2\/product_brand?post=30270"},{"taxonomy":"product_cat","embeddable":true,"href":"https:\/\/www.vinness.it\/de\/wp-json\/wp\/v2\/product_cat?post=30270"},{"taxonomy":"product_tag","embeddable":true,"href":"https:\/\/www.vinness.it\/de\/wp-json\/wp\/v2\/product_tag?post=30270"}],"curies":[{"name":"wp","href":"https:\/\/api.w.org\/{rel}","templated":true}]}}