{"id":30693,"date":"2024-02-14T10:34:34","date_gmt":"2024-02-14T09:34:34","guid":{"rendered":"http:\/\/vinness.it\/?post_type=product&#038;p=30693"},"modified":"2026-04-25T23:31:32","modified_gmt":"2026-04-25T21:31:32","slug":"aglianico-latto-2021-cantine-del-notaio","status":"publish","type":"product","link":"https:\/\/www.vinness.it\/de\/catalogo\/vineria\/vini-vineria\/rosso\/aglianico-latto-2021-cantine-del-notaio\/","title":{"rendered":"Aglianico IGT \u201eL&#039;Atto\u201c 2021 \u2013 Cantine del Notaio"},"content":{"rendered":"<div data-elementor-type=\"product-post\" data-elementor-id=\"30693\" class=\"elementor elementor-30693\" data-elementor-post-type=\"product\">\n\t\t\t\t<div data-particle_enable=\"false\" data-particle-mobile-disabled=\"false\" class=\"elementor-element elementor-element-4de4692e e-con-full e-flex e-con e-parent\" data-id=\"4de4692e\" data-element_type=\"container\" data-e-type=\"container\">\n\t\t<div data-particle_enable=\"false\" data-particle-mobile-disabled=\"false\" class=\"elementor-element elementor-element-1cb2beae e-flex e-con-boxed e-con e-child\" data-id=\"1cb2beae\" data-element_type=\"container\" data-e-type=\"container\">\n\t\t\t\t\t<div class=\"e-con-inner\">\n\t\t\t\t<div class=\"elementor-element elementor-element-23af6d2b elementor-widget elementor-widget-heading\" data-id=\"23af6d2b\" data-element_type=\"widget\" data-e-type=\"widget\" data-widget_type=\"heading.default\">\n\t\t\t\t<div class=\"elementor-widget-container\">\n\t\t\t\t\t<h2 class=\"elementor-heading-title elementor-size-default\">Aglianico IGT \u201cL\u2019Atto\u201d\n<br>\nNotarkeller<\/h2>\t\t\t\t<\/div>\n\t\t\t\t<\/div>\n\t\t\t\t\t<\/div>\n\t\t\t\t<\/div>\n\t\t<div data-particle_enable=\"false\" data-particle-mobile-disabled=\"false\" class=\"wd-negative-gap elementor-element elementor-element-5bab42e4 e-flex e-con-boxed e-con e-child\" data-id=\"5bab42e4\" data-element_type=\"container\" data-e-type=\"container\">\n\t\t\t\t\t<div class=\"e-con-inner\">\n\t\t\t\t<div class=\"elementor-element elementor-element-115bfc41 elementor-widget elementor-widget-gallery\" data-id=\"115bfc41\" data-element_type=\"widget\" data-e-type=\"widget\" data-settings=\"{&quot;gallery_layout&quot;:&quot;masonry&quot;,&quot;columns&quot;:2,&quot;gap&quot;:{&quot;unit&quot;:&quot;px&quot;,&quot;size&quot;:24,&quot;sizes&quot;:[]},&quot;columns_tablet&quot;:2,&quot;columns_mobile&quot;:1,&quot;gap_tablet&quot;:{&quot;unit&quot;:&quot;px&quot;,&quot;size&quot;:10,&quot;sizes&quot;:[]},&quot;gap_mobile&quot;:{&quot;unit&quot;:&quot;px&quot;,&quot;size&quot;:10,&quot;sizes&quot;:[]},&quot;link_to&quot;:&quot;file&quot;,&quot;overlay_background&quot;:&quot;yes&quot;,&quot;content_hover_animation&quot;:&quot;fade-in&quot;}\" data-widget_type=\"gallery.default\">\n\t\t\t\t<div class=\"elementor-widget-container\">\n\t\t\t\t\t\t\t<div class=\"elementor-gallery__container\">\n\t\t\t\t\t<\/div>\n\t\t\t\t\t<\/div>\n\t\t\t\t<\/div>\n\t\t\t\t\t<\/div>\n\t\t\t\t<\/div>\n\t\t\t\t<\/div>\n\t\t\t\t<section data-particle_enable=\"false\" data-particle-mobile-disabled=\"false\" class=\"wd-negative-gap elementor-section elementor-top-section elementor-element elementor-element-4db7f0a5 elementor-section-boxed elementor-section-height-default elementor-section-height-default\" data-id=\"4db7f0a5\" data-element_type=\"section\" data-e-type=\"section\">\n\t\t\t\t\t\t<div class=\"elementor-container elementor-column-gap-default\">\n\t\t\t\t\t<div class=\"elementor-column elementor-col-100 elementor-top-column elementor-element elementor-element-4a804996\" data-id=\"4a804996\" data-element_type=\"column\" data-e-type=\"column\">\n\t\t\t<div class=\"elementor-widget-wrap elementor-element-populated\">\n\t\t\t\t\t\t<div class=\"elementor-element elementor-element-4ac34518 elementor-widget elementor-widget-heading\" data-id=\"4ac34518\" data-element_type=\"widget\" data-e-type=\"widget\" data-widget_type=\"heading.default\">\n\t\t\t\t<div class=\"elementor-widget-container\">\n\t\t\t\t\t<h5 class=\"elementor-heading-title elementor-size-default\">\u201cL\u2019Atto\u201d di Cantine del Notaio \u00e8 una versione di Aglianico che, senza intaccare la personalit\u00e0 del vitigno, si presenta in una veste semplice e immediata. Schietta e forte, lineare e densa, questa interpretazione di Aglianico porta il Re del Vulture sulle tavole pi\u00f9 conviviali e quotidiane. Cantine del Notaio crede fermamente nelle doti straordinarie di questa variet\u00e0, che viene vinificata mettendone in luce le molteplici sfaccettature. La famiglia Giuratrabocchetti, proprietaria della cantina situata a Rionero in Vulture, nutre un grande rispetto per la pianta, per i suoi frutti e per la terra. Per questa ragione, le lavorazioni in campo si ispirano ad una personale interpretazione dell\u2019agricoltura biologica e biodinamica. Da quest\u2019ultima Gerardo Giuratrabocchetti impara la sperimentazione e l\u2019approccio scientifico ai nuovi metodi agronomici.<\/h5>\t\t\t\t<\/div>\n\t\t\t\t<\/div>\n\t\t\t\t<div class=\"elementor-element elementor-element-5fa60971 elementor-widget elementor-widget-heading\" data-id=\"5fa60971\" data-element_type=\"widget\" data-e-type=\"widget\" data-widget_type=\"heading.default\">\n\t\t\t\t<div class=\"elementor-widget-container\">\n\t\t\t\t\t<h5 class=\"elementor-heading-title elementor-size-default\">La vendemmia si svolge manualmente durante la prima decade di ottobre. Una breve macerazione e la fermentazione all\u2019interno di contenitori in acciaio precedono la fase d affinamento. Essa si svolge presso grotte naturali di tufo vulcanico, dove il vino riposa per un periodo minimo di 12 mesi in carati o tonneau di rovere francese.<\/h5>\t\t\t\t<\/div>\n\t\t\t\t<\/div>\n\t\t\t\t<div class=\"elementor-element elementor-element-3906dba elementor-widget elementor-widget-heading\" data-id=\"3906dba\" data-element_type=\"widget\" data-e-type=\"widget\" data-widget_type=\"heading.default\">\n\t\t\t\t<div class=\"elementor-widget-container\">\n\t\t\t\t\t<h5 class=\"elementor-heading-title elementor-size-default\">Il vino rosso \u201cL\u2019Atto\u201d si presenta nel calice in un colore rosso rubino intenso e luminoso. Al naso mostra un carattere fruttato di amarena e frutti rossi croccanti, da cui emerge una scia speziata che ricorda il pepe bianco. Un piacevolissimo intreccio di aromi di frutta fresca emerge anche in bocca. Il corpo \u00e8 avvolgente e morbido, ma scandito da una netta freschezza che rende il sorso agile. Il tannino \u00e8 netto, ma concorre a determinare a finezza. \u00c8 un vino a base di Aglianico fragrante, ma al contempo denso di personalit\u00e0. Un grande applauso per aver saputo portare tanta anima anche nella semplicit\u00e0 del quotidiano.<\/h5>\t\t\t\t<\/div>\n\t\t\t\t<\/div>\n\t\t\t\t\t<\/div>\n\t\t<\/div>\n\t\t\t\t\t<\/div>\n\t\t<\/section>\n\t\t\t\t<section data-particle_enable=\"false\" data-particle-mobile-disabled=\"false\" class=\"wd-negative-gap elementor-section elementor-top-section elementor-element elementor-element-6a7b51c4 wd-section-stretch elementor-section-boxed elementor-section-height-default elementor-section-height-default\" data-id=\"6a7b51c4\" data-element_type=\"section\" data-e-type=\"section\" data-settings=\"{&quot;background_background&quot;:&quot;classic&quot;}\">\n\t\t\t\t\t\t<div class=\"elementor-container elementor-column-gap-default\">\n\t\t\t\t\t<div class=\"elementor-column elementor-col-100 elementor-top-column elementor-element elementor-element-5d1f907c\" data-id=\"5d1f907c\" data-element_type=\"column\" data-e-type=\"column\">\n\t\t\t<div class=\"elementor-widget-wrap elementor-element-populated\">\n\t\t\t\t\t\t<section data-particle_enable=\"false\" data-particle-mobile-disabled=\"false\" class=\"wd-negative-gap elementor-section elementor-inner-section elementor-element elementor-element-2f9f32d3 elementor-section-boxed elementor-section-height-default elementor-section-height-default\" data-id=\"2f9f32d3\" data-element_type=\"section\" data-e-type=\"section\">\n\t\t\t\t\t\t<div class=\"elementor-container elementor-column-gap-default\">\n\t\t\t\t\t<div class=\"elementor-column elementor-col-33 elementor-inner-column elementor-element elementor-element-2fb7b381\" data-id=\"2fb7b381\" data-element_type=\"column\" data-e-type=\"column\">\n\t\t\t<div class=\"elementor-widget-wrap elementor-element-populated\">\n\t\t\t\t\t\t<div class=\"elementor-element elementor-element-1e6fec56 elementor-widget elementor-widget-wd_infobox\" data-id=\"1e6fec56\" data-element_type=\"widget\" data-e-type=\"widget\" data-widget_type=\"wd_infobox.default\">\n\t\t\t\t<div class=\"elementor-widget-container\">\n\t\t\t\t\t\t\t<div class=\"info-box-wrapper\">\n\t\t\t<div class=\"wd-info-box text-left box-icon-align-left box-style-base color-scheme-light wd-items-top\">\n\t\t\t\t\t\t\t\t\t<div class=\"box-icon-wrapper  box-with-text text-size-default box-icon-simple\">\n\t\t\t\t\t\t<div class=\"info-box-icon\">\n\t\t\t\t\t\t\t\t\t\t\t\t\t\t\t1.\t\t\t\t\t\t\t\t\t\t\t\t\t<\/div>\n\t\t\t\t\t<\/div>\n\t\t\t\t\n\t\t\t\t<div class=\"info-box-content\">\n\t\t\t\t\t\n\t\t\t\t\t\t\t\t\t\t\t<h4\t\t\t\t\t\tclass=\"info-box-title title box-title-style-default wd-fontsize-xl\" data-elementor-setting-key=\"title\">\n\t\t\t\t\t\t\t\tFARBE\t\t\t\t\t\t<\/h4>\n\t\t\t\t\t\n\t\t\t\t\t<div class=\"info-box-inner reset-last-child\"data-elementor-setting-key=\"content\"><p>Rosso rubino brillante.<\/p>\n<\/div>\n\n\t\t\t\t\t\t\t\t\t<\/div>\n\n\t\t\t\t\t\t\t<\/div>\n\t\t<\/div>\n\t\t\t\t\t\t<\/div>\n\t\t\t\t<\/div>\n\t\t\t\t\t<\/div>\n\t\t<\/div>\n\t\t\t\t<div class=\"elementor-column elementor-col-33 elementor-inner-column elementor-element elementor-element-568ebe37\" data-id=\"568ebe37\" data-element_type=\"column\" data-e-type=\"column\">\n\t\t\t<div class=\"elementor-widget-wrap elementor-element-populated\">\n\t\t\t\t\t\t<div class=\"elementor-element elementor-element-5ce35ec elementor-widget elementor-widget-wd_infobox\" data-id=\"5ce35ec\" data-element_type=\"widget\" data-e-type=\"widget\" data-widget_type=\"wd_infobox.default\">\n\t\t\t\t<div class=\"elementor-widget-container\">\n\t\t\t\t\t\t\t<div class=\"info-box-wrapper\">\n\t\t\t<div class=\"wd-info-box text-left box-icon-align-left box-style-base color-scheme-light wd-items-top\">\n\t\t\t\t\t\t\t\t\t<div class=\"box-icon-wrapper  box-with-text text-size-default box-icon-simple\">\n\t\t\t\t\t\t<div class=\"info-box-icon\">\n\t\t\t\t\t\t\t\t\t\t\t\t\t\t\t2.\t\t\t\t\t\t\t\t\t\t\t\t\t<\/div>\n\t\t\t\t\t<\/div>\n\t\t\t\t\n\t\t\t\t<div class=\"info-box-content\">\n\t\t\t\t\t\n\t\t\t\t\t\t\t\t\t\t\t<h4\t\t\t\t\t\tclass=\"info-box-title title box-title-style-default wd-fontsize-xl\" data-elementor-setting-key=\"title\">\n\t\t\t\t\t\t\t\tSCHMECKEN\t\t\t\t\t\t<\/h4>\n\t\t\t\t\t\n\t\t\t\t\t<div class=\"info-box-inner reset-last-child\"data-elementor-setting-key=\"content\"><p>Equilibrato, con note fruttate e tannini morbidi.<\/p>\n<\/div>\n\n\t\t\t\t\t\t\t\t\t<\/div>\n\n\t\t\t\t\t\t\t<\/div>\n\t\t<\/div>\n\t\t\t\t\t\t<\/div>\n\t\t\t\t<\/div>\n\t\t\t\t\t<\/div>\n\t\t<\/div>\n\t\t\t\t<div class=\"elementor-column elementor-col-33 elementor-inner-column elementor-element elementor-element-69f34591\" data-id=\"69f34591\" data-element_type=\"column\" data-e-type=\"column\">\n\t\t\t<div class=\"elementor-widget-wrap elementor-element-populated\">\n\t\t\t\t\t\t<div class=\"elementor-element elementor-element-206394c2 elementor-widget elementor-widget-wd_infobox\" data-id=\"206394c2\" data-element_type=\"widget\" data-e-type=\"widget\" data-widget_type=\"wd_infobox.default\">\n\t\t\t\t<div class=\"elementor-widget-container\">\n\t\t\t\t\t\t\t<div class=\"info-box-wrapper\">\n\t\t\t<div class=\"wd-info-box text-left box-icon-align-left box-style-base color-scheme-light wd-items-top\">\n\t\t\t\t\t\t\t\t\t<div class=\"box-icon-wrapper  box-with-text text-size-default box-icon-simple\">\n\t\t\t\t\t\t<div class=\"info-box-icon\">\n\t\t\t\t\t\t\t\t\t\t\t\t\t\t\t3.\t\t\t\t\t\t\t\t\t\t\t\t\t<\/div>\n\t\t\t\t\t<\/div>\n\t\t\t\t\n\t\t\t\t<div class=\"info-box-content\">\n\t\t\t\t\t\n\t\t\t\t\t\t\t\t\t\t\t<h4\t\t\t\t\t\tclass=\"info-box-title title box-title-style-default wd-fontsize-xl\" data-elementor-setting-key=\"title\">\n\t\t\t\t\t\t\t\tPARF\u00dcM\t\t\t\t\t\t<\/h4>\n\t\t\t\t\t\n\t\t\t\t\t<div class=\"info-box-inner reset-last-child\"data-elementor-setting-key=\"content\"><p>Aromi di frutta rossa matura, amarena e pepe bianco.<\/p>\n<\/div>\n\n\t\t\t\t\t\t\t\t\t<\/div>\n\n\t\t\t\t\t\t\t<\/div>\n\t\t<\/div>\n\t\t\t\t\t\t<\/div>\n\t\t\t\t<\/div>\n\t\t\t\t\t<\/div>\n\t\t<\/div>\n\t\t\t\t\t<\/div>\n\t\t<\/section>\n\t\t\t\t\t<\/div>\n\t\t<\/div>\n\t\t\t\t\t<\/div>\n\t\t<\/section>\n\t\t\t\t<\/div>","protected":false},"excerpt":{"rendered":"<p>L&#8217;Atto \u00e8 vino rosso ricco e pieno a base di uva Aglianico caratterizzato da belle note di frutti rossi con piacevoli accenni speziati.<\/p>\n<p>Viene lasciato affinare in grotte naturali di tufo vulcanico, in carati di rovere francese per 12 mesi.<\/p>","protected":false},"featured_media":285052,"comment_status":"closed","ping_status":"closed","template":"","meta":{"_relevanssi_hide_post":"","_relevanssi_hide_content":"","_relevanssi_pin_for_all":"","_relevanssi_pin_keywords":"","_relevanssi_unpin_keywords":"","_relevanssi_related_keywords":"","_relevanssi_related_include_ids":"","_relevanssi_related_exclude_ids":"","_relevanssi_related_no_append":"","_relevanssi_related_not_related":"","_relevanssi_related_posts":"","_relevanssi_noindex_reason":""},"product_brand":[1301],"product_cat":[427],"product_tag":[1190],"class_list":{"0":"post-30693","1":"product","2":"type-product","3":"status-publish","4":"has-post-thumbnail","6":"product_brand-cantina-del-notaio","7":"product_cat-rosso","8":"product_tag-1190","9":"pa_annata-536","10":"pa_denominazione-aglianico-igt","11":"pa_formato-075-cl","12":"pa_gradazione-alcolica-13-5","13":"pa_paese-italia","14":"pa_produttore-cantina-del-notaio","15":"pa_regione-basilicata","16":"pa_tipologia-vini-rossi","17":"pa_vitigni-aglianico-100","19":"first","20":"outofstock","21":"taxable","22":"shipping-taxable","23":"purchasable","24":"product-type-simple"},"ase":null,"_links":{"self":[{"href":"https:\/\/www.vinness.it\/de\/wp-json\/wp\/v2\/product\/30693","targetHints":{"allow":["GET"]}}],"collection":[{"href":"https:\/\/www.vinness.it\/de\/wp-json\/wp\/v2\/product"}],"about":[{"href":"https:\/\/www.vinness.it\/de\/wp-json\/wp\/v2\/types\/product"}],"replies":[{"embeddable":true,"href":"https:\/\/www.vinness.it\/de\/wp-json\/wp\/v2\/comments?post=30693"}],"version-history":[{"count":0,"href":"https:\/\/www.vinness.it\/de\/wp-json\/wp\/v2\/product\/30693\/revisions"}],"wp:featuredmedia":[{"embeddable":true,"href":"https:\/\/www.vinness.it\/de\/wp-json\/wp\/v2\/media\/285052"}],"wp:attachment":[{"href":"https:\/\/www.vinness.it\/de\/wp-json\/wp\/v2\/media?parent=30693"}],"wp:term":[{"taxonomy":"product_brand","embeddable":true,"href":"https:\/\/www.vinness.it\/de\/wp-json\/wp\/v2\/product_brand?post=30693"},{"taxonomy":"product_cat","embeddable":true,"href":"https:\/\/www.vinness.it\/de\/wp-json\/wp\/v2\/product_cat?post=30693"},{"taxonomy":"product_tag","embeddable":true,"href":"https:\/\/www.vinness.it\/de\/wp-json\/wp\/v2\/product_tag?post=30693"}],"curies":[{"name":"wp","href":"https:\/\/api.w.org\/{rel}","templated":true}]}}