{"id":32370,"date":"2024-02-17T03:05:43","date_gmt":"2024-02-17T02:05:43","guid":{"rendered":"http:\/\/vinness.it\/?post_type=product&#038;p=32370"},"modified":"2026-05-03T18:01:53","modified_gmt":"2026-05-03T16:01:53","slug":"vertigo-2017-livio-felluga","status":"publish","type":"product","link":"https:\/\/www.vinness.it\/de\/catalogo\/vineria\/vini-vineria\/rosso\/vertigo-2017-livio-felluga\/","title":{"rendered":"Venezia Giulia Rosso IGT &#8220;Vertigo&#8221; 2017 &#8211; Livio Felluga"},"content":{"rendered":"<div data-elementor-type=\"product-post\" data-elementor-id=\"32370\" class=\"elementor elementor-32370\" data-elementor-post-type=\"product\">\n\t\t\t\t<div data-particle_enable=\"false\" data-particle-mobile-disabled=\"false\" class=\"elementor-element elementor-element-77bd5ea6 e-con-full e-flex e-con e-parent\" data-id=\"77bd5ea6\" data-element_type=\"container\" data-e-type=\"container\">\n\t\t<div data-particle_enable=\"false\" data-particle-mobile-disabled=\"false\" class=\"elementor-element elementor-element-2499681e e-flex e-con-boxed e-con e-child\" data-id=\"2499681e\" data-element_type=\"container\" data-e-type=\"container\">\n\t\t\t\t\t<div class=\"e-con-inner\">\n\t\t\t\t<div class=\"elementor-element elementor-element-1cb4341c elementor-widget elementor-widget-heading\" data-id=\"1cb4341c\" data-element_type=\"widget\" data-e-type=\"widget\" data-widget_type=\"heading.default\">\n\t\t\t\t<div class=\"elementor-widget-container\">\n\t\t\t\t\t<h2 class=\"elementor-heading-title elementor-size-default\">Venezia Giulia Rosso IGT \u201cVertigo\u201d\n<br>\nLivio Felluga<\/h2>\t\t\t\t<\/div>\n\t\t\t\t<\/div>\n\t\t\t\t\t<\/div>\n\t\t\t\t<\/div>\n\t\t<div data-particle_enable=\"false\" data-particle-mobile-disabled=\"false\" class=\"wd-negative-gap elementor-element elementor-element-56bd3f9a e-flex e-con-boxed e-con e-child\" data-id=\"56bd3f9a\" data-element_type=\"container\" data-e-type=\"container\">\n\t\t\t\t\t<div class=\"e-con-inner\">\n\t\t\t\t<div class=\"elementor-element elementor-element-4ea87630 elementor-widget elementor-widget-gallery\" data-id=\"4ea87630\" data-element_type=\"widget\" data-e-type=\"widget\" data-settings=\"{&quot;gallery_layout&quot;:&quot;masonry&quot;,&quot;columns&quot;:2,&quot;gap&quot;:{&quot;unit&quot;:&quot;px&quot;,&quot;size&quot;:24,&quot;sizes&quot;:[]},&quot;columns_tablet&quot;:2,&quot;columns_mobile&quot;:1,&quot;gap_tablet&quot;:{&quot;unit&quot;:&quot;px&quot;,&quot;size&quot;:10,&quot;sizes&quot;:[]},&quot;gap_mobile&quot;:{&quot;unit&quot;:&quot;px&quot;,&quot;size&quot;:10,&quot;sizes&quot;:[]},&quot;link_to&quot;:&quot;file&quot;,&quot;overlay_background&quot;:&quot;yes&quot;,&quot;content_hover_animation&quot;:&quot;fade-in&quot;}\" data-widget_type=\"gallery.default\">\n\t\t\t\t<div class=\"elementor-widget-container\">\n\t\t\t\t\t\t\t<div class=\"elementor-gallery__container\">\n\t\t\t\t\t<\/div>\n\t\t\t\t\t<\/div>\n\t\t\t\t<\/div>\n\t\t\t\t\t<\/div>\n\t\t\t\t<\/div>\n\t\t\t\t<\/div>\n\t\t\t\t<section data-particle_enable=\"false\" data-particle-mobile-disabled=\"false\" class=\"wd-negative-gap elementor-section elementor-top-section elementor-element elementor-element-37615597 elementor-section-boxed elementor-section-height-default elementor-section-height-default\" data-id=\"37615597\" data-element_type=\"section\" data-e-type=\"section\">\n\t\t\t\t\t\t<div class=\"elementor-container elementor-column-gap-default\">\n\t\t\t\t\t<div class=\"elementor-column elementor-col-100 elementor-top-column elementor-element elementor-element-64084e59\" data-id=\"64084e59\" data-element_type=\"column\" data-e-type=\"column\">\n\t\t\t<div class=\"elementor-widget-wrap elementor-element-populated\">\n\t\t\t\t\t\t<div class=\"elementor-element elementor-element-84517a5 elementor-widget elementor-widget-heading\" data-id=\"84517a5\" data-element_type=\"widget\" data-e-type=\"widget\" data-widget_type=\"heading.default\">\n\t\t\t\t<div class=\"elementor-widget-container\">\n\t\t\t\t\t<h5 class=\"elementor-heading-title elementor-size-default\">Il \"Vertigo\" di Livio Felluga nasce dall'unione di Merlot e Cabernet Sauvignon, vitigni di fama internazionale. La combinazione di vitigni nel Vertigo ha una duplice funzione: da un lato \u00e8 una sorta di continuit\u00e0 tra il territorio del Friuli e il resto del mondo, dall'altro d\u00e0 al vino equilibrio e complessit\u00e0, che rappresentano molto sulla sua struttura. Felluga \u00e8 ormai uno dei maggiori nomi che fanno conoscere il territorio friulano fuori e dentro il Belpaese, dopo che, nel secondo dopoguerra, Livio si era messo con caparbia volont\u00e0 a lavorare sulle terre che erano state abbandonate e avevano visto combattere due conflitti mondiali, in quel tratto di terra dove gli attuali confini tra Italia e Slovenia si sono sempre fatti mobili.<\/h5>\t\t\t\t<\/div>\n\t\t\t\t<\/div>\n\t\t\t\t<div class=\"elementor-element elementor-element-6209399f elementor-widget elementor-widget-heading\" data-id=\"6209399f\" data-element_type=\"widget\" data-e-type=\"widget\" data-widget_type=\"heading.default\">\n\t\t\t\t<div class=\"elementor-widget-container\">\n\t\t\t\t\t<h5 class=\"elementor-heading-title elementor-size-default\">Il vino \u201cVertigo\u201d firmato Livio Felluga \u00e8 un blend di Merlot e di Cabernet Sauvignon provenienti dai vigneti di propriet\u00e0 che si estendono nel Collio Friulano, dove il terreno \u00e8 caratterizzato da marne e arenarie. La vendemmia cade intorno alla prima decade di ottobre ed \u00e8 completamente manuale. Le uve vengono diraspate e poi pigiate, mentre la fermentazione in vasche di acciaio avviene con macerazione delle bucce a temperatura controllata. Il processo dura circa tre settimane, con frequenti rimontaggi per l\u2019estrazione dei profumi e del colore. La successiva maturazione si svolge in acciaio e piccole botti di rovere francese per un anno, seguita da un affinamento in bottiglia di quattro mesi.<\/h5>\t\t\t\t<\/div>\n\t\t\t\t<\/div>\n\t\t\t\t<div class=\"elementor-element elementor-element-f5dcdbe elementor-widget elementor-widget-heading\" data-id=\"f5dcdbe\" data-element_type=\"widget\" data-e-type=\"widget\" data-widget_type=\"heading.default\">\n\t\t\t\t<div class=\"elementor-widget-container\">\n\t\t\t\t\t<h5 class=\"elementor-heading-title elementor-size-default\">Livio Felluga \u201cVertigo\u201d \u00e8 una combinazione di successo che ha portato alla creazione di un vino equilibrato, corposo, morbido e fragrante. Il suo rosso \u00e8 di un rubino molto intenso, impenetrabile. I sentori provenienti dal calice sanno di frutti a bacca rossa con note pi\u00f9 profonde di spezie e liquirizia e alcune pi\u00f9 vegetali di peperone verde. In bocca \u00e8 pieno e soddisfacente, con un finale speziato che dona variet\u00e0 al palato. \u00c8 un vino che si inserisce perfettamente nella tradizione della cantina Livio Felluga che \u00e8 diventata storica nel panorama enologico friulano e nazionale. Tra le colline di Rosazzo nasce questo bel rosso che merita un posto di primo piano nella vostra cantina.<\/h5>\t\t\t\t<\/div>\n\t\t\t\t<\/div>\n\t\t\t\t\t<\/div>\n\t\t<\/div>\n\t\t\t\t\t<\/div>\n\t\t<\/section>\n\t\t\t\t<section data-particle_enable=\"false\" data-particle-mobile-disabled=\"false\" class=\"wd-negative-gap elementor-section elementor-top-section elementor-element elementor-element-3c51aa1f wd-section-stretch elementor-section-boxed elementor-section-height-default elementor-section-height-default\" data-id=\"3c51aa1f\" data-element_type=\"section\" data-e-type=\"section\" data-settings=\"{&quot;background_background&quot;:&quot;classic&quot;}\">\n\t\t\t\t\t\t<div class=\"elementor-container elementor-column-gap-default\">\n\t\t\t\t\t<div class=\"elementor-column elementor-col-100 elementor-top-column elementor-element elementor-element-6e0cb821\" data-id=\"6e0cb821\" data-element_type=\"column\" data-e-type=\"column\">\n\t\t\t<div class=\"elementor-widget-wrap elementor-element-populated\">\n\t\t\t\t\t\t<section data-particle_enable=\"false\" data-particle-mobile-disabled=\"false\" class=\"wd-negative-gap elementor-section elementor-inner-section elementor-element elementor-element-52a75156 elementor-section-boxed elementor-section-height-default elementor-section-height-default\" data-id=\"52a75156\" data-element_type=\"section\" data-e-type=\"section\">\n\t\t\t\t\t\t<div class=\"elementor-container elementor-column-gap-default\">\n\t\t\t\t\t<div class=\"elementor-column elementor-col-33 elementor-inner-column elementor-element elementor-element-64dffe73\" data-id=\"64dffe73\" data-element_type=\"column\" data-e-type=\"column\">\n\t\t\t<div class=\"elementor-widget-wrap elementor-element-populated\">\n\t\t\t\t\t\t<div class=\"elementor-element elementor-element-73a68dc3 elementor-widget elementor-widget-wd_infobox\" data-id=\"73a68dc3\" data-element_type=\"widget\" data-e-type=\"widget\" data-widget_type=\"wd_infobox.default\">\n\t\t\t\t<div class=\"elementor-widget-container\">\n\t\t\t\t\t\t\t<div class=\"info-box-wrapper\">\n\t\t\t<div class=\"wd-info-box text-left box-icon-align-left box-style-base color-scheme-light wd-items-top\">\n\t\t\t\t\t\t\t\t\t<div class=\"box-icon-wrapper  box-with-text text-size-default box-icon-simple\">\n\t\t\t\t\t\t<div class=\"info-box-icon\">\n\t\t\t\t\t\t\t\t\t\t\t\t\t\t\t1.\t\t\t\t\t\t\t\t\t\t\t\t\t<\/div>\n\t\t\t\t\t<\/div>\n\t\t\t\t\n\t\t\t\t<div class=\"info-box-content\">\n\t\t\t\t\t\n\t\t\t\t\t\t\t\t\t\t\t<h4\t\t\t\t\t\tclass=\"info-box-title title box-title-style-default wd-fontsize-xl\" data-elementor-setting-key=\"title\">\n\t\t\t\t\t\t\t\tFARBE\t\t\t\t\t\t<\/h4>\n\t\t\t\t\t\n\t\t\t\t\t<div class=\"info-box-inner reset-last-child\"data-elementor-setting-key=\"content\"><p>Rosso rubino intenso.<\/p>\n<\/div>\n\n\t\t\t\t\t\t\t\t\t<\/div>\n\n\t\t\t\t\t\t\t<\/div>\n\t\t<\/div>\n\t\t\t\t\t\t<\/div>\n\t\t\t\t<\/div>\n\t\t\t\t\t<\/div>\n\t\t<\/div>\n\t\t\t\t<div class=\"elementor-column elementor-col-33 elementor-inner-column elementor-element elementor-element-6754a4fd\" data-id=\"6754a4fd\" data-element_type=\"column\" data-e-type=\"column\">\n\t\t\t<div class=\"elementor-widget-wrap elementor-element-populated\">\n\t\t\t\t\t\t<div class=\"elementor-element elementor-element-396f22b4 elementor-widget elementor-widget-wd_infobox\" data-id=\"396f22b4\" data-element_type=\"widget\" data-e-type=\"widget\" data-widget_type=\"wd_infobox.default\">\n\t\t\t\t<div class=\"elementor-widget-container\">\n\t\t\t\t\t\t\t<div class=\"info-box-wrapper\">\n\t\t\t<div class=\"wd-info-box text-left box-icon-align-left box-style-base color-scheme-light wd-items-top\">\n\t\t\t\t\t\t\t\t\t<div class=\"box-icon-wrapper  box-with-text text-size-default box-icon-simple\">\n\t\t\t\t\t\t<div class=\"info-box-icon\">\n\t\t\t\t\t\t\t\t\t\t\t\t\t\t\t2.\t\t\t\t\t\t\t\t\t\t\t\t\t<\/div>\n\t\t\t\t\t<\/div>\n\t\t\t\t\n\t\t\t\t<div class=\"info-box-content\">\n\t\t\t\t\t\n\t\t\t\t\t\t\t\t\t\t\t<h4\t\t\t\t\t\tclass=\"info-box-title title box-title-style-default wd-fontsize-xl\" data-elementor-setting-key=\"title\">\n\t\t\t\t\t\t\t\tSCHMECKEN\t\t\t\t\t\t<\/h4>\n\t\t\t\t\t\n\t\t\t\t\t<div class=\"info-box-inner reset-last-child\"data-elementor-setting-key=\"content\"><p>Caldo, pieno, fruttato e dal finale speziato.<\/p>\n<\/div>\n\n\t\t\t\t\t\t\t\t\t<\/div>\n\n\t\t\t\t\t\t\t<\/div>\n\t\t<\/div>\n\t\t\t\t\t\t<\/div>\n\t\t\t\t<\/div>\n\t\t\t\t\t<\/div>\n\t\t<\/div>\n\t\t\t\t<div class=\"elementor-column elementor-col-33 elementor-inner-column elementor-element elementor-element-10a08968\" data-id=\"10a08968\" data-element_type=\"column\" data-e-type=\"column\">\n\t\t\t<div class=\"elementor-widget-wrap elementor-element-populated\">\n\t\t\t\t\t\t<div class=\"elementor-element elementor-element-65d8fc1 elementor-widget elementor-widget-wd_infobox\" data-id=\"65d8fc1\" data-element_type=\"widget\" data-e-type=\"widget\" data-widget_type=\"wd_infobox.default\">\n\t\t\t\t<div class=\"elementor-widget-container\">\n\t\t\t\t\t\t\t<div class=\"info-box-wrapper\">\n\t\t\t<div class=\"wd-info-box text-left box-icon-align-left box-style-base color-scheme-light wd-items-top\">\n\t\t\t\t\t\t\t\t\t<div class=\"box-icon-wrapper  box-with-text text-size-default box-icon-simple\">\n\t\t\t\t\t\t<div class=\"info-box-icon\">\n\t\t\t\t\t\t\t\t\t\t\t\t\t\t\t3.\t\t\t\t\t\t\t\t\t\t\t\t\t<\/div>\n\t\t\t\t\t<\/div>\n\t\t\t\t\n\t\t\t\t<div class=\"info-box-content\">\n\t\t\t\t\t\n\t\t\t\t\t\t\t\t\t\t\t<h4\t\t\t\t\t\tclass=\"info-box-title title box-title-style-default wd-fontsize-xl\" data-elementor-setting-key=\"title\">\n\t\t\t\t\t\t\t\tPARF\u00dcM\t\t\t\t\t\t<\/h4>\n\t\t\t\t\t\n\t\t\t\t\t<div class=\"info-box-inner reset-last-child\"data-elementor-setting-key=\"content\"><p>Sentori di frutta a bacca rossa e spezie, con note di peperone verde e liquirizia.<\/p>\n<\/div>\n\n\t\t\t\t\t\t\t\t\t<\/div>\n\n\t\t\t\t\t\t\t<\/div>\n\t\t<\/div>\n\t\t\t\t\t\t<\/div>\n\t\t\t\t<\/div>\n\t\t\t\t\t<\/div>\n\t\t<\/div>\n\t\t\t\t\t<\/div>\n\t\t<\/section>\n\t\t\t\t\t<\/div>\n\t\t<\/div>\n\t\t\t\t\t<\/div>\n\t\t<\/section>\n\t\t\t\t<\/div>","protected":false},"excerpt":{"rendered":"<p>Tradizione e modernit\u00e0, ecco come sintetizzare un rosso che ha fatto la storia recente del Friuli e dei suoi vini. Equilibrio, potenza, complessit\u00e0 ed eleganza per un assemblaggio di merlot e cabernet sauvignon figlio di una vinificazione in acciaio ed una maturazione di circa un anno in barrique.<\/p>\n<p>Il Venezia Giulia Rosso IGT Vertigo di Felluga \u00e8 un rosso capace di sorprendere grazie ad unintelaiatura di grande classe, che lo rende oggi apprezzabilissimo e capace di sorprendere anche a distanza di anni dalla vendemmia.<\/p>","protected":false},"featured_media":285842,"comment_status":"closed","ping_status":"closed","template":"","meta":{"_relevanssi_hide_post":"","_relevanssi_hide_content":"","_relevanssi_pin_for_all":"","_relevanssi_pin_keywords":"","_relevanssi_unpin_keywords":"","_relevanssi_related_keywords":"","_relevanssi_related_include_ids":"","_relevanssi_related_exclude_ids":"","_relevanssi_related_no_append":"","_relevanssi_related_not_related":"","_relevanssi_related_posts":"","_relevanssi_noindex_reason":""},"product_brand":[1258],"product_cat":[427],"product_tag":[1221],"class_list":{"0":"post-32370","1":"product","2":"type-product","3":"status-publish","4":"has-post-thumbnail","6":"product_brand-livio-felluga","7":"product_cat-rosso","8":"product_tag-1221","9":"pa_annata-532","10":"pa_denominazione-venezia-giulia-igt","11":"pa_formato-075-cl","12":"pa_gradazione-alcolica-13-0","13":"pa_paese-italia","14":"pa_produttore-livio-felluga","15":"pa_regione-friuli-venezia-giulia","16":"pa_tipologia-vini-rossi","18":"first","19":"instock","20":"taxable","21":"shipping-taxable","22":"purchasable","23":"product-type-simple"},"ase":null,"_links":{"self":[{"href":"https:\/\/www.vinness.it\/de\/wp-json\/wp\/v2\/product\/32370","targetHints":{"allow":["GET"]}}],"collection":[{"href":"https:\/\/www.vinness.it\/de\/wp-json\/wp\/v2\/product"}],"about":[{"href":"https:\/\/www.vinness.it\/de\/wp-json\/wp\/v2\/types\/product"}],"replies":[{"embeddable":true,"href":"https:\/\/www.vinness.it\/de\/wp-json\/wp\/v2\/comments?post=32370"}],"version-history":[{"count":0,"href":"https:\/\/www.vinness.it\/de\/wp-json\/wp\/v2\/product\/32370\/revisions"}],"wp:featuredmedia":[{"embeddable":true,"href":"https:\/\/www.vinness.it\/de\/wp-json\/wp\/v2\/media\/285842"}],"wp:attachment":[{"href":"https:\/\/www.vinness.it\/de\/wp-json\/wp\/v2\/media?parent=32370"}],"wp:term":[{"taxonomy":"product_brand","embeddable":true,"href":"https:\/\/www.vinness.it\/de\/wp-json\/wp\/v2\/product_brand?post=32370"},{"taxonomy":"product_cat","embeddable":true,"href":"https:\/\/www.vinness.it\/de\/wp-json\/wp\/v2\/product_cat?post=32370"},{"taxonomy":"product_tag","embeddable":true,"href":"https:\/\/www.vinness.it\/de\/wp-json\/wp\/v2\/product_tag?post=32370"}],"curies":[{"name":"wp","href":"https:\/\/api.w.org\/{rel}","templated":true}]}}