{"id":33261,"date":"2024-02-28T10:15:53","date_gmt":"2024-02-28T09:15:53","guid":{"rendered":"http:\/\/vinness.it\/?post_type=product&#038;p=33261"},"modified":"2025-05-28T13:44:37","modified_gmt":"2025-05-28T11:44:37","slug":"franciacorta-saten-docg-2015-150cl-contadi-castaldi","status":"publish","type":"product","link":"https:\/\/www.vinness.it\/de\/catalogo\/vineria\/bollicine-vineria\/franciacorta\/franciacorta-saten-docg-2015-150cl-contadi-castaldi\/","title":{"rendered":"Franciacorta \u201eSat\u00e8n DOCG 2015\u201c 150cl \u2013 Contadi Castaldi"},"content":{"rendered":"","protected":false},"excerpt":{"rendered":"<p>Contadi Castaldi ed il Sat\u00e8n, un legame unico ed imprescindibile. Nessun&#8217;altra cantina si identifica infatti cos\u00ec profondamente con questa tipologia tipica della Franciacorta. Uno spumante che grazie ad uno specifico protocollo produttivo risulta meno frizzante e dal sapore pi\u00f9 delicato rispetto alla tipologia classica. Un vino profumato, il cui stile \u00e8 giocato molto sulla ricerca di armonia tra complessit\u00e0 e piacevolezza, in perfetta sintonia con tutta quella soavit\u00e0 espressiva tipica del territorio franciacortino.<\/p>","protected":false},"featured_media":33813,"comment_status":"closed","ping_status":"closed","template":"","meta":{"_relevanssi_hide_post":"","_relevanssi_hide_content":"","_relevanssi_pin_for_all":"","_relevanssi_pin_keywords":"","_relevanssi_unpin_keywords":"","_relevanssi_related_keywords":"","_relevanssi_related_include_ids":"","_relevanssi_related_exclude_ids":"","_relevanssi_related_no_append":"","_relevanssi_related_not_related":"","_relevanssi_related_posts":"","_relevanssi_noindex_reason":""},"product_brand":[],"product_cat":[485,621],"product_tag":[],"class_list":{"0":"post-33261","1":"product","2":"type-product","3":"status-publish","4":"has-post-thumbnail","6":"product_cat-franciacorta","7":"product_cat-magnum-bollicine","8":"pa_annata-505","9":"pa_denominazione-franciacorta-docg","10":"pa_formato-150-cl","11":"pa_gradazione-alcolica-12-5","12":"pa_paese-italia","13":"pa_produttore-contadi-castaldi","14":"pa_regione-lombardia","15":"pa_tipologia-franciacorta","16":"pa_vitigni-chardonnay-100","18":"first","19":"outofstock","20":"taxable","21":"shipping-taxable","22":"purchasable","23":"product-type-simple"},"ase":null,"_links":{"self":[{"href":"https:\/\/www.vinness.it\/de\/wp-json\/wp\/v2\/product\/33261","targetHints":{"allow":["GET"]}}],"collection":[{"href":"https:\/\/www.vinness.it\/de\/wp-json\/wp\/v2\/product"}],"about":[{"href":"https:\/\/www.vinness.it\/de\/wp-json\/wp\/v2\/types\/product"}],"replies":[{"embeddable":true,"href":"https:\/\/www.vinness.it\/de\/wp-json\/wp\/v2\/comments?post=33261"}],"version-history":[{"count":0,"href":"https:\/\/www.vinness.it\/de\/wp-json\/wp\/v2\/product\/33261\/revisions"}],"wp:featuredmedia":[{"embeddable":true,"href":"https:\/\/www.vinness.it\/de\/wp-json\/wp\/v2\/media\/33813"}],"wp:attachment":[{"href":"https:\/\/www.vinness.it\/de\/wp-json\/wp\/v2\/media?parent=33261"}],"wp:term":[{"taxonomy":"product_brand","embeddable":true,"href":"https:\/\/www.vinness.it\/de\/wp-json\/wp\/v2\/product_brand?post=33261"},{"taxonomy":"product_cat","embeddable":true,"href":"https:\/\/www.vinness.it\/de\/wp-json\/wp\/v2\/product_cat?post=33261"},{"taxonomy":"product_tag","embeddable":true,"href":"https:\/\/www.vinness.it\/de\/wp-json\/wp\/v2\/product_tag?post=33261"}],"curies":[{"name":"wp","href":"https:\/\/api.w.org\/{rel}","templated":true}]}}