{"id":31527,"date":"2024-02-15T12:18:11","date_gmt":"2024-02-15T11:18:11","guid":{"rendered":"http:\/\/vinness.it\/?post_type=product&#038;p=31527"},"modified":"2025-03-09T08:18:02","modified_gmt":"2025-03-09T07:18:02","slug":"chianti-rufina-riserva-2017-nipozzano","status":"publish","type":"product","link":"https:\/\/www.vinness.it\/en\/catalogo\/vineria\/vini-vineria\/rosso\/chianti-rufina-riserva-2017-nipozzano\/","title":{"rendered":"Chianti R\u00f9fina Riserva DOCG \u201cNipozzano\u201d 2017 \u2013 Frescobaldi"},"content":{"rendered":"","protected":false},"excerpt":{"rendered":"<p>Il Chianti Riserva &#8220;Nipozzano&#8221; \u00e8 un vino strutturato e corposo, dallo stile moderno e internazionale, affinato in barrique per 24 mesi. L&#8217;olfatto \u00e8 contraddistinto da note tostate, speziate e bois\u00e9. Il sorso \u00e8 caldo, morbido e avvolgente, con tannini armonici e sottili.<\/p>","protected":false},"featured_media":0,"comment_status":"closed","ping_status":"closed","template":"","meta":{"_relevanssi_hide_post":"","_relevanssi_hide_content":"","_relevanssi_pin_for_all":"","_relevanssi_pin_keywords":"","_relevanssi_unpin_keywords":"","_relevanssi_related_keywords":"","_relevanssi_related_include_ids":"","_relevanssi_related_exclude_ids":"","_relevanssi_related_no_append":"","_relevanssi_related_not_related":"","_relevanssi_related_posts":"","_relevanssi_noindex_reason":""},"product_brand":[],"product_cat":[427],"product_tag":[],"class_list":{"0":"post-31527","1":"product","2":"type-product","3":"status-publish","5":"product_cat-rosso","6":"pa_annata-532","7":"pa_denominazione-chianti-docg","8":"pa_formato-075-cl","9":"pa_gradazione-alcolica-13-5","10":"pa_paese-italia","11":"pa_produttore-frescobaldi","12":"pa_regione-toscana","13":"pa_tipologia-vini-rossi","14":"pa_vitigni-sangiovese-90-malvasia-nera-colorino-merlot-cabernet-sauvignon-10","16":"first","17":"outofstock","18":"featured","19":"taxable","20":"shipping-taxable","21":"purchasable","22":"product-type-simple"},"ase":null,"_links":{"self":[{"href":"https:\/\/www.vinness.it\/en\/wp-json\/wp\/v2\/product\/31527","targetHints":{"allow":["GET"]}}],"collection":[{"href":"https:\/\/www.vinness.it\/en\/wp-json\/wp\/v2\/product"}],"about":[{"href":"https:\/\/www.vinness.it\/en\/wp-json\/wp\/v2\/types\/product"}],"replies":[{"embeddable":true,"href":"https:\/\/www.vinness.it\/en\/wp-json\/wp\/v2\/comments?post=31527"}],"version-history":[{"count":0,"href":"https:\/\/www.vinness.it\/en\/wp-json\/wp\/v2\/product\/31527\/revisions"}],"wp:attachment":[{"href":"https:\/\/www.vinness.it\/en\/wp-json\/wp\/v2\/media?parent=31527"}],"wp:term":[{"taxonomy":"product_brand","embeddable":true,"href":"https:\/\/www.vinness.it\/en\/wp-json\/wp\/v2\/product_brand?post=31527"},{"taxonomy":"product_cat","embeddable":true,"href":"https:\/\/www.vinness.it\/en\/wp-json\/wp\/v2\/product_cat?post=31527"},{"taxonomy":"product_tag","embeddable":true,"href":"https:\/\/www.vinness.it\/en\/wp-json\/wp\/v2\/product_tag?post=31527"}],"curies":[{"name":"wp","href":"https:\/\/api.w.org\/{rel}","templated":true}]}}