{"id":32495,"date":"2024-02-17T11:55:46","date_gmt":"2024-02-17T10:55:46","guid":{"rendered":"http:\/\/vinness.it\/?post_type=product&#038;p=32495"},"modified":"2026-04-25T23:31:55","modified_gmt":"2026-04-25T21:31:55","slug":"serpico-aglianico-201-fiefdoms","status":"publish","type":"product","link":"https:\/\/www.vinness.it\/en\/catalogo\/vineria\/vini-vineria\/rosso\/serpico-aglianico-201-feudi\/","title":{"rendered":"Irpinia Aglianico DOC \u201cSerpico\u201d 2015 \u2013 Feudi di San Gregorio"},"content":{"rendered":"<div data-elementor-type=\"product-post\" data-elementor-id=\"32495\" class=\"elementor elementor-32495\" data-elementor-post-type=\"product\">\n\t\t\t\t<div data-particle_enable=\"false\" data-particle-mobile-disabled=\"false\" class=\"elementor-element elementor-element-37703ff e-con-full e-flex e-con e-parent\" data-id=\"37703ff\" data-element_type=\"container\" data-e-type=\"container\">\n\t\t<div data-particle_enable=\"false\" data-particle-mobile-disabled=\"false\" class=\"elementor-element elementor-element-5ed00854 e-flex e-con-boxed e-con e-child\" data-id=\"5ed00854\" data-element_type=\"container\" data-e-type=\"container\">\n\t\t\t\t\t<div class=\"e-con-inner\">\n\t\t\t\t<div class=\"elementor-element elementor-element-605de7ec elementor-widget elementor-widget-heading\" data-id=\"605de7ec\" data-element_type=\"widget\" data-e-type=\"widget\" data-widget_type=\"heading.default\">\n\t\t\t\t<div class=\"elementor-widget-container\">\n\t\t\t\t\t<h2 class=\"elementor-heading-title elementor-size-default\">Irpinia Aglianico DOC\n<br>\n\u201cSerpico\u201d<\/h2>\t\t\t\t<\/div>\n\t\t\t\t<\/div>\n\t\t\t\t\t<\/div>\n\t\t\t\t<\/div>\n\t\t<div data-particle_enable=\"false\" data-particle-mobile-disabled=\"false\" class=\"wd-negative-gap elementor-element elementor-element-6807cdf6 e-flex e-con-boxed e-con e-child\" data-id=\"6807cdf6\" data-element_type=\"container\" data-e-type=\"container\">\n\t\t\t\t\t<div class=\"e-con-inner\">\n\t\t\t\t<div class=\"elementor-element elementor-element-5579deda elementor-widget elementor-widget-gallery\" data-id=\"5579deda\" data-element_type=\"widget\" data-e-type=\"widget\" data-settings=\"{&quot;gallery_layout&quot;:&quot;masonry&quot;,&quot;columns&quot;:2,&quot;gap&quot;:{&quot;unit&quot;:&quot;px&quot;,&quot;size&quot;:24,&quot;sizes&quot;:[]},&quot;columns_tablet&quot;:2,&quot;columns_mobile&quot;:1,&quot;gap_tablet&quot;:{&quot;unit&quot;:&quot;px&quot;,&quot;size&quot;:10,&quot;sizes&quot;:[]},&quot;gap_mobile&quot;:{&quot;unit&quot;:&quot;px&quot;,&quot;size&quot;:10,&quot;sizes&quot;:[]},&quot;link_to&quot;:&quot;file&quot;,&quot;overlay_background&quot;:&quot;yes&quot;,&quot;content_hover_animation&quot;:&quot;fade-in&quot;}\" data-widget_type=\"gallery.default\">\n\t\t\t\t<div class=\"elementor-widget-container\">\n\t\t\t\t\t\t\t<div class=\"elementor-gallery__container\">\n\t\t\t\t\t<\/div>\n\t\t\t\t\t<\/div>\n\t\t\t\t<\/div>\n\t\t\t\t\t<\/div>\n\t\t\t\t<\/div>\n\t\t\t\t<\/div>\n\t\t\t\t<section data-particle_enable=\"false\" data-particle-mobile-disabled=\"false\" class=\"wd-negative-gap elementor-section elementor-top-section elementor-element elementor-element-3a56db39 elementor-section-boxed elementor-section-height-default elementor-section-height-default\" data-id=\"3a56db39\" data-element_type=\"section\" data-e-type=\"section\">\n\t\t\t\t\t\t<div class=\"elementor-container elementor-column-gap-default\">\n\t\t\t\t\t<div class=\"elementor-column elementor-col-100 elementor-top-column elementor-element elementor-element-3445d0ef\" data-id=\"3445d0ef\" data-element_type=\"column\" data-e-type=\"column\">\n\t\t\t<div class=\"elementor-widget-wrap elementor-element-populated\">\n\t\t\t\t\t\t<div class=\"elementor-element elementor-element-6b72aa73 elementor-widget elementor-widget-heading\" data-id=\"6b72aa73\" data-element_type=\"widget\" data-e-type=\"widget\" data-widget_type=\"heading.default\">\n\t\t\t\t<div class=\"elementor-widget-container\">\n\t\t\t\t\t<h5 class=\"elementor-heading-title elementor-size-default\">Il rosso Aglianico \u201cSerpico\u201d \u00e8 un vino di carattere e personalit\u00e0, che ben incarna ci\u00f2 che ci si aspetta da questo vitigno largamente coltivato nel meridione italiano. Un vino profondo e pieno come da copione, che si caratterizza per un ventaglio di profumi ordinato e variegato. Una bottiglia di ottima fattura, che ci trasporta sorso dopo sorso all\u2019interno dell\u2019Irpinia campana, terroir dove si trovano le viti di Aglianico da cui la cantina Feudi di San Gregorio produce quest\u2019etichetta. Un prodotto da riservare a quelle cene dove carne rossa e selvaggina sono protagoniste dei piatti.<\/h5>\t\t\t\t<\/div>\n\t\t\t\t<\/div>\n\t\t\t\t<div class=\"elementor-element elementor-element-11cce5e1 elementor-widget elementor-widget-heading\" data-id=\"11cce5e1\" data-element_type=\"widget\" data-e-type=\"widget\" data-widget_type=\"heading.default\">\n\t\t\t\t<div class=\"elementor-widget-container\">\n\t\t\t\t\t<h5 class=\"elementor-heading-title elementor-size-default\">L\u2019Aglianico \u201cSerpico\u201d \u00e8 un vino che la cantina Feudi di San Gregorio realizza partendo dalle uve in purezza di un vitigno a bacca rossa autoctono campano, l\u2019Aglianico. Le uve, accuratamente selezionate per garantire solo il meglio del terroir d\u2019origine all\u2019interno del bicchiere, fermentano alcoolicamente in serbatoi d\u2019acciaio inox, macerando per un periodo ricompreso fra le tre e le quattro settimane. Dopo la vinificazione si procede con l\u2019affinamento, che si svolge per almeno 18 mesi in barrique di rovere francese e botti di media tostatura dalla capienza di 50 ettolitri. Al termine di questo periodo il vino \u00e8 pronto per essere imbottigliato.<\/h5>\t\t\t\t<\/div>\n\t\t\t\t<\/div>\n\t\t\t\t<div class=\"elementor-element elementor-element-c5cd64a elementor-widget elementor-widget-heading\" data-id=\"c5cd64a\" data-element_type=\"widget\" data-e-type=\"widget\" data-widget_type=\"heading.default\">\n\t\t\t\t<div class=\"elementor-widget-container\">\n\t\t\t\t\t<h5 class=\"elementor-heading-title elementor-size-default\">Il \u201cSerpico\u201d \u00e8 un Aglianico firmato Feudi di San Gregorio che, all\u2019esame visivo, si presenta con un rosso rubino, intenso e brillante. Complesso il profilo olfattivo, che unisce sensazioni fruttate a note pi\u00f9 profonde, dove regnano le spezie dolci e le erbe balsamiche. All\u2019assaggio \u00e8 di ottimo corpo, caloroso, ricco e pieno grazie a un sorso dove i tannini sono finemente integrati nella struttura generale. Un\u2019etichetta con cui la cantina Feudi di San Gregorio vuole ridefinire i confini dell\u2019Aglianico, innalzandolo a livelli qualitativi molto interessanti.<\/h5>\t\t\t\t<\/div>\n\t\t\t\t<\/div>\n\t\t\t\t\t<\/div>\n\t\t<\/div>\n\t\t\t\t\t<\/div>\n\t\t<\/section>\n\t\t\t\t<section data-particle_enable=\"false\" data-particle-mobile-disabled=\"false\" class=\"wd-negative-gap elementor-section elementor-top-section elementor-element elementor-element-15b1ab6e wd-section-stretch elementor-section-boxed elementor-section-height-default elementor-section-height-default\" data-id=\"15b1ab6e\" data-element_type=\"section\" data-e-type=\"section\" data-settings=\"{&quot;background_background&quot;:&quot;classic&quot;}\">\n\t\t\t\t\t\t<div class=\"elementor-container elementor-column-gap-default\">\n\t\t\t\t\t<div class=\"elementor-column elementor-col-100 elementor-top-column elementor-element elementor-element-a02f78a\" data-id=\"a02f78a\" data-element_type=\"column\" data-e-type=\"column\">\n\t\t\t<div class=\"elementor-widget-wrap elementor-element-populated\">\n\t\t\t\t\t\t<section data-particle_enable=\"false\" data-particle-mobile-disabled=\"false\" class=\"wd-negative-gap elementor-section elementor-inner-section elementor-element elementor-element-7ba0f7b2 elementor-section-boxed elementor-section-height-default elementor-section-height-default\" data-id=\"7ba0f7b2\" data-element_type=\"section\" data-e-type=\"section\">\n\t\t\t\t\t\t<div class=\"elementor-container elementor-column-gap-default\">\n\t\t\t\t\t<div class=\"elementor-column elementor-col-33 elementor-inner-column elementor-element elementor-element-59006c8d\" data-id=\"59006c8d\" data-element_type=\"column\" data-e-type=\"column\">\n\t\t\t<div class=\"elementor-widget-wrap elementor-element-populated\">\n\t\t\t\t\t\t<div class=\"elementor-element elementor-element-285a252f elementor-widget elementor-widget-wd_infobox\" data-id=\"285a252f\" data-element_type=\"widget\" data-e-type=\"widget\" data-widget_type=\"wd_infobox.default\">\n\t\t\t\t<div class=\"elementor-widget-container\">\n\t\t\t\t\t\t\t<div class=\"info-box-wrapper\">\n\t\t\t<div class=\"wd-info-box text-left box-icon-align-left box-style-base color-scheme-light wd-items-top\">\n\t\t\t\t\t\t\t\t\t<div class=\"box-icon-wrapper  box-with-text text-size-default box-icon-simple\">\n\t\t\t\t\t\t<div class=\"info-box-icon\">\n\t\t\t\t\t\t\t\t\t\t\t\t\t\t\t1.\t\t\t\t\t\t\t\t\t\t\t\t\t<\/div>\n\t\t\t\t\t<\/div>\n\t\t\t\t\n\t\t\t\t<div class=\"info-box-content\">\n\t\t\t\t\t\n\t\t\t\t\t\t\t\t\t\t\t<h4\t\t\t\t\t\tclass=\"info-box-title title box-title-style-default wd-fontsize-xl\" data-elementor-setting-key=\"title\">\n\t\t\t\t\t\t\t\tCOLOR\t\t\t\t\t\t<\/h4>\n\t\t\t\t\t\n\t\t\t\t\t<div class=\"info-box-inner reset-last-child\"data-elementor-setting-key=\"content\"><p>Rosso rubino luminoso.<\/p>\n<\/div>\n\n\t\t\t\t\t\t\t\t\t<\/div>\n\n\t\t\t\t\t\t\t<\/div>\n\t\t<\/div>\n\t\t\t\t\t\t<\/div>\n\t\t\t\t<\/div>\n\t\t\t\t\t<\/div>\n\t\t<\/div>\n\t\t\t\t<div class=\"elementor-column elementor-col-33 elementor-inner-column elementor-element elementor-element-24d9b51d\" data-id=\"24d9b51d\" data-element_type=\"column\" data-e-type=\"column\">\n\t\t\t<div class=\"elementor-widget-wrap elementor-element-populated\">\n\t\t\t\t\t\t<div class=\"elementor-element elementor-element-391d267 elementor-widget elementor-widget-wd_infobox\" data-id=\"391d267\" data-element_type=\"widget\" data-e-type=\"widget\" data-widget_type=\"wd_infobox.default\">\n\t\t\t\t<div class=\"elementor-widget-container\">\n\t\t\t\t\t\t\t<div class=\"info-box-wrapper\">\n\t\t\t<div class=\"wd-info-box text-left box-icon-align-left box-style-base color-scheme-light wd-items-top\">\n\t\t\t\t\t\t\t\t\t<div class=\"box-icon-wrapper  box-with-text text-size-default box-icon-simple\">\n\t\t\t\t\t\t<div class=\"info-box-icon\">\n\t\t\t\t\t\t\t\t\t\t\t\t\t\t\t2.\t\t\t\t\t\t\t\t\t\t\t\t\t<\/div>\n\t\t\t\t\t<\/div>\n\t\t\t\t\n\t\t\t\t<div class=\"info-box-content\">\n\t\t\t\t\t\n\t\t\t\t\t\t\t\t\t\t\t<h4\t\t\t\t\t\tclass=\"info-box-title title box-title-style-default wd-fontsize-xl\" data-elementor-setting-key=\"title\">\n\t\t\t\t\t\t\t\tTASTE\t\t\t\t\t\t<\/h4>\n\t\t\t\t\t\n\t\t\t\t\t<div class=\"info-box-inner reset-last-child\"data-elementor-setting-key=\"content\"><p>Morbido, caldo, pieno e intenso, con vellutati tannini.<\/p>\n<\/div>\n\n\t\t\t\t\t\t\t\t\t<\/div>\n\n\t\t\t\t\t\t\t<\/div>\n\t\t<\/div>\n\t\t\t\t\t\t<\/div>\n\t\t\t\t<\/div>\n\t\t\t\t\t<\/div>\n\t\t<\/div>\n\t\t\t\t<div class=\"elementor-column elementor-col-33 elementor-inner-column elementor-element elementor-element-3d28989c\" data-id=\"3d28989c\" data-element_type=\"column\" data-e-type=\"column\">\n\t\t\t<div class=\"elementor-widget-wrap elementor-element-populated\">\n\t\t\t\t\t\t<div class=\"elementor-element elementor-element-612f6c5e elementor-widget elementor-widget-wd_infobox\" data-id=\"612f6c5e\" data-element_type=\"widget\" data-e-type=\"widget\" data-widget_type=\"wd_infobox.default\">\n\t\t\t\t<div class=\"elementor-widget-container\">\n\t\t\t\t\t\t\t<div class=\"info-box-wrapper\">\n\t\t\t<div class=\"wd-info-box text-left box-icon-align-left box-style-base color-scheme-light wd-items-top\">\n\t\t\t\t\t\t\t\t\t<div class=\"box-icon-wrapper  box-with-text text-size-default box-icon-simple\">\n\t\t\t\t\t\t<div class=\"info-box-icon\">\n\t\t\t\t\t\t\t\t\t\t\t\t\t\t\t3.\t\t\t\t\t\t\t\t\t\t\t\t\t<\/div>\n\t\t\t\t\t<\/div>\n\t\t\t\t\n\t\t\t\t<div class=\"info-box-content\">\n\t\t\t\t\t\n\t\t\t\t\t\t\t\t\t\t\t<h4\t\t\t\t\t\tclass=\"info-box-title title box-title-style-default wd-fontsize-xl\" data-elementor-setting-key=\"title\">\n\t\t\t\t\t\t\t\tPERFUME\t\t\t\t\t\t<\/h4>\n\t\t\t\t\t\n\t\t\t\t\t<div class=\"info-box-inner reset-last-child\"data-elementor-setting-key=\"content\"><p>Ricco e intenso, di frutta rossa, erbe balsamiche, tabacco e spezie dolci.<\/p>\n<\/div>\n\n\t\t\t\t\t\t\t\t\t<\/div>\n\n\t\t\t\t\t\t\t<\/div>\n\t\t<\/div>\n\t\t\t\t\t\t<\/div>\n\t\t\t\t<\/div>\n\t\t\t\t\t<\/div>\n\t\t<\/div>\n\t\t\t\t\t<\/div>\n\t\t<\/section>\n\t\t\t\t\t<\/div>\n\t\t<\/div>\n\t\t\t\t\t<\/div>\n\t\t<\/section>\n\t\t\t\t<\/div>","protected":false},"excerpt":{"rendered":"<p>It is in the heart of the Taurasi area that \u201cSerpico\u201d is born, an extraordinary Aglianico made from some of the oldest vines of Feudi di San Gregorio.<\/p>\n<p>A wine capable of thrilling like few others, thanks to its depth, elegance, and truly unparalleled territorial connection. The Irpinia Aglianico DOC &quot;Serpico&quot; from Feudi di San Gregorio has a taste that transports the taster to the province of Avellino, to that beautiful vineyard.<\/p>","protected":false},"featured_media":285096,"comment_status":"closed","ping_status":"closed","template":"","meta":{"_relevanssi_hide_post":"","_relevanssi_hide_content":"","_relevanssi_pin_for_all":"","_relevanssi_pin_keywords":"","_relevanssi_unpin_keywords":"","_relevanssi_related_keywords":"","_relevanssi_related_include_ids":"","_relevanssi_related_exclude_ids":"","_relevanssi_related_no_append":"","_relevanssi_related_not_related":"","_relevanssi_related_posts":"","_relevanssi_noindex_reason":""},"product_brand":[1159],"product_cat":[427],"product_tag":[1197],"class_list":{"0":"post-32495","1":"product","2":"type-product","3":"status-publish","4":"has-post-thumbnail","6":"product_brand-feudi-di-san-gregorio","7":"product_cat-rosso","8":"product_tag-1197","9":"pa_annata-505","10":"pa_denominazione-irpinia-doc","11":"pa_formato-075-cl","12":"pa_gradazione-alcolica-14-0","13":"pa_paese-italia","14":"pa_produttore-feudi-di-san-gregorio","15":"pa_regione-campania","16":"pa_tipologia-vini-rossi","17":"pa_vitigni-aglianico-100","19":"first","20":"instock","21":"taxable","22":"shipping-taxable","23":"purchasable","24":"product-type-simple"},"ase":null,"_links":{"self":[{"href":"https:\/\/www.vinness.it\/en\/wp-json\/wp\/v2\/product\/32495","targetHints":{"allow":["GET"]}}],"collection":[{"href":"https:\/\/www.vinness.it\/en\/wp-json\/wp\/v2\/product"}],"about":[{"href":"https:\/\/www.vinness.it\/en\/wp-json\/wp\/v2\/types\/product"}],"replies":[{"embeddable":true,"href":"https:\/\/www.vinness.it\/en\/wp-json\/wp\/v2\/comments?post=32495"}],"version-history":[{"count":0,"href":"https:\/\/www.vinness.it\/en\/wp-json\/wp\/v2\/product\/32495\/revisions"}],"wp:featuredmedia":[{"embeddable":true,"href":"https:\/\/www.vinness.it\/en\/wp-json\/wp\/v2\/media\/285096"}],"wp:attachment":[{"href":"https:\/\/www.vinness.it\/en\/wp-json\/wp\/v2\/media?parent=32495"}],"wp:term":[{"taxonomy":"product_brand","embeddable":true,"href":"https:\/\/www.vinness.it\/en\/wp-json\/wp\/v2\/product_brand?post=32495"},{"taxonomy":"product_cat","embeddable":true,"href":"https:\/\/www.vinness.it\/en\/wp-json\/wp\/v2\/product_cat?post=32495"},{"taxonomy":"product_tag","embeddable":true,"href":"https:\/\/www.vinness.it\/en\/wp-json\/wp\/v2\/product_tag?post=32495"}],"curies":[{"name":"wp","href":"https:\/\/api.w.org\/{rel}","templated":true}]}}