{"id":32872,"date":"2024-02-22T10:53:27","date_gmt":"2024-02-22T09:53:27","guid":{"rendered":"http:\/\/vinness.it\/?post_type=product&#038;p=32872"},"modified":"2026-04-25T23:31:29","modified_gmt":"2026-04-25T21:31:29","slug":"ribolla-gialla-2021-livio-felluga-2","status":"publish","type":"product","link":"https:\/\/www.vinness.it\/en\/catalogo\/vineria\/vini-vineria\/bianco\/ribolla-gialla-2021-livio-felluga-2\/","title":{"rendered":"Friuli Colli Orientali Ribolla Gialla DOC 2021 \u2013 Livio Felluga"},"content":{"rendered":"<div data-elementor-type=\"product-post\" data-elementor-id=\"32872\" class=\"elementor elementor-32872\" data-elementor-post-type=\"product\">\n\t\t\t\t<div data-particle_enable=\"false\" data-particle-mobile-disabled=\"false\" class=\"elementor-element elementor-element-24e07837 e-con-full e-flex e-con e-parent\" data-id=\"24e07837\" data-element_type=\"container\" data-e-type=\"container\">\n\t\t<div data-particle_enable=\"false\" data-particle-mobile-disabled=\"false\" class=\"elementor-element elementor-element-78bdab08 e-flex e-con-boxed e-con e-child\" data-id=\"78bdab08\" data-element_type=\"container\" data-e-type=\"container\">\n\t\t\t\t\t<div class=\"e-con-inner\">\n\t\t\t\t<div class=\"elementor-element elementor-element-3520d2b8 elementor-widget elementor-widget-heading\" data-id=\"3520d2b8\" data-element_type=\"widget\" data-e-type=\"widget\" data-widget_type=\"heading.default\">\n\t\t\t\t<div class=\"elementor-widget-container\">\n\t\t\t\t\t<h2 class=\"elementor-heading-title elementor-size-default\">Friuli Colli Orientali Ribolla Gialla DOC\n<br>\nLivio Felluga<\/h2>\t\t\t\t<\/div>\n\t\t\t\t<\/div>\n\t\t\t\t\t<\/div>\n\t\t\t\t<\/div>\n\t\t<div data-particle_enable=\"false\" data-particle-mobile-disabled=\"false\" class=\"wd-negative-gap elementor-element elementor-element-54d6e895 e-flex e-con-boxed e-con e-child\" data-id=\"54d6e895\" data-element_type=\"container\" data-e-type=\"container\">\n\t\t\t\t\t<div class=\"e-con-inner\">\n\t\t\t\t<div class=\"elementor-element elementor-element-7a97ea69 elementor-widget elementor-widget-gallery\" data-id=\"7a97ea69\" data-element_type=\"widget\" data-e-type=\"widget\" data-settings=\"{&quot;gallery_layout&quot;:&quot;masonry&quot;,&quot;columns&quot;:2,&quot;gap&quot;:{&quot;unit&quot;:&quot;px&quot;,&quot;size&quot;:24,&quot;sizes&quot;:[]},&quot;columns_tablet&quot;:2,&quot;columns_mobile&quot;:1,&quot;gap_tablet&quot;:{&quot;unit&quot;:&quot;px&quot;,&quot;size&quot;:10,&quot;sizes&quot;:[]},&quot;gap_mobile&quot;:{&quot;unit&quot;:&quot;px&quot;,&quot;size&quot;:10,&quot;sizes&quot;:[]},&quot;link_to&quot;:&quot;file&quot;,&quot;overlay_background&quot;:&quot;yes&quot;,&quot;content_hover_animation&quot;:&quot;fade-in&quot;}\" data-widget_type=\"gallery.default\">\n\t\t\t\t<div class=\"elementor-widget-container\">\n\t\t\t\t\t\t\t<div class=\"elementor-gallery__container\">\n\t\t\t\t\t<\/div>\n\t\t\t\t\t<\/div>\n\t\t\t\t<\/div>\n\t\t\t\t\t<\/div>\n\t\t\t\t<\/div>\n\t\t\t\t<\/div>\n\t\t\t\t<section data-particle_enable=\"false\" data-particle-mobile-disabled=\"false\" class=\"wd-negative-gap elementor-section elementor-top-section elementor-element elementor-element-25a012d elementor-section-boxed elementor-section-height-default elementor-section-height-default\" data-id=\"25a012d\" data-element_type=\"section\" data-e-type=\"section\">\n\t\t\t\t\t\t<div class=\"elementor-container elementor-column-gap-default\">\n\t\t\t\t\t<div class=\"elementor-column elementor-col-100 elementor-top-column elementor-element elementor-element-575b7c8\" data-id=\"575b7c8\" data-element_type=\"column\" data-e-type=\"column\">\n\t\t\t<div class=\"elementor-widget-wrap elementor-element-populated\">\n\t\t\t\t\t\t<div class=\"elementor-element elementor-element-438b745f elementor-widget elementor-widget-heading\" data-id=\"438b745f\" data-element_type=\"widget\" data-e-type=\"widget\" data-widget_type=\"heading.default\">\n\t\t\t\t<div class=\"elementor-widget-container\">\n\t\t\t\t\t<h5 class=\"elementor-heading-title elementor-size-default\">La Ribolla Gialla di Livio Felluga \u00e8 un bianco che esprime il volto pi\u00f9 vero e autentico delle terre friulane al confine con la Slovenia. Quest\u2019antico vitigno a bacca bianca \u00e8, infatti, l\u2019autoctono pi\u00f9 ricco di storia, vera e propria icona di questa regione. Generoso e ricco, \u00e8 un vitigno che per regalare grandi vini deve essere coltivato nelle zone pi\u00f9 alte delle colline, dove i terreni sono pi\u00f9 pietrosi e poveri, in modo da produrre poca uva di alta qualit\u00e0. La versione di Livio Felluga rispecchia perfettamente le migliori caratteristiche del vitigno, con delicati aromi agrumati e fruttati e un sorso di grande freschezza minerale.<\/h5>\t\t\t\t<\/div>\n\t\t\t\t<\/div>\n\t\t\t\t<div class=\"elementor-element elementor-element-475730ce elementor-widget elementor-widget-heading\" data-id=\"475730ce\" data-element_type=\"widget\" data-e-type=\"widget\" data-widget_type=\"heading.default\">\n\t\t\t\t<div class=\"elementor-widget-container\">\n\t\t\t\t\t<h5 class=\"elementor-heading-title elementor-size-default\">Il vino Ribolla Gialla nasce tra le mura di una delle cantine pi\u00f9 famose del Friuli. Livio Felluga ha cominciato a produrre vino nel secondo dopoguerra e si \u00e8 ben presto affermato per una visione orientata alla qualit\u00e0 senza compromessi. Le sue celebri etichette, che riportano le antiche mappe del territorio, sono diventate un vero e proprio marchio inconfondibile e un simbolo d\u2019eccellenza. La sua tenuta si compone di varie parcelle nella zona dei Colli Orientali e del Collio, con alcuni appezzamenti di straordinario valore storico, come ad esempio le celebri vigne di Rosazzo. Livio Felluga ha sempre lavorato per valorizzare la sua terra attraverso la coltivazione dei vitigni autoctoni come la Ribolla Gialla, il Picoloit, il Refosco e delle variet\u00e0 internazionali storicamente presenti in Friuli, come il Sauvignon Blanc, il Pinot Grigio, il Friulano e lo Chardonnay. Ancora oggi i suoi vini sono riconosciuti tra i migliori ambasciatori nel mondo del territorio e della tradizione friulana.<\/h5>\t\t\t\t<\/div>\n\t\t\t\t<\/div>\n\t\t\t\t<div class=\"elementor-element elementor-element-564f27e elementor-widget elementor-widget-heading\" data-id=\"564f27e\" data-element_type=\"widget\" data-e-type=\"widget\" data-widget_type=\"heading.default\">\n\t\t\t\t<div class=\"elementor-widget-container\">\n\t\t\t\t\t<h5 class=\"elementor-heading-title elementor-size-default\">La Ribolla Felluga viene prodotto con i grappoli provenienti delle vigne coltivate nelle zone pi\u00f9 vocate del Colli Orientali del Friuli. Al termine della vendemmia, le uve sono diraspate fatte macerare a freddo per un breve periodo. Dopo la pressatura soffice, il mosto fermenta in serbatoi d\u2019acciaio inox. Prima dell\u2019imbottigliamento il vino riposa sui lieviti per alcuni mesi in vasche d\u2019acciaio. Nel calice ha un colore giallo paglierino chiaro. Il bouquet esprime profumi di zagara, di fiori di campo, di erbe aromatiche, aromi fragranti di mela e di frutta a polpa bianca. Il sorso \u00e8 scorrevole e dinamico, con un centro bocca dal frutto delicato ed elegante che anticipa un finale sapido e caratterizzato da una vibrante freschezza citrina. \u00c8 un bianco perfetto da degustare al momento dell\u2019aperitivo o con piatto di pesce dai sapori delicati.<\/h5>\t\t\t\t<\/div>\n\t\t\t\t<\/div>\n\t\t\t\t\t<\/div>\n\t\t<\/div>\n\t\t\t\t\t<\/div>\n\t\t<\/section>\n\t\t\t\t<section data-particle_enable=\"false\" data-particle-mobile-disabled=\"false\" class=\"wd-negative-gap elementor-section elementor-top-section elementor-element elementor-element-6c684cf5 wd-section-stretch elementor-section-boxed elementor-section-height-default elementor-section-height-default\" data-id=\"6c684cf5\" data-element_type=\"section\" data-e-type=\"section\" data-settings=\"{&quot;background_background&quot;:&quot;classic&quot;}\">\n\t\t\t\t\t\t<div class=\"elementor-container elementor-column-gap-default\">\n\t\t\t\t\t<div class=\"elementor-column elementor-col-100 elementor-top-column elementor-element elementor-element-69c0b250\" data-id=\"69c0b250\" data-element_type=\"column\" data-e-type=\"column\">\n\t\t\t<div class=\"elementor-widget-wrap elementor-element-populated\">\n\t\t\t\t\t\t<section data-particle_enable=\"false\" data-particle-mobile-disabled=\"false\" class=\"wd-negative-gap elementor-section elementor-inner-section elementor-element elementor-element-a83fa4f elementor-section-boxed elementor-section-height-default elementor-section-height-default\" data-id=\"a83fa4f\" data-element_type=\"section\" data-e-type=\"section\">\n\t\t\t\t\t\t<div class=\"elementor-container elementor-column-gap-default\">\n\t\t\t\t\t<div class=\"elementor-column elementor-col-33 elementor-inner-column elementor-element elementor-element-4b83f3b3\" data-id=\"4b83f3b3\" data-element_type=\"column\" data-e-type=\"column\">\n\t\t\t<div class=\"elementor-widget-wrap elementor-element-populated\">\n\t\t\t\t\t\t<div class=\"elementor-element elementor-element-197482ab elementor-widget elementor-widget-wd_infobox\" data-id=\"197482ab\" data-element_type=\"widget\" data-e-type=\"widget\" data-widget_type=\"wd_infobox.default\">\n\t\t\t\t<div class=\"elementor-widget-container\">\n\t\t\t\t\t\t\t<div class=\"info-box-wrapper\">\n\t\t\t<div class=\"wd-info-box text-left box-icon-align-left box-style-base color-scheme-light wd-items-top\">\n\t\t\t\t\t\t\t\t\t<div class=\"box-icon-wrapper  box-with-text text-size-default box-icon-simple\">\n\t\t\t\t\t\t<div class=\"info-box-icon\">\n\t\t\t\t\t\t\t\t\t\t\t\t\t\t\t1.\t\t\t\t\t\t\t\t\t\t\t\t\t<\/div>\n\t\t\t\t\t<\/div>\n\t\t\t\t\n\t\t\t\t<div class=\"info-box-content\">\n\t\t\t\t\t\n\t\t\t\t\t\t\t\t\t\t\t<h4\t\t\t\t\t\tclass=\"info-box-title title box-title-style-default wd-fontsize-xl\" data-elementor-setting-key=\"title\">\n\t\t\t\t\t\t\t\tCOLOR\t\t\t\t\t\t<\/h4>\n\t\t\t\t\t\n\t\t\t\t\t<div class=\"info-box-inner reset-last-child\"data-elementor-setting-key=\"content\"><p>Giallo paglierino con riflessi verdolini.<\/p>\n<\/div>\n\n\t\t\t\t\t\t\t\t\t<\/div>\n\n\t\t\t\t\t\t\t<\/div>\n\t\t<\/div>\n\t\t\t\t\t\t<\/div>\n\t\t\t\t<\/div>\n\t\t\t\t\t<\/div>\n\t\t<\/div>\n\t\t\t\t<div class=\"elementor-column elementor-col-33 elementor-inner-column elementor-element elementor-element-2b5c5047\" data-id=\"2b5c5047\" data-element_type=\"column\" data-e-type=\"column\">\n\t\t\t<div class=\"elementor-widget-wrap elementor-element-populated\">\n\t\t\t\t\t\t<div class=\"elementor-element elementor-element-e784ff4 elementor-widget elementor-widget-wd_infobox\" data-id=\"e784ff4\" data-element_type=\"widget\" data-e-type=\"widget\" data-widget_type=\"wd_infobox.default\">\n\t\t\t\t<div class=\"elementor-widget-container\">\n\t\t\t\t\t\t\t<div class=\"info-box-wrapper\">\n\t\t\t<div class=\"wd-info-box text-left box-icon-align-left box-style-base color-scheme-light wd-items-top\">\n\t\t\t\t\t\t\t\t\t<div class=\"box-icon-wrapper  box-with-text text-size-default box-icon-simple\">\n\t\t\t\t\t\t<div class=\"info-box-icon\">\n\t\t\t\t\t\t\t\t\t\t\t\t\t\t\t2.\t\t\t\t\t\t\t\t\t\t\t\t\t<\/div>\n\t\t\t\t\t<\/div>\n\t\t\t\t\n\t\t\t\t<div class=\"info-box-content\">\n\t\t\t\t\t\n\t\t\t\t\t\t\t\t\t\t\t<h4\t\t\t\t\t\tclass=\"info-box-title title box-title-style-default wd-fontsize-xl\" data-elementor-setting-key=\"title\">\n\t\t\t\t\t\t\t\tTASTE\t\t\t\t\t\t<\/h4>\n\t\t\t\t\t\n\t\t\t\t\t<div class=\"info-box-inner reset-last-child\"data-elementor-setting-key=\"content\"><p>Molto fresco, sottile, agrumato, sapido e armonico.<\/p>\n<\/div>\n\n\t\t\t\t\t\t\t\t\t<\/div>\n\n\t\t\t\t\t\t\t<\/div>\n\t\t<\/div>\n\t\t\t\t\t\t<\/div>\n\t\t\t\t<\/div>\n\t\t\t\t\t<\/div>\n\t\t<\/div>\n\t\t\t\t<div class=\"elementor-column elementor-col-33 elementor-inner-column elementor-element elementor-element-6bac0745\" data-id=\"6bac0745\" data-element_type=\"column\" data-e-type=\"column\">\n\t\t\t<div class=\"elementor-widget-wrap elementor-element-populated\">\n\t\t\t\t\t\t<div class=\"elementor-element elementor-element-66556c8e elementor-widget elementor-widget-wd_infobox\" data-id=\"66556c8e\" data-element_type=\"widget\" data-e-type=\"widget\" data-widget_type=\"wd_infobox.default\">\n\t\t\t\t<div class=\"elementor-widget-container\">\n\t\t\t\t\t\t\t<div class=\"info-box-wrapper\">\n\t\t\t<div class=\"wd-info-box text-left box-icon-align-left box-style-base color-scheme-light wd-items-top\">\n\t\t\t\t\t\t\t\t\t<div class=\"box-icon-wrapper  box-with-text text-size-default box-icon-simple\">\n\t\t\t\t\t\t<div class=\"info-box-icon\">\n\t\t\t\t\t\t\t\t\t\t\t\t\t\t\t3.\t\t\t\t\t\t\t\t\t\t\t\t\t<\/div>\n\t\t\t\t\t<\/div>\n\t\t\t\t\n\t\t\t\t<div class=\"info-box-content\">\n\t\t\t\t\t\n\t\t\t\t\t\t\t\t\t\t\t<h4\t\t\t\t\t\tclass=\"info-box-title title box-title-style-default wd-fontsize-xl\" data-elementor-setting-key=\"title\">\n\t\t\t\t\t\t\t\tPERFUME\t\t\t\t\t\t<\/h4>\n\t\t\t\t\t\n\t\t\t\t\t<div class=\"info-box-inner reset-last-child\"data-elementor-setting-key=\"content\"><p>Fresco e fruttato, di frutta bianca, fiori di campo, agrumi ed erbe aromatiche.<\/p>\n<\/div>\n\n\t\t\t\t\t\t\t\t\t<\/div>\n\n\t\t\t\t\t\t\t<\/div>\n\t\t<\/div>\n\t\t\t\t\t\t<\/div>\n\t\t\t\t<\/div>\n\t\t\t\t\t<\/div>\n\t\t<\/div>\n\t\t\t\t\t<\/div>\n\t\t<\/section>\n\t\t\t\t\t<\/div>\n\t\t<\/div>\n\t\t\t\t\t<\/div>\n\t\t<\/section>\n\t\t\t\t<\/div>","protected":false},"excerpt":{"rendered":"<p>In September, after the harvest, the Ribolla Gialla bunches are destemmed and left to macerate briefly, after which they are lightly pressed and fermented at a controlled temperature.<\/p>\n<p>This is how Livio Felluga&#039;s Colli Orientali del Friuli Ribolla Gialla DOC comes to life. It ages for six months in stainless steel, offering fragrance, freshness, and textbook fruit integrity. It&#039;s a truly excellent Ribolla.<\/p>","protected":false},"featured_media":285047,"comment_status":"closed","ping_status":"closed","template":"","meta":{"_relevanssi_hide_post":"","_relevanssi_hide_content":"","_relevanssi_pin_for_all":"","_relevanssi_pin_keywords":"","_relevanssi_unpin_keywords":"","_relevanssi_related_keywords":"","_relevanssi_related_include_ids":"","_relevanssi_related_exclude_ids":"","_relevanssi_related_no_append":"","_relevanssi_related_not_related":"","_relevanssi_related_posts":"","_relevanssi_noindex_reason":""},"product_brand":[1258],"product_cat":[429],"product_tag":[1190],"class_list":{"0":"post-32872","1":"product","2":"type-product","3":"status-publish","4":"has-post-thumbnail","6":"product_brand-livio-felluga","7":"product_cat-bianco","8":"product_tag-1190","9":"pa_annata-536","10":"pa_denominazione-friuli-colli-orientali-doc","11":"pa_formato-075-cl","12":"pa_gradazione-alcolica-13-0","13":"pa_paese-italia","14":"pa_produttore-livio-felluga","15":"pa_regione-friuli-venezia-giulia","16":"pa_tipologia-vini-bianchi","17":"pa_vitigni-ribolla-gialla-100","19":"first","20":"instock","21":"taxable","22":"shipping-taxable","23":"purchasable","24":"product-type-simple"},"ase":null,"_links":{"self":[{"href":"https:\/\/www.vinness.it\/en\/wp-json\/wp\/v2\/product\/32872","targetHints":{"allow":["GET"]}}],"collection":[{"href":"https:\/\/www.vinness.it\/en\/wp-json\/wp\/v2\/product"}],"about":[{"href":"https:\/\/www.vinness.it\/en\/wp-json\/wp\/v2\/types\/product"}],"replies":[{"embeddable":true,"href":"https:\/\/www.vinness.it\/en\/wp-json\/wp\/v2\/comments?post=32872"}],"version-history":[{"count":0,"href":"https:\/\/www.vinness.it\/en\/wp-json\/wp\/v2\/product\/32872\/revisions"}],"wp:featuredmedia":[{"embeddable":true,"href":"https:\/\/www.vinness.it\/en\/wp-json\/wp\/v2\/media\/285047"}],"wp:attachment":[{"href":"https:\/\/www.vinness.it\/en\/wp-json\/wp\/v2\/media?parent=32872"}],"wp:term":[{"taxonomy":"product_brand","embeddable":true,"href":"https:\/\/www.vinness.it\/en\/wp-json\/wp\/v2\/product_brand?post=32872"},{"taxonomy":"product_cat","embeddable":true,"href":"https:\/\/www.vinness.it\/en\/wp-json\/wp\/v2\/product_cat?post=32872"},{"taxonomy":"product_tag","embeddable":true,"href":"https:\/\/www.vinness.it\/en\/wp-json\/wp\/v2\/product_tag?post=32872"}],"curies":[{"name":"wp","href":"https:\/\/api.w.org\/{rel}","templated":true}]}}