{"id":33149,"date":"2024-02-27T19:15:03","date_gmt":"2024-02-27T18:15:03","guid":{"rendered":"http:\/\/vinness.it\/?post_type=product&#038;p=33149"},"modified":"2025-05-28T13:49:28","modified_gmt":"2025-05-28T11:49:28","slug":"dubl-brut-rosato-metodo-classico-feudi-di-san-gregorio","status":"publish","type":"product","link":"https:\/\/www.vinness.it\/en\/catalogo\/vineria\/bollicine-vineria\/spumante\/dubl-brut-rosato-metodo-classico-feudi-di-san-gregorio\/","title":{"rendered":"Classic Method Sparkling Wine \u201cDubl Ros\u00e9 Edition\u201d Cased \u2013 Feudi di San Gregorio"},"content":{"rendered":"<div data-elementor-type=\"product-post\" data-elementor-id=\"33149\" class=\"elementor elementor-33149\" data-elementor-post-type=\"product\">\n\t\t\t\t<div data-particle_enable=\"false\" data-particle-mobile-disabled=\"false\" class=\"elementor-element elementor-element-3d4cde8b e-con-full e-flex e-con e-parent\" data-id=\"3d4cde8b\" data-element_type=\"container\" data-e-type=\"container\">\n\t\t<div data-particle_enable=\"false\" data-particle-mobile-disabled=\"false\" class=\"elementor-element elementor-element-2fd99fd0 e-flex e-con-boxed e-con e-child\" data-id=\"2fd99fd0\" data-element_type=\"container\" data-e-type=\"container\">\n\t\t\t\t\t<div class=\"e-con-inner\">\n\t\t\t\t<div class=\"elementor-element elementor-element-d78e60c elementor-widget elementor-widget-heading\" data-id=\"d78e60c\" data-element_type=\"widget\" data-e-type=\"widget\" data-widget_type=\"heading.default\">\n\t\t\t\t<div class=\"elementor-widget-container\">\n\t\t\t\t\t<h2 class=\"elementor-heading-title elementor-size-default\">Spumante Metodo Classico \u201cDubl Ros\u00e9 Edition\u201d\n<br>\nFeudi di San Gregorio<\/h2>\t\t\t\t<\/div>\n\t\t\t\t<\/div>\n\t\t\t\t\t<\/div>\n\t\t\t\t<\/div>\n\t\t<div data-particle_enable=\"false\" data-particle-mobile-disabled=\"false\" class=\"wd-negative-gap elementor-element elementor-element-2905479b e-flex e-con-boxed e-con e-child\" data-id=\"2905479b\" data-element_type=\"container\" data-e-type=\"container\">\n\t\t\t\t\t<div class=\"e-con-inner\">\n\t\t\t\t<div class=\"elementor-element elementor-element-5b490ef3 elementor-widget elementor-widget-gallery\" data-id=\"5b490ef3\" data-element_type=\"widget\" data-e-type=\"widget\" data-settings=\"{&quot;gallery_layout&quot;:&quot;masonry&quot;,&quot;columns&quot;:2,&quot;gap&quot;:{&quot;unit&quot;:&quot;px&quot;,&quot;size&quot;:24,&quot;sizes&quot;:[]},&quot;columns_tablet&quot;:2,&quot;columns_mobile&quot;:1,&quot;gap_tablet&quot;:{&quot;unit&quot;:&quot;px&quot;,&quot;size&quot;:10,&quot;sizes&quot;:[]},&quot;gap_mobile&quot;:{&quot;unit&quot;:&quot;px&quot;,&quot;size&quot;:10,&quot;sizes&quot;:[]},&quot;link_to&quot;:&quot;file&quot;,&quot;overlay_background&quot;:&quot;yes&quot;,&quot;content_hover_animation&quot;:&quot;fade-in&quot;}\" data-widget_type=\"gallery.default\">\n\t\t\t\t<div class=\"elementor-widget-container\">\n\t\t\t\t\t\t\t<div class=\"elementor-gallery__container\">\n\t\t\t\t\t<\/div>\n\t\t\t\t\t<\/div>\n\t\t\t\t<\/div>\n\t\t\t\t\t<\/div>\n\t\t\t\t<\/div>\n\t\t\t\t<\/div>\n\t\t\t\t<section data-particle_enable=\"false\" data-particle-mobile-disabled=\"false\" class=\"wd-negative-gap elementor-section elementor-top-section elementor-element elementor-element-bd57125 elementor-section-boxed elementor-section-height-default elementor-section-height-default\" data-id=\"bd57125\" data-element_type=\"section\" data-e-type=\"section\">\n\t\t\t\t\t\t<div class=\"elementor-container elementor-column-gap-default\">\n\t\t\t\t\t<div class=\"elementor-column elementor-col-100 elementor-top-column elementor-element elementor-element-5ed52454\" data-id=\"5ed52454\" data-element_type=\"column\" data-e-type=\"column\">\n\t\t\t<div class=\"elementor-widget-wrap elementor-element-populated\">\n\t\t\t\t\t\t<div class=\"elementor-element elementor-element-8f548c8 elementor-widget elementor-widget-heading\" data-id=\"8f548c8\" data-element_type=\"widget\" data-e-type=\"widget\" data-widget_type=\"heading.default\">\n\t\t\t\t<div class=\"elementor-widget-container\">\n\t\t\t\t\t<h5 class=\"elementor-heading-title elementor-size-default\">La realt\u00e0 vitivinicola campana Feudi di San Gregorio introduce lo Spumante Metodo Classico Ros\u00e9 \"Dubl Edition\", un\u2019etichetta dal suadente profilo aromatico che richiama sensazioni di fiori e frutti rossi. Il progetto \u2018Dubl\u2019 \u00e8 stato avviato ufficialmente nel 2004 dalla storica cantina Feudi di San Gregorio, situata in provincia di Avellino, con la ferma volont\u00e0 di produrre un grande Metodo Classico con le uve del territorio, come l\u2019Aglianico. Per la parte tecnica la tenuta si \u00e8 affidata alla consulenza di Mattia Vezzola e Anselme Selosse, delle istituzioni per quanto riguarda rispettivamente la Franciacorta e la Champagne. Il design dell\u2019etichetta e della bottiglia di \u2018Dubl Edition I\u2019 \u00e8 frutto dell\u2019ispirazione del designer Massimo Vignelli, il quale ha curato l\u2019identit\u00e0 visiva del marchio \u2018Dubl\u2019.<\/h5>\t\t\t\t<\/div>\n\t\t\t\t<\/div>\n\t\t\t\t<div class=\"elementor-element elementor-element-768601ac elementor-widget elementor-widget-heading\" data-id=\"768601ac\" data-element_type=\"widget\" data-e-type=\"widget\" data-widget_type=\"heading.default\">\n\t\t\t\t<div class=\"elementor-widget-container\">\n\t\t\t\t\t<h5 class=\"elementor-heading-title elementor-size-default\">Il \"Dubl Edition\" Feudi di San Gregorio Spumante Metodo Classico Ros\u00e9 deriva da uve rosse provenienti da vigne di 15 anni di et\u00e0 media. La raccolta viene effettuata a mano al fine di preservare l\u2019integrit\u00e0 delle uve, che vengono quindi trasferite in cantina e sottoposte a una pressatura soffice a grappolo intero. Il mosto \u00e8 quindi avviato a fermentazione alcolica in vasche di acciaio inox a temperatura controllata e, una volta pronta, la base spumante viene imbottigliata con l\u2019aggiunta dello sciroppo di tiraggio per la presa di spuma secondo il Metodo Classico. Dopo ben 78 mesi di affinamento sui lieviti si procede infine con la sboccatura e il dosaggio a Brut.<\/h5>\t\t\t\t<\/div>\n\t\t\t\t<\/div>\n\t\t\t\t<div class=\"elementor-element elementor-element-67fa3b7 elementor-widget elementor-widget-heading\" data-id=\"67fa3b7\" data-element_type=\"widget\" data-e-type=\"widget\" data-widget_type=\"heading.default\">\n\t\t\t\t<div class=\"elementor-widget-container\">\n\t\t\t\t\t<h5 class=\"elementor-heading-title elementor-size-default\">Il Metodo Classico Spumante \"Ros\u00e9 Dubl Edition II\" di Feudi di San Gregorio ha un colore rosa ramato con bollicina sottile e durevole. L\u2019olfatto offre profumi di melagrana, ribes, pompelmo rosa, lampone e petali di rosa uniti a cenni minerali. Fresco e cremoso il gusto, caratterizzato da una prolungata persistenza sapida in chiusura.<\/h5>\t\t\t\t<\/div>\n\t\t\t\t<\/div>\n\t\t\t\t\t<\/div>\n\t\t<\/div>\n\t\t\t\t\t<\/div>\n\t\t<\/section>\n\t\t\t\t<section data-particle_enable=\"false\" data-particle-mobile-disabled=\"false\" class=\"wd-negative-gap elementor-section elementor-top-section elementor-element elementor-element-5079d446 wd-section-stretch elementor-section-boxed elementor-section-height-default elementor-section-height-default\" data-id=\"5079d446\" data-element_type=\"section\" data-e-type=\"section\" data-settings=\"{&quot;background_background&quot;:&quot;classic&quot;}\">\n\t\t\t\t\t\t<div class=\"elementor-container elementor-column-gap-default\">\n\t\t\t\t\t<div class=\"elementor-column elementor-col-100 elementor-top-column elementor-element elementor-element-2320ed9e\" data-id=\"2320ed9e\" data-element_type=\"column\" data-e-type=\"column\">\n\t\t\t<div class=\"elementor-widget-wrap elementor-element-populated\">\n\t\t\t\t\t\t<section data-particle_enable=\"false\" data-particle-mobile-disabled=\"false\" class=\"wd-negative-gap elementor-section elementor-inner-section elementor-element elementor-element-144c4799 elementor-section-boxed elementor-section-height-default elementor-section-height-default\" data-id=\"144c4799\" data-element_type=\"section\" data-e-type=\"section\">\n\t\t\t\t\t\t<div class=\"elementor-container elementor-column-gap-default\">\n\t\t\t\t\t<div class=\"elementor-column elementor-col-33 elementor-inner-column elementor-element elementor-element-2bb191fb\" data-id=\"2bb191fb\" data-element_type=\"column\" data-e-type=\"column\">\n\t\t\t<div class=\"elementor-widget-wrap elementor-element-populated\">\n\t\t\t\t\t\t<div class=\"elementor-element elementor-element-606ee274 elementor-widget elementor-widget-wd_infobox\" data-id=\"606ee274\" data-element_type=\"widget\" data-e-type=\"widget\" data-widget_type=\"wd_infobox.default\">\n\t\t\t\t<div class=\"elementor-widget-container\">\n\t\t\t\t\t\t\t<div class=\"info-box-wrapper\">\n\t\t\t<div class=\"wd-info-box text-left box-icon-align-left box-style-base color-scheme-light wd-items-top\">\n\t\t\t\t\t\t\t\t\t<div class=\"box-icon-wrapper  box-with-text text-size-default box-icon-simple\">\n\t\t\t\t\t\t<div class=\"info-box-icon\">\n\t\t\t\t\t\t\t\t\t\t\t\t\t\t\t1.\t\t\t\t\t\t\t\t\t\t\t\t\t<\/div>\n\t\t\t\t\t<\/div>\n\t\t\t\t\n\t\t\t\t<div class=\"info-box-content\">\n\t\t\t\t\t\n\t\t\t\t\t\t\t\t\t\t\t<h4\t\t\t\t\t\tclass=\"info-box-title title box-title-style-default wd-fontsize-xl\" data-elementor-setting-key=\"title\">\n\t\t\t\t\t\t\t\tCOLOR\t\t\t\t\t\t<\/h4>\n\t\t\t\t\t\n\t\t\t\t\t<div class=\"info-box-inner reset-last-child\"data-elementor-setting-key=\"content\"><p>Corallo; perlage fine e persistente.<\/p>\n<\/div>\n\n\t\t\t\t\t\t\t\t\t<\/div>\n\n\t\t\t\t\t\t\t<\/div>\n\t\t<\/div>\n\t\t\t\t\t\t<\/div>\n\t\t\t\t<\/div>\n\t\t\t\t\t<\/div>\n\t\t<\/div>\n\t\t\t\t<div class=\"elementor-column elementor-col-33 elementor-inner-column elementor-element elementor-element-2ebc22d7\" data-id=\"2ebc22d7\" data-element_type=\"column\" data-e-type=\"column\">\n\t\t\t<div class=\"elementor-widget-wrap elementor-element-populated\">\n\t\t\t\t\t\t<div class=\"elementor-element elementor-element-1c8b86d2 elementor-widget elementor-widget-wd_infobox\" data-id=\"1c8b86d2\" data-element_type=\"widget\" data-e-type=\"widget\" data-widget_type=\"wd_infobox.default\">\n\t\t\t\t<div class=\"elementor-widget-container\">\n\t\t\t\t\t\t\t<div class=\"info-box-wrapper\">\n\t\t\t<div class=\"wd-info-box text-left box-icon-align-left box-style-base color-scheme-light wd-items-top\">\n\t\t\t\t\t\t\t\t\t<div class=\"box-icon-wrapper  box-with-text text-size-default box-icon-simple\">\n\t\t\t\t\t\t<div class=\"info-box-icon\">\n\t\t\t\t\t\t\t\t\t\t\t\t\t\t\t2.\t\t\t\t\t\t\t\t\t\t\t\t\t<\/div>\n\t\t\t\t\t<\/div>\n\t\t\t\t\n\t\t\t\t<div class=\"info-box-content\">\n\t\t\t\t\t\n\t\t\t\t\t\t\t\t\t\t\t<h4\t\t\t\t\t\tclass=\"info-box-title title box-title-style-default wd-fontsize-xl\" data-elementor-setting-key=\"title\">\n\t\t\t\t\t\t\t\tTASTE\t\t\t\t\t\t<\/h4>\n\t\t\t\t\t\n\t\t\t\t\t<div class=\"info-box-inner reset-last-child\"data-elementor-setting-key=\"content\"><p>Al palato \u00e8 vivace, brioso, equilibrato.<\/p>\n<\/div>\n\n\t\t\t\t\t\t\t\t\t<\/div>\n\n\t\t\t\t\t\t\t<\/div>\n\t\t<\/div>\n\t\t\t\t\t\t<\/div>\n\t\t\t\t<\/div>\n\t\t\t\t\t<\/div>\n\t\t<\/div>\n\t\t\t\t<div class=\"elementor-column elementor-col-33 elementor-inner-column elementor-element elementor-element-5b8c36f4\" data-id=\"5b8c36f4\" data-element_type=\"column\" data-e-type=\"column\">\n\t\t\t<div class=\"elementor-widget-wrap elementor-element-populated\">\n\t\t\t\t\t\t<div class=\"elementor-element elementor-element-2a587182 elementor-widget elementor-widget-wd_infobox\" data-id=\"2a587182\" data-element_type=\"widget\" data-e-type=\"widget\" data-widget_type=\"wd_infobox.default\">\n\t\t\t\t<div class=\"elementor-widget-container\">\n\t\t\t\t\t\t\t<div class=\"info-box-wrapper\">\n\t\t\t<div class=\"wd-info-box text-left box-icon-align-left box-style-base color-scheme-light wd-items-top\">\n\t\t\t\t\t\t\t\t\t<div class=\"box-icon-wrapper  box-with-text text-size-default box-icon-simple\">\n\t\t\t\t\t\t<div class=\"info-box-icon\">\n\t\t\t\t\t\t\t\t\t\t\t\t\t\t\t3.\t\t\t\t\t\t\t\t\t\t\t\t\t<\/div>\n\t\t\t\t\t<\/div>\n\t\t\t\t\n\t\t\t\t<div class=\"info-box-content\">\n\t\t\t\t\t\n\t\t\t\t\t\t\t\t\t\t\t<h4\t\t\t\t\t\tclass=\"info-box-title title box-title-style-default wd-fontsize-xl\" data-elementor-setting-key=\"title\">\n\t\t\t\t\t\t\t\tPERFUME\t\t\t\t\t\t<\/h4>\n\t\t\t\t\t\n\t\t\t\t\t<div class=\"info-box-inner reset-last-child\"data-elementor-setting-key=\"content\"><p>Al naso si esprime con sentori di fragoline di bosco e melagrana, note di rosa canina e cenni minerali.<\/p>\n<\/div>\n\n\t\t\t\t\t\t\t\t\t<\/div>\n\n\t\t\t\t\t\t\t<\/div>\n\t\t<\/div>\n\t\t\t\t\t\t<\/div>\n\t\t\t\t<\/div>\n\t\t\t\t\t<\/div>\n\t\t<\/div>\n\t\t\t\t\t<\/div>\n\t\t<\/section>\n\t\t\t\t\t<\/div>\n\t\t<\/div>\n\t\t\t\t\t<\/div>\n\t\t<\/section>\n\t\t\t\t<\/div>","protected":false},"excerpt":{"rendered":"<p>Le bollicine si presentano con una buona persistenza e con una grana fine. La frutta, succosa e fragrante, si palesa al naso accompagnata da tocchi mediterranei e rimandi ai lieviti e alla pasticceria. In bocca \u00e8 di ottima personalit\u00e0, con un sorso che entra al palato con freschezza e vivacit\u00e0, evidenziando un gusto di impronta sapida.<\/p>","protected":false},"featured_media":34539,"comment_status":"closed","ping_status":"closed","template":"","meta":{"_relevanssi_hide_post":"","_relevanssi_hide_content":"","_relevanssi_pin_for_all":"","_relevanssi_pin_keywords":"","_relevanssi_unpin_keywords":"","_relevanssi_related_keywords":"","_relevanssi_related_include_ids":"","_relevanssi_related_exclude_ids":"","_relevanssi_related_no_append":"","_relevanssi_related_not_related":"","_relevanssi_related_posts":"","_relevanssi_noindex_reason":""},"product_brand":[1159],"product_cat":[484],"product_tag":[],"class_list":{"0":"post-33149","1":"product","2":"type-product","3":"status-publish","4":"has-post-thumbnail","6":"product_brand-feudi-di-san-gregorio","7":"product_cat-spumante","8":"pa_confezione-astuccio","9":"pa_denominazione-spumante-metodo-classico","10":"pa_formato-075-cl","11":"pa_gradazione-alcolica-12-5","12":"pa_paese-italia","13":"pa_produttore-feudi-di-san-gregorio","14":"pa_regione-campania","15":"pa_tipologia-spumante","16":"pa_vitigni-aglianico-varieta-irpine","18":"first","19":"outofstock","20":"taxable","21":"shipping-taxable","22":"purchasable","23":"product-type-simple"},"ase":null,"_links":{"self":[{"href":"https:\/\/www.vinness.it\/en\/wp-json\/wp\/v2\/product\/33149","targetHints":{"allow":["GET"]}}],"collection":[{"href":"https:\/\/www.vinness.it\/en\/wp-json\/wp\/v2\/product"}],"about":[{"href":"https:\/\/www.vinness.it\/en\/wp-json\/wp\/v2\/types\/product"}],"replies":[{"embeddable":true,"href":"https:\/\/www.vinness.it\/en\/wp-json\/wp\/v2\/comments?post=33149"}],"version-history":[{"count":0,"href":"https:\/\/www.vinness.it\/en\/wp-json\/wp\/v2\/product\/33149\/revisions"}],"wp:featuredmedia":[{"embeddable":true,"href":"https:\/\/www.vinness.it\/en\/wp-json\/wp\/v2\/media\/34539"}],"wp:attachment":[{"href":"https:\/\/www.vinness.it\/en\/wp-json\/wp\/v2\/media?parent=33149"}],"wp:term":[{"taxonomy":"product_brand","embeddable":true,"href":"https:\/\/www.vinness.it\/en\/wp-json\/wp\/v2\/product_brand?post=33149"},{"taxonomy":"product_cat","embeddable":true,"href":"https:\/\/www.vinness.it\/en\/wp-json\/wp\/v2\/product_cat?post=33149"},{"taxonomy":"product_tag","embeddable":true,"href":"https:\/\/www.vinness.it\/en\/wp-json\/wp\/v2\/product_tag?post=33149"}],"curies":[{"name":"wp","href":"https:\/\/api.w.org\/{rel}","templated":true}]}}