{"id":36712,"date":"2024-05-06T23:54:59","date_gmt":"2024-05-06T21:54:59","guid":{"rendered":"https:\/\/www.vinness.it\/?post_type=product&#038;p=36712"},"modified":"2026-04-25T23:32:11","modified_gmt":"2026-04-25T21:32:11","slug":"chardonnay-cardellino-2022-elena-walch","status":"publish","type":"product","link":"https:\/\/www.vinness.it\/en\/catalogo\/vineria\/vini-vineria\/bianco\/chardonnay-cardellino-2022-elena-walch\/","title":{"rendered":"Chardonnay \u201cCardellino\u201d 2022 \u2013 Elena Walch"},"content":{"rendered":"<div data-elementor-type=\"product-post\" data-elementor-id=\"36712\" class=\"elementor elementor-36712\" data-elementor-post-type=\"product\">\n\t\t\t\t<div data-particle_enable=\"false\" data-particle-mobile-disabled=\"false\" class=\"elementor-element elementor-element-2f968dd5 e-con-full e-flex e-con e-parent\" data-id=\"2f968dd5\" data-element_type=\"container\" data-e-type=\"container\">\n\t\t<div data-particle_enable=\"false\" data-particle-mobile-disabled=\"false\" class=\"elementor-element elementor-element-72dce880 e-flex e-con-boxed e-con e-child\" data-id=\"72dce880\" data-element_type=\"container\" data-e-type=\"container\">\n\t\t\t\t\t<div class=\"e-con-inner\">\n\t\t\t\t<div class=\"elementor-element elementor-element-4fe31e1d elementor-widget elementor-widget-heading\" data-id=\"4fe31e1d\" data-element_type=\"widget\" data-e-type=\"widget\" data-widget_type=\"heading.default\">\n\t\t\t\t<div class=\"elementor-widget-container\">\n\t\t\t\t\t<h2 class=\"elementor-heading-title elementor-size-default\">Chardonnay \"Cardellino\"\n<br>\nElena Walch<\/h2>\t\t\t\t<\/div>\n\t\t\t\t<\/div>\n\t\t\t\t<div class=\"elementor-element elementor-element-527582f4 elementor-widget elementor-widget-heading\" data-id=\"527582f4\" data-element_type=\"widget\" data-e-type=\"widget\" data-widget_type=\"heading.default\">\n\t\t\t\t<div class=\"elementor-widget-container\">\n\t\t\t\t\t<h5 class=\"elementor-heading-title elementor-size-default\">Lo Chardonnay \u201cCardellino\u201d \u00e8 un vino equilibrato e immediatamente comprensibile grazie a una personalit\u00e0 centrata e puntuale..<\/h5>\t\t\t\t<\/div>\n\t\t\t\t<\/div>\n\t\t\t\t\t<\/div>\n\t\t\t\t<\/div>\n\t\t<div data-particle_enable=\"false\" data-particle-mobile-disabled=\"false\" class=\"wd-negative-gap elementor-element elementor-element-1a6cfedf e-flex e-con-boxed e-con e-child\" data-id=\"1a6cfedf\" data-element_type=\"container\" data-e-type=\"container\">\n\t\t\t\t\t<div class=\"e-con-inner\">\n\t\t\t\t<div class=\"elementor-element elementor-element-5fe2fee6 elementor-widget elementor-widget-gallery\" data-id=\"5fe2fee6\" data-element_type=\"widget\" data-e-type=\"widget\" data-settings=\"{&quot;gallery_layout&quot;:&quot;masonry&quot;,&quot;columns&quot;:2,&quot;gap&quot;:{&quot;unit&quot;:&quot;px&quot;,&quot;size&quot;:24,&quot;sizes&quot;:[]},&quot;columns_tablet&quot;:2,&quot;columns_mobile&quot;:1,&quot;gap_tablet&quot;:{&quot;unit&quot;:&quot;px&quot;,&quot;size&quot;:10,&quot;sizes&quot;:[]},&quot;gap_mobile&quot;:{&quot;unit&quot;:&quot;px&quot;,&quot;size&quot;:10,&quot;sizes&quot;:[]},&quot;link_to&quot;:&quot;file&quot;,&quot;overlay_background&quot;:&quot;yes&quot;,&quot;content_hover_animation&quot;:&quot;fade-in&quot;}\" data-widget_type=\"gallery.default\">\n\t\t\t\t<div class=\"elementor-widget-container\">\n\t\t\t\t\t\t\t<div class=\"elementor-gallery__container\">\n\t\t\t\t\t<\/div>\n\t\t\t\t\t<\/div>\n\t\t\t\t<\/div>\n\t\t\t\t\t<\/div>\n\t\t\t\t<\/div>\n\t\t\t\t<\/div>\n\t\t\t\t<section data-particle_enable=\"false\" data-particle-mobile-disabled=\"false\" class=\"wd-negative-gap elementor-section elementor-top-section elementor-element elementor-element-6525db76 elementor-section-boxed elementor-section-height-default elementor-section-height-default\" data-id=\"6525db76\" data-element_type=\"section\" data-e-type=\"section\">\n\t\t\t\t\t\t<div class=\"elementor-container elementor-column-gap-default\">\n\t\t\t\t\t<div class=\"elementor-column elementor-col-100 elementor-top-column elementor-element elementor-element-375a00f4\" data-id=\"375a00f4\" data-element_type=\"column\" data-e-type=\"column\">\n\t\t\t<div class=\"elementor-widget-wrap elementor-element-populated\">\n\t\t\t\t\t\t<div class=\"elementor-element elementor-element-2f973c91 elementor-widget elementor-widget-heading\" data-id=\"2f973c91\" data-element_type=\"widget\" data-e-type=\"widget\" data-widget_type=\"heading.default\">\n\t\t\t\t<div class=\"elementor-widget-container\">\n\t\t\t\t\t<h5 class=\"elementor-heading-title elementor-size-default\">Il naso \u00e8 un gioco complesso di aromi stratificati, dove \u00e8 facile avere imput differenti, dal fruttato allo speziato, mentre al palato freschezza e mineralit\u00e0 sono i protagonisti di un sorso raffinato e lungo. Una bottiglia che \u00e8 uno dei grandi classici presentati da Elena Walch e che certifica la bravura della cantina nel trattare l\u2019uva di partenza in purezza, esaltandone gli aspetti salienti e pi\u00f9 peculiari. Versatile in cucina, accompagna sia preparazioni a base di pesce che di carni bianche.<\/h5>\t\t\t\t<\/div>\n\t\t\t\t<\/div>\n\t\t\t\t<div class=\"elementor-element elementor-element-316a372c elementor-widget elementor-widget-heading\" data-id=\"316a372c\" data-element_type=\"widget\" data-e-type=\"widget\" data-widget_type=\"heading.default\">\n\t\t\t\t<div class=\"elementor-widget-container\">\n\t\t\t\t\t<h5 class=\"elementor-heading-title elementor-size-default\">Questo \u201cCardellino\u201d Chardonnay nasce da quei vigneti di propriet\u00e0 della cantina situati in posizione collinare, a circa 400 metri sul livello del mare. Gli acini vengono pressati sofficemente e il mosto ottenuto effettua una decantazione statica. La successiva fermentazione avviene a temperatura controllata sia in acciaio che, per il 15% della massa totale, in barrique. Questo \u201csdoppiamento\u201d viene mantenuto anche nella seguente fase di maturazione, in cui i riposa per un totale di 5 mesi.<\/h5>\t\t\t\t<\/div>\n\t\t\t\t<\/div>\n\t\t\t\t<div class=\"elementor-element elementor-element-3068aed2 elementor-widget elementor-widget-heading\" data-id=\"3068aed2\" data-element_type=\"widget\" data-e-type=\"widget\" data-widget_type=\"heading.default\">\n\t\t\t\t<div class=\"elementor-widget-container\">\n\t\t\t\t\t<h5 class=\"elementor-heading-title elementor-size-default\">Il \u201cCardellino\u201d \u00e8 uno Chardonnay che alla vista si annuncia con un colore giallo paglierino, di bella intensit\u00e0 cromatica. Ampio e variegato il naso, che offre una serie di profumi diversi fra loro ma finemente integrati, come frutta esotica, tocchi speziati e accenni al miele. All\u2019assaggio \u00e8 di corpo leggero, vivace, con un sorso caratterizzato da un\u2019anima fresca e sapida, che contribuisce a rendere il finale persistente. Un\u2019etichetta dal profilo delicato, con cui la cantina Elena Walch interpreta senza alcuna sbavatura uno dei vitigni internazionali pi\u00f9 coltivati al mondo.<\/h5>\t\t\t\t<\/div>\n\t\t\t\t<\/div>\n\t\t\t\t\t<\/div>\n\t\t<\/div>\n\t\t\t\t\t<\/div>\n\t\t<\/section>\n\t\t\t\t<section data-particle_enable=\"false\" data-particle-mobile-disabled=\"false\" class=\"wd-negative-gap elementor-section elementor-top-section elementor-element elementor-element-6ea9a3f3 wd-section-stretch elementor-section-boxed elementor-section-height-default elementor-section-height-default\" data-id=\"6ea9a3f3\" data-element_type=\"section\" data-e-type=\"section\" data-settings=\"{&quot;background_background&quot;:&quot;classic&quot;}\">\n\t\t\t\t\t\t<div class=\"elementor-container elementor-column-gap-default\">\n\t\t\t\t\t<div class=\"elementor-column elementor-col-100 elementor-top-column elementor-element elementor-element-1b7ca9dc\" data-id=\"1b7ca9dc\" data-element_type=\"column\" data-e-type=\"column\">\n\t\t\t<div class=\"elementor-widget-wrap elementor-element-populated\">\n\t\t\t\t\t\t<section data-particle_enable=\"false\" data-particle-mobile-disabled=\"false\" class=\"wd-negative-gap elementor-section elementor-inner-section elementor-element elementor-element-380a6300 elementor-section-boxed elementor-section-height-default elementor-section-height-default\" data-id=\"380a6300\" data-element_type=\"section\" data-e-type=\"section\">\n\t\t\t\t\t\t<div class=\"elementor-container elementor-column-gap-default\">\n\t\t\t\t\t<div class=\"elementor-column elementor-col-33 elementor-inner-column elementor-element elementor-element-628f0f12\" data-id=\"628f0f12\" data-element_type=\"column\" data-e-type=\"column\">\n\t\t\t<div class=\"elementor-widget-wrap elementor-element-populated\">\n\t\t\t\t\t\t<div class=\"elementor-element elementor-element-28be4957 elementor-widget elementor-widget-wd_infobox\" data-id=\"28be4957\" data-element_type=\"widget\" data-e-type=\"widget\" data-widget_type=\"wd_infobox.default\">\n\t\t\t\t<div class=\"elementor-widget-container\">\n\t\t\t\t\t\t\t<div class=\"info-box-wrapper\">\n\t\t\t<div class=\"wd-info-box text-left box-icon-align-left box-style-base color-scheme-light wd-items-top\">\n\t\t\t\t\t\t\t\t\t<div class=\"box-icon-wrapper  box-with-text text-size-default box-icon-simple\">\n\t\t\t\t\t\t<div class=\"info-box-icon\">\n\t\t\t\t\t\t\t\t\t\t\t\t\t\t\t1.\t\t\t\t\t\t\t\t\t\t\t\t\t<\/div>\n\t\t\t\t\t<\/div>\n\t\t\t\t\n\t\t\t\t<div class=\"info-box-content\">\n\t\t\t\t\t\n\t\t\t\t\t\t\t\t\t\t\t<h4\t\t\t\t\t\tclass=\"info-box-title title box-title-style-default wd-fontsize-xl\" data-elementor-setting-key=\"title\">\n\t\t\t\t\t\t\t\tCOLOR\t\t\t\t\t\t<\/h4>\n\t\t\t\t\t\n\t\t\t\t\t<div class=\"info-box-inner reset-last-child\"data-elementor-setting-key=\"content\"><p>Intense straw yellow.<\/p>\n<\/div>\n\n\t\t\t\t\t\t\t\t\t<\/div>\n\n\t\t\t\t\t\t\t<\/div>\n\t\t<\/div>\n\t\t\t\t\t\t<\/div>\n\t\t\t\t<\/div>\n\t\t\t\t\t<\/div>\n\t\t<\/div>\n\t\t\t\t<div class=\"elementor-column elementor-col-33 elementor-inner-column elementor-element elementor-element-248af0c2\" data-id=\"248af0c2\" data-element_type=\"column\" data-e-type=\"column\">\n\t\t\t<div class=\"elementor-widget-wrap elementor-element-populated\">\n\t\t\t\t\t\t<div class=\"elementor-element elementor-element-19306f37 elementor-widget elementor-widget-wd_infobox\" data-id=\"19306f37\" data-element_type=\"widget\" data-e-type=\"widget\" data-widget_type=\"wd_infobox.default\">\n\t\t\t\t<div class=\"elementor-widget-container\">\n\t\t\t\t\t\t\t<div class=\"info-box-wrapper\">\n\t\t\t<div class=\"wd-info-box text-left box-icon-align-left box-style-base color-scheme-light wd-items-top\">\n\t\t\t\t\t\t\t\t\t<div class=\"box-icon-wrapper  box-with-text text-size-default box-icon-simple\">\n\t\t\t\t\t\t<div class=\"info-box-icon\">\n\t\t\t\t\t\t\t\t\t\t\t\t\t\t\t2.\t\t\t\t\t\t\t\t\t\t\t\t\t<\/div>\n\t\t\t\t\t<\/div>\n\t\t\t\t\n\t\t\t\t<div class=\"info-box-content\">\n\t\t\t\t\t\n\t\t\t\t\t\t\t\t\t\t\t<h4\t\t\t\t\t\tclass=\"info-box-title title box-title-style-default wd-fontsize-xl\" data-elementor-setting-key=\"title\">\n\t\t\t\t\t\t\t\tTASTE\t\t\t\t\t\t<\/h4>\n\t\t\t\t\t\n\t\t\t\t\t<div class=\"info-box-inner reset-last-child\"data-elementor-setting-key=\"content\"><p>Morbido, intenso, elegante, fresco e minerale, di buona persistenza.<\/p>\n<\/div>\n\n\t\t\t\t\t\t\t\t\t<\/div>\n\n\t\t\t\t\t\t\t<\/div>\n\t\t<\/div>\n\t\t\t\t\t\t<\/div>\n\t\t\t\t<\/div>\n\t\t\t\t\t<\/div>\n\t\t<\/div>\n\t\t\t\t<div class=\"elementor-column elementor-col-33 elementor-inner-column elementor-element elementor-element-42afecb7\" data-id=\"42afecb7\" data-element_type=\"column\" data-e-type=\"column\">\n\t\t\t<div class=\"elementor-widget-wrap elementor-element-populated\">\n\t\t\t\t\t\t<div class=\"elementor-element elementor-element-3831460b elementor-widget elementor-widget-wd_infobox\" data-id=\"3831460b\" data-element_type=\"widget\" data-e-type=\"widget\" data-widget_type=\"wd_infobox.default\">\n\t\t\t\t<div class=\"elementor-widget-container\">\n\t\t\t\t\t\t\t<div class=\"info-box-wrapper\">\n\t\t\t<div class=\"wd-info-box text-left box-icon-align-left box-style-base color-scheme-light wd-items-top\">\n\t\t\t\t\t\t\t\t\t<div class=\"box-icon-wrapper  box-with-text text-size-default box-icon-simple\">\n\t\t\t\t\t\t<div class=\"info-box-icon\">\n\t\t\t\t\t\t\t\t\t\t\t\t\t\t\t3.\t\t\t\t\t\t\t\t\t\t\t\t\t<\/div>\n\t\t\t\t\t<\/div>\n\t\t\t\t\n\t\t\t\t<div class=\"info-box-content\">\n\t\t\t\t\t\n\t\t\t\t\t\t\t\t\t\t\t<h4\t\t\t\t\t\tclass=\"info-box-title title box-title-style-default wd-fontsize-xl\" data-elementor-setting-key=\"title\">\n\t\t\t\t\t\t\t\tPERFUME\t\t\t\t\t\t<\/h4>\n\t\t\t\t\t\n\t\t\t\t\t<div class=\"info-box-inner reset-last-child\"data-elementor-setting-key=\"content\"><p>Ricco e abbastanza complesso, con note di frutta esotica, miele e spezie dolci.<\/p>\n<\/div>\n\n\t\t\t\t\t\t\t\t\t<\/div>\n\n\t\t\t\t\t\t\t<\/div>\n\t\t<\/div>\n\t\t\t\t\t\t<\/div>\n\t\t\t\t<\/div>\n\t\t\t\t\t<\/div>\n\t\t<\/div>\n\t\t\t\t\t<\/div>\n\t\t<\/section>\n\t\t\t\t\t<\/div>\n\t\t<\/div>\n\t\t\t\t\t<\/div>\n\t\t<\/section>\n\t\t\t\t<\/div>","protected":false},"excerpt":{"rendered":"<p>The Chardonnay \u201cCardellino\u201d is an Elena Walch classic: a soft, intense and quite complex white wine, aged on the fine lees in steel and, to a small extent, in barrique.<\/p>\n<p>It has aromas of ripe yellow fruit, honey, and sweet spices. The palate is rounded, enveloping, fresh, minerally, and persistent.<\/p>","protected":false},"featured_media":285125,"comment_status":"closed","ping_status":"closed","template":"","meta":{"_relevanssi_hide_post":"","_relevanssi_hide_content":"","_relevanssi_pin_for_all":"","_relevanssi_pin_keywords":"","_relevanssi_unpin_keywords":"","_relevanssi_related_keywords":"","_relevanssi_related_include_ids":"","_relevanssi_related_exclude_ids":"","_relevanssi_related_no_append":"","_relevanssi_related_not_related":"","_relevanssi_related_posts":"","_relevanssi_noindex_reason":""},"product_brand":[1193],"product_cat":[429],"product_tag":[1176],"class_list":{"0":"post-36712","1":"product","2":"type-product","3":"status-publish","4":"has-post-thumbnail","6":"product_brand-elena-walch","7":"product_cat-bianco","8":"product_tag-1176","9":"pa_annata-537","10":"pa_denominazione-alto-adige-sudtirol-doc","11":"pa_formato-075-cl","12":"pa_gradazione-alcolica-13-5","13":"pa_paese-italia","14":"pa_produttore-elena-walch","15":"pa_regione-trentino-alto-adige","16":"pa_tipologia-vini-bianchi","17":"pa_vitigni-chardonnay-100","19":"first","20":"outofstock","21":"taxable","22":"shipping-taxable","23":"purchasable","24":"product-type-simple"},"ase":null,"_links":{"self":[{"href":"https:\/\/www.vinness.it\/en\/wp-json\/wp\/v2\/product\/36712","targetHints":{"allow":["GET"]}}],"collection":[{"href":"https:\/\/www.vinness.it\/en\/wp-json\/wp\/v2\/product"}],"about":[{"href":"https:\/\/www.vinness.it\/en\/wp-json\/wp\/v2\/types\/product"}],"replies":[{"embeddable":true,"href":"https:\/\/www.vinness.it\/en\/wp-json\/wp\/v2\/comments?post=36712"}],"version-history":[{"count":0,"href":"https:\/\/www.vinness.it\/en\/wp-json\/wp\/v2\/product\/36712\/revisions"}],"wp:featuredmedia":[{"embeddable":true,"href":"https:\/\/www.vinness.it\/en\/wp-json\/wp\/v2\/media\/285125"}],"wp:attachment":[{"href":"https:\/\/www.vinness.it\/en\/wp-json\/wp\/v2\/media?parent=36712"}],"wp:term":[{"taxonomy":"product_brand","embeddable":true,"href":"https:\/\/www.vinness.it\/en\/wp-json\/wp\/v2\/product_brand?post=36712"},{"taxonomy":"product_cat","embeddable":true,"href":"https:\/\/www.vinness.it\/en\/wp-json\/wp\/v2\/product_cat?post=36712"},{"taxonomy":"product_tag","embeddable":true,"href":"https:\/\/www.vinness.it\/en\/wp-json\/wp\/v2\/product_tag?post=36712"}],"curies":[{"name":"wp","href":"https:\/\/api.w.org\/{rel}","templated":true}]}}