{"id":38436,"date":"2024-12-05T19:12:38","date_gmt":"2024-12-05T18:12:38","guid":{"rendered":"https:\/\/www.vinness.it\/?post_type=product&#038;p=38436"},"modified":"2025-05-28T13:38:53","modified_gmt":"2025-05-28T11:38:53","slug":"franciacorta-vintage-collection-extra-brut-2019-ca-del-bosco","status":"publish","type":"product","link":"https:\/\/www.vinness.it\/en\/catalogo\/vineria\/bollicine-vineria\/franciacorta\/franciacorta-vintage-collection-extra-brut-2019-ca-del-bosco\/","title":{"rendered":"Franciacorta \u201cVintage Collection Extra Brut\u201d 2019 \u2013 Ca&#039; Del Bosco"},"content":{"rendered":"","protected":false},"excerpt":{"rendered":"<p>Tra i millesimati di C\u00e0 del Bosco, questo \u00e8 quello che meglio esprime le peculiarit\u00e0 del terroir.<\/p>\n<p>Il Vintage Collection Extra Brut Ca&#8217; del Bosco \u00e8 una cuve\u00e8 composta in prevalenza da Chardonnay, a cui seguono Pinot nero e Pinot bianco provenienti da vigne certificate biologiche. Dopo 5 mesi in botti di rovere, l&#8217;affinamento sui propri lieviti si protrae per 4 anni e si conferma un punto di riferimento per la denominazione. <\/p>\n<p>Il Franciacorta Vintage Collection Extra Brut risulta cos\u00ec un vino spumante complesso, nobile, dai profumi eleganti, fruttati e floreali che si amalgamano a note evolutive di pasticceria e frutta secca. Al palato \u00e8 intenso ed equilibrato, di grande armonia.<\/p>","protected":false},"featured_media":38441,"comment_status":"closed","ping_status":"closed","template":"","meta":{"_relevanssi_hide_post":"","_relevanssi_hide_content":"","_relevanssi_pin_for_all":"","_relevanssi_pin_keywords":"","_relevanssi_unpin_keywords":"","_relevanssi_related_keywords":"","_relevanssi_related_include_ids":"","_relevanssi_related_exclude_ids":"","_relevanssi_related_no_append":"","_relevanssi_related_not_related":"","_relevanssi_related_posts":"","_relevanssi_noindex_reason":""},"product_brand":[],"product_cat":[485],"product_tag":[],"class_list":{"0":"post-38436","1":"product","2":"type-product","3":"status-publish","4":"has-post-thumbnail","6":"product_cat-franciacorta","8":"first","9":"outofstock","10":"taxable","11":"shipping-taxable","12":"purchasable","13":"product-type-simple"},"ase":null,"_links":{"self":[{"href":"https:\/\/www.vinness.it\/en\/wp-json\/wp\/v2\/product\/38436","targetHints":{"allow":["GET"]}}],"collection":[{"href":"https:\/\/www.vinness.it\/en\/wp-json\/wp\/v2\/product"}],"about":[{"href":"https:\/\/www.vinness.it\/en\/wp-json\/wp\/v2\/types\/product"}],"replies":[{"embeddable":true,"href":"https:\/\/www.vinness.it\/en\/wp-json\/wp\/v2\/comments?post=38436"}],"version-history":[{"count":0,"href":"https:\/\/www.vinness.it\/en\/wp-json\/wp\/v2\/product\/38436\/revisions"}],"wp:featuredmedia":[{"embeddable":true,"href":"https:\/\/www.vinness.it\/en\/wp-json\/wp\/v2\/media\/38441"}],"wp:attachment":[{"href":"https:\/\/www.vinness.it\/en\/wp-json\/wp\/v2\/media?parent=38436"}],"wp:term":[{"taxonomy":"product_brand","embeddable":true,"href":"https:\/\/www.vinness.it\/en\/wp-json\/wp\/v2\/product_brand?post=38436"},{"taxonomy":"product_cat","embeddable":true,"href":"https:\/\/www.vinness.it\/en\/wp-json\/wp\/v2\/product_cat?post=38436"},{"taxonomy":"product_tag","embeddable":true,"href":"https:\/\/www.vinness.it\/en\/wp-json\/wp\/v2\/product_tag?post=38436"}],"curies":[{"name":"wp","href":"https:\/\/api.w.org\/{rel}","templated":true}]}}