{"id":38498,"date":"2024-12-05T22:21:53","date_gmt":"2024-12-05T21:21:53","guid":{"rendered":"https:\/\/www.vinness.it\/?post_type=product&#038;p=38498"},"modified":"2026-04-13T03:05:13","modified_gmt":"2026-04-13T01:05:13","slug":"ravello-red-reserve-amalfi-coast-2020-marisa-cuomo","status":"publish","type":"product","link":"https:\/\/www.vinness.it\/en\/catalogo\/vineria\/vini-vineria\/rosso\/ravello-rosso-riserva-costa-damalfi-2020-marisa-cuomo\/","title":{"rendered":"Ravello Rosso Riserva \u201cCosta d\u2019Amalfi\u201d 2020 \u2013 Marisa Cuomo"},"content":{"rendered":"<div data-elementor-type=\"product-post\" data-elementor-id=\"38498\" class=\"elementor elementor-38498\" data-elementor-post-type=\"product\">\n\t\t\t\t<div class=\"elementor-element elementor-element-465f298 e-con-full e-flex e-con e-parent\" data-id=\"465f298\" data-element_type=\"container\" data-e-type=\"container\">\n\t\t<div class=\"elementor-element elementor-element-1fa2ce6e e-flex e-con-boxed e-con e-child\" data-id=\"1fa2ce6e\" data-element_type=\"container\" data-e-type=\"container\">\n\t\t\t\t\t<div class=\"e-con-inner\">\n\t\t\t\t<div class=\"elementor-element elementor-element-724a7e64 elementor-widget elementor-widget-heading\" data-id=\"724a7e64\" data-element_type=\"widget\" data-e-type=\"widget\" data-widget_type=\"heading.default\">\n\t\t\t\t<div class=\"elementor-widget-container\">\n\t\t\t\t\t<h2 class=\"elementor-heading-title elementor-size-default\">Ravello Rosso Riserva\n<br>\n\u201cCosta d\u2019Amalfi\u201d<\/h2>\t\t\t\t<\/div>\n\t\t\t\t<\/div>\n\t\t\t\t\t<\/div>\n\t\t\t\t<\/div>\n\t\t<div class=\"wd-negative-gap elementor-element elementor-element-73a2767 e-flex e-con-boxed e-con e-child\" data-id=\"73a2767\" data-element_type=\"container\" data-e-type=\"container\">\n\t\t\t\t\t<div class=\"e-con-inner\">\n\t\t\t\t<div class=\"elementor-element elementor-element-704e80b9 elementor-widget elementor-widget-gallery\" data-id=\"704e80b9\" data-element_type=\"widget\" data-e-type=\"widget\" data-settings=\"{&quot;gallery_layout&quot;:&quot;masonry&quot;,&quot;columns&quot;:2,&quot;gap&quot;:{&quot;unit&quot;:&quot;px&quot;,&quot;size&quot;:24,&quot;sizes&quot;:[]},&quot;columns_tablet&quot;:2,&quot;columns_mobile&quot;:1,&quot;gap_tablet&quot;:{&quot;unit&quot;:&quot;px&quot;,&quot;size&quot;:10,&quot;sizes&quot;:[]},&quot;gap_mobile&quot;:{&quot;unit&quot;:&quot;px&quot;,&quot;size&quot;:10,&quot;sizes&quot;:[]},&quot;link_to&quot;:&quot;file&quot;,&quot;overlay_background&quot;:&quot;yes&quot;,&quot;content_hover_animation&quot;:&quot;fade-in&quot;}\" data-widget_type=\"gallery.default\">\n\t\t\t\t<div class=\"elementor-widget-container\">\n\t\t\t\t\t\t\t<div class=\"elementor-gallery__container\">\n\t\t\t\t\t<\/div>\n\t\t\t\t\t<\/div>\n\t\t\t\t<\/div>\n\t\t\t\t\t<\/div>\n\t\t\t\t<\/div>\n\t\t\t\t<\/div>\n\t\t\t\t<section class=\"wd-negative-gap elementor-section elementor-top-section elementor-element elementor-element-2778fccd elementor-section-boxed elementor-section-height-default elementor-section-height-default\" data-id=\"2778fccd\" data-element_type=\"section\" data-e-type=\"section\">\n\t\t\t\t\t\t<div class=\"elementor-container elementor-column-gap-default\">\n\t\t\t\t\t<div class=\"elementor-column elementor-col-100 elementor-top-column elementor-element elementor-element-e6fc856\" data-id=\"e6fc856\" data-element_type=\"column\" data-e-type=\"column\">\n\t\t\t<div class=\"elementor-widget-wrap elementor-element-populated\">\n\t\t\t\t\t\t<div class=\"elementor-element elementor-element-5d9847a5 elementor-widget elementor-widget-heading\" data-id=\"5d9847a5\" data-element_type=\"widget\" data-e-type=\"widget\" data-widget_type=\"heading.default\">\n\t\t\t\t<div class=\"elementor-widget-container\">\n\t\t\t\t\t<h5 class=\"elementor-heading-title elementor-size-default\">Il Ravello Rosso Riserva di Marisa Cuomo \u00e8 uno delle straordinarie perle da bere che ci regala la Costa di Furore, dove bellissimi vigneti si adagiano a picco sulla roccia del Golfo di Salerno. Un vino concepito e prodotto con tutti i crismi della viticoltura eroica dove fatica, ingegno e laboriosit\u00e0 dell\u2019uomo la fanno da padrone e domano lo schizofrenico disegno della natura. Vino prodotto con il 70% di uve Piedirosso, localmente chiamato Pere e\u2019 Palummo (per via del graspo a piede di piccione) e con il restante 30% di Aglianico.<\/h5>\t\t\t\t<\/div>\n\t\t\t\t<\/div>\n\t\t\t\t<div class=\"elementor-element elementor-element-2eb9525b elementor-widget elementor-widget-heading\" data-id=\"2eb9525b\" data-element_type=\"widget\" data-e-type=\"widget\" data-widget_type=\"heading.default\">\n\t\t\t\t<div class=\"elementor-widget-container\">\n\t\t\t\t\t<h5 class=\"elementor-heading-title elementor-size-default\">Il Riserva Ravello Rosso di Marisa Cuomo vede prosperare i propri vitigni in terrazzamenti costieri a 300 metri sul livello del mare con esposizione sud\/sud-ovest nelle zone dei comuni di Ravello e Scala. Il terreno \u00e8 costituito da rocce dolomitiche-calcaree, capaci di donare quella decisa spinta speziata e positivamente rigida tipica dei vini del territorio. La vendemmia manuale avviene solo nel momento di massima maturazione delle uve (terza decade di ottobre), poi successivamente vengono pigiate e diraspate subendo cos\u00ec una fermentazione ad intensa macerazione per circa 20 giorni. La fermentazione malolattica avviene all\u2019interno di barrique nuove di rovere francese seguiti da 12 mesi di affinamento, sempre in botte.<\/h5>\t\t\t\t<\/div>\n\t\t\t\t<\/div>\n\t\t\t\t<div class=\"elementor-element elementor-element-e22f905 elementor-widget elementor-widget-heading\" data-id=\"e22f905\" data-element_type=\"widget\" data-e-type=\"widget\" data-widget_type=\"heading.default\">\n\t\t\t\t<div class=\"elementor-widget-container\">\n\t\t\t\t\t<h5 class=\"elementor-heading-title elementor-size-default\">Marisa Cuomo con il suo Ravello Rosso Riserva presenta un vino dal colore rosso intenso e dai riflessi granata che portato al naso esplode in tutta la sua ricchezza: la dolcezza e la freschezza delle amarene e dei frutti di bosco vengono sostenute e arricchite dalla delicata speziatura e dal sentore di vaniglia che chiudono il bouquet aromatico. La voglia di assaporare il Ravello Rosso Riserva di Marisa Cuomo ci invade e non si rimane delusi una volta che il Piedirosso in collaborazione con l\u2019Aglianico inondano il palato foderandolo con morbidezza e rotondit\u00e0 difficile da dimenticare. Una buona sapidit\u00e0 coadiuvata dai tannini soffici ma decisi e da una freschezza tenace, rendono il sorso teso e di golosa bevibilit\u00e0. Se si \u00e8 alla ricerca di un vino figlio della fatica dell\u2019uomo, capace di estrarre il meglio dalla rudezza di Madre Natura, pieno di profumi e sapori di una terra capace di stupire per la sua bellezza e poliedricit\u00e0 enogastronomica\u2026 allora ecco che Marisa Cuomo con il suo Ravello Rosso Riserva \u00e8 il punto d\u2019arrivo su cui soffermarsi.<\/h5>\t\t\t\t<\/div>\n\t\t\t\t<\/div>\n\t\t\t\t\t<\/div>\n\t\t<\/div>\n\t\t\t\t\t<\/div>\n\t\t<\/section>\n\t\t\t\t<section class=\"wd-negative-gap elementor-section elementor-top-section elementor-element elementor-element-7d2c17ea wd-section-stretch elementor-section-boxed elementor-section-height-default elementor-section-height-default\" data-id=\"7d2c17ea\" data-element_type=\"section\" data-e-type=\"section\" data-settings=\"{&quot;background_background&quot;:&quot;classic&quot;}\">\n\t\t\t\t\t\t<div class=\"elementor-container elementor-column-gap-default\">\n\t\t\t\t\t<div class=\"elementor-column elementor-col-100 elementor-top-column elementor-element elementor-element-24a343ad\" data-id=\"24a343ad\" data-element_type=\"column\" data-e-type=\"column\">\n\t\t\t<div class=\"elementor-widget-wrap elementor-element-populated\">\n\t\t\t\t\t\t<section class=\"wd-negative-gap elementor-section elementor-inner-section elementor-element elementor-element-38312eb9 elementor-section-boxed elementor-section-height-default elementor-section-height-default\" data-id=\"38312eb9\" data-element_type=\"section\" data-e-type=\"section\">\n\t\t\t\t\t\t<div class=\"elementor-container elementor-column-gap-default\">\n\t\t\t\t\t<div class=\"elementor-column elementor-col-33 elementor-inner-column elementor-element elementor-element-1140a72b\" data-id=\"1140a72b\" data-element_type=\"column\" data-e-type=\"column\">\n\t\t\t<div class=\"elementor-widget-wrap elementor-element-populated\">\n\t\t\t\t\t\t<div class=\"elementor-element elementor-element-983d140 elementor-widget elementor-widget-wd_infobox\" data-id=\"983d140\" data-element_type=\"widget\" data-e-type=\"widget\" data-widget_type=\"wd_infobox.default\">\n\t\t\t\t<div class=\"elementor-widget-container\">\n\t\t\t\t\t\t\t<div class=\"info-box-wrapper\">\n\t\t\t<div class=\"wd-info-box text-left box-icon-align-left box-style-base color-scheme-light wd-items-top\">\n\t\t\t\t\t\t\t\t\t<div class=\"box-icon-wrapper  box-with-text text-size-default box-icon-simple\">\n\t\t\t\t\t\t<div class=\"info-box-icon\">\n\t\t\t\t\t\t\t\t\t\t\t\t\t\t\t1.\t\t\t\t\t\t\t\t\t\t\t\t\t<\/div>\n\t\t\t\t\t<\/div>\n\t\t\t\t\n\t\t\t\t<div class=\"info-box-content\">\n\t\t\t\t\t\n\t\t\t\t\t\t\t\t\t\t\t<h4\t\t\t\t\t\tclass=\"info-box-title title box-title-style-default wd-fontsize-xl\" data-elementor-setting-key=\"title\">\n\t\t\t\t\t\t\t\tCOLOR\t\t\t\t\t\t<\/h4>\n\t\t\t\t\t\n\t\t\t\t\t<div class=\"info-box-inner reset-last-child\"data-elementor-setting-key=\"content\"><p>Rosso rubino intenso tendente al granato.<\/p>\n<\/div>\n\n\t\t\t\t\t\t\t\t\t<\/div>\n\n\t\t\t\t\t\t\t<\/div>\n\t\t<\/div>\n\t\t\t\t\t\t<\/div>\n\t\t\t\t<\/div>\n\t\t\t\t\t<\/div>\n\t\t<\/div>\n\t\t\t\t<div class=\"elementor-column elementor-col-33 elementor-inner-column elementor-element elementor-element-4ad5f578\" data-id=\"4ad5f578\" data-element_type=\"column\" data-e-type=\"column\">\n\t\t\t<div class=\"elementor-widget-wrap elementor-element-populated\">\n\t\t\t\t\t\t<div class=\"elementor-element elementor-element-258344ee elementor-widget elementor-widget-wd_infobox\" data-id=\"258344ee\" data-element_type=\"widget\" data-e-type=\"widget\" data-widget_type=\"wd_infobox.default\">\n\t\t\t\t<div class=\"elementor-widget-container\">\n\t\t\t\t\t\t\t<div class=\"info-box-wrapper\">\n\t\t\t<div class=\"wd-info-box text-left box-icon-align-left box-style-base color-scheme-light wd-items-top\">\n\t\t\t\t\t\t\t\t\t<div class=\"box-icon-wrapper  box-with-text text-size-default box-icon-simple\">\n\t\t\t\t\t\t<div class=\"info-box-icon\">\n\t\t\t\t\t\t\t\t\t\t\t\t\t\t\t2.\t\t\t\t\t\t\t\t\t\t\t\t\t<\/div>\n\t\t\t\t\t<\/div>\n\t\t\t\t\n\t\t\t\t<div class=\"info-box-content\">\n\t\t\t\t\t\n\t\t\t\t\t\t\t\t\t\t\t<h4\t\t\t\t\t\tclass=\"info-box-title title box-title-style-default wd-fontsize-xl\" data-elementor-setting-key=\"title\">\n\t\t\t\t\t\t\t\tTASTE\t\t\t\t\t\t<\/h4>\n\t\t\t\t\t\n\t\t\t\t\t<div class=\"info-box-inner reset-last-child\"data-elementor-setting-key=\"content\"><p>Morbido, corposo, rotondo, sapido e di buona freschezza, dai tannini saldi ed eleganti.<\/p>\n<\/div>\n\n\t\t\t\t\t\t\t\t\t<\/div>\n\n\t\t\t\t\t\t\t<\/div>\n\t\t<\/div>\n\t\t\t\t\t\t<\/div>\n\t\t\t\t<\/div>\n\t\t\t\t\t<\/div>\n\t\t<\/div>\n\t\t\t\t<div class=\"elementor-column elementor-col-33 elementor-inner-column elementor-element elementor-element-7c954e3b\" data-id=\"7c954e3b\" data-element_type=\"column\" data-e-type=\"column\">\n\t\t\t<div class=\"elementor-widget-wrap elementor-element-populated\">\n\t\t\t\t\t\t<div class=\"elementor-element elementor-element-68efb57e elementor-widget elementor-widget-wd_infobox\" data-id=\"68efb57e\" data-element_type=\"widget\" data-e-type=\"widget\" data-widget_type=\"wd_infobox.default\">\n\t\t\t\t<div class=\"elementor-widget-container\">\n\t\t\t\t\t\t\t<div class=\"info-box-wrapper\">\n\t\t\t<div class=\"wd-info-box text-left box-icon-align-left box-style-base color-scheme-light wd-items-top\">\n\t\t\t\t\t\t\t\t\t<div class=\"box-icon-wrapper  box-with-text text-size-default box-icon-simple\">\n\t\t\t\t\t\t<div class=\"info-box-icon\">\n\t\t\t\t\t\t\t\t\t\t\t\t\t\t\t3.\t\t\t\t\t\t\t\t\t\t\t\t\t<\/div>\n\t\t\t\t\t<\/div>\n\t\t\t\t\n\t\t\t\t<div class=\"info-box-content\">\n\t\t\t\t\t\n\t\t\t\t\t\t\t\t\t\t\t<h4\t\t\t\t\t\tclass=\"info-box-title title box-title-style-default wd-fontsize-xl\" data-elementor-setting-key=\"title\">\n\t\t\t\t\t\t\t\tPERFUME\t\t\t\t\t\t<\/h4>\n\t\t\t\t\t\n\t\t\t\t\t<div class=\"info-box-inner reset-last-child\"data-elementor-setting-key=\"content\"><p>Ricco e intenso, di frutti di bosco, amarene, felce, radici, cacao, vaniglia e spezie dolci.<\/p>\n<\/div>\n\n\t\t\t\t\t\t\t\t\t<\/div>\n\n\t\t\t\t\t\t\t<\/div>\n\t\t<\/div>\n\t\t\t\t\t\t<\/div>\n\t\t\t\t<\/div>\n\t\t\t\t\t<\/div>\n\t\t<\/div>\n\t\t\t\t\t<\/div>\n\t\t<\/section>\n\t\t\t\t\t<\/div>\n\t\t<\/div>\n\t\t\t\t\t<\/div>\n\t\t<\/section>\n\t\t\t\t<\/div>","protected":false},"excerpt":{"rendered":"<p>Il Ravello Rosso Riserva nasce da uve Piedirosso (localmente detto pere e\u2019 palummo) 70% e Aglianico 30%. Presenti nell\u2019omonimo comune su Terrazzamenti costieri a 300-400 mt\/slm esposti a sud\/ sud-ovest i vitigni crescono su un terreno composto da rocce dolomitiche-calcaree. Sono allevati con il sistema pergola e\/o raggiera atipica, spalliera. La raccolta \u00e8 fatta a mano nella terza decade di ottobre.<\/p>\n<p>Le uve raccolte al momento della loro completa maturazione, dopo diraspatura e pigiatura sono sottoposte a fermentazione con macerazione intensa della durata di 20 giorni con successiva fermentazione malolattica ed elaborazione in barriques nuove di rovere francese. Prima di essere imbottigliate il mosto riposa per 12 mesi&nbsp; in barriques nuove di rovere francese.<\/p>","protected":false},"featured_media":250293,"comment_status":"closed","ping_status":"closed","template":"","meta":{"_relevanssi_hide_post":"","_relevanssi_hide_content":"","_relevanssi_pin_for_all":"","_relevanssi_pin_keywords":"","_relevanssi_unpin_keywords":"","_relevanssi_related_keywords":"","_relevanssi_related_include_ids":"","_relevanssi_related_exclude_ids":"","_relevanssi_related_no_append":"","_relevanssi_related_not_related":"","_relevanssi_related_posts":"","_relevanssi_noindex_reason":""},"product_brand":[1262],"product_cat":[427],"product_tag":[1164],"class_list":{"0":"post-38498","1":"product","2":"type-product","3":"status-publish","4":"has-post-thumbnail","6":"product_brand-marisa-cuomo","7":"product_cat-rosso","8":"product_tag-1164","10":"first","11":"instock","12":"taxable","13":"shipping-taxable","14":"purchasable","15":"product-type-simple"},"ase":null,"_links":{"self":[{"href":"https:\/\/www.vinness.it\/en\/wp-json\/wp\/v2\/product\/38498","targetHints":{"allow":["GET"]}}],"collection":[{"href":"https:\/\/www.vinness.it\/en\/wp-json\/wp\/v2\/product"}],"about":[{"href":"https:\/\/www.vinness.it\/en\/wp-json\/wp\/v2\/types\/product"}],"replies":[{"embeddable":true,"href":"https:\/\/www.vinness.it\/en\/wp-json\/wp\/v2\/comments?post=38498"}],"version-history":[{"count":0,"href":"https:\/\/www.vinness.it\/en\/wp-json\/wp\/v2\/product\/38498\/revisions"}],"wp:featuredmedia":[{"embeddable":true,"href":"https:\/\/www.vinness.it\/en\/wp-json\/wp\/v2\/media\/250293"}],"wp:attachment":[{"href":"https:\/\/www.vinness.it\/en\/wp-json\/wp\/v2\/media?parent=38498"}],"wp:term":[{"taxonomy":"product_brand","embeddable":true,"href":"https:\/\/www.vinness.it\/en\/wp-json\/wp\/v2\/product_brand?post=38498"},{"taxonomy":"product_cat","embeddable":true,"href":"https:\/\/www.vinness.it\/en\/wp-json\/wp\/v2\/product_cat?post=38498"},{"taxonomy":"product_tag","embeddable":true,"href":"https:\/\/www.vinness.it\/en\/wp-json\/wp\/v2\/product_tag?post=38498"}],"curies":[{"name":"wp","href":"https:\/\/api.w.org\/{rel}","templated":true}]}}