{"id":29015,"date":"2024-02-12T22:02:45","date_gmt":"2024-02-12T21:02:45","guid":{"rendered":"http:\/\/vinness.it\/?post_type=product&#038;p=29015"},"modified":"2026-04-25T23:31:12","modified_gmt":"2026-04-25T21:31:12","slug":"taurasi-radici-2017-mastroberardino-15l","status":"publish","type":"product","link":"https:\/\/www.vinness.it\/fr\/catalogo\/vini-magnum\/taurasi-radici-2017-mastroberardino-15l\/","title":{"rendered":"Taurasi Radici 2017 (150 CL) &#8211; Mastroberardino"},"content":{"rendered":"<div data-elementor-type=\"product-post\" data-elementor-id=\"29015\" class=\"elementor elementor-29015\" data-elementor-post-type=\"product\">\n\t\t\t\t<div data-particle_enable=\"false\" data-particle-mobile-disabled=\"false\" class=\"elementor-element elementor-element-37518f40 e-con-full e-flex e-con e-parent\" data-id=\"37518f40\" data-element_type=\"container\" data-e-type=\"container\">\n\t\t<div data-particle_enable=\"false\" data-particle-mobile-disabled=\"false\" class=\"elementor-element elementor-element-12c31ac2 e-flex e-con-boxed e-con e-child\" data-id=\"12c31ac2\" data-element_type=\"container\" data-e-type=\"container\">\n\t\t\t\t\t<div class=\"e-con-inner\">\n\t\t\t\t<div class=\"elementor-element elementor-element-7c8df13a elementor-widget elementor-widget-heading\" data-id=\"7c8df13a\" data-element_type=\"widget\" data-e-type=\"widget\" data-widget_type=\"heading.default\">\n\t\t\t\t<div class=\"elementor-widget-container\">\n\t\t\t\t\t<h2 class=\"elementor-heading-title elementor-size-default\">Costa d&#039;Amalfi DOC Tramonti Rosato \u00ab Getis \u00bb<\/h2>\t\t\t\t<\/div>\n\t\t\t\t<\/div>\n\t\t\t\t\t<\/div>\n\t\t\t\t<\/div>\n\t\t<div data-particle_enable=\"false\" data-particle-mobile-disabled=\"false\" class=\"wd-negative-gap elementor-element elementor-element-4cd558fe e-flex e-con-boxed e-con e-child\" data-id=\"4cd558fe\" data-element_type=\"container\" data-e-type=\"container\">\n\t\t\t\t\t<div class=\"e-con-inner\">\n\t\t\t\t<div class=\"elementor-element elementor-element-5a4f542a elementor-widget elementor-widget-gallery\" data-id=\"5a4f542a\" data-element_type=\"widget\" data-e-type=\"widget\" data-settings=\"{&quot;gallery_layout&quot;:&quot;masonry&quot;,&quot;columns&quot;:2,&quot;gap&quot;:{&quot;unit&quot;:&quot;px&quot;,&quot;size&quot;:24,&quot;sizes&quot;:[]},&quot;columns_tablet&quot;:2,&quot;columns_mobile&quot;:1,&quot;gap_tablet&quot;:{&quot;unit&quot;:&quot;px&quot;,&quot;size&quot;:10,&quot;sizes&quot;:[]},&quot;gap_mobile&quot;:{&quot;unit&quot;:&quot;px&quot;,&quot;size&quot;:10,&quot;sizes&quot;:[]},&quot;link_to&quot;:&quot;file&quot;,&quot;overlay_background&quot;:&quot;yes&quot;,&quot;content_hover_animation&quot;:&quot;fade-in&quot;}\" data-widget_type=\"gallery.default\">\n\t\t\t\t<div class=\"elementor-widget-container\">\n\t\t\t\t\t\t\t<div class=\"elementor-gallery__container\">\n\t\t\t\t\t<\/div>\n\t\t\t\t\t<\/div>\n\t\t\t\t<\/div>\n\t\t\t\t\t<\/div>\n\t\t\t\t<\/div>\n\t\t\t\t<\/div>\n\t\t\t\t<section data-particle_enable=\"false\" data-particle-mobile-disabled=\"false\" class=\"wd-negative-gap elementor-section elementor-top-section elementor-element elementor-element-6232e714 elementor-section-boxed elementor-section-height-default elementor-section-height-default\" data-id=\"6232e714\" data-element_type=\"section\" data-e-type=\"section\">\n\t\t\t\t\t\t<div class=\"elementor-container elementor-column-gap-default\">\n\t\t\t\t\t<div class=\"elementor-column elementor-col-100 elementor-top-column elementor-element elementor-element-c39912\" data-id=\"c39912\" data-element_type=\"column\" data-e-type=\"column\">\n\t\t\t<div class=\"elementor-widget-wrap elementor-element-populated\">\n\t\t\t\t\t\t<div class=\"elementor-element elementor-element-686f3121 elementor-widget elementor-widget-heading\" data-id=\"686f3121\" data-element_type=\"widget\" data-e-type=\"widget\" data-widget_type=\"heading.default\">\n\t\t\t\t<div class=\"elementor-widget-container\">\n\t\t\t\t\t<h5 class=\"elementor-heading-title elementor-size-default\">\nIl Taurasi Radici di Mastroberardino \u00e8 una grande eccellenza del territorio campano che, grazie alla sua qualit\u00e0, ha focalizzato l'attenzione degli esperti su tutta l'Italia meridionale. Nasce da uno dei pi\u00f9 grandi nomi dell\u2019intera penisola, cio\u00e8 dalla cantina che per prima ha creduto nelle potenzialit\u00e0 dell\u2019Aglianico nel territorio campano. In epoche segnate dai cruenti echi della filossera e dal basso successo del vitigno, la maggior parte dei contadini decise di espiantare le viti locali per dare spazio ai vigorosi e resistenti vitigni internazionali. La famiglia Mastroberardino per contrastare questa crisi acquist\u00f2 le uve dai contadini affinch\u00e9 l\u2019Aglianico rimanesse in vita. Se oggi possiamo godere di una panorama cos\u00ec ampio in parte dobbiamo ringraziare il grande lavoro svolto in quegli anni dalla famiglia campana. Anno dopo anno, nacquero espressioni sempre pi\u00f9 convincenti, fino ad arrivare al tanto blasonato e ricercato Taurasi Radici. Un rosso che, come ricorda il nome, racconta di un antico passato e di quelle origini storiche che lo legano al territorio irpino. Il Radici \u00e8 l\u2019inno del Taurasi e il simbolo pi\u00f9 autentico della rivoluzione dei vini del Sud-Italia. 130 anni di storia condensati in un liquido profondo, caldo e ampio.<\/h5>\t\t\t\t<\/div>\n\t\t\t\t<\/div>\n\t\t\t\t<div class=\"elementor-element elementor-element-292a5a2f elementor-widget elementor-widget-heading\" data-id=\"292a5a2f\" data-element_type=\"widget\" data-e-type=\"widget\" data-widget_type=\"heading.default\">\n\t\t\t\t<div class=\"elementor-widget-container\">\n\t\t\t\t\t<h5 class=\"elementor-heading-title elementor-size-default\">Il Radici Mastroberardino nasce da uve Aglianico in purezza coltivate nei prestigiosi territori argillosi di Montemarano e quelli pi\u00f9 sabbiosi di Mirabella Eclano. Ci troviamo a circa 500-650 metri di altitudine su quelle colline caratterizzate da decise escursioni termiche tra notte e giorno e accarezzate per tutto l\u2019anno dalle leggere brezze marine che si alzano dal Tirreno. Un\u2019area magica e straordinariamente vocata alla coltivazione della vite, dove nascono alcuni dei pi\u00f9 importanti tesori d\u2019Italia. Le uve maturano lentamente fino a Novembre per poi essere selezionate con cura in vigna. Seguono i classici passaggi della vinificazione in rosso con fermentazione alcolica e lunga macerazione sulle bucce a temperatura controllata. L\u2019affinamento avviene in barrique e fusti di rovere per circa 24 mesi.<\/h5>\t\t\t\t<\/div>\n\t\t\t\t<\/div>\n\t\t\t\t<div class=\"elementor-element elementor-element-5770418 elementor-widget elementor-widget-heading\" data-id=\"5770418\" data-element_type=\"widget\" data-e-type=\"widget\" data-widget_type=\"heading.default\">\n\t\t\t\t<div class=\"elementor-widget-container\">\n\t\t\t\t\t<h5 class=\"elementor-heading-title elementor-size-default\">Il Radici Taurasi si palesa nel bicchiere con un manto intenso dalle tonalit\u00e0 rosso rubine con sfumature granate. Al naso mostra un profilo stratificato e ampio, dove note di prugna, ciliegia, fragole, viole e spezie formano un nucleo compatto avvolto da ventate marine. Al palato la ricchezza mediterranea, l\u2019intensit\u00e0 aromatica, il calore del Sud e l\u2019avvolgenza del passaggio in legno si incontrano in un corpo profondo ed elegante. Un grande classico immancabile in ogni cantina che rappresenta appieno le \u201cradici\u201d della grande viticoltura dell\u2019Irpinia.<\/h5>\t\t\t\t<\/div>\n\t\t\t\t<\/div>\n\t\t\t\t\t<\/div>\n\t\t<\/div>\n\t\t\t\t\t<\/div>\n\t\t<\/section>\n\t\t\t\t<section data-particle_enable=\"false\" data-particle-mobile-disabled=\"false\" class=\"wd-negative-gap elementor-section elementor-top-section elementor-element elementor-element-5e77d65f wd-section-stretch elementor-section-boxed elementor-section-height-default elementor-section-height-default\" data-id=\"5e77d65f\" data-element_type=\"section\" data-e-type=\"section\" data-settings=\"{&quot;background_background&quot;:&quot;classic&quot;}\">\n\t\t\t\t\t\t<div class=\"elementor-container elementor-column-gap-default\">\n\t\t\t\t\t<div class=\"elementor-column elementor-col-100 elementor-top-column elementor-element elementor-element-673848e3\" data-id=\"673848e3\" data-element_type=\"column\" data-e-type=\"column\">\n\t\t\t<div class=\"elementor-widget-wrap elementor-element-populated\">\n\t\t\t\t\t\t<section data-particle_enable=\"false\" data-particle-mobile-disabled=\"false\" class=\"wd-negative-gap elementor-section elementor-inner-section elementor-element elementor-element-66f8a8e3 elementor-section-boxed elementor-section-height-default elementor-section-height-default\" data-id=\"66f8a8e3\" data-element_type=\"section\" data-e-type=\"section\">\n\t\t\t\t\t\t<div class=\"elementor-container elementor-column-gap-default\">\n\t\t\t\t\t<div class=\"elementor-column elementor-col-33 elementor-inner-column elementor-element elementor-element-5545ee0e\" data-id=\"5545ee0e\" data-element_type=\"column\" data-e-type=\"column\">\n\t\t\t<div class=\"elementor-widget-wrap elementor-element-populated\">\n\t\t\t\t\t\t<div class=\"elementor-element elementor-element-5dd9b153 elementor-widget elementor-widget-wd_infobox\" data-id=\"5dd9b153\" data-element_type=\"widget\" data-e-type=\"widget\" data-widget_type=\"wd_infobox.default\">\n\t\t\t\t<div class=\"elementor-widget-container\">\n\t\t\t\t\t\t\t<div class=\"info-box-wrapper\">\n\t\t\t<div class=\"wd-info-box text-left box-icon-align-left box-style-base color-scheme-light wd-items-top\">\n\t\t\t\t\t\t\t\t\t<div class=\"box-icon-wrapper  box-with-text text-size-default box-icon-simple\">\n\t\t\t\t\t\t<div class=\"info-box-icon\">\n\t\t\t\t\t\t\t\t\t\t\t\t\t\t\t1.\t\t\t\t\t\t\t\t\t\t\t\t\t<\/div>\n\t\t\t\t\t<\/div>\n\t\t\t\t\n\t\t\t\t<div class=\"info-box-content\">\n\t\t\t\t\t\n\t\t\t\t\t\t\t\t\t\t\t<h4\t\t\t\t\t\tclass=\"info-box-title title box-title-style-default wd-fontsize-xl\" data-elementor-setting-key=\"title\">\n\t\t\t\t\t\t\t\tCOULEUR\t\t\t\t\t\t<\/h4>\n\t\t\t\t\t\n\t\t\t\t\t<div class=\"info-box-inner reset-last-child\"data-elementor-setting-key=\"content\"><p>Rosso rubino intenso con riflessi tendenti al granato.<\/p>\n<\/div>\n\n\t\t\t\t\t\t\t\t\t<\/div>\n\n\t\t\t\t\t\t\t<\/div>\n\t\t<\/div>\n\t\t\t\t\t\t<\/div>\n\t\t\t\t<\/div>\n\t\t\t\t\t<\/div>\n\t\t<\/div>\n\t\t\t\t<div class=\"elementor-column elementor-col-33 elementor-inner-column elementor-element elementor-element-31e4c37\" data-id=\"31e4c37\" data-element_type=\"column\" data-e-type=\"column\">\n\t\t\t<div class=\"elementor-widget-wrap elementor-element-populated\">\n\t\t\t\t\t\t<div class=\"elementor-element elementor-element-4bb230e3 elementor-widget elementor-widget-wd_infobox\" data-id=\"4bb230e3\" data-element_type=\"widget\" data-e-type=\"widget\" data-widget_type=\"wd_infobox.default\">\n\t\t\t\t<div class=\"elementor-widget-container\">\n\t\t\t\t\t\t\t<div class=\"info-box-wrapper\">\n\t\t\t<div class=\"wd-info-box text-left box-icon-align-left box-style-base color-scheme-light wd-items-top\">\n\t\t\t\t\t\t\t\t\t<div class=\"box-icon-wrapper  box-with-text text-size-default box-icon-simple\">\n\t\t\t\t\t\t<div class=\"info-box-icon\">\n\t\t\t\t\t\t\t\t\t\t\t\t\t\t\t2.\t\t\t\t\t\t\t\t\t\t\t\t\t<\/div>\n\t\t\t\t\t<\/div>\n\t\t\t\t\n\t\t\t\t<div class=\"info-box-content\">\n\t\t\t\t\t\n\t\t\t\t\t\t\t\t\t\t\t<h4\t\t\t\t\t\tclass=\"info-box-title title box-title-style-default wd-fontsize-xl\" data-elementor-setting-key=\"title\">\n\t\t\t\t\t\t\t\tGO\u00dbT\t\t\t\t\t\t<\/h4>\n\t\t\t\t\t\n\t\t\t\t\t<div class=\"info-box-inner reset-last-child\"data-elementor-setting-key=\"content\"><p>Bouquet ampio e complesso, con note fruttate di ciliegia e frutti di bosco si uniscono a fragranze di timo e viola.<\/p>\n<\/div>\n\n\t\t\t\t\t\t\t\t\t<\/div>\n\n\t\t\t\t\t\t\t<\/div>\n\t\t<\/div>\n\t\t\t\t\t\t<\/div>\n\t\t\t\t<\/div>\n\t\t\t\t\t<\/div>\n\t\t<\/div>\n\t\t\t\t<div class=\"elementor-column elementor-col-33 elementor-inner-column elementor-element elementor-element-1d78e692\" data-id=\"1d78e692\" data-element_type=\"column\" data-e-type=\"column\">\n\t\t\t<div class=\"elementor-widget-wrap elementor-element-populated\">\n\t\t\t\t\t\t<div class=\"elementor-element elementor-element-485a4d39 elementor-widget elementor-widget-wd_infobox\" data-id=\"485a4d39\" data-element_type=\"widget\" data-e-type=\"widget\" data-widget_type=\"wd_infobox.default\">\n\t\t\t\t<div class=\"elementor-widget-container\">\n\t\t\t\t\t\t\t<div class=\"info-box-wrapper\">\n\t\t\t<div class=\"wd-info-box text-left box-icon-align-left box-style-base color-scheme-light wd-items-top\">\n\t\t\t\t\t\t\t\t\t<div class=\"box-icon-wrapper  box-with-text text-size-default box-icon-simple\">\n\t\t\t\t\t\t<div class=\"info-box-icon\">\n\t\t\t\t\t\t\t\t\t\t\t\t\t\t\t3.\t\t\t\t\t\t\t\t\t\t\t\t\t<\/div>\n\t\t\t\t\t<\/div>\n\t\t\t\t\n\t\t\t\t<div class=\"info-box-content\">\n\t\t\t\t\t\n\t\t\t\t\t\t\t\t\t\t\t<h4\t\t\t\t\t\tclass=\"info-box-title title box-title-style-default wd-fontsize-xl\" data-elementor-setting-key=\"title\">\n\t\t\t\t\t\t\t\tPARFUM\t\t\t\t\t\t<\/h4>\n\t\t\t\t\t\n\t\t\t\t\t<div class=\"info-box-inner reset-last-child\"data-elementor-setting-key=\"content\"><p>Ricco, elegante ed avvolgente, con chiare e delicate note fruttate e di prugna.<\/p>\n<\/div>\n\n\t\t\t\t\t\t\t\t\t<\/div>\n\n\t\t\t\t\t\t\t<\/div>\n\t\t<\/div>\n\t\t\t\t\t\t<\/div>\n\t\t\t\t<\/div>\n\t\t\t\t\t<\/div>\n\t\t<\/div>\n\t\t\t\t\t<\/div>\n\t\t<\/section>\n\t\t\t\t\t<\/div>\n\t\t<\/div>\n\t\t\t\t\t<\/div>\n\t\t<\/section>\n\t\t\t\t<\/div>","protected":false},"excerpt":{"rendered":"<p>Esemplare espressione dell\u2019aglianico di Taurasi, il \u201cRadici\u201d rappresenta tutta la storia della viticoltura Irpina. Vendemmia dopo vendemmia, senza mai disattendere le aspettative, il Taurasi per eccellenza di Mastroberardino conserva intatta la personalit\u00e0 energica e la struttura corposa che lo hanno reso famoso in tutto il mondo.<\/p>\n<p>Un grande classico, un vino rosso immancabile, la cui vinificazione avviene in acciaio con una lunga macerazione con le bucce e la cui maturazione avviene in barrique e fusti di rovere per un periodo di circa 24 mesi, seguiti da altri due anni di affinamento in bottiglia.<\/p>","protected":false},"featured_media":285013,"comment_status":"closed","ping_status":"closed","template":"","meta":{"_relevanssi_hide_post":"","_relevanssi_hide_content":"","_relevanssi_pin_for_all":"","_relevanssi_pin_keywords":"","_relevanssi_unpin_keywords":"","_relevanssi_related_keywords":"","_relevanssi_related_include_ids":"","_relevanssi_related_exclude_ids":"","_relevanssi_related_no_append":"","_relevanssi_related_not_related":"","_relevanssi_related_posts":"","_relevanssi_noindex_reason":""},"product_brand":[1178],"product_cat":[1158],"product_tag":[1221],"class_list":{"0":"post-29015","1":"product","2":"type-product","3":"status-publish","4":"has-post-thumbnail","6":"product_brand-mastroberardino","7":"product_cat-vini-magnum","8":"product_tag-1221","9":"pa_annata-532","10":"pa_confezione-cassetta-in-legno","11":"pa_denominazione-taurasi-docg","12":"pa_formato-150-cl","13":"pa_gradazione-alcolica-14-0","14":"pa_paese-italia","15":"pa_produttore-mastroberardino","16":"pa_regione-campania","17":"pa_tipologia-vini-rossi","19":"first","20":"outofstock","21":"taxable","22":"shipping-taxable","23":"purchasable","24":"product-type-simple"},"ase":null,"_links":{"self":[{"href":"https:\/\/www.vinness.it\/fr\/wp-json\/wp\/v2\/product\/29015","targetHints":{"allow":["GET"]}}],"collection":[{"href":"https:\/\/www.vinness.it\/fr\/wp-json\/wp\/v2\/product"}],"about":[{"href":"https:\/\/www.vinness.it\/fr\/wp-json\/wp\/v2\/types\/product"}],"replies":[{"embeddable":true,"href":"https:\/\/www.vinness.it\/fr\/wp-json\/wp\/v2\/comments?post=29015"}],"version-history":[{"count":0,"href":"https:\/\/www.vinness.it\/fr\/wp-json\/wp\/v2\/product\/29015\/revisions"}],"wp:featuredmedia":[{"embeddable":true,"href":"https:\/\/www.vinness.it\/fr\/wp-json\/wp\/v2\/media\/285013"}],"wp:attachment":[{"href":"https:\/\/www.vinness.it\/fr\/wp-json\/wp\/v2\/media?parent=29015"}],"wp:term":[{"taxonomy":"product_brand","embeddable":true,"href":"https:\/\/www.vinness.it\/fr\/wp-json\/wp\/v2\/product_brand?post=29015"},{"taxonomy":"product_cat","embeddable":true,"href":"https:\/\/www.vinness.it\/fr\/wp-json\/wp\/v2\/product_cat?post=29015"},{"taxonomy":"product_tag","embeddable":true,"href":"https:\/\/www.vinness.it\/fr\/wp-json\/wp\/v2\/product_tag?post=29015"}],"curies":[{"name":"wp","href":"https:\/\/api.w.org\/{rel}","templated":true}]}}