{"id":29820,"date":"2024-02-13T11:25:47","date_gmt":"2024-02-13T10:25:47","guid":{"rendered":"http:\/\/vinness.it\/?post_type=product&#038;p=29820"},"modified":"2026-04-25T23:30:49","modified_gmt":"2026-04-25T21:30:49","slug":"catalanesca-kata-cantine-olivella","status":"publish","type":"product","link":"https:\/\/www.vinness.it\/fr\/catalogo\/vineria\/vini-vineria\/bianco\/catalanesca-kata-cantine-olivella\/","title":{"rendered":"Catalanesca Del Monte Somma \u00ab Kat\u00e0 \u00bb \u2013 Cantine Olivella"},"content":{"rendered":"<div data-elementor-type=\"product-post\" data-elementor-id=\"29820\" class=\"elementor elementor-29820\" data-elementor-post-type=\"product\">\n\t\t\t\t<div data-particle_enable=\"false\" data-particle-mobile-disabled=\"false\" class=\"elementor-element elementor-element-1994d620 e-con-full e-flex e-con e-parent\" data-id=\"1994d620\" data-element_type=\"container\" data-e-type=\"container\">\n\t\t<div data-particle_enable=\"false\" data-particle-mobile-disabled=\"false\" class=\"elementor-element elementor-element-363857b7 e-flex e-con-boxed e-con e-child\" data-id=\"363857b7\" data-element_type=\"container\" data-e-type=\"container\">\n\t\t\t\t\t<div class=\"e-con-inner\">\n\t\t\t\t<div class=\"elementor-element elementor-element-4c4c8213 elementor-widget elementor-widget-heading\" data-id=\"4c4c8213\" data-element_type=\"widget\" data-e-type=\"widget\" data-widget_type=\"heading.default\">\n\t\t\t\t<div class=\"elementor-widget-container\">\n\t\t\t\t\t<h2 class=\"elementor-heading-title elementor-size-default\">Catalanesca Del Monte Somma \u201cKat\u00e0\u201d\n<br>\nCaves Olivella<\/h2>\t\t\t\t<\/div>\n\t\t\t\t<\/div>\n\t\t\t\t\t<\/div>\n\t\t\t\t<\/div>\n\t\t<div data-particle_enable=\"false\" data-particle-mobile-disabled=\"false\" class=\"wd-negative-gap elementor-element elementor-element-a550c0 e-flex e-con-boxed e-con e-child\" data-id=\"a550c0\" data-element_type=\"container\" data-e-type=\"container\">\n\t\t\t\t\t<div class=\"e-con-inner\">\n\t\t\t\t<div class=\"elementor-element elementor-element-4be57f5 elementor-widget elementor-widget-gallery\" data-id=\"4be57f5\" data-element_type=\"widget\" data-e-type=\"widget\" data-settings=\"{&quot;gallery_layout&quot;:&quot;masonry&quot;,&quot;columns&quot;:2,&quot;gap&quot;:{&quot;unit&quot;:&quot;px&quot;,&quot;size&quot;:24,&quot;sizes&quot;:[]},&quot;columns_tablet&quot;:2,&quot;columns_mobile&quot;:1,&quot;gap_tablet&quot;:{&quot;unit&quot;:&quot;px&quot;,&quot;size&quot;:10,&quot;sizes&quot;:[]},&quot;gap_mobile&quot;:{&quot;unit&quot;:&quot;px&quot;,&quot;size&quot;:10,&quot;sizes&quot;:[]},&quot;link_to&quot;:&quot;file&quot;,&quot;overlay_background&quot;:&quot;yes&quot;,&quot;content_hover_animation&quot;:&quot;fade-in&quot;}\" data-widget_type=\"gallery.default\">\n\t\t\t\t<div class=\"elementor-widget-container\">\n\t\t\t\t\t\t\t<div class=\"elementor-gallery__container\">\n\t\t\t\t\t<\/div>\n\t\t\t\t\t<\/div>\n\t\t\t\t<\/div>\n\t\t\t\t\t<\/div>\n\t\t\t\t<\/div>\n\t\t\t\t<\/div>\n\t\t\t\t<section data-particle_enable=\"false\" data-particle-mobile-disabled=\"false\" class=\"wd-negative-gap elementor-section elementor-top-section elementor-element elementor-element-ee89497 elementor-section-boxed elementor-section-height-default elementor-section-height-default\" data-id=\"ee89497\" data-element_type=\"section\" data-e-type=\"section\">\n\t\t\t\t\t\t<div class=\"elementor-container elementor-column-gap-default\">\n\t\t\t\t\t<div class=\"elementor-column elementor-col-100 elementor-top-column elementor-element elementor-element-3a3ac450\" data-id=\"3a3ac450\" data-element_type=\"column\" data-e-type=\"column\">\n\t\t\t<div class=\"elementor-widget-wrap elementor-element-populated\">\n\t\t\t\t\t\t<div class=\"elementor-element elementor-element-23e39cdd elementor-widget elementor-widget-heading\" data-id=\"23e39cdd\" data-element_type=\"widget\" data-e-type=\"widget\" data-widget_type=\"heading.default\">\n\t\t\t\t<div class=\"elementor-widget-container\">\n\t\t\t\t\t<h5 class=\"elementor-heading-title elementor-size-default\">La Catalanesca \u00e8 una variet\u00e0 autoctona della zona del Vesuvio e, secondo il mito, fu impiantata proprio l\u00ec da Alfonso V d\u2019Aragona, che ne aveva gi\u00e0 intravisto le potenzialit\u00e0.<\/h5>\t\t\t\t<\/div>\n\t\t\t\t<\/div>\n\t\t\t\t<div class=\"elementor-element elementor-element-6c58d21c elementor-widget elementor-widget-heading\" data-id=\"6c58d21c\" data-element_type=\"widget\" data-e-type=\"widget\" data-widget_type=\"heading.default\">\n\t\t\t\t<div class=\"elementor-widget-container\">\n\t\t\t\t\t<h5 class=\"elementor-heading-title elementor-size-default\"> Cantine Olivella ne ha creato il suo vino-simbolo, coltivandolo sulle antiche vigne a piede franco alle pendici del Monte Somma, nella zona vitivinicola pi\u00f9 antica dell\u2019areale; dopo una vendemmia manuale, le uve vengono subito sottoposte alla vinificazione e viene utilizzato soltanto il mosto fiore (la prima spremitura), che viene pulito con l\u2019ausilio del freddo, in modo da non disperdere gli aromi tipici.<\/h5>\t\t\t\t<\/div>\n\t\t\t\t<\/div>\n\t\t\t\t<div class=\"elementor-element elementor-element-31871ff elementor-widget elementor-widget-heading\" data-id=\"31871ff\" data-element_type=\"widget\" data-e-type=\"widget\" data-widget_type=\"heading.default\">\n\t\t\t\t<div class=\"elementor-widget-container\">\n\t\t\t\t\t<h5 class=\"elementor-heading-title elementor-size-default\">Dopo un lungo affinamento sulle fecce nobili ed alcuni mese di riposo in bottiglia, Kat\u00e0 vede la luce, ma \u00e8 solo dopo qualche anno che riesce ad esprimere a pieno la sua forza vulcanica.<\/h5>\t\t\t\t<\/div>\n\t\t\t\t<\/div>\n\t\t\t\t\t<\/div>\n\t\t<\/div>\n\t\t\t\t\t<\/div>\n\t\t<\/section>\n\t\t\t\t<section data-particle_enable=\"false\" data-particle-mobile-disabled=\"false\" class=\"wd-negative-gap elementor-section elementor-top-section elementor-element elementor-element-55404eb7 wd-section-stretch elementor-section-boxed elementor-section-height-default elementor-section-height-default\" data-id=\"55404eb7\" data-element_type=\"section\" data-e-type=\"section\" data-settings=\"{&quot;background_background&quot;:&quot;classic&quot;}\">\n\t\t\t\t\t\t<div class=\"elementor-container elementor-column-gap-default\">\n\t\t\t\t\t<div class=\"elementor-column elementor-col-100 elementor-top-column elementor-element elementor-element-69f5f39f\" data-id=\"69f5f39f\" data-element_type=\"column\" data-e-type=\"column\">\n\t\t\t<div class=\"elementor-widget-wrap elementor-element-populated\">\n\t\t\t\t\t\t<section data-particle_enable=\"false\" data-particle-mobile-disabled=\"false\" class=\"wd-negative-gap elementor-section elementor-inner-section elementor-element elementor-element-7f99cfaa elementor-section-boxed elementor-section-height-default elementor-section-height-default\" data-id=\"7f99cfaa\" data-element_type=\"section\" data-e-type=\"section\">\n\t\t\t\t\t\t<div class=\"elementor-container elementor-column-gap-default\">\n\t\t\t\t\t<div class=\"elementor-column elementor-col-33 elementor-inner-column elementor-element elementor-element-75e4964b\" data-id=\"75e4964b\" data-element_type=\"column\" data-e-type=\"column\">\n\t\t\t<div class=\"elementor-widget-wrap elementor-element-populated\">\n\t\t\t\t\t\t<div class=\"elementor-element elementor-element-46587816 elementor-widget elementor-widget-wd_infobox\" data-id=\"46587816\" data-element_type=\"widget\" data-e-type=\"widget\" data-widget_type=\"wd_infobox.default\">\n\t\t\t\t<div class=\"elementor-widget-container\">\n\t\t\t\t\t\t\t<div class=\"info-box-wrapper\">\n\t\t\t<div class=\"wd-info-box text-left box-icon-align-left box-style-base color-scheme-light wd-items-top\">\n\t\t\t\t\t\t\t\t\t<div class=\"box-icon-wrapper  box-with-text text-size-default box-icon-simple\">\n\t\t\t\t\t\t<div class=\"info-box-icon\">\n\t\t\t\t\t\t\t\t\t\t\t\t\t\t\t1.\t\t\t\t\t\t\t\t\t\t\t\t\t<\/div>\n\t\t\t\t\t<\/div>\n\t\t\t\t\n\t\t\t\t<div class=\"info-box-content\">\n\t\t\t\t\t\n\t\t\t\t\t\t\t\t\t\t\t<h4\t\t\t\t\t\tclass=\"info-box-title title box-title-style-default wd-fontsize-xl\" data-elementor-setting-key=\"title\">\n\t\t\t\t\t\t\t\tCOULEUR\t\t\t\t\t\t<\/h4>\n\t\t\t\t\t\n\t\t\t\t\t<div class=\"info-box-inner reset-last-child\"data-elementor-setting-key=\"content\"><p>Giallo paglierino brillante.<\/p>\n<\/div>\n\n\t\t\t\t\t\t\t\t\t<\/div>\n\n\t\t\t\t\t\t\t<\/div>\n\t\t<\/div>\n\t\t\t\t\t\t<\/div>\n\t\t\t\t<\/div>\n\t\t\t\t\t<\/div>\n\t\t<\/div>\n\t\t\t\t<div class=\"elementor-column elementor-col-33 elementor-inner-column elementor-element elementor-element-21261665\" data-id=\"21261665\" data-element_type=\"column\" data-e-type=\"column\">\n\t\t\t<div class=\"elementor-widget-wrap elementor-element-populated\">\n\t\t\t\t\t\t<div class=\"elementor-element elementor-element-4806d091 elementor-widget elementor-widget-wd_infobox\" data-id=\"4806d091\" data-element_type=\"widget\" data-e-type=\"widget\" data-widget_type=\"wd_infobox.default\">\n\t\t\t\t<div class=\"elementor-widget-container\">\n\t\t\t\t\t\t\t<div class=\"info-box-wrapper\">\n\t\t\t<div class=\"wd-info-box text-left box-icon-align-left box-style-base color-scheme-light wd-items-top\">\n\t\t\t\t\t\t\t\t\t<div class=\"box-icon-wrapper  box-with-text text-size-default box-icon-simple\">\n\t\t\t\t\t\t<div class=\"info-box-icon\">\n\t\t\t\t\t\t\t\t\t\t\t\t\t\t\t2.\t\t\t\t\t\t\t\t\t\t\t\t\t<\/div>\n\t\t\t\t\t<\/div>\n\t\t\t\t\n\t\t\t\t<div class=\"info-box-content\">\n\t\t\t\t\t\n\t\t\t\t\t\t\t\t\t\t\t<h4\t\t\t\t\t\tclass=\"info-box-title title box-title-style-default wd-fontsize-xl\" data-elementor-setting-key=\"title\">\n\t\t\t\t\t\t\t\tGO\u00dbT\t\t\t\t\t\t<\/h4>\n\t\t\t\t\t\n\t\t\t\t\t<div class=\"info-box-inner reset-last-child\"data-elementor-setting-key=\"content\"><p>Al palato \u00e8 fresco, sapido e persistente.<\/p>\n<\/div>\n\n\t\t\t\t\t\t\t\t\t<\/div>\n\n\t\t\t\t\t\t\t<\/div>\n\t\t<\/div>\n\t\t\t\t\t\t<\/div>\n\t\t\t\t<\/div>\n\t\t\t\t\t<\/div>\n\t\t<\/div>\n\t\t\t\t<div class=\"elementor-column elementor-col-33 elementor-inner-column elementor-element elementor-element-e4215a6\" data-id=\"e4215a6\" data-element_type=\"column\" data-e-type=\"column\">\n\t\t\t<div class=\"elementor-widget-wrap elementor-element-populated\">\n\t\t\t\t\t\t<div class=\"elementor-element elementor-element-2b18fecb elementor-widget elementor-widget-wd_infobox\" data-id=\"2b18fecb\" data-element_type=\"widget\" data-e-type=\"widget\" data-widget_type=\"wd_infobox.default\">\n\t\t\t\t<div class=\"elementor-widget-container\">\n\t\t\t\t\t\t\t<div class=\"info-box-wrapper\">\n\t\t\t<div class=\"wd-info-box text-left box-icon-align-left box-style-base color-scheme-light wd-items-top\">\n\t\t\t\t\t\t\t\t\t<div class=\"box-icon-wrapper  box-with-text text-size-default box-icon-simple\">\n\t\t\t\t\t\t<div class=\"info-box-icon\">\n\t\t\t\t\t\t\t\t\t\t\t\t\t\t\t3.\t\t\t\t\t\t\t\t\t\t\t\t\t<\/div>\n\t\t\t\t\t<\/div>\n\t\t\t\t\n\t\t\t\t<div class=\"info-box-content\">\n\t\t\t\t\t\n\t\t\t\t\t\t\t\t\t\t\t<h4\t\t\t\t\t\tclass=\"info-box-title title box-title-style-default wd-fontsize-xl\" data-elementor-setting-key=\"title\">\n\t\t\t\t\t\t\t\tPARFUM\t\t\t\t\t\t<\/h4>\n\t\t\t\t\t\n\t\t\t\t\t<div class=\"info-box-inner reset-last-child\"data-elementor-setting-key=\"content\"><p>Al naso offre profumi di frutta bianca, fiori e una distintiva mineralit\u00e0.<\/p>\n<\/div>\n\n\t\t\t\t\t\t\t\t\t<\/div>\n\n\t\t\t\t\t\t\t<\/div>\n\t\t<\/div>\n\t\t\t\t\t\t<\/div>\n\t\t\t\t<\/div>\n\t\t\t\t\t<\/div>\n\t\t<\/div>\n\t\t\t\t\t<\/div>\n\t\t<\/section>\n\t\t\t\t\t<\/div>\n\t\t<\/div>\n\t\t\t\t\t<\/div>\n\t\t<\/section>\n\t\t\t\t<\/div>","protected":false},"excerpt":{"rendered":"<p><strong style=\"font-size: 14px;text-decoration: none;font-family: Roboto, sans-serif;white-space: normal;text-transform: none;font-weight: bold;font-style: normal;text-align: left;letter-spacing: normal;text-indent: 0px\">Catalanesca Kat\u00e0 Cantine Olivella<\/strong><span style=\"font-size: 14px;text-decoration: none;font-family: Roboto, sans-serif;white-space: normal;text-transform: none;float: none;font-weight: 400;font-style: normal;text-align: left;display: inline !important;letter-spacing: normal;text-indent: 0px\"><span class=\"Apple-converted-space\">&nbsp;<\/span>\u00e8 un<span class=\"Apple-converted-space\">&nbsp;<\/span><\/span><strong style=\"font-size: 14px;text-decoration: none;font-family: Roboto, sans-serif;white-space: normal;text-transform: none;font-weight: bold;font-style: normal;text-align: left;letter-spacing: normal;text-indent: 0px\">vino bianco<\/strong><span style=\"font-size: 14px;text-decoration: none;font-family: Roboto, sans-serif;white-space: normal;text-transform: none;float: none;font-weight: 400;font-style: normal;text-align: left;display: inline !important;letter-spacing: normal;text-indent: 0px\"><span class=\"Apple-converted-space\">&nbsp;<\/span>che riflette l&#8217;autenticit\u00e0 del suo terroir. \u00c8 prodotto con uve<span class=\"Apple-converted-space\">&nbsp;<\/span><\/span><strong style=\"font-size: 14px;text-decoration: none;font-family: Roboto, sans-serif;white-space: normal;text-transform: none;font-weight: bold;font-style: normal;text-align: left;letter-spacing: normal;text-indent: 0px\">Catalanesca del Monte Somma IGP<\/strong><span style=\"font-size: 14px;text-decoration: none;font-family: Roboto, sans-serif;white-space: normal;text-transform: none;float: none;font-weight: 400;font-style: normal;text-align: left;display: inline !important;letter-spacing: normal;text-indent: 0px\">coltivate in<span class=\"Apple-converted-space\">&nbsp;<\/span><\/span><strong style=\"font-size: 14px;text-decoration: none;font-family: Roboto, sans-serif;white-space: normal;text-transform: none;font-weight: bold;font-style: normal;text-align: left;letter-spacing: normal;text-indent: 0px\">Campanie<\/strong><span style=\"font-size: 14px;text-decoration: none;font-family: Roboto, sans-serif;white-space: normal;text-transform: none;float: none;font-weight: 400;font-style: normal;text-align: left;display: inline !important;letter-spacing: normal;text-indent: 0px\">, sui terreni vulcanici del Monte Somma. La vinificazione in acciaio e l&#8217;affinamento sulle fecce fini preservano la freschezza e la tipicit\u00e0 di questo<span class=\"Apple-converted-space\">&nbsp;<\/span><\/span><strong style=\"font-size: 14px;text-decoration: none;font-family: Roboto, sans-serif;white-space: normal;text-transform: none;font-weight: bold;font-style: normal;text-align: left;letter-spacing: normal;text-indent: 0px\">vino bianco campano<\/strong><span style=\"font-size: 14px;text-decoration: none;font-family: Roboto, sans-serif;white-space: normal;text-transform: none;float: none;font-weight: 400;font-style: normal;text-align: left;display: inline !important;letter-spacing: normal;text-indent: 0px\">.<\/span><\/p>","protected":false},"featured_media":284978,"comment_status":"closed","ping_status":"closed","template":"","meta":{"_relevanssi_hide_post":"","_relevanssi_hide_content":"","_relevanssi_pin_for_all":"","_relevanssi_pin_keywords":"","_relevanssi_unpin_keywords":"","_relevanssi_related_keywords":"","_relevanssi_related_include_ids":"","_relevanssi_related_exclude_ids":"","_relevanssi_related_no_append":"","_relevanssi_related_not_related":"","_relevanssi_related_posts":"","_relevanssi_noindex_reason":""},"product_brand":[1272],"product_cat":[429],"product_tag":[],"class_list":{"0":"post-29820","1":"product","2":"type-product","3":"status-publish","4":"has-post-thumbnail","6":"product_brand-cantine-olivella","7":"product_cat-bianco","8":"pa_denominazione-catalanesca-del-monte-somma-igp","9":"pa_formato-075-cl","10":"pa_gradazione-alcolica-13-0","11":"pa_paese-italia","12":"pa_produttore-cantine-olivella","13":"pa_regione-campania","14":"pa_tipologia-vini-bianchi","16":"first","17":"instock","18":"taxable","19":"shipping-taxable","20":"purchasable","21":"product-type-simple"},"ase":null,"_links":{"self":[{"href":"https:\/\/www.vinness.it\/fr\/wp-json\/wp\/v2\/product\/29820","targetHints":{"allow":["GET"]}}],"collection":[{"href":"https:\/\/www.vinness.it\/fr\/wp-json\/wp\/v2\/product"}],"about":[{"href":"https:\/\/www.vinness.it\/fr\/wp-json\/wp\/v2\/types\/product"}],"replies":[{"embeddable":true,"href":"https:\/\/www.vinness.it\/fr\/wp-json\/wp\/v2\/comments?post=29820"}],"version-history":[{"count":1,"href":"https:\/\/www.vinness.it\/fr\/wp-json\/wp\/v2\/product\/29820\/revisions"}],"predecessor-version":[{"id":163720,"href":"https:\/\/www.vinness.it\/fr\/wp-json\/wp\/v2\/product\/29820\/revisions\/163720"}],"wp:featuredmedia":[{"embeddable":true,"href":"https:\/\/www.vinness.it\/fr\/wp-json\/wp\/v2\/media\/284978"}],"wp:attachment":[{"href":"https:\/\/www.vinness.it\/fr\/wp-json\/wp\/v2\/media?parent=29820"}],"wp:term":[{"taxonomy":"product_brand","embeddable":true,"href":"https:\/\/www.vinness.it\/fr\/wp-json\/wp\/v2\/product_brand?post=29820"},{"taxonomy":"product_cat","embeddable":true,"href":"https:\/\/www.vinness.it\/fr\/wp-json\/wp\/v2\/product_cat?post=29820"},{"taxonomy":"product_tag","embeddable":true,"href":"https:\/\/www.vinness.it\/fr\/wp-json\/wp\/v2\/product_tag?post=29820"}],"curies":[{"name":"wp","href":"https:\/\/api.w.org\/{rel}","templated":true}]}}