{"id":31065,"date":"2024-02-14T14:25:32","date_gmt":"2024-02-14T13:25:32","guid":{"rendered":"http:\/\/vinness.it\/?post_type=product&#038;p=31065"},"modified":"2026-04-30T16:11:55","modified_gmt":"2026-04-30T14:11:55","slug":"amarone-classico-riserva-2012-zenato","status":"publish","type":"product","link":"https:\/\/www.vinness.it\/fr\/catalogo\/vineria\/vini-vineria\/rosso\/amarone-classico-riserva-2012-zenato\/","title":{"rendered":"Amarone della Valpolicella Classico DOCG \"Riserva Sergio Zenato\" 2012 - Zenato"},"content":{"rendered":"<div data-elementor-type=\"product-post\" data-elementor-id=\"31065\" class=\"elementor elementor-31065\" data-elementor-post-type=\"product\">\n\t\t\t\t<div data-particle_enable=\"false\" data-particle-mobile-disabled=\"false\" class=\"elementor-element elementor-element-48255024 e-con-full e-flex e-con e-parent\" data-id=\"48255024\" data-element_type=\"container\" data-e-type=\"container\">\n\t\t<div data-particle_enable=\"false\" data-particle-mobile-disabled=\"false\" class=\"elementor-element elementor-element-1bf1a4a e-flex e-con-boxed e-con e-child\" data-id=\"1bf1a4a\" data-element_type=\"container\" data-e-type=\"container\">\n\t\t\t\t\t<div class=\"e-con-inner\">\n\t\t\t\t<div class=\"elementor-element elementor-element-7939b8ca elementor-widget elementor-widget-heading\" data-id=\"7939b8ca\" data-element_type=\"widget\" data-e-type=\"widget\" data-widget_type=\"heading.default\">\n\t\t\t\t<div class=\"elementor-widget-container\">\n\t\t\t\t\t<h2 class=\"elementor-heading-title elementor-size-default\">Amarone della Valpolicella Classico DOCG <br>\n\u201cRiserva Sergio Zenato\u201d<\/h2>\t\t\t\t<\/div>\n\t\t\t\t<\/div>\n\t\t\t\t\t<\/div>\n\t\t\t\t<\/div>\n\t\t<div data-particle_enable=\"false\" data-particle-mobile-disabled=\"false\" class=\"wd-negative-gap elementor-element elementor-element-528d59c9 e-flex e-con-boxed e-con e-child\" data-id=\"528d59c9\" data-element_type=\"container\" data-e-type=\"container\">\n\t\t\t\t\t<div class=\"e-con-inner\">\n\t\t\t\t<div class=\"elementor-element elementor-element-132c1a70 elementor-widget elementor-widget-gallery\" data-id=\"132c1a70\" data-element_type=\"widget\" data-e-type=\"widget\" data-settings=\"{&quot;gallery_layout&quot;:&quot;masonry&quot;,&quot;columns&quot;:2,&quot;gap&quot;:{&quot;unit&quot;:&quot;px&quot;,&quot;size&quot;:24,&quot;sizes&quot;:[]},&quot;columns_tablet&quot;:2,&quot;columns_mobile&quot;:1,&quot;gap_tablet&quot;:{&quot;unit&quot;:&quot;px&quot;,&quot;size&quot;:10,&quot;sizes&quot;:[]},&quot;gap_mobile&quot;:{&quot;unit&quot;:&quot;px&quot;,&quot;size&quot;:10,&quot;sizes&quot;:[]},&quot;link_to&quot;:&quot;file&quot;,&quot;overlay_background&quot;:&quot;yes&quot;,&quot;content_hover_animation&quot;:&quot;fade-in&quot;}\" data-widget_type=\"gallery.default\">\n\t\t\t\t<div class=\"elementor-widget-container\">\n\t\t\t\t\t\t\t<div class=\"elementor-gallery__container\">\n\t\t\t\t\t<\/div>\n\t\t\t\t\t<\/div>\n\t\t\t\t<\/div>\n\t\t\t\t\t<\/div>\n\t\t\t\t<\/div>\n\t\t\t\t<\/div>\n\t\t\t\t<section data-particle_enable=\"false\" data-particle-mobile-disabled=\"false\" class=\"wd-negative-gap elementor-section elementor-top-section elementor-element elementor-element-39ad684e elementor-section-boxed elementor-section-height-default elementor-section-height-default\" data-id=\"39ad684e\" data-element_type=\"section\" data-e-type=\"section\">\n\t\t\t\t\t\t<div class=\"elementor-container elementor-column-gap-default\">\n\t\t\t\t\t<div class=\"elementor-column elementor-col-100 elementor-top-column elementor-element elementor-element-1b30b9c1\" data-id=\"1b30b9c1\" data-element_type=\"column\" data-e-type=\"column\">\n\t\t\t<div class=\"elementor-widget-wrap elementor-element-populated\">\n\t\t\t\t\t\t<div class=\"elementor-element elementor-element-3fb6fe46 elementor-widget elementor-widget-heading\" data-id=\"3fb6fe46\" data-element_type=\"widget\" data-e-type=\"widget\" data-widget_type=\"heading.default\">\n\t\t\t\t<div class=\"elementor-widget-container\">\n\t\t\t\t\t<h5 class=\"elementor-heading-title elementor-size-default\">L\u2019Amarone Classico Riserva \u201cSergio Zenato\u201d di Zenato fa parte della collezione dedicata a una delle personalit\u00e0 pi\u00f9 importanti di questa storica famiglia di produttori veneti. \u00c8 una delle punte di diamante della cantina e per mantenere sempre una qualit\u00e0 molto elevata, viene prodotto solo nelle migliori annate.  Frutto delle uve delle vigne pi\u00f9 vecchie della tenuta e realizzato con una particolare attenzione, esprime un carattere molto intenso, morbido, complesso e avvolgente. Un vino di grande fascino da degustare tra intenditori in occasione di una serata speciale. Ideale da abbinare a stracotti o brasati di carni rosse o di selvaggina.<\/h5>\t\t\t\t<\/div>\n\t\t\t\t<\/div>\n\t\t\t\t<div class=\"elementor-element elementor-element-624d734e elementor-widget elementor-widget-heading\" data-id=\"624d734e\" data-element_type=\"widget\" data-e-type=\"widget\" data-widget_type=\"heading.default\">\n\t\t\t\t<div class=\"elementor-widget-container\">\n\t\t\t\t\t<h5 class=\"elementor-heading-title elementor-size-default\">Il vino Amarone Classico Riserva \u201cSergio Zenato\u201d rappresenta l\u2019eccellenza di una delle realt\u00e0 pi\u00f9 famose del Veneto. La cantina Zenato gestisce una tenuta con un\u2019estensione complessiva di oltre 70 ettari, con pregiati vigneti nelle aree della Valpolicella e di Lugana. Le uve provengono da una selezione dei migliori vigneti di Corvina, Rondinella, Oseleta e Croatina situati nella zona collinare di S. Ambrogio di Valpolicella, a un\u2019altitudine di 300-350 metri sul livello del mare, con esposizione rivolta a Sud- Est, Sud-Ovest. Dopo la vendemmia, che si svolge tra la fine di settembre e l\u2019inizio di ottobre, i grappoli pi\u00f9 sani e maturi sono messi ad appassire per quattro mesi in appositi fruttai dal microclima secco e ventilato, in modo da disidratare le uve e concentrare aromi e zuccheri. Si procede quindi alla fermentazione con macerazione sulle bucce di due o tre settimane a cui segue un periodo d\u2019invecchiamento di quattro anni in grandi botti di rovere e un affinamento di un anno in bottiglia.<\/h5>\t\t\t\t<\/div>\n\t\t\t\t<\/div>\n\t\t\t\t<div class=\"elementor-element elementor-element-e697ec6 elementor-widget elementor-widget-heading\" data-id=\"e697ec6\" data-element_type=\"widget\" data-e-type=\"widget\" data-widget_type=\"heading.default\">\n\t\t\t\t<div class=\"elementor-widget-container\">\n\t\t\t\t\t<h5 class=\"elementor-heading-title elementor-size-default\">Il rosso Amarone Classico Riserva \u201cSergio Zenato\u201d della cantina Zenato \u00e8 una delle versioni di maggior pregio di questo importante vino della Valpolicella, che \u00e8 diventato un vero e proprio ambasciatore del territorio in tutto il mondo. Alla vista si presenta di colore rosso cupo, denso e concentrato. Intenso e complesso ha una tavolozza aromatica di notevole ricchezza espressiva, con aromi di confettura di piccoli frutti di bosco, cenni di prugna, di ciliegia sotto spirito, vaniglia, morbide spezie orientali, note di tabacco e cioccolato fondente. Ampio, caldo e suadente, ha tannini vellutati e un sorso armonioso e molto persistente. Possiede un notevole potenziale d\u2019invecchiamento che supera i vent\u2019anni.<\/h5>\t\t\t\t<\/div>\n\t\t\t\t<\/div>\n\t\t\t\t\t<\/div>\n\t\t<\/div>\n\t\t\t\t\t<\/div>\n\t\t<\/section>\n\t\t\t\t<section data-particle_enable=\"false\" data-particle-mobile-disabled=\"false\" class=\"wd-negative-gap elementor-section elementor-top-section elementor-element elementor-element-21f8c9f1 wd-section-stretch elementor-section-boxed elementor-section-height-default elementor-section-height-default\" data-id=\"21f8c9f1\" data-element_type=\"section\" data-e-type=\"section\" data-settings=\"{&quot;background_background&quot;:&quot;classic&quot;}\">\n\t\t\t\t\t\t<div class=\"elementor-container elementor-column-gap-default\">\n\t\t\t\t\t<div class=\"elementor-column elementor-col-100 elementor-top-column elementor-element elementor-element-94265bb\" data-id=\"94265bb\" data-element_type=\"column\" data-e-type=\"column\">\n\t\t\t<div class=\"elementor-widget-wrap elementor-element-populated\">\n\t\t\t\t\t\t<section data-particle_enable=\"false\" data-particle-mobile-disabled=\"false\" class=\"wd-negative-gap elementor-section elementor-inner-section elementor-element elementor-element-749b1f00 elementor-section-boxed elementor-section-height-default elementor-section-height-default\" data-id=\"749b1f00\" data-element_type=\"section\" data-e-type=\"section\">\n\t\t\t\t\t\t<div class=\"elementor-container elementor-column-gap-default\">\n\t\t\t\t\t<div class=\"elementor-column elementor-col-33 elementor-inner-column elementor-element elementor-element-25b3a6f\" data-id=\"25b3a6f\" data-element_type=\"column\" data-e-type=\"column\">\n\t\t\t<div class=\"elementor-widget-wrap elementor-element-populated\">\n\t\t\t\t\t\t<div class=\"elementor-element elementor-element-a6cbdaf elementor-widget elementor-widget-wd_infobox\" data-id=\"a6cbdaf\" data-element_type=\"widget\" data-e-type=\"widget\" data-widget_type=\"wd_infobox.default\">\n\t\t\t\t<div class=\"elementor-widget-container\">\n\t\t\t\t\t\t\t<div class=\"info-box-wrapper\">\n\t\t\t<div class=\"wd-info-box text-left box-icon-align-left box-style-base color-scheme-light wd-items-top\">\n\t\t\t\t\t\t\t\t\t<div class=\"box-icon-wrapper  box-with-text text-size-default box-icon-simple\">\n\t\t\t\t\t\t<div class=\"info-box-icon\">\n\t\t\t\t\t\t\t\t\t\t\t\t\t\t\t1.\t\t\t\t\t\t\t\t\t\t\t\t\t<\/div>\n\t\t\t\t\t<\/div>\n\t\t\t\t\n\t\t\t\t<div class=\"info-box-content\">\n\t\t\t\t\t\n\t\t\t\t\t\t\t\t\t\t\t<h4\t\t\t\t\t\tclass=\"info-box-title title box-title-style-default wd-fontsize-xl\" data-elementor-setting-key=\"title\">\n\t\t\t\t\t\t\t\tCOULEUR\t\t\t\t\t\t<\/h4>\n\t\t\t\t\t\n\t\t\t\t\t<div class=\"info-box-inner reset-last-child\"data-elementor-setting-key=\"content\"><p>Rosso rubino carico, tendente al granato.<\/p>\n<\/div>\n\n\t\t\t\t\t\t\t\t\t<\/div>\n\n\t\t\t\t\t\t\t<\/div>\n\t\t<\/div>\n\t\t\t\t\t\t<\/div>\n\t\t\t\t<\/div>\n\t\t\t\t\t<\/div>\n\t\t<\/div>\n\t\t\t\t<div class=\"elementor-column elementor-col-33 elementor-inner-column elementor-element elementor-element-2316b5cd\" data-id=\"2316b5cd\" data-element_type=\"column\" data-e-type=\"column\">\n\t\t\t<div class=\"elementor-widget-wrap elementor-element-populated\">\n\t\t\t\t\t\t<div class=\"elementor-element elementor-element-32dbb42f elementor-widget elementor-widget-wd_infobox\" data-id=\"32dbb42f\" data-element_type=\"widget\" data-e-type=\"widget\" data-widget_type=\"wd_infobox.default\">\n\t\t\t\t<div class=\"elementor-widget-container\">\n\t\t\t\t\t\t\t<div class=\"info-box-wrapper\">\n\t\t\t<div class=\"wd-info-box text-left box-icon-align-left box-style-base color-scheme-light wd-items-top\">\n\t\t\t\t\t\t\t\t\t<div class=\"box-icon-wrapper  box-with-text text-size-default box-icon-simple\">\n\t\t\t\t\t\t<div class=\"info-box-icon\">\n\t\t\t\t\t\t\t\t\t\t\t\t\t\t\t2.\t\t\t\t\t\t\t\t\t\t\t\t\t<\/div>\n\t\t\t\t\t<\/div>\n\t\t\t\t\n\t\t\t\t<div class=\"info-box-content\">\n\t\t\t\t\t\n\t\t\t\t\t\t\t\t\t\t\t<h4\t\t\t\t\t\tclass=\"info-box-title title box-title-style-default wd-fontsize-xl\" data-elementor-setting-key=\"title\">\n\t\t\t\t\t\t\t\tGO\u00dbT\t\t\t\t\t\t<\/h4>\n\t\t\t\t\t\n\t\t\t\t\t<div class=\"info-box-inner reset-last-child\"data-elementor-setting-key=\"content\"><p>Caldo, ricco, intenso, elegante, di straordinaria intensit\u00e0 e persistenza.<\/p>\n<\/div>\n\n\t\t\t\t\t\t\t\t\t<\/div>\n\n\t\t\t\t\t\t\t<\/div>\n\t\t<\/div>\n\t\t\t\t\t\t<\/div>\n\t\t\t\t<\/div>\n\t\t\t\t\t<\/div>\n\t\t<\/div>\n\t\t\t\t<div class=\"elementor-column elementor-col-33 elementor-inner-column elementor-element elementor-element-265febec\" data-id=\"265febec\" data-element_type=\"column\" data-e-type=\"column\">\n\t\t\t<div class=\"elementor-widget-wrap elementor-element-populated\">\n\t\t\t\t\t\t<div class=\"elementor-element elementor-element-6fcac1a9 elementor-widget elementor-widget-wd_infobox\" data-id=\"6fcac1a9\" data-element_type=\"widget\" data-e-type=\"widget\" data-widget_type=\"wd_infobox.default\">\n\t\t\t\t<div class=\"elementor-widget-container\">\n\t\t\t\t\t\t\t<div class=\"info-box-wrapper\">\n\t\t\t<div class=\"wd-info-box text-left box-icon-align-left box-style-base color-scheme-light wd-items-top\">\n\t\t\t\t\t\t\t\t\t<div class=\"box-icon-wrapper  box-with-text text-size-default box-icon-simple\">\n\t\t\t\t\t\t<div class=\"info-box-icon\">\n\t\t\t\t\t\t\t\t\t\t\t\t\t\t\t3.\t\t\t\t\t\t\t\t\t\t\t\t\t<\/div>\n\t\t\t\t\t<\/div>\n\t\t\t\t\n\t\t\t\t<div class=\"info-box-content\">\n\t\t\t\t\t\n\t\t\t\t\t\t\t\t\t\t\t<h4\t\t\t\t\t\tclass=\"info-box-title title box-title-style-default wd-fontsize-xl\" data-elementor-setting-key=\"title\">\n\t\t\t\t\t\t\t\tPARFUM\t\t\t\t\t\t<\/h4>\n\t\t\t\t\t\n\t\t\t\t\t<div class=\"info-box-inner reset-last-child\"data-elementor-setting-key=\"content\"><p>Intense note di frutta di sottobosco, con un finale ricco di spezie.<\/p>\n<\/div>\n\n\t\t\t\t\t\t\t\t\t<\/div>\n\n\t\t\t\t\t\t\t<\/div>\n\t\t<\/div>\n\t\t\t\t\t\t<\/div>\n\t\t\t\t<\/div>\n\t\t\t\t\t<\/div>\n\t\t<\/div>\n\t\t\t\t\t<\/div>\n\t\t<\/section>\n\t\t\t\t\t<\/div>\n\t\t<\/div>\n\t\t\t\t\t<\/div>\n\t\t<\/section>\n\t\t\t\t<\/div>","protected":false},"excerpt":{"rendered":"<p>L&#8217;Amarone Riserva Sergio Zenato \u00e8 un grande vino che nasce solo in alcune annate, ottenuto dalla selezione delle migliori uve di Corvina, Rondinella, Oseleta e Croatina dei vigneti pi\u00f9 vecchi coltivati a S. Ambrogio, nel cuore della Valpolicella Classica.<\/p>\n<p>Dal colore rosso rubino carico, dal profumo intenso, fruttato, ciliegia, marasca e piccoli frutti di bosco, speziato. Sapore caldo, di grande struttura.<\/p>","protected":false},"featured_media":285484,"comment_status":"closed","ping_status":"closed","template":"","meta":{"_relevanssi_hide_post":"","_relevanssi_hide_content":"","_relevanssi_pin_for_all":"","_relevanssi_pin_keywords":"","_relevanssi_unpin_keywords":"","_relevanssi_related_keywords":"","_relevanssi_related_include_ids":"","_relevanssi_related_exclude_ids":"","_relevanssi_related_no_append":"","_relevanssi_related_not_related":"","_relevanssi_related_posts":"","_relevanssi_noindex_reason":""},"product_brand":[1280],"product_cat":[427],"product_tag":[1267],"class_list":{"0":"post-31065","1":"product","2":"type-product","3":"status-publish","4":"has-post-thumbnail","6":"product_brand-zenato","7":"product_cat-rosso","8":"product_tag-1267","9":"pa_annata-528","10":"pa_denominazione-amarone-della-valpolicella-docg","11":"pa_formato-075-cl","12":"pa_gradazione-alcolica-16-5","13":"pa_paese-italia","14":"pa_produttore-zenato","15":"pa_regione-veneto","16":"pa_tipologia-vini-rossi","17":"pa_vitigni-corvina-80-rondinella-10-oseleta-10","19":"first","20":"instock","21":"featured","22":"taxable","23":"shipping-taxable","24":"purchasable","25":"product-type-simple"},"ase":null,"_links":{"self":[{"href":"https:\/\/www.vinness.it\/fr\/wp-json\/wp\/v2\/product\/31065","targetHints":{"allow":["GET"]}}],"collection":[{"href":"https:\/\/www.vinness.it\/fr\/wp-json\/wp\/v2\/product"}],"about":[{"href":"https:\/\/www.vinness.it\/fr\/wp-json\/wp\/v2\/types\/product"}],"replies":[{"embeddable":true,"href":"https:\/\/www.vinness.it\/fr\/wp-json\/wp\/v2\/comments?post=31065"}],"version-history":[{"count":0,"href":"https:\/\/www.vinness.it\/fr\/wp-json\/wp\/v2\/product\/31065\/revisions"}],"wp:featuredmedia":[{"embeddable":true,"href":"https:\/\/www.vinness.it\/fr\/wp-json\/wp\/v2\/media\/285484"}],"wp:attachment":[{"href":"https:\/\/www.vinness.it\/fr\/wp-json\/wp\/v2\/media?parent=31065"}],"wp:term":[{"taxonomy":"product_brand","embeddable":true,"href":"https:\/\/www.vinness.it\/fr\/wp-json\/wp\/v2\/product_brand?post=31065"},{"taxonomy":"product_cat","embeddable":true,"href":"https:\/\/www.vinness.it\/fr\/wp-json\/wp\/v2\/product_cat?post=31065"},{"taxonomy":"product_tag","embeddable":true,"href":"https:\/\/www.vinness.it\/fr\/wp-json\/wp\/v2\/product_tag?post=31065"}],"curies":[{"name":"wp","href":"https:\/\/api.w.org\/{rel}","templated":true}]}}