{"id":31545,"date":"2024-02-15T12:27:21","date_gmt":"2024-02-15T11:27:21","guid":{"rendered":"http:\/\/vinness.it\/?post_type=product&#038;p=31545"},"modified":"2026-04-25T23:31:20","modified_gmt":"2026-04-25T21:31:20","slug":"costa-damalfi-rosso-2021-doc-marisa-cuomo","status":"publish","type":"product","link":"https:\/\/www.vinness.it\/fr\/catalogo\/vineria\/vini-vineria\/rosso\/costa-damalfi-rosso-2021-doc-marisa-cuomo\/","title":{"rendered":"Costa d&#039;Amalfi Rosso 2021 DOC \u2013 Marisa Cuomo"},"content":{"rendered":"<div data-elementor-type=\"product-post\" data-elementor-id=\"31545\" class=\"elementor elementor-31545\" data-elementor-post-type=\"product\">\n\t\t\t\t<div data-particle_enable=\"false\" data-particle-mobile-disabled=\"false\" class=\"elementor-element elementor-element-688d35b9 e-con-full e-flex e-con e-parent\" data-id=\"688d35b9\" data-element_type=\"container\" data-e-type=\"container\">\n\t\t<div data-particle_enable=\"false\" data-particle-mobile-disabled=\"false\" class=\"elementor-element elementor-element-36b2141e e-flex e-con-boxed e-con e-child\" data-id=\"36b2141e\" data-element_type=\"container\" data-e-type=\"container\">\n\t\t\t\t\t<div class=\"e-con-inner\">\n\t\t\t\t<div class=\"elementor-element elementor-element-e14573c elementor-widget elementor-widget-heading\" data-id=\"e14573c\" data-element_type=\"widget\" data-e-type=\"widget\" data-widget_type=\"heading.default\">\n\t\t\t\t<div class=\"elementor-widget-container\">\n\t\t\t\t\t<h2 class=\"elementor-heading-title elementor-size-default\">Costa d\u2019Amalfi Rosso DOC\n<br>\nMarisa Cuomo<\/h2>\t\t\t\t<\/div>\n\t\t\t\t<\/div>\n\t\t\t\t<div class=\"elementor-element elementor-element-3ba07724 elementor-widget elementor-widget-heading\" data-id=\"3ba07724\" data-element_type=\"widget\" data-e-type=\"widget\" data-widget_type=\"heading.default\">\n\t\t\t\t<div class=\"elementor-widget-container\">\n\t\t\t\t\t<h5 class=\"elementor-heading-title elementor-size-default\">Il Costa d'Amalfi Rosso di Marisa Cuomo \u00e8 l\u2019etichetta che meglio esprime il carattere fragrante, solare e mediterraneo dei rossi di questo piccolo paradiso di rocce a strapiombo sul blu dl mare.<\/h5>\t\t\t\t<\/div>\n\t\t\t\t<\/div>\n\t\t\t\t\t<\/div>\n\t\t\t\t<\/div>\n\t\t<div data-particle_enable=\"false\" data-particle-mobile-disabled=\"false\" class=\"wd-negative-gap elementor-element elementor-element-3f9efc66 e-flex e-con-boxed e-con e-child\" data-id=\"3f9efc66\" data-element_type=\"container\" data-e-type=\"container\">\n\t\t\t\t\t<div class=\"e-con-inner\">\n\t\t\t\t<div class=\"elementor-element elementor-element-6089540b elementor-widget elementor-widget-gallery\" data-id=\"6089540b\" data-element_type=\"widget\" data-e-type=\"widget\" data-settings=\"{&quot;gallery_layout&quot;:&quot;masonry&quot;,&quot;columns&quot;:2,&quot;gap&quot;:{&quot;unit&quot;:&quot;px&quot;,&quot;size&quot;:24,&quot;sizes&quot;:[]},&quot;columns_tablet&quot;:2,&quot;columns_mobile&quot;:1,&quot;gap_tablet&quot;:{&quot;unit&quot;:&quot;px&quot;,&quot;size&quot;:10,&quot;sizes&quot;:[]},&quot;gap_mobile&quot;:{&quot;unit&quot;:&quot;px&quot;,&quot;size&quot;:10,&quot;sizes&quot;:[]},&quot;link_to&quot;:&quot;file&quot;,&quot;overlay_background&quot;:&quot;yes&quot;,&quot;content_hover_animation&quot;:&quot;fade-in&quot;}\" data-widget_type=\"gallery.default\">\n\t\t\t\t<div class=\"elementor-widget-container\">\n\t\t\t\t\t\t\t<div class=\"elementor-gallery__container\">\n\t\t\t\t\t<\/div>\n\t\t\t\t\t<\/div>\n\t\t\t\t<\/div>\n\t\t\t\t\t<\/div>\n\t\t\t\t<\/div>\n\t\t\t\t<\/div>\n\t\t\t\t<section data-particle_enable=\"false\" data-particle-mobile-disabled=\"false\" class=\"wd-negative-gap elementor-section elementor-top-section elementor-element elementor-element-5c7c371a elementor-section-boxed elementor-section-height-default elementor-section-height-default\" data-id=\"5c7c371a\" data-element_type=\"section\" data-e-type=\"section\">\n\t\t\t\t\t\t<div class=\"elementor-container elementor-column-gap-default\">\n\t\t\t\t\t<div class=\"elementor-column elementor-col-100 elementor-top-column elementor-element elementor-element-3c37f103\" data-id=\"3c37f103\" data-element_type=\"column\" data-e-type=\"column\">\n\t\t\t<div class=\"elementor-widget-wrap elementor-element-populated\">\n\t\t\t\t\t\t<div class=\"elementor-element elementor-element-3daa3a65 elementor-widget elementor-widget-heading\" data-id=\"3daa3a65\" data-element_type=\"widget\" data-e-type=\"widget\" data-widget_type=\"heading.default\">\n\t\t\t\t<div class=\"elementor-widget-container\">\n\t\t\t\t\t<h5 class=\"elementor-heading-title elementor-size-default\">Inondate dalla luce del sole e accarezzate dal vento, le vigne si trovano nelle condizioni ideali per regalare uve di straordinaria qualit\u00e0. Il vino \u00e8 prodotto con i due vitigni autoctoni a bacca rossa del territorio. La struttura e la profondit\u00e0 austera dell\u2019Aglianico, si sposa meravigliosamente con il frutto morbido e ricco del Piedirosso, creando una perfetta armonia gustativa. Per le sue caratteristiche di scorrevolezza e immediatezza, \u00e8 un\u2019etichetta molto duttile negli abbinamenti a tavola, particolarmente adatta ad accompagnare paste con sughi saporiti, pasta al forno o carni bianche.<\/h5>\t\t\t\t<\/div>\n\t\t\t\t<\/div>\n\t\t\t\t<div class=\"elementor-element elementor-element-4f6d760b elementor-widget elementor-widget-heading\" data-id=\"4f6d760b\" data-element_type=\"widget\" data-e-type=\"widget\" data-widget_type=\"heading.default\">\n\t\t\t\t<div class=\"elementor-widget-container\">\n\t\t\t\t\t<h5 class=\"elementor-heading-title elementor-size-default\">Il Costa d'Amalfi Rosso di Marisa Cuomo \u00e8 l\u2019espressione di una delle cantine campane di maggior prestigio, ormai da molti anni ai vertici della produzione regionale. Le uve di Piedirosso e Aglianico derivano da alcune parcelle della tenuta situate del territorio comunale di Cetara e nella frazione Raito di Vietri sul Mare. Le vigne sono coltivate su ripidi terrazzamenti affacciati sul mare, a un\u2019altitudine compresa tra i 100 e i 250 metri, con esposizione rivolta a sud. Il clima mediterraneo, influenzato dalle brezze marine e i terreni composti da rocce calcaree, consentono alle viti di portare a maturazione uve dal profilo particolarmente elegante. Al termine delle operazioni di vendemmia, i grappoli sono avviati alla fermentazione in tini d\u2019acciaio inox a temperatura controllata con macerazione sulle bucce. Il vino matura per alcuni mesi in vasche d\u2019acciaio e poi viene imbottigliato.<\/h5>\t\t\t\t<\/div>\n\t\t\t\t<\/div>\n\t\t\t\t<div class=\"elementor-element elementor-element-7e39adff elementor-widget elementor-widget-heading\" data-id=\"7e39adff\" data-element_type=\"widget\" data-e-type=\"widget\" data-widget_type=\"heading.default\">\n\t\t\t\t<div class=\"elementor-widget-container\">\n\t\t\t\t\t<h5 class=\"elementor-heading-title elementor-size-default\">Il Costa d'Amalfi Rosso di Marisa Cuomo \u00e8 un vino giovane e piacevolmente semplice, adatto a chi ama i rossi scorrevoli, non troppo strutturati e impegnativi. Una scelta che predilige l\u2019eleganza alla potenza e alla concentrazione aromatica. Nel calice ha un colore rosso rubino con riflessi luminosi. All\u2019olfatto regala fragranti aromi fruttati con profumi di marasca, piccoli frutti di bosco a bacca rossa, ciliegia matura, ribes, delicati cenni di spezie orientali e un leggero tocco di pepe nero. Al palato \u00e8 di medio corpo, con tannini armoniosi e ben integrati ad un frutto succoso e croccante, che anticipa un finale fresco, sapido e di buona persistenza gustativa.<\/h5>\t\t\t\t<\/div>\n\t\t\t\t<\/div>\n\t\t\t\t\t<\/div>\n\t\t<\/div>\n\t\t\t\t\t<\/div>\n\t\t<\/section>\n\t\t\t\t<section data-particle_enable=\"false\" data-particle-mobile-disabled=\"false\" class=\"wd-negative-gap elementor-section elementor-top-section elementor-element elementor-element-5e093c36 wd-section-stretch elementor-section-boxed elementor-section-height-default elementor-section-height-default\" data-id=\"5e093c36\" data-element_type=\"section\" data-e-type=\"section\" data-settings=\"{&quot;background_background&quot;:&quot;classic&quot;}\">\n\t\t\t\t\t\t<div class=\"elementor-container elementor-column-gap-default\">\n\t\t\t\t\t<div class=\"elementor-column elementor-col-100 elementor-top-column elementor-element elementor-element-3e57a87a\" data-id=\"3e57a87a\" data-element_type=\"column\" data-e-type=\"column\">\n\t\t\t<div class=\"elementor-widget-wrap elementor-element-populated\">\n\t\t\t\t\t\t<section data-particle_enable=\"false\" data-particle-mobile-disabled=\"false\" class=\"wd-negative-gap elementor-section elementor-inner-section elementor-element elementor-element-6422308d elementor-section-boxed elementor-section-height-default elementor-section-height-default\" data-id=\"6422308d\" data-element_type=\"section\" data-e-type=\"section\">\n\t\t\t\t\t\t<div class=\"elementor-container elementor-column-gap-default\">\n\t\t\t\t\t<div class=\"elementor-column elementor-col-33 elementor-inner-column elementor-element elementor-element-246237cf\" data-id=\"246237cf\" data-element_type=\"column\" data-e-type=\"column\">\n\t\t\t<div class=\"elementor-widget-wrap elementor-element-populated\">\n\t\t\t\t\t\t<div class=\"elementor-element elementor-element-1bc8932 elementor-widget elementor-widget-wd_infobox\" data-id=\"1bc8932\" data-element_type=\"widget\" data-e-type=\"widget\" data-widget_type=\"wd_infobox.default\">\n\t\t\t\t<div class=\"elementor-widget-container\">\n\t\t\t\t\t\t\t<div class=\"info-box-wrapper\">\n\t\t\t<div class=\"wd-info-box text-left box-icon-align-left box-style-base color-scheme-light wd-items-top\">\n\t\t\t\t\t\t\t\t\t<div class=\"box-icon-wrapper  box-with-text text-size-default box-icon-simple\">\n\t\t\t\t\t\t<div class=\"info-box-icon\">\n\t\t\t\t\t\t\t\t\t\t\t\t\t\t\t1.\t\t\t\t\t\t\t\t\t\t\t\t\t<\/div>\n\t\t\t\t\t<\/div>\n\t\t\t\t\n\t\t\t\t<div class=\"info-box-content\">\n\t\t\t\t\t\n\t\t\t\t\t\t\t\t\t\t\t<h4\t\t\t\t\t\tclass=\"info-box-title title box-title-style-default wd-fontsize-xl\" data-elementor-setting-key=\"title\">\n\t\t\t\t\t\t\t\tCOULEUR\t\t\t\t\t\t<\/h4>\n\t\t\t\t\t\n\t\t\t\t\t<div class=\"info-box-inner reset-last-child\"data-elementor-setting-key=\"content\"><p>Rosso rubino luminoso.<\/p>\n<\/div>\n\n\t\t\t\t\t\t\t\t\t<\/div>\n\n\t\t\t\t\t\t\t<\/div>\n\t\t<\/div>\n\t\t\t\t\t\t<\/div>\n\t\t\t\t<\/div>\n\t\t\t\t\t<\/div>\n\t\t<\/div>\n\t\t\t\t<div class=\"elementor-column elementor-col-33 elementor-inner-column elementor-element elementor-element-12f636a6\" data-id=\"12f636a6\" data-element_type=\"column\" data-e-type=\"column\">\n\t\t\t<div class=\"elementor-widget-wrap elementor-element-populated\">\n\t\t\t\t\t\t<div class=\"elementor-element elementor-element-60345127 elementor-widget elementor-widget-wd_infobox\" data-id=\"60345127\" data-element_type=\"widget\" data-e-type=\"widget\" data-widget_type=\"wd_infobox.default\">\n\t\t\t\t<div class=\"elementor-widget-container\">\n\t\t\t\t\t\t\t<div class=\"info-box-wrapper\">\n\t\t\t<div class=\"wd-info-box text-left box-icon-align-left box-style-base color-scheme-light wd-items-top\">\n\t\t\t\t\t\t\t\t\t<div class=\"box-icon-wrapper  box-with-text text-size-default box-icon-simple\">\n\t\t\t\t\t\t<div class=\"info-box-icon\">\n\t\t\t\t\t\t\t\t\t\t\t\t\t\t\t2.\t\t\t\t\t\t\t\t\t\t\t\t\t<\/div>\n\t\t\t\t\t<\/div>\n\t\t\t\t\n\t\t\t\t<div class=\"info-box-content\">\n\t\t\t\t\t\n\t\t\t\t\t\t\t\t\t\t\t<h4\t\t\t\t\t\tclass=\"info-box-title title box-title-style-default wd-fontsize-xl\" data-elementor-setting-key=\"title\">\n\t\t\t\t\t\t\t\tGO\u00dbT\t\t\t\t\t\t<\/h4>\n\t\t\t\t\t\n\t\t\t\t\t<div class=\"info-box-inner reset-last-child\"data-elementor-setting-key=\"content\"><p>Equilibrato, armonioso, ottima corrispondenza gusto-olfattiva, dal finale persistente e con tannini eleganti.<\/p>\n<\/div>\n\n\t\t\t\t\t\t\t\t\t<\/div>\n\n\t\t\t\t\t\t\t<\/div>\n\t\t<\/div>\n\t\t\t\t\t\t<\/div>\n\t\t\t\t<\/div>\n\t\t\t\t\t<\/div>\n\t\t<\/div>\n\t\t\t\t<div class=\"elementor-column elementor-col-33 elementor-inner-column elementor-element elementor-element-4286fc62\" data-id=\"4286fc62\" data-element_type=\"column\" data-e-type=\"column\">\n\t\t\t<div class=\"elementor-widget-wrap elementor-element-populated\">\n\t\t\t\t\t\t<div class=\"elementor-element elementor-element-6c435132 elementor-widget elementor-widget-wd_infobox\" data-id=\"6c435132\" data-element_type=\"widget\" data-e-type=\"widget\" data-widget_type=\"wd_infobox.default\">\n\t\t\t\t<div class=\"elementor-widget-container\">\n\t\t\t\t\t\t\t<div class=\"info-box-wrapper\">\n\t\t\t<div class=\"wd-info-box text-left box-icon-align-left box-style-base color-scheme-light wd-items-top\">\n\t\t\t\t\t\t\t\t\t<div class=\"box-icon-wrapper  box-with-text text-size-default box-icon-simple\">\n\t\t\t\t\t\t<div class=\"info-box-icon\">\n\t\t\t\t\t\t\t\t\t\t\t\t\t\t\t3.\t\t\t\t\t\t\t\t\t\t\t\t\t<\/div>\n\t\t\t\t\t<\/div>\n\t\t\t\t\n\t\t\t\t<div class=\"info-box-content\">\n\t\t\t\t\t\n\t\t\t\t\t\t\t\t\t\t\t<h4\t\t\t\t\t\tclass=\"info-box-title title box-title-style-default wd-fontsize-xl\" data-elementor-setting-key=\"title\">\n\t\t\t\t\t\t\t\tPARFUM\t\t\t\t\t\t<\/h4>\n\t\t\t\t\t\n\t\t\t\t\t<div class=\"info-box-inner reset-last-child\"data-elementor-setting-key=\"content\"><p>Intenso, dolce, fruttato, piccola frutta a bacca rossa, marasca, confettura di frutti di bosco e leggeri richiami di pepe nero.<\/p>\n<\/div>\n\n\t\t\t\t\t\t\t\t\t<\/div>\n\n\t\t\t\t\t\t\t<\/div>\n\t\t<\/div>\n\t\t\t\t\t\t<\/div>\n\t\t\t\t<\/div>\n\t\t\t\t\t<\/div>\n\t\t<\/div>\n\t\t\t\t\t<\/div>\n\t\t<\/section>\n\t\t\t\t\t<\/div>\n\t\t<\/div>\n\t\t\t\t\t<\/div>\n\t\t<\/section>\n\t\t\t\t<\/div>","protected":false},"excerpt":{"rendered":"<p>Il Rosso Costa d&#8217;Amalfi di Marisa Cuomo \u00e8 rubino intenso e luminoso. Il naso \u00e8 incentrato sui frutti rossi, amarena e lampone in primis, con note di macchia mediterranea, chiodi di garofano, violette e pepe nero.<\/p>\n<p>Il sorso \u00e8 fresco, dal tannino presente ma ingentilito dal frutto, e una certa sapidit\u00e0. Ottimo con i maccheroni freschi al rag\u00f9, come con l&#8217;agnello fritto.<\/p>","protected":false},"featured_media":285031,"comment_status":"closed","ping_status":"closed","template":"","meta":{"_relevanssi_hide_post":"","_relevanssi_hide_content":"","_relevanssi_pin_for_all":"","_relevanssi_pin_keywords":"","_relevanssi_unpin_keywords":"","_relevanssi_related_keywords":"","_relevanssi_related_include_ids":"","_relevanssi_related_exclude_ids":"","_relevanssi_related_no_append":"","_relevanssi_related_not_related":"","_relevanssi_related_posts":"","_relevanssi_noindex_reason":""},"product_brand":[1262],"product_cat":[427],"product_tag":[1190],"class_list":{"0":"post-31545","1":"product","2":"type-product","3":"status-publish","4":"has-post-thumbnail","6":"product_brand-marisa-cuomo","7":"product_cat-rosso","8":"product_tag-1190","9":"pa_annata-536","10":"pa_denominazione-costa-damalfi-doc","11":"pa_formato-075-cl","12":"pa_gradazione-alcolica-13-5","13":"pa_paese-italia","14":"pa_produttore-marisa-cuomo","15":"pa_regione-campania","16":"pa_tipologia-vini-rossi","17":"pa_vitigni-piedirosso-50-aglianico-50","19":"first","20":"instock","21":"taxable","22":"shipping-taxable","23":"purchasable","24":"product-type-simple"},"ase":null,"_links":{"self":[{"href":"https:\/\/www.vinness.it\/fr\/wp-json\/wp\/v2\/product\/31545","targetHints":{"allow":["GET"]}}],"collection":[{"href":"https:\/\/www.vinness.it\/fr\/wp-json\/wp\/v2\/product"}],"about":[{"href":"https:\/\/www.vinness.it\/fr\/wp-json\/wp\/v2\/types\/product"}],"replies":[{"embeddable":true,"href":"https:\/\/www.vinness.it\/fr\/wp-json\/wp\/v2\/comments?post=31545"}],"version-history":[{"count":0,"href":"https:\/\/www.vinness.it\/fr\/wp-json\/wp\/v2\/product\/31545\/revisions"}],"wp:featuredmedia":[{"embeddable":true,"href":"https:\/\/www.vinness.it\/fr\/wp-json\/wp\/v2\/media\/285031"}],"wp:attachment":[{"href":"https:\/\/www.vinness.it\/fr\/wp-json\/wp\/v2\/media?parent=31545"}],"wp:term":[{"taxonomy":"product_brand","embeddable":true,"href":"https:\/\/www.vinness.it\/fr\/wp-json\/wp\/v2\/product_brand?post=31545"},{"taxonomy":"product_cat","embeddable":true,"href":"https:\/\/www.vinness.it\/fr\/wp-json\/wp\/v2\/product_cat?post=31545"},{"taxonomy":"product_tag","embeddable":true,"href":"https:\/\/www.vinness.it\/fr\/wp-json\/wp\/v2\/product_tag?post=31545"}],"curies":[{"name":"wp","href":"https:\/\/api.w.org\/{rel}","templated":true}]}}