{"id":32394,"date":"2024-02-17T03:19:21","date_gmt":"2024-02-17T02:19:21","guid":{"rendered":"http:\/\/vinness.it\/?post_type=product&#038;p=32394"},"modified":"2025-03-09T04:48:29","modified_gmt":"2025-03-09T03:48:29","slug":"taurasi-radici-2015-mastroberardino","status":"publish","type":"product","link":"https:\/\/www.vinness.it\/fr\/catalogo\/vineria\/vini-vineria\/rosso\/taurasi-radici-2015-mastroberardino\/","title":{"rendered":"Taurasi Radici 2015 &#8211; Mastroberardino"},"content":{"rendered":"<p>Expression exemplaire de l'Aglianico di Taurasi, le \"Radici\" repr\u00e9sente toute l'histoire de la viticulture irlandaise. R\u00e9colte apr\u00e8s r\u00e9colte, sans jamais d\u00e9cevoir les attentes, le Taurasi par excellence de Mastroberardino conserve intactes la personnalit\u00e9 \u00e9nergique et la structure cors\u00e9e qui l'ont rendu c\u00e9l\u00e8bre dans le monde entier. Un grand classique, un vin rouge incontournable, dont la vinification se fait en acier avec une longue mac\u00e9ration avec les peaux et dont la maturation se fait en barriques et en f\u00fbts de ch\u00eane pendant une p\u00e9riode d'environ 24 mois, suivie de deux ann\u00e9es suppl\u00e9mentaires d'affinage en bouteille.<\/p>","protected":false},"excerpt":{"rendered":"<p><strong>CARATTERISTICHE<\/strong><\/p>\n<p><strong>D\u00e9nomination :<\/strong> Taurasi DOCG<br \/>\n<strong>C\u00e9pages :<\/strong> Aglianico 100%<br \/>\n<strong>R\u00e9gion :<\/strong> Campanie<br \/>\n<strong>Gradation :<\/strong> 14%<br \/>\n<strong>Temp. servizio:<\/strong> 16\u00b0-18\u00b0C<br \/>\n<strong>Format :<\/strong> Bouteille 75 cl<\/p>","protected":false},"featured_media":0,"comment_status":"closed","ping_status":"closed","template":"","meta":{"_relevanssi_hide_post":"","_relevanssi_hide_content":"","_relevanssi_pin_for_all":"","_relevanssi_pin_keywords":"","_relevanssi_unpin_keywords":"","_relevanssi_related_keywords":"","_relevanssi_related_include_ids":"","_relevanssi_related_exclude_ids":"","_relevanssi_related_no_append":"","_relevanssi_related_not_related":"","_relevanssi_related_posts":"","_relevanssi_noindex_reason":""},"product_brand":[],"product_cat":[427],"product_tag":[],"class_list":{"0":"post-32394","1":"product","2":"type-product","3":"status-publish","5":"product_cat-rosso","7":"first","8":"outofstock","9":"taxable","10":"shipping-taxable","11":"purchasable","12":"product-type-simple"},"ase":null,"_links":{"self":[{"href":"https:\/\/www.vinness.it\/fr\/wp-json\/wp\/v2\/product\/32394","targetHints":{"allow":["GET"]}}],"collection":[{"href":"https:\/\/www.vinness.it\/fr\/wp-json\/wp\/v2\/product"}],"about":[{"href":"https:\/\/www.vinness.it\/fr\/wp-json\/wp\/v2\/types\/product"}],"replies":[{"embeddable":true,"href":"https:\/\/www.vinness.it\/fr\/wp-json\/wp\/v2\/comments?post=32394"}],"version-history":[{"count":0,"href":"https:\/\/www.vinness.it\/fr\/wp-json\/wp\/v2\/product\/32394\/revisions"}],"wp:attachment":[{"href":"https:\/\/www.vinness.it\/fr\/wp-json\/wp\/v2\/media?parent=32394"}],"wp:term":[{"taxonomy":"product_brand","embeddable":true,"href":"https:\/\/www.vinness.it\/fr\/wp-json\/wp\/v2\/product_brand?post=32394"},{"taxonomy":"product_cat","embeddable":true,"href":"https:\/\/www.vinness.it\/fr\/wp-json\/wp\/v2\/product_cat?post=32394"},{"taxonomy":"product_tag","embeddable":true,"href":"https:\/\/www.vinness.it\/fr\/wp-json\/wp\/v2\/product_tag?post=32394"}],"curies":[{"name":"wp","href":"https:\/\/api.w.org\/{rel}","templated":true}]}}