{"id":33280,"date":"2024-03-01T10:53:01","date_gmt":"2024-03-01T09:53:01","guid":{"rendered":"http:\/\/vinness.it\/?post_type=product&#038;p=33280"},"modified":"2025-05-28T13:44:38","modified_gmt":"2025-05-28T11:44:38","slug":"franciacorta-extra-brut-cuvee-prestige-edizione-45-150-cl-ca-del-bosco","status":"publish","type":"product","link":"https:\/\/www.vinness.it\/fr\/catalogo\/vineria\/magnum-vineria\/magnum-bollicine\/franciacorta-extra-brut-cuvee-prestige-edizione-45-150-cl-ca-del-bosco\/","title":{"rendered":"Franciacorta Extra Brut \u00ab Cuv\u00e9e Prestige Edition 45 \u00bb 150 cl \u2013 Ca&#039; del Bosco"},"content":{"rendered":"<div data-elementor-type=\"product-post\" data-elementor-id=\"33280\" class=\"elementor elementor-33280\" data-elementor-post-type=\"product\">\n\t\t\t\t<div class=\"elementor-element elementor-element-430eeed1 e-con-full e-flex e-con e-parent\" data-id=\"430eeed1\" data-element_type=\"container\" data-e-type=\"container\">\n\t\t<div class=\"elementor-element elementor-element-51047 e-flex e-con-boxed e-con e-child\" data-id=\"51047\" data-element_type=\"container\" data-e-type=\"container\">\n\t\t\t\t\t<div class=\"e-con-inner\">\n\t\t\t\t<div class=\"elementor-element elementor-element-3158ab90 elementor-widget elementor-widget-heading\" data-id=\"3158ab90\" data-element_type=\"widget\" data-e-type=\"widget\" data-widget_type=\"heading.default\">\n\t\t\t\t<div class=\"elementor-widget-container\">\n\t\t\t\t\t<h2 class=\"elementor-heading-title elementor-size-default\">Franciacorta Extra Brut &#039;Cuv\u00e9e Prestige Edition 45&#039;\n<br>\nLa Ca&#039; del Bosco<\/h2>\t\t\t\t<\/div>\n\t\t\t\t<\/div>\n\t\t\t\t<div class=\"elementor-element elementor-element-7b35cd7 elementor-widget elementor-widget-heading\" data-id=\"7b35cd7\" data-element_type=\"widget\" data-e-type=\"widget\" data-widget_type=\"heading.default\">\n\t\t\t\t<div class=\"elementor-widget-container\">\n\t\t\t\t\t<h5 class=\"elementor-heading-title elementor-size-default\">La &quot;Cuv\u00e9e Prestige Edizione 45&quot; de Ca&#039; del Bosco est une Franciacorta Extra Brut fra\u00eeche et vive d&#039;un grand plaisir aromatique, vieillie environ 25 mois sur les levures de la bouteille. Des parfums fruit\u00e9s de p\u00eache, de fleurs, d&#039;agrumes s&#039;int\u00e8grent \u00e0 des notes de panification et d&#039;amandes grill\u00e9es : un symbole de la Franciacorta !<\/h5>\t\t\t\t<\/div>\n\t\t\t\t<\/div>\n\t\t\t\t\t<\/div>\n\t\t\t\t<\/div>\n\t\t<div class=\"wd-negative-gap elementor-element elementor-element-67cf5760 e-flex e-con-boxed e-con e-child\" data-id=\"67cf5760\" data-element_type=\"container\" data-e-type=\"container\">\n\t\t\t\t\t<div class=\"e-con-inner\">\n\t\t\t\t<div class=\"elementor-element elementor-element-57813c81 elementor-widget elementor-widget-gallery\" data-id=\"57813c81\" data-element_type=\"widget\" data-e-type=\"widget\" data-settings=\"{&quot;gallery_layout&quot;:&quot;masonry&quot;,&quot;columns&quot;:2,&quot;gap&quot;:{&quot;unit&quot;:&quot;px&quot;,&quot;size&quot;:24,&quot;sizes&quot;:[]},&quot;columns_tablet&quot;:2,&quot;columns_mobile&quot;:1,&quot;gap_tablet&quot;:{&quot;unit&quot;:&quot;px&quot;,&quot;size&quot;:10,&quot;sizes&quot;:[]},&quot;gap_mobile&quot;:{&quot;unit&quot;:&quot;px&quot;,&quot;size&quot;:10,&quot;sizes&quot;:[]},&quot;link_to&quot;:&quot;file&quot;,&quot;overlay_background&quot;:&quot;yes&quot;,&quot;content_hover_animation&quot;:&quot;fade-in&quot;}\" data-widget_type=\"gallery.default\">\n\t\t\t\t<div class=\"elementor-widget-container\">\n\t\t\t\t\t\t\t<div class=\"elementor-gallery__container\">\n\t\t\t\t\t<\/div>\n\t\t\t\t\t<\/div>\n\t\t\t\t<\/div>\n\t\t\t\t\t<\/div>\n\t\t\t\t<\/div>\n\t\t\t\t<\/div>\n\t\t\t\t<section class=\"wd-negative-gap elementor-section elementor-top-section elementor-element elementor-element-7de59222 elementor-section-boxed elementor-section-height-default elementor-section-height-default\" data-id=\"7de59222\" data-element_type=\"section\" data-e-type=\"section\">\n\t\t\t\t\t\t<div class=\"elementor-container elementor-column-gap-default\">\n\t\t\t\t\t<div class=\"elementor-column elementor-col-100 elementor-top-column elementor-element elementor-element-75f1aa23\" data-id=\"75f1aa23\" data-element_type=\"column\" data-e-type=\"column\">\n\t\t\t<div class=\"elementor-widget-wrap elementor-element-populated\">\n\t\t\t\t\t\t<div class=\"elementor-element elementor-element-415a397f elementor-widget elementor-widget-heading\" data-id=\"415a397f\" data-element_type=\"widget\" data-e-type=\"widget\" data-widget_type=\"heading.default\">\n\t\t\t\t<div class=\"elementor-widget-container\">\n\t\t\t\t\t<h5 class=\"elementor-heading-title elementor-size-default\">Le Franciacorta Cuv\u00e9e Prestige 45 de Ca&#039; del Bosco est un vin mousseux de r\u00e9f\u00e9rence dans le monde des bulles. Un nom et une certitude : Ca&#039; del Bosco, parmi les domaines viticoles les plus importants d&#039;Italie, qui raconte toute son histoire avec cette Cuv\u00e9e Prestige dans la 44\u00e8me \u00e9dition. Tout a commenc\u00e9 avec Maurizio Zanella, un gar\u00e7on passionn\u00e9 de vin qui s&#039;est install\u00e9 avec sa famille \u00e0 Erbusco et a d\u00e9cid\u00e9 de cultiver son premier vignoble. Maurizio n&#039;aurait jamais imagin\u00e9 que ce simple vignoble \u00e9tait la premi\u00e8re brique d&#039;une r\u00e9alit\u00e9 qui deviendrait un mod\u00e8le et un exemple dans le monde du vin mousseux italien. Le tournant survient quelques ann\u00e9es plus tard lorsque Maurizio entreprend un voyage en Champagne et, fascin\u00e9 par les grosses bulles, d\u00e9cide de consacrer sa vie \u00e0 la cr\u00e9ation d&#039;un vin mousseux qui ram\u00e8ne tous les traits fran\u00e7ais. C&#039;est ainsi qu&#039;est n\u00e9e Prestige Cuv\u00e9e, ce r\u00eave longtemps esp\u00e9r\u00e9 et cultiv\u00e9 devenu r\u00e9alit\u00e9 sous forme liquide ! C&#039;est une perle de style Ca&#039; del Bosco, une bulle traditionnelle, n\u00e9e de plus de 30 ans d&#039;exp\u00e9rience, qui incarne parfaitement l&#039;\u00e2me et l&#039;essence de la terre de Franciacortina. Une \u00e9dition qui rend hommage \u00e0 l&#039;histoire de cette cave historique et qui contient toute l&#039;essence des diff\u00e9rents terroirs de Franciacorta.<\/h5>\t\t\t\t<\/div>\n\t\t\t\t<\/div>\n\t\t\t\t<div class=\"elementor-element elementor-element-29b3f0e2 elementor-widget elementor-widget-heading\" data-id=\"29b3f0e2\" data-element_type=\"widget\" data-e-type=\"widget\" data-widget_type=\"heading.default\">\n\t\t\t\t<div class=\"elementor-widget-container\">\n\t\t\t\t\t<h5 class=\"elementor-heading-title elementor-size-default\">Franciacorta Cuv\u00e8e Prestige &quot;Edizione 45&quot; est issue des meilleurs raisins de Chardonnay, avec un faible pourcentage de Pinot Noir et de Pinot Blanc, qui proviennent de 197 vignobles diff\u00e9rents, dont 162 pour le Chardonnay seul. Les vignes ont un \u00e2ge moyen entre 19 et 29 ans et sont enracin\u00e9es sur un sol argilo-calcaire. Ils sont vinifi\u00e9s s\u00e9par\u00e9ment en cuves acier thermor\u00e9gul\u00e9es pendant 8 mois puis associ\u00e9s aux r\u00e9serves des meilleurs mill\u00e9simes afin de trouver la recette parfaite de la meilleure Cuv\u00e9e. La refermentation s&#039;effectue en bouteille selon les principes de la M\u00e9thode Classique et l&#039;\u00e9levage sur levures dure environ 25 mois, lui conf\u00e9rant une personnalit\u00e9 unique et riche. C&#039;est un Extra-Brut \u00e0 part enti\u00e8re dos\u00e9 \u00e0 environ 1,0 gramme\/litre de sucre.<\/h5>\t\t\t\t<\/div>\n\t\t\t\t<\/div>\n\t\t\t\t<div class=\"elementor-element elementor-element-9d21b99 elementor-widget elementor-widget-heading\" data-id=\"9d21b99\" data-element_type=\"widget\" data-e-type=\"widget\" data-widget_type=\"heading.default\">\n\t\t\t\t<div class=\"elementor-widget-container\">\n\t\t\t\t\t<h5 class=\"elementor-heading-title elementor-size-default\">Ca&#039; del Bosco Franciacorta 45 se pr\u00e9sente \u00e0 l&#039;\u0153il avec une prestigieuse robe jaune paille brillante, travers\u00e9e de bulles fines et persistantes. Au nez, il lib\u00e8re d\u00e9licatement et progressivement des notes timides et parfum\u00e9es d&#039;agrumes, de pomme, de p\u00eache blanche et de fruits exotiques, enrichies de souvenirs p\u00e2tissiers, d&#039;\u00e9chos de fruits secs et de sillages min\u00e9raux. Le go\u00fbt, vif et vif, incite \u00e0 la d\u00e9gustation de par sa fra\u00eecheur irr\u00e9sistible, vibrante et bien dos\u00e9e. La boisson est donc fine et invitante et se prolonge sur une agr\u00e9able finale fruit\u00e9e. A d\u00e9guster sur des entr\u00e9es de poisson frais, un carpaccio, des sushis et sashimis ou sur un risotto aux fruits de mer ou avec des courgettes et gambas. La fra\u00eecheur faite avec le vin !<\/h5>\t\t\t\t<\/div>\n\t\t\t\t<\/div>\n\t\t\t\t\t<\/div>\n\t\t<\/div>\n\t\t\t\t\t<\/div>\n\t\t<\/section>\n\t\t\t\t<section class=\"wd-negative-gap elementor-section elementor-top-section elementor-element elementor-element-54a308a3 wd-section-stretch elementor-section-boxed elementor-section-height-default elementor-section-height-default\" data-id=\"54a308a3\" data-element_type=\"section\" data-e-type=\"section\" data-settings=\"{&quot;background_background&quot;:&quot;classic&quot;}\">\n\t\t\t\t\t\t<div class=\"elementor-container elementor-column-gap-default\">\n\t\t\t\t\t<div class=\"elementor-column elementor-col-100 elementor-top-column elementor-element elementor-element-104a4a6a\" data-id=\"104a4a6a\" data-element_type=\"column\" data-e-type=\"column\">\n\t\t\t<div class=\"elementor-widget-wrap elementor-element-populated\">\n\t\t\t\t\t\t<section class=\"wd-negative-gap elementor-section elementor-inner-section elementor-element elementor-element-3f05509d elementor-section-boxed elementor-section-height-default elementor-section-height-default\" data-id=\"3f05509d\" data-element_type=\"section\" data-e-type=\"section\">\n\t\t\t\t\t\t<div class=\"elementor-container elementor-column-gap-default\">\n\t\t\t\t\t<div class=\"elementor-column elementor-col-33 elementor-inner-column elementor-element elementor-element-6e97b0f3\" data-id=\"6e97b0f3\" data-element_type=\"column\" data-e-type=\"column\">\n\t\t\t<div class=\"elementor-widget-wrap elementor-element-populated\">\n\t\t\t\t\t\t<div class=\"elementor-element elementor-element-747fc39c elementor-widget elementor-widget-wd_infobox\" data-id=\"747fc39c\" data-element_type=\"widget\" data-e-type=\"widget\" data-widget_type=\"wd_infobox.default\">\n\t\t\t\t<div class=\"elementor-widget-container\">\n\t\t\t\t\t\t\t<div class=\"info-box-wrapper\">\n\t\t\t<div class=\"wd-info-box text-left box-icon-align-left box-style-base color-scheme-light wd-items-top\">\n\t\t\t\t\t\t\t\t\t<div class=\"box-icon-wrapper  box-with-text text-size-default box-icon-simple\">\n\t\t\t\t\t\t<div class=\"info-box-icon\">\n\t\t\t\t\t\t\t\t\t\t\t\t\t\t\t1.\t\t\t\t\t\t\t\t\t\t\t\t\t<\/div>\n\t\t\t\t\t<\/div>\n\t\t\t\t\n\t\t\t\t<div class=\"info-box-content\">\n\t\t\t\t\t\n\t\t\t\t\t\t\t\t\t\t\t<h4\t\t\t\t\t\tclass=\"info-box-title title box-title-style-default wd-fontsize-xl\" data-elementor-setting-key=\"title\">\n\t\t\t\t\t\t\t\tCOULEUR\t\t\t\t\t\t<\/h4>\n\t\t\t\t\t\n\t\t\t\t\t<div class=\"info-box-inner reset-last-child\"data-elementor-setting-key=\"content\"><p>Jaune paille, aux reflets dor\u00e9s ; perlage fin et persistant.<\/p>\n<\/div>\n\n\t\t\t\t\t\t\t\t\t<\/div>\n\n\t\t\t\t\t\t\t<\/div>\n\t\t<\/div>\n\t\t\t\t\t\t<\/div>\n\t\t\t\t<\/div>\n\t\t\t\t\t<\/div>\n\t\t<\/div>\n\t\t\t\t<div class=\"elementor-column elementor-col-33 elementor-inner-column elementor-element elementor-element-46142dc4\" data-id=\"46142dc4\" data-element_type=\"column\" data-e-type=\"column\">\n\t\t\t<div class=\"elementor-widget-wrap elementor-element-populated\">\n\t\t\t\t\t\t<div class=\"elementor-element elementor-element-5d040e38 elementor-widget elementor-widget-wd_infobox\" data-id=\"5d040e38\" data-element_type=\"widget\" data-e-type=\"widget\" data-widget_type=\"wd_infobox.default\">\n\t\t\t\t<div class=\"elementor-widget-container\">\n\t\t\t\t\t\t\t<div class=\"info-box-wrapper\">\n\t\t\t<div class=\"wd-info-box text-left box-icon-align-left box-style-base color-scheme-light wd-items-top\">\n\t\t\t\t\t\t\t\t\t<div class=\"box-icon-wrapper  box-with-text text-size-default box-icon-simple\">\n\t\t\t\t\t\t<div class=\"info-box-icon\">\n\t\t\t\t\t\t\t\t\t\t\t\t\t\t\t2.\t\t\t\t\t\t\t\t\t\t\t\t\t<\/div>\n\t\t\t\t\t<\/div>\n\t\t\t\t\n\t\t\t\t<div class=\"info-box-content\">\n\t\t\t\t\t\n\t\t\t\t\t\t\t\t\t\t\t<h4\t\t\t\t\t\tclass=\"info-box-title title box-title-style-default wd-fontsize-xl\" data-elementor-setting-key=\"title\">\n\t\t\t\t\t\t\t\tGO\u00dbT\t\t\t\t\t\t<\/h4>\n\t\t\t\t\t\n\t\t\t\t\t<div class=\"info-box-inner reset-last-child\"data-elementor-setting-key=\"content\"><p>En bouche, il est fin, tr\u00e8s frais et harmonieux.<\/p>\n<\/div>\n\n\t\t\t\t\t\t\t\t\t<\/div>\n\n\t\t\t\t\t\t\t<\/div>\n\t\t<\/div>\n\t\t\t\t\t\t<\/div>\n\t\t\t\t<\/div>\n\t\t\t\t\t<\/div>\n\t\t<\/div>\n\t\t\t\t<div class=\"elementor-column elementor-col-33 elementor-inner-column elementor-element elementor-element-228fbd74\" data-id=\"228fbd74\" data-element_type=\"column\" data-e-type=\"column\">\n\t\t\t<div class=\"elementor-widget-wrap elementor-element-populated\">\n\t\t\t\t\t\t<div class=\"elementor-element elementor-element-3cce1798 elementor-widget elementor-widget-wd_infobox\" data-id=\"3cce1798\" data-element_type=\"widget\" data-e-type=\"widget\" data-widget_type=\"wd_infobox.default\">\n\t\t\t\t<div class=\"elementor-widget-container\">\n\t\t\t\t\t\t\t<div class=\"info-box-wrapper\">\n\t\t\t<div class=\"wd-info-box text-left box-icon-align-left box-style-base color-scheme-light wd-items-top\">\n\t\t\t\t\t\t\t\t\t<div class=\"box-icon-wrapper  box-with-text text-size-default box-icon-simple\">\n\t\t\t\t\t\t<div class=\"info-box-icon\">\n\t\t\t\t\t\t\t\t\t\t\t\t\t\t\t3.\t\t\t\t\t\t\t\t\t\t\t\t\t<\/div>\n\t\t\t\t\t<\/div>\n\t\t\t\t\n\t\t\t\t<div class=\"info-box-content\">\n\t\t\t\t\t\n\t\t\t\t\t\t\t\t\t\t\t<h4\t\t\t\t\t\tclass=\"info-box-title title box-title-style-default wd-fontsize-xl\" data-elementor-setting-key=\"title\">\n\t\t\t\t\t\t\t\tPARFUM\t\t\t\t\t\t<\/h4>\n\t\t\t\t\t\n\t\t\t\t\t<div class=\"info-box-inner reset-last-child\"data-elementor-setting-key=\"content\"><p>Au nez, il s&#039;exprime avec des notes de p\u00eache et d&#039;agrumes, de d\u00e9licates notes florales et des notes d&#039;amande.<\/p>\n<\/div>\n\n\t\t\t\t\t\t\t\t\t<\/div>\n\n\t\t\t\t\t\t\t<\/div>\n\t\t<\/div>\n\t\t\t\t\t\t<\/div>\n\t\t\t\t<\/div>\n\t\t\t\t\t<\/div>\n\t\t<\/div>\n\t\t\t\t\t<\/div>\n\t\t<\/section>\n\t\t\t\t\t<\/div>\n\t\t<\/div>\n\t\t\t\t\t<\/div>\n\t\t<\/section>\n\t\t\t\t<\/div>","protected":false},"excerpt":{"rendered":"<p>La Franciacorta \u00ab Cuv\u00e9e Prestige \u2013 Edizione 45 \u00bb de Ca&#039; del Bosco, la quarante-cinqui\u00e8me interpr\u00e9tation du multivintage, se veut une expression de l&#039;essence la plus authentique des diff\u00e9rents terroirs de Franciacorta. L&#039;\u00e9dition 45 est une Franciacorta originale, parfum\u00e9e et complexe, qui r\u00e9v\u00e8le le mieux le caract\u00e8re des 139 vins diff\u00e9rents qui la composent, issus de 141 parcelles de vignoble et de 4 mill\u00e9simes diff\u00e9rents. \u00c9lev\u00e9 sur levures pendant au moins 25 mois, c&#039;est une Franciacorta surprenante par sa fra\u00eecheur et son \u00e9quilibre gustatif, avec une grande richesse aromatique, \u00e0 ne pas manquer absolument.<\/p>","protected":false},"featured_media":33655,"comment_status":"closed","ping_status":"closed","template":"","meta":{"_relevanssi_hide_post":"","_relevanssi_hide_content":"","_relevanssi_pin_for_all":"","_relevanssi_pin_keywords":"","_relevanssi_unpin_keywords":"","_relevanssi_related_keywords":"","_relevanssi_related_include_ids":"","_relevanssi_related_exclude_ids":"","_relevanssi_related_no_append":"","_relevanssi_related_not_related":"","_relevanssi_related_posts":"","_relevanssi_noindex_reason":""},"product_brand":[],"product_cat":[621],"product_tag":[],"class_list":{"0":"post-33280","1":"product","2":"type-product","3":"status-publish","4":"has-post-thumbnail","6":"product_cat-magnum-bollicine","7":"pa_annata-537","8":"pa_denominazione-franciacorta-docg","9":"pa_formato-150-cl","10":"pa_gradazione-alcolica-12-5","11":"pa_paese-italia","12":"pa_produttore-ca-del-bosco","13":"pa_regione-lombardia","14":"pa_tipologia-franciacorta","15":"pa_vitigni-chardonnay-83-pinot-nero-12-pinot-bianco-5","17":"first","18":"outofstock","19":"taxable","20":"shipping-taxable","21":"purchasable","22":"product-type-simple"},"ase":null,"_links":{"self":[{"href":"https:\/\/www.vinness.it\/fr\/wp-json\/wp\/v2\/product\/33280","targetHints":{"allow":["GET"]}}],"collection":[{"href":"https:\/\/www.vinness.it\/fr\/wp-json\/wp\/v2\/product"}],"about":[{"href":"https:\/\/www.vinness.it\/fr\/wp-json\/wp\/v2\/types\/product"}],"replies":[{"embeddable":true,"href":"https:\/\/www.vinness.it\/fr\/wp-json\/wp\/v2\/comments?post=33280"}],"version-history":[{"count":0,"href":"https:\/\/www.vinness.it\/fr\/wp-json\/wp\/v2\/product\/33280\/revisions"}],"wp:featuredmedia":[{"embeddable":true,"href":"https:\/\/www.vinness.it\/fr\/wp-json\/wp\/v2\/media\/33655"}],"wp:attachment":[{"href":"https:\/\/www.vinness.it\/fr\/wp-json\/wp\/v2\/media?parent=33280"}],"wp:term":[{"taxonomy":"product_brand","embeddable":true,"href":"https:\/\/www.vinness.it\/fr\/wp-json\/wp\/v2\/product_brand?post=33280"},{"taxonomy":"product_cat","embeddable":true,"href":"https:\/\/www.vinness.it\/fr\/wp-json\/wp\/v2\/product_cat?post=33280"},{"taxonomy":"product_tag","embeddable":true,"href":"https:\/\/www.vinness.it\/fr\/wp-json\/wp\/v2\/product_tag?post=33280"}],"curies":[{"name":"wp","href":"https:\/\/api.w.org\/{rel}","templated":true}]}}