{"id":36853,"date":"2024-05-07T23:05:44","date_gmt":"2024-05-07T21:05:44","guid":{"rendered":"https:\/\/www.vinness.it\/?post_type=product&#038;p=36853"},"modified":"2026-04-25T23:32:19","modified_gmt":"2026-04-25T21:32:19","slug":"bianco-villa-antinori-2023-antinori","status":"publish","type":"product","link":"https:\/\/www.vinness.it\/fr\/catalogo\/vineria\/vini-vineria\/bianco\/bianco-villa-antinori-2023-antinori\/","title":{"rendered":"\u00ab Villa Antinori \u00bb Blanche 2023 \u2013 Antinori"},"content":{"rendered":"<div data-elementor-type=\"product-post\" data-elementor-id=\"36853\" class=\"elementor elementor-36853\" data-elementor-post-type=\"product\">\n\t\t\t\t<div data-particle_enable=\"false\" data-particle-mobile-disabled=\"false\" class=\"elementor-element elementor-element-2ff6ad7a e-con-full e-flex e-con e-parent\" data-id=\"2ff6ad7a\" data-element_type=\"container\" data-e-type=\"container\">\n\t\t<div data-particle_enable=\"false\" data-particle-mobile-disabled=\"false\" class=\"elementor-element elementor-element-633e7663 e-flex e-con-boxed e-con e-child\" data-id=\"633e7663\" data-element_type=\"container\" data-e-type=\"container\">\n\t\t\t\t\t<div class=\"e-con-inner\">\n\t\t\t\t<div class=\"elementor-element elementor-element-55aad937 elementor-widget elementor-widget-heading\" data-id=\"55aad937\" data-element_type=\"widget\" data-e-type=\"widget\" data-widget_type=\"heading.default\">\n\t\t\t\t<div class=\"elementor-widget-container\">\n\t\t\t\t\t<h2 class=\"elementor-heading-title elementor-size-default\">Bianco \"Villa Antinori\"<\/h2>\t\t\t\t<\/div>\n\t\t\t\t<\/div>\n\t\t\t\t<div class=\"elementor-element elementor-element-4854956f elementor-widget elementor-widget-heading\" data-id=\"4854956f\" data-element_type=\"widget\" data-e-type=\"widget\" data-widget_type=\"heading.default\">\n\t\t\t\t<div class=\"elementor-widget-container\">\n\t\t\t\t\t<h5 class=\"elementor-heading-title elementor-size-default\">Il Bianco \u201cVilla Antinori\u201d della cantina Antinori \u00e8 un vino bianco fresco e leggero prodotto a San Casciano in Val di Pesa, in provincia di Firenze.<\/h5>\t\t\t\t<\/div>\n\t\t\t\t<\/div>\n\t\t\t\t\t<\/div>\n\t\t\t\t<\/div>\n\t\t<div data-particle_enable=\"false\" data-particle-mobile-disabled=\"false\" class=\"wd-negative-gap elementor-element elementor-element-673d3cb e-flex e-con-boxed e-con e-child\" data-id=\"673d3cb\" data-element_type=\"container\" data-e-type=\"container\">\n\t\t\t\t\t<div class=\"e-con-inner\">\n\t\t\t\t<div class=\"elementor-element elementor-element-6a71a752 elementor-widget elementor-widget-gallery\" data-id=\"6a71a752\" data-element_type=\"widget\" data-e-type=\"widget\" data-settings=\"{&quot;gallery_layout&quot;:&quot;masonry&quot;,&quot;columns&quot;:2,&quot;gap&quot;:{&quot;unit&quot;:&quot;px&quot;,&quot;size&quot;:24,&quot;sizes&quot;:[]},&quot;columns_tablet&quot;:2,&quot;columns_mobile&quot;:1,&quot;gap_tablet&quot;:{&quot;unit&quot;:&quot;px&quot;,&quot;size&quot;:10,&quot;sizes&quot;:[]},&quot;gap_mobile&quot;:{&quot;unit&quot;:&quot;px&quot;,&quot;size&quot;:10,&quot;sizes&quot;:[]},&quot;link_to&quot;:&quot;file&quot;,&quot;overlay_background&quot;:&quot;yes&quot;,&quot;content_hover_animation&quot;:&quot;fade-in&quot;}\" data-widget_type=\"gallery.default\">\n\t\t\t\t<div class=\"elementor-widget-container\">\n\t\t\t\t\t\t\t<div class=\"elementor-gallery__container\">\n\t\t\t\t\t<\/div>\n\t\t\t\t\t<\/div>\n\t\t\t\t<\/div>\n\t\t\t\t\t<\/div>\n\t\t\t\t<\/div>\n\t\t\t\t<\/div>\n\t\t\t\t<section data-particle_enable=\"false\" data-particle-mobile-disabled=\"false\" class=\"wd-negative-gap elementor-section elementor-top-section elementor-element elementor-element-4d171aa5 elementor-section-boxed elementor-section-height-default elementor-section-height-default\" data-id=\"4d171aa5\" data-element_type=\"section\" data-e-type=\"section\">\n\t\t\t\t\t\t<div class=\"elementor-container elementor-column-gap-default\">\n\t\t\t\t\t<div class=\"elementor-column elementor-col-100 elementor-top-column elementor-element elementor-element-1dd04f24\" data-id=\"1dd04f24\" data-element_type=\"column\" data-e-type=\"column\">\n\t\t\t<div class=\"elementor-widget-wrap elementor-element-populated\">\n\t\t\t\t\t\t<div class=\"elementor-element elementor-element-1c9dc0cc elementor-widget elementor-widget-heading\" data-id=\"1c9dc0cc\" data-element_type=\"widget\" data-e-type=\"widget\" data-widget_type=\"heading.default\">\n\t\t\t\t<div class=\"elementor-widget-container\">\n\t\t\t\t\t<h5 class=\"elementor-heading-title elementor-size-default\">Questa etichetta \u00e8 ottenuta da un blend di uve Trebbiano, Malvasia, Pinot Bianco, Pinot Grigio pi\u00f9 una piccola parte di Riesling Renano provenienti da vigne situate a diverse altitudini e contraddistinte da esposizioni ottimali. Le viti vengono coltivate con il metodo a spalliera con potatura a guyot e a cordone speronato su terreni di medio impasto caratterizzati da suoli calcareo-argillosi. La cantina, a conduzione familiare ormai da ben 26 generazioni, \u00e8 una delle realt\u00e0 pi\u00f9 importanti e pi\u00f9 apprezzate in tutto il mondo per la produzione di vini pregiati e di altissima qualit\u00e0, sinonimo di storia e tradizione del vino italiano.<\/h5>\t\t\t\t<\/div>\n\t\t\t\t<\/div>\n\t\t\t\t<div class=\"elementor-element elementor-element-4e07523d elementor-widget elementor-widget-heading\" data-id=\"4e07523d\" data-element_type=\"widget\" data-e-type=\"widget\" data-widget_type=\"heading.default\">\n\t\t\t\t<div class=\"elementor-widget-container\">\n\t\t\t\t\t<h5 class=\"elementor-heading-title elementor-size-default\">Il \u201cVilla Antinori\u201d Bianco di Antinori \u00e8 prodotto con uve attentamente selezionate e raccolte a mano generalmente verso la terza decade di agosto. I grappoli successivamente raggiungono la cantina dove vengono pigiati in maniera soffice per poi essere raffreddati ad una temperatura di circa 10 \u00b0C per favorire il naturale illimpidimento e svolgere la fermentazione alcolica a basse temperature, mai superiori a 18 \u00b0C, in serbatoi di acciaio inox per alcune settimane. Si procede cos\u00ec alla svinatura, dopodich\u00e9 il vino resta in affinamento per alcuni mesi in contenitori di acciaio inox prima di venire imbottigliato ed essere finalmente pronto per la messa in commercio.<\/h5>\t\t\t\t<\/div>\n\t\t\t\t<\/div>\n\t\t\t\t<div class=\"elementor-element elementor-element-1b183d33 elementor-widget elementor-widget-heading\" data-id=\"1b183d33\" data-element_type=\"widget\" data-e-type=\"widget\" data-widget_type=\"heading.default\">\n\t\t\t\t<div class=\"elementor-widget-container\">\n\t\t\t\t\t<h5 class=\"elementor-heading-title elementor-size-default\">Il Bianco Antinori \u201cVilla Antinori\u201d si presenta alla vista di un colore giallo paglierino tenue con leggeri riflessi verdolini. Al naso compaiono intensi aromi di frutta bianca fresca e di frutta croccante, tra cui la mela, la pera, l\u2019ananas e la banana, note floreali di fiori di campo, per virare poi su sentori speziati delicati e di frutta candita. In bocca \u00e8 agile, snello e beverino, connotato da una gradevole freschezza a tratti sapido-minerale e da un finale di buona persistenza. Questo della cantina Antinori \u00e8 un bianco rinfrescante, slanciato ed equilibrato, ottimo da bere come aperitivo in compagnia di amici.<\/h5>\t\t\t\t<\/div>\n\t\t\t\t<\/div>\n\t\t\t\t\t<\/div>\n\t\t<\/div>\n\t\t\t\t\t<\/div>\n\t\t<\/section>\n\t\t\t\t<section data-particle_enable=\"false\" data-particle-mobile-disabled=\"false\" class=\"wd-negative-gap elementor-section elementor-top-section elementor-element elementor-element-768e625b wd-section-stretch elementor-section-boxed elementor-section-height-default elementor-section-height-default\" data-id=\"768e625b\" data-element_type=\"section\" data-e-type=\"section\" data-settings=\"{&quot;background_background&quot;:&quot;classic&quot;}\">\n\t\t\t\t\t\t<div class=\"elementor-container elementor-column-gap-default\">\n\t\t\t\t\t<div class=\"elementor-column elementor-col-100 elementor-top-column elementor-element elementor-element-3b28e46b\" data-id=\"3b28e46b\" data-element_type=\"column\" data-e-type=\"column\">\n\t\t\t<div class=\"elementor-widget-wrap elementor-element-populated\">\n\t\t\t\t\t\t<section data-particle_enable=\"false\" data-particle-mobile-disabled=\"false\" class=\"wd-negative-gap elementor-section elementor-inner-section elementor-element elementor-element-5ddfcd19 elementor-section-boxed elementor-section-height-default elementor-section-height-default\" data-id=\"5ddfcd19\" data-element_type=\"section\" data-e-type=\"section\">\n\t\t\t\t\t\t<div class=\"elementor-container elementor-column-gap-default\">\n\t\t\t\t\t<div class=\"elementor-column elementor-col-33 elementor-inner-column elementor-element elementor-element-7b008ebf\" data-id=\"7b008ebf\" data-element_type=\"column\" data-e-type=\"column\">\n\t\t\t<div class=\"elementor-widget-wrap elementor-element-populated\">\n\t\t\t\t\t\t<div class=\"elementor-element elementor-element-6b4f1dcf elementor-widget elementor-widget-wd_infobox\" data-id=\"6b4f1dcf\" data-element_type=\"widget\" data-e-type=\"widget\" data-widget_type=\"wd_infobox.default\">\n\t\t\t\t<div class=\"elementor-widget-container\">\n\t\t\t\t\t\t\t<div class=\"info-box-wrapper\">\n\t\t\t<div class=\"wd-info-box text-left box-icon-align-left box-style-base color-scheme-light wd-items-top\">\n\t\t\t\t\t\t\t\t\t<div class=\"box-icon-wrapper  box-with-text text-size-default box-icon-simple\">\n\t\t\t\t\t\t<div class=\"info-box-icon\">\n\t\t\t\t\t\t\t\t\t\t\t\t\t\t\t1.\t\t\t\t\t\t\t\t\t\t\t\t\t<\/div>\n\t\t\t\t\t<\/div>\n\t\t\t\t\n\t\t\t\t<div class=\"info-box-content\">\n\t\t\t\t\t\n\t\t\t\t\t\t\t\t\t\t\t<h4\t\t\t\t\t\tclass=\"info-box-title title box-title-style-default wd-fontsize-xl\" data-elementor-setting-key=\"title\">\n\t\t\t\t\t\t\t\tCOULEUR\t\t\t\t\t\t<\/h4>\n\t\t\t\t\t\n\t\t\t\t\t<div class=\"info-box-inner reset-last-child\"data-elementor-setting-key=\"content\"><p>Giallo paglierino tenue.<\/p>\n<\/div>\n\n\t\t\t\t\t\t\t\t\t<\/div>\n\n\t\t\t\t\t\t\t<\/div>\n\t\t<\/div>\n\t\t\t\t\t\t<\/div>\n\t\t\t\t<\/div>\n\t\t\t\t\t<\/div>\n\t\t<\/div>\n\t\t\t\t<div class=\"elementor-column elementor-col-33 elementor-inner-column elementor-element elementor-element-c00415a\" data-id=\"c00415a\" data-element_type=\"column\" data-e-type=\"column\">\n\t\t\t<div class=\"elementor-widget-wrap elementor-element-populated\">\n\t\t\t\t\t\t<div class=\"elementor-element elementor-element-1b5116d7 elementor-widget elementor-widget-wd_infobox\" data-id=\"1b5116d7\" data-element_type=\"widget\" data-e-type=\"widget\" data-widget_type=\"wd_infobox.default\">\n\t\t\t\t<div class=\"elementor-widget-container\">\n\t\t\t\t\t\t\t<div class=\"info-box-wrapper\">\n\t\t\t<div class=\"wd-info-box text-left box-icon-align-left box-style-base color-scheme-light wd-items-top\">\n\t\t\t\t\t\t\t\t\t<div class=\"box-icon-wrapper  box-with-text text-size-default box-icon-simple\">\n\t\t\t\t\t\t<div class=\"info-box-icon\">\n\t\t\t\t\t\t\t\t\t\t\t\t\t\t\t2.\t\t\t\t\t\t\t\t\t\t\t\t\t<\/div>\n\t\t\t\t\t<\/div>\n\t\t\t\t\n\t\t\t\t<div class=\"info-box-content\">\n\t\t\t\t\t\n\t\t\t\t\t\t\t\t\t\t\t<h4\t\t\t\t\t\tclass=\"info-box-title title box-title-style-default wd-fontsize-xl\" data-elementor-setting-key=\"title\">\n\t\t\t\t\t\t\t\tGO\u00dbT\t\t\t\t\t\t<\/h4>\n\t\t\t\t\t\n\t\t\t\t\t<div class=\"info-box-inner reset-last-child\"data-elementor-setting-key=\"content\"><p>Molto fresco, snello, fruttato, sapido, agile e beverino.<\/p>\n<\/div>\n\n\t\t\t\t\t\t\t\t\t<\/div>\n\n\t\t\t\t\t\t\t<\/div>\n\t\t<\/div>\n\t\t\t\t\t\t<\/div>\n\t\t\t\t<\/div>\n\t\t\t\t\t<\/div>\n\t\t<\/div>\n\t\t\t\t<div class=\"elementor-column elementor-col-33 elementor-inner-column elementor-element elementor-element-8beb54e\" data-id=\"8beb54e\" data-element_type=\"column\" data-e-type=\"column\">\n\t\t\t<div class=\"elementor-widget-wrap elementor-element-populated\">\n\t\t\t\t\t\t<div class=\"elementor-element elementor-element-1a458ef7 elementor-widget elementor-widget-wd_infobox\" data-id=\"1a458ef7\" data-element_type=\"widget\" data-e-type=\"widget\" data-widget_type=\"wd_infobox.default\">\n\t\t\t\t<div class=\"elementor-widget-container\">\n\t\t\t\t\t\t\t<div class=\"info-box-wrapper\">\n\t\t\t<div class=\"wd-info-box text-left box-icon-align-left box-style-base color-scheme-light wd-items-top\">\n\t\t\t\t\t\t\t\t\t<div class=\"box-icon-wrapper  box-with-text text-size-default box-icon-simple\">\n\t\t\t\t\t\t<div class=\"info-box-icon\">\n\t\t\t\t\t\t\t\t\t\t\t\t\t\t\t3.\t\t\t\t\t\t\t\t\t\t\t\t\t<\/div>\n\t\t\t\t\t<\/div>\n\t\t\t\t\n\t\t\t\t<div class=\"info-box-content\">\n\t\t\t\t\t\n\t\t\t\t\t\t\t\t\t\t\t<h4\t\t\t\t\t\tclass=\"info-box-title title box-title-style-default wd-fontsize-xl\" data-elementor-setting-key=\"title\">\n\t\t\t\t\t\t\t\tPARFUM\t\t\t\t\t\t<\/h4>\n\t\t\t\t\t\n\t\t\t\t\t<div class=\"info-box-inner reset-last-child\"data-elementor-setting-key=\"content\"><p>Molto fruttato, di frutta bianca fresca, ananas, banana, fiori di campo e spezie delicate.<\/p>\n<\/div>\n\n\t\t\t\t\t\t\t\t\t<\/div>\n\n\t\t\t\t\t\t\t<\/div>\n\t\t<\/div>\n\t\t\t\t\t\t<\/div>\n\t\t\t\t<\/div>\n\t\t\t\t\t<\/div>\n\t\t<\/div>\n\t\t\t\t\t<\/div>\n\t\t<\/section>\n\t\t\t\t\t<\/div>\n\t\t<\/div>\n\t\t\t\t\t<\/div>\n\t\t<\/section>\n\t\t\t\t<\/div>","protected":false},"excerpt":{"rendered":"<p>Il vino bianco Villa Antinori \u00e8 un&#8217;espressione leggera, fresca e quotidiana della Toscana dal profilo invitante e fruttato.<\/p>\n<p>I profumi richiamano la frutta fresca e i fiori di campo, con nuacne di ananas e banana. Il sorso \u00e8 rinfrescante, sapido, slanciato e beverino.<\/p>","protected":false},"featured_media":285141,"comment_status":"closed","ping_status":"closed","template":"","meta":{"_relevanssi_hide_post":"","_relevanssi_hide_content":"","_relevanssi_pin_for_all":"","_relevanssi_pin_keywords":"","_relevanssi_unpin_keywords":"","_relevanssi_related_keywords":"","_relevanssi_related_include_ids":"","_relevanssi_related_exclude_ids":"","_relevanssi_related_no_append":"","_relevanssi_related_not_related":"","_relevanssi_related_posts":"","_relevanssi_noindex_reason":""},"product_brand":[1172],"product_cat":[429],"product_tag":[1184],"class_list":{"0":"post-36853","1":"product","2":"type-product","3":"status-publish","4":"has-post-thumbnail","6":"product_brand-antinori","7":"product_cat-bianco","8":"product_tag-1184","9":"pa_annata-538","10":"pa_denominazione-toscana-igt","11":"pa_formato-075-cl","12":"pa_gradazione-alcolica-12-0","13":"pa_paese-italia","14":"pa_produttore-elena-walch","15":"pa_regione-toscana","16":"pa_tipologia-vini-bianchi","17":"pa_vitigni-pinot-bianco-pinot-grigio-trebbiano-toscano-malvasia-toscana-riesling","19":"first","20":"instock","21":"taxable","22":"shipping-taxable","23":"purchasable","24":"product-type-simple"},"ase":null,"_links":{"self":[{"href":"https:\/\/www.vinness.it\/fr\/wp-json\/wp\/v2\/product\/36853","targetHints":{"allow":["GET"]}}],"collection":[{"href":"https:\/\/www.vinness.it\/fr\/wp-json\/wp\/v2\/product"}],"about":[{"href":"https:\/\/www.vinness.it\/fr\/wp-json\/wp\/v2\/types\/product"}],"replies":[{"embeddable":true,"href":"https:\/\/www.vinness.it\/fr\/wp-json\/wp\/v2\/comments?post=36853"}],"version-history":[{"count":0,"href":"https:\/\/www.vinness.it\/fr\/wp-json\/wp\/v2\/product\/36853\/revisions"}],"wp:featuredmedia":[{"embeddable":true,"href":"https:\/\/www.vinness.it\/fr\/wp-json\/wp\/v2\/media\/285141"}],"wp:attachment":[{"href":"https:\/\/www.vinness.it\/fr\/wp-json\/wp\/v2\/media?parent=36853"}],"wp:term":[{"taxonomy":"product_brand","embeddable":true,"href":"https:\/\/www.vinness.it\/fr\/wp-json\/wp\/v2\/product_brand?post=36853"},{"taxonomy":"product_cat","embeddable":true,"href":"https:\/\/www.vinness.it\/fr\/wp-json\/wp\/v2\/product_cat?post=36853"},{"taxonomy":"product_tag","embeddable":true,"href":"https:\/\/www.vinness.it\/fr\/wp-json\/wp\/v2\/product_tag?post=36853"}],"curies":[{"name":"wp","href":"https:\/\/api.w.org\/{rel}","templated":true}]}}