{"id":37042,"date":"2024-05-12T11:36:18","date_gmt":"2024-05-12T09:36:18","guid":{"rendered":"https:\/\/www.vinness.it\/?post_type=product&#038;p=37042"},"modified":"2026-04-25T23:32:31","modified_gmt":"2026-04-25T21:32:31","slug":"irpinia-blanc-doc-plus-maiorum-2017-mastroberardino","status":"publish","type":"product","link":"https:\/\/www.vinness.it\/fr\/catalogo\/vineria\/vini-vineria\/bianco\/irpinia-bianco-doc-more-maiorum-2017-mastroberardino\/","title":{"rendered":"Irpinia Bianco DOC \u00ab More Maiorum \u00bb 2017 \u2013 Mastroberardino"},"content":{"rendered":"<div data-elementor-type=\"product-post\" data-elementor-id=\"37042\" class=\"elementor elementor-37042\" data-elementor-post-type=\"product\">\n\t\t\t\t<div data-particle_enable=\"false\" data-particle-mobile-disabled=\"false\" class=\"elementor-element elementor-element-47a700f0 e-con-full e-flex e-con e-parent\" data-id=\"47a700f0\" data-element_type=\"container\" data-e-type=\"container\">\n\t\t<div data-particle_enable=\"false\" data-particle-mobile-disabled=\"false\" class=\"elementor-element elementor-element-4882a93a e-flex e-con-boxed e-con e-child\" data-id=\"4882a93a\" data-element_type=\"container\" data-e-type=\"container\">\n\t\t\t\t\t<div class=\"e-con-inner\">\n\t\t\t\t<div class=\"elementor-element elementor-element-27c28f5 elementor-widget elementor-widget-heading\" data-id=\"27c28f5\" data-element_type=\"widget\" data-e-type=\"widget\" data-widget_type=\"heading.default\">\n\t\t\t\t<div class=\"elementor-widget-container\">\n\t\t\t\t\t<h2 class=\"elementor-heading-title elementor-size-default\">Irpinia Bianco DOC \u00abPlus Maiorum\u00bb<\/h2>\t\t\t\t<\/div>\n\t\t\t\t<\/div>\n\t\t\t\t<div class=\"elementor-element elementor-element-1146f1d7 elementor-widget elementor-widget-heading\" data-id=\"1146f1d7\" data-element_type=\"widget\" data-e-type=\"widget\" data-widget_type=\"heading.default\">\n\t\t\t\t<div class=\"elementor-widget-container\">\n\t\t\t\t\t<h5 class=\"elementor-heading-title elementor-size-default\">L&#039;Irpinia Bianco &quot;More Maiorum&quot; est un Fiano qui c\u00e9l\u00e8bre la tradition des anc\u00eatres locaux qui affinaient le vin dans des f\u00fbts en bois, typiquement d&#039;acacia, tr\u00e8s r\u00e9pandus en Irpinia. Un hommage qui \u00e9voque la complexit\u00e9 et le style, des notes m\u00e9diterran\u00e9ennes et aromatiques soutenues par des sensations de miel et d&#039;agrumes. Tension \u00e0 la gorg\u00e9e et bonne opulence entre corps, fra\u00eecheur et saveur.<\/h5>\t\t\t\t<\/div>\n\t\t\t\t<\/div>\n\t\t\t\t\t<\/div>\n\t\t\t\t<\/div>\n\t\t<div data-particle_enable=\"false\" data-particle-mobile-disabled=\"false\" class=\"wd-negative-gap elementor-element elementor-element-ac63368 e-flex e-con-boxed e-con e-child\" data-id=\"ac63368\" data-element_type=\"container\" data-e-type=\"container\">\n\t\t\t\t\t<div class=\"e-con-inner\">\n\t\t\t\t<div class=\"elementor-element elementor-element-366b6917 elementor-widget elementor-widget-gallery\" data-id=\"366b6917\" data-element_type=\"widget\" data-e-type=\"widget\" data-settings=\"{&quot;gallery_layout&quot;:&quot;masonry&quot;,&quot;columns&quot;:2,&quot;gap&quot;:{&quot;unit&quot;:&quot;px&quot;,&quot;size&quot;:24,&quot;sizes&quot;:[]},&quot;columns_tablet&quot;:2,&quot;columns_mobile&quot;:1,&quot;gap_tablet&quot;:{&quot;unit&quot;:&quot;px&quot;,&quot;size&quot;:10,&quot;sizes&quot;:[]},&quot;gap_mobile&quot;:{&quot;unit&quot;:&quot;px&quot;,&quot;size&quot;:10,&quot;sizes&quot;:[]},&quot;link_to&quot;:&quot;file&quot;,&quot;overlay_background&quot;:&quot;yes&quot;,&quot;content_hover_animation&quot;:&quot;fade-in&quot;}\" data-widget_type=\"gallery.default\">\n\t\t\t\t<div class=\"elementor-widget-container\">\n\t\t\t\t\t\t\t<div class=\"elementor-gallery__container\">\n\t\t\t\t\t<\/div>\n\t\t\t\t\t<\/div>\n\t\t\t\t<\/div>\n\t\t\t\t\t<\/div>\n\t\t\t\t<\/div>\n\t\t\t\t<\/div>\n\t\t\t\t<section data-particle_enable=\"false\" data-particle-mobile-disabled=\"false\" class=\"wd-negative-gap elementor-section elementor-top-section elementor-element elementor-element-2da9ea83 elementor-section-boxed elementor-section-height-default elementor-section-height-default\" data-id=\"2da9ea83\" data-element_type=\"section\" data-e-type=\"section\">\n\t\t\t\t\t\t<div class=\"elementor-container elementor-column-gap-default\">\n\t\t\t\t\t<div class=\"elementor-column elementor-col-100 elementor-top-column elementor-element elementor-element-60d32eeb\" data-id=\"60d32eeb\" data-element_type=\"column\" data-e-type=\"column\">\n\t\t\t<div class=\"elementor-widget-wrap elementor-element-populated\">\n\t\t\t\t\t\t<div class=\"elementor-element elementor-element-2e240649 elementor-widget elementor-widget-heading\" data-id=\"2e240649\" data-element_type=\"widget\" data-e-type=\"widget\" data-widget_type=\"heading.default\">\n\t\t\t\t<div class=\"elementor-widget-container\">\n\t\t\t\t\t<h5 class=\"elementor-heading-title elementor-size-default\">L&#039;Irpinia Bianco &#039;More Maiorum&#039; Mastroberardino 2017 \u00ab More Maiorum \u00bb de Mastroberardino est un vin inspir\u00e9 des plus anciennes traditions de la r\u00e9gion d&#039;Irpinia, lorsque le Fiano \u00e9tait vieilli dans des f\u00fbts en bois, souvent en acacia. C&#039;est l&#039;expression maximale du Fiano de Mastrobernardino et repr\u00e9sente l&#039;une des \u00e9tiquettes les plus prestigieuses de la cave. Un blanc complexe, intense, aromatiquement tr\u00e8s riche, \u00e0 accompagner d&#039;importants plats de poisson ou de viandes blanches.<\/h5>\t\t\t\t<\/div>\n\t\t\t\t<\/div>\n\t\t\t\t<div class=\"elementor-element elementor-element-22c60c51 elementor-widget elementor-widget-heading\" data-id=\"22c60c51\" data-element_type=\"widget\" data-e-type=\"widget\" data-widget_type=\"heading.default\">\n\t\t\t\t<div class=\"elementor-widget-container\">\n\t\t\t\t\t<h5 class=\"elementor-heading-title elementor-size-default\">Le \u00ab More Maiorum \u00bb de Mastroberardino est un pur Fiano produit avec des raisins s\u00e9lectionn\u00e9s, provenant du domaine Lapio. Un terrain de 11 hectares situ\u00e9 \u00e0 440 m\u00e8tres d&#039;altitude, avec une exposition sud-ouest. Les vignes ont 15 ans et sont plant\u00e9es en m\u00e9thode Guyot sur des sols argilo-calcaires, riches en charpente, avec une densit\u00e9 de 3000 pieds par hectare. Chaque plante produit environ un kilogramme de raisins, peu de grappes mais d&#039;une grande intensit\u00e9 et richesse aromatique, \u00e9galement gr\u00e2ce au climat frais, avec des variations de temp\u00e9rature notables entre le jour et la nuit. Les vendanges ont lieu vers fin octobre et les raisins sont vinifi\u00e9s en blanc avec fermentation en barrique. Il m\u00fbrit en barrique d&#039;acacia pendant 6 mois et s&#039;affine pendant 24 mois en bouteille avant d&#039;\u00eatre mis en vente.<\/h5>\t\t\t\t<\/div>\n\t\t\t\t<\/div>\n\t\t\t\t<div class=\"elementor-element elementor-element-1bb07952 elementor-widget elementor-widget-heading\" data-id=\"1bb07952\" data-element_type=\"widget\" data-e-type=\"widget\" data-widget_type=\"heading.default\">\n\t\t\t\t<div class=\"elementor-widget-container\">\n\t\t\t\t\t<h5 class=\"elementor-heading-title elementor-size-default\">\u00ab More Maiorum \u00bb Irpinia Bianco repr\u00e9sente les meilleures qualit\u00e9s d&#039;un grand c\u00e9page et le potentiel d&#039;un territoire qui peut se vanter d&#039;extraordinaires traditions vitivinicoles. C&#039;est un vin intense et cors\u00e9, agr\u00e9able \u00e0 boire imm\u00e9diatement, mais qui poss\u00e8de \u00e9galement un incroyable potentiel de garde, avec des \u00e9volutions tertiaires \u00e9l\u00e9gantes et raffin\u00e9es. La couleur est jaune paille intense. Le bouquet est riche et multiforme avec des ar\u00f4mes floraux, d&#039;herbes m\u00e9dicinales, de fruits jaunes m\u00fbrs, d&#039;\u00e9corces d&#039;agrumes, de miel et de noisettes grill\u00e9es. La gorg\u00e9e est riche et complexe, caract\u00e9ris\u00e9e par une veine claire, savoureuse et min\u00e9rale, qui m\u00e8ne \u00e0 une finale d&#039;une fra\u00eecheur vibrante.<\/h5>\t\t\t\t<\/div>\n\t\t\t\t<\/div>\n\t\t\t\t\t<\/div>\n\t\t<\/div>\n\t\t\t\t\t<\/div>\n\t\t<\/section>\n\t\t\t\t<section data-particle_enable=\"false\" data-particle-mobile-disabled=\"false\" class=\"wd-negative-gap elementor-section elementor-top-section elementor-element elementor-element-10a4a4ff wd-section-stretch elementor-section-boxed elementor-section-height-default elementor-section-height-default\" data-id=\"10a4a4ff\" data-element_type=\"section\" data-e-type=\"section\" data-settings=\"{&quot;background_background&quot;:&quot;classic&quot;}\">\n\t\t\t\t\t\t<div class=\"elementor-container elementor-column-gap-default\">\n\t\t\t\t\t<div class=\"elementor-column elementor-col-100 elementor-top-column elementor-element elementor-element-77962c0d\" data-id=\"77962c0d\" data-element_type=\"column\" data-e-type=\"column\">\n\t\t\t<div class=\"elementor-widget-wrap elementor-element-populated\">\n\t\t\t\t\t\t<section data-particle_enable=\"false\" data-particle-mobile-disabled=\"false\" class=\"wd-negative-gap elementor-section elementor-inner-section elementor-element elementor-element-569daff2 elementor-section-boxed elementor-section-height-default elementor-section-height-default\" data-id=\"569daff2\" data-element_type=\"section\" data-e-type=\"section\">\n\t\t\t\t\t\t<div class=\"elementor-container elementor-column-gap-default\">\n\t\t\t\t\t<div class=\"elementor-column elementor-col-33 elementor-inner-column elementor-element elementor-element-318e27fa\" data-id=\"318e27fa\" data-element_type=\"column\" data-e-type=\"column\">\n\t\t\t<div class=\"elementor-widget-wrap elementor-element-populated\">\n\t\t\t\t\t\t<div class=\"elementor-element elementor-element-e9ada1a elementor-widget elementor-widget-wd_infobox\" data-id=\"e9ada1a\" data-element_type=\"widget\" data-e-type=\"widget\" data-widget_type=\"wd_infobox.default\">\n\t\t\t\t<div class=\"elementor-widget-container\">\n\t\t\t\t\t\t\t<div class=\"info-box-wrapper\">\n\t\t\t<div class=\"wd-info-box text-left box-icon-align-left box-style-base color-scheme-light wd-items-top\">\n\t\t\t\t\t\t\t\t\t<div class=\"box-icon-wrapper  box-with-text text-size-default box-icon-simple\">\n\t\t\t\t\t\t<div class=\"info-box-icon\">\n\t\t\t\t\t\t\t\t\t\t\t\t\t\t\t1.\t\t\t\t\t\t\t\t\t\t\t\t\t<\/div>\n\t\t\t\t\t<\/div>\n\t\t\t\t\n\t\t\t\t<div class=\"info-box-content\">\n\t\t\t\t\t\n\t\t\t\t\t\t\t\t\t\t\t<h4\t\t\t\t\t\tclass=\"info-box-title title box-title-style-default wd-fontsize-xl\" data-elementor-setting-key=\"title\">\n\t\t\t\t\t\t\t\tCOULEUR\t\t\t\t\t\t<\/h4>\n\t\t\t\t\t\n\t\t\t\t\t<div class=\"info-box-inner reset-last-child\"data-elementor-setting-key=\"content\"><p>Il pr\u00e9sente un beau jaune paille intense aux reflets dor\u00e9s.<\/p>\n<\/div>\n\n\t\t\t\t\t\t\t\t\t<\/div>\n\n\t\t\t\t\t\t\t<\/div>\n\t\t<\/div>\n\t\t\t\t\t\t<\/div>\n\t\t\t\t<\/div>\n\t\t\t\t\t<\/div>\n\t\t<\/div>\n\t\t\t\t<div class=\"elementor-column elementor-col-33 elementor-inner-column elementor-element elementor-element-2b96970d\" data-id=\"2b96970d\" data-element_type=\"column\" data-e-type=\"column\">\n\t\t\t<div class=\"elementor-widget-wrap elementor-element-populated\">\n\t\t\t\t\t\t<div class=\"elementor-element elementor-element-2c4cb0d7 elementor-widget elementor-widget-wd_infobox\" data-id=\"2c4cb0d7\" data-element_type=\"widget\" data-e-type=\"widget\" data-widget_type=\"wd_infobox.default\">\n\t\t\t\t<div class=\"elementor-widget-container\">\n\t\t\t\t\t\t\t<div class=\"info-box-wrapper\">\n\t\t\t<div class=\"wd-info-box text-left box-icon-align-left box-style-base color-scheme-light wd-items-top\">\n\t\t\t\t\t\t\t\t\t<div class=\"box-icon-wrapper  box-with-text text-size-default box-icon-simple\">\n\t\t\t\t\t\t<div class=\"info-box-icon\">\n\t\t\t\t\t\t\t\t\t\t\t\t\t\t\t2.\t\t\t\t\t\t\t\t\t\t\t\t\t<\/div>\n\t\t\t\t\t<\/div>\n\t\t\t\t\n\t\t\t\t<div class=\"info-box-content\">\n\t\t\t\t\t\n\t\t\t\t\t\t\t\t\t\t\t<h4\t\t\t\t\t\tclass=\"info-box-title title box-title-style-default wd-fontsize-xl\" data-elementor-setting-key=\"title\">\n\t\t\t\t\t\t\t\tGO\u00dbT\t\t\t\t\t\t<\/h4>\n\t\t\t\t\t\n\t\t\t\t\t<div class=\"info-box-inner reset-last-child\"data-elementor-setting-key=\"content\"><p>La bouche est consistante et verticale, soutenue par une belle \u00e9paule acide, agr\u00e9ablement savoureuse et de bonne longueur.<\/p>\n<\/div>\n\n\t\t\t\t\t\t\t\t\t<\/div>\n\n\t\t\t\t\t\t\t<\/div>\n\t\t<\/div>\n\t\t\t\t\t\t<\/div>\n\t\t\t\t<\/div>\n\t\t\t\t\t<\/div>\n\t\t<\/div>\n\t\t\t\t<div class=\"elementor-column elementor-col-33 elementor-inner-column elementor-element elementor-element-61769803\" data-id=\"61769803\" data-element_type=\"column\" data-e-type=\"column\">\n\t\t\t<div class=\"elementor-widget-wrap elementor-element-populated\">\n\t\t\t\t\t\t<div class=\"elementor-element elementor-element-7caf4916 elementor-widget elementor-widget-wd_infobox\" data-id=\"7caf4916\" data-element_type=\"widget\" data-e-type=\"widget\" data-widget_type=\"wd_infobox.default\">\n\t\t\t\t<div class=\"elementor-widget-container\">\n\t\t\t\t\t\t\t<div class=\"info-box-wrapper\">\n\t\t\t<div class=\"wd-info-box text-left box-icon-align-left box-style-base color-scheme-light wd-items-top\">\n\t\t\t\t\t\t\t\t\t<div class=\"box-icon-wrapper  box-with-text text-size-default box-icon-simple\">\n\t\t\t\t\t\t<div class=\"info-box-icon\">\n\t\t\t\t\t\t\t\t\t\t\t\t\t\t\t3.\t\t\t\t\t\t\t\t\t\t\t\t\t<\/div>\n\t\t\t\t\t<\/div>\n\t\t\t\t\n\t\t\t\t<div class=\"info-box-content\">\n\t\t\t\t\t\n\t\t\t\t\t\t\t\t\t\t\t<h4\t\t\t\t\t\tclass=\"info-box-title title box-title-style-default wd-fontsize-xl\" data-elementor-setting-key=\"title\">\n\t\t\t\t\t\t\t\tPARFUM\t\t\t\t\t\t<\/h4>\n\t\t\t\t\t\n\t\t\t\t\t<div class=\"info-box-inner reset-last-child\"data-elementor-setting-key=\"content\"><p>Bouquet olfactif large et complexe, riche en fruits m\u00fbrs, senteurs florales, \u00e9pices douces, musc et r\u00e9glisse.<\/p>\n<\/div>\n\n\t\t\t\t\t\t\t\t\t<\/div>\n\n\t\t\t\t\t\t\t<\/div>\n\t\t<\/div>\n\t\t\t\t\t\t<\/div>\n\t\t\t\t<\/div>\n\t\t\t\t\t<\/div>\n\t\t<\/div>\n\t\t\t\t\t<\/div>\n\t\t<\/section>\n\t\t\t\t\t<\/div>\n\t\t<\/div>\n\t\t\t\t\t<\/div>\n\t\t<\/section>\n\t\t\t\t<\/div>","protected":false},"excerpt":{"rendered":"<p>Le pi\u00f9 radicate tradizioni vitivinicole del territorio d\u2019Irpinia si ritrovano tutte nel sorso del \u201cMore Maiorum\u201d di Mastroberardino. Vendemmia manuale a fine ottobre circa, a cui segue vinificazione in bianco con fermentazione in barrique per circa 20 giorni a temperature controllate (18\u00b0C-19\u00b0C).<\/p>\n<p>Affinamento per circa 12 mesi in barriques e circa 48 mesi in bottiglia. E&#8217; davvero un bianco come altri non se ne incontrano.<\/p>","protected":false},"featured_media":285162,"comment_status":"closed","ping_status":"closed","template":"","meta":{"_relevanssi_hide_post":"","_relevanssi_hide_content":"","_relevanssi_pin_for_all":"","_relevanssi_pin_keywords":"","_relevanssi_unpin_keywords":"","_relevanssi_related_keywords":"","_relevanssi_related_include_ids":"","_relevanssi_related_exclude_ids":"","_relevanssi_related_no_append":"","_relevanssi_related_not_related":"","_relevanssi_related_posts":"","_relevanssi_noindex_reason":""},"product_brand":[1178],"product_cat":[429],"product_tag":[1221],"class_list":{"0":"post-37042","1":"product","2":"type-product","3":"status-publish","4":"has-post-thumbnail","6":"product_brand-mastroberardino","7":"product_cat-bianco","8":"product_tag-1221","9":"pa_annata-532","10":"pa_denominazione-irpinia-doc","11":"pa_formato-075-cl","12":"pa_gradazione-alcolica-13-5","13":"pa_paese-italia","14":"pa_produttore-mastroberardino","15":"pa_regione-campania","16":"pa_tipologia-vini-bianchi","17":"pa_vitigni-fiano-100","19":"first","20":"instock","21":"taxable","22":"shipping-taxable","23":"purchasable","24":"product-type-simple"},"ase":null,"_links":{"self":[{"href":"https:\/\/www.vinness.it\/fr\/wp-json\/wp\/v2\/product\/37042","targetHints":{"allow":["GET"]}}],"collection":[{"href":"https:\/\/www.vinness.it\/fr\/wp-json\/wp\/v2\/product"}],"about":[{"href":"https:\/\/www.vinness.it\/fr\/wp-json\/wp\/v2\/types\/product"}],"replies":[{"embeddable":true,"href":"https:\/\/www.vinness.it\/fr\/wp-json\/wp\/v2\/comments?post=37042"}],"version-history":[{"count":0,"href":"https:\/\/www.vinness.it\/fr\/wp-json\/wp\/v2\/product\/37042\/revisions"}],"wp:featuredmedia":[{"embeddable":true,"href":"https:\/\/www.vinness.it\/fr\/wp-json\/wp\/v2\/media\/285162"}],"wp:attachment":[{"href":"https:\/\/www.vinness.it\/fr\/wp-json\/wp\/v2\/media?parent=37042"}],"wp:term":[{"taxonomy":"product_brand","embeddable":true,"href":"https:\/\/www.vinness.it\/fr\/wp-json\/wp\/v2\/product_brand?post=37042"},{"taxonomy":"product_cat","embeddable":true,"href":"https:\/\/www.vinness.it\/fr\/wp-json\/wp\/v2\/product_cat?post=37042"},{"taxonomy":"product_tag","embeddable":true,"href":"https:\/\/www.vinness.it\/fr\/wp-json\/wp\/v2\/product_tag?post=37042"}],"curies":[{"name":"wp","href":"https:\/\/api.w.org\/{rel}","templated":true}]}}