{"id":37065,"date":"2024-05-13T11:46:08","date_gmt":"2024-05-13T09:46:08","guid":{"rendered":"https:\/\/www.vinness.it\/?post_type=product&#038;p=37065"},"modified":"2025-05-28T13:38:47","modified_gmt":"2025-05-28T11:38:47","slug":"franciacorta-brut-docg-teatro-alla-scala-2018-bellavista","status":"publish","type":"product","link":"https:\/\/www.vinness.it\/fr\/catalogo\/vineria\/bollicine-vineria\/franciacorta\/franciacorta-brut-docg-teatro-alla-scala-2018-bellavista\/","title":{"rendered":"Franciacorta Brut Millesimato \u00ab \u00c9dition Teatro alla Scala \u00bb 2018 \u2013 Bellavista"},"content":{"rendered":"<div data-elementor-type=\"product-post\" data-elementor-id=\"37065\" class=\"elementor elementor-37065\" data-elementor-post-type=\"product\">\n\t\t\t\t<div class=\"elementor-element elementor-element-360c834d e-con-full e-flex e-con e-parent\" data-id=\"360c834d\" data-element_type=\"container\" data-e-type=\"container\">\n\t\t<div class=\"elementor-element elementor-element-535c4131 e-flex e-con-boxed e-con e-child\" data-id=\"535c4131\" data-element_type=\"container\" data-e-type=\"container\">\n\t\t\t\t\t<div class=\"e-con-inner\">\n\t\t\t\t<div class=\"elementor-element elementor-element-259123ee elementor-widget elementor-widget-heading\" data-id=\"259123ee\" data-element_type=\"widget\" data-e-type=\"widget\" data-widget_type=\"heading.default\">\n\t\t\t\t<div class=\"elementor-widget-container\">\n\t\t\t\t\t<h2 class=\"elementor-heading-title elementor-size-default\">Franciacorta Brut Millesimato &quot;Th\u00e9\u00e2tre \u00e0 la Scala&quot;<\/h2>\t\t\t\t<\/div>\n\t\t\t\t<\/div>\n\t\t\t\t<div class=\"elementor-element elementor-element-7e66bfa1 elementor-widget elementor-widget-heading\" data-id=\"7e66bfa1\" data-element_type=\"widget\" data-e-type=\"widget\" data-widget_type=\"heading.default\">\n\t\t\t\t<div class=\"elementor-widget-container\">\n\t\t\t\t\t<h5 class=\"elementor-heading-title elementor-size-default\">Franciacorta Brut Millesimato est n\u00e9e de l&#039;ing\u00e9niosit\u00e9 du propri\u00e9taire Vittorio Moretti et de la main habile du vigneron Mattia Vezzola.<\/h5>\t\t\t\t<\/div>\n\t\t\t\t<\/div>\n\t\t\t\t\t<\/div>\n\t\t\t\t<\/div>\n\t\t<div class=\"wd-negative-gap elementor-element elementor-element-35ea28df e-flex e-con-boxed e-con e-child\" data-id=\"35ea28df\" data-element_type=\"container\" data-e-type=\"container\">\n\t\t\t\t\t<div class=\"e-con-inner\">\n\t\t\t\t<div class=\"elementor-element elementor-element-1aeb5fa4 elementor-widget elementor-widget-gallery\" data-id=\"1aeb5fa4\" data-element_type=\"widget\" data-e-type=\"widget\" data-settings=\"{&quot;gallery_layout&quot;:&quot;masonry&quot;,&quot;columns&quot;:2,&quot;gap&quot;:{&quot;unit&quot;:&quot;px&quot;,&quot;size&quot;:24,&quot;sizes&quot;:[]},&quot;columns_tablet&quot;:2,&quot;columns_mobile&quot;:1,&quot;gap_tablet&quot;:{&quot;unit&quot;:&quot;px&quot;,&quot;size&quot;:10,&quot;sizes&quot;:[]},&quot;gap_mobile&quot;:{&quot;unit&quot;:&quot;px&quot;,&quot;size&quot;:10,&quot;sizes&quot;:[]},&quot;link_to&quot;:&quot;file&quot;,&quot;overlay_background&quot;:&quot;yes&quot;,&quot;content_hover_animation&quot;:&quot;fade-in&quot;}\" data-widget_type=\"gallery.default\">\n\t\t\t\t<div class=\"elementor-widget-container\">\n\t\t\t\t\t\t\t<div class=\"elementor-gallery__container\">\n\t\t\t\t\t<\/div>\n\t\t\t\t\t<\/div>\n\t\t\t\t<\/div>\n\t\t\t\t\t<\/div>\n\t\t\t\t<\/div>\n\t\t\t\t<\/div>\n\t\t\t\t<section class=\"wd-negative-gap elementor-section elementor-top-section elementor-element elementor-element-7c10fd4c elementor-section-boxed elementor-section-height-default elementor-section-height-default\" data-id=\"7c10fd4c\" data-element_type=\"section\" data-e-type=\"section\">\n\t\t\t\t\t\t<div class=\"elementor-container elementor-column-gap-default\">\n\t\t\t\t\t<div class=\"elementor-column elementor-col-100 elementor-top-column elementor-element elementor-element-1e0deea7\" data-id=\"1e0deea7\" data-element_type=\"column\" data-e-type=\"column\">\n\t\t\t<div class=\"elementor-widget-wrap elementor-element-populated\">\n\t\t\t\t\t\t<div class=\"elementor-element elementor-element-24bb1a38 elementor-widget elementor-widget-heading\" data-id=\"24bb1a38\" data-element_type=\"widget\" data-e-type=\"widget\" data-widget_type=\"heading.default\">\n\t\t\t\t<div class=\"elementor-widget-container\">\n\t\t\t\t\t<h5 class=\"elementor-heading-title elementor-size-default\">La cave Bellavista fait partie des noms les plus r\u00e9put\u00e9s et les plus r\u00e9put\u00e9s dans le domaine des vins mousseux italiens, consid\u00e9r\u00e9e comme une v\u00e9ritable maison de Franciacorta gr\u00e2ce \u00e0 la production de vins mousseux embl\u00e9matiques et de tr\u00e8s haute qualit\u00e9. En fait, ce Millesimato Brut en est un exemple concret, un symbole de la cave qui incarne pleinement toutes ses caract\u00e9ristiques : impeccable, mesur\u00e9 et \u00e9quilibr\u00e9, une synth\u00e8se d&#039;\u00e9l\u00e9gance et de finesse. Nous sommes au centre de la Lombardie, dans ce coin de terre qui s&#039;\u00e9tend de la vall\u00e9e du P\u00f4 jusqu&#039;aux rives du lac d&#039;Iseo. C&#039;est ici que Bellavista a pris ses racines il y a plusieurs d\u00e9cennies en achetant plus de 200 hectares et en produisant une excellence qui, en quelques ann\u00e9es seulement, deviendrait une r\u00e9f\u00e9rence dans le monde du vin mousseux italien.<\/h5>\t\t\t\t<\/div>\n\t\t\t\t<\/div>\n\t\t\t\t<div class=\"elementor-element elementor-element-66e6e0d3 elementor-widget elementor-widget-heading\" data-id=\"66e6e0d3\" data-element_type=\"widget\" data-e-type=\"widget\" data-widget_type=\"heading.default\">\n\t\t\t\t<div class=\"elementor-widget-container\">\n\t\t\t\t\t<h5 class=\"elementor-heading-title elementor-size-default\">Le Millesimato Brut Franciacorta est issu de c\u00e9pages Chardonnay et Pinot Noir du m\u00eame mill\u00e9sime cultiv\u00e9s sur de hautes collines expos\u00e9es Sud\/Sud-Est \u00e0 partir de vignes de plus de 25 ans. Une partie du mo\u00fbt fermente dans de petits f\u00fbts de ch\u00eane blanc pendant environ 7 mois, tandis que le reste est en acier. La seconde fermentation est r\u00e9alis\u00e9e en bouteille selon la M\u00e9thode Classique et l&#039;\u00e9levage sur levures dure 36 mois, le temps n\u00e9cessaire aux levures pour restituer tout ce qu&#039;elles ont &quot;mang\u00e9&quot;. Suivi du d\u00e9gorgement et de la fermeture avec le classique bouchon en li\u00e8ge et cage m\u00e9tallique.<\/h5>\t\t\t\t<\/div>\n\t\t\t\t<\/div>\n\t\t\t\t<div class=\"elementor-element elementor-element-3530ddf9 elementor-widget elementor-widget-heading\" data-id=\"3530ddf9\" data-element_type=\"widget\" data-e-type=\"widget\" data-widget_type=\"heading.default\">\n\t\t\t\t<div class=\"elementor-widget-container\">\n\t\t\t\t\t<h5 class=\"elementor-heading-title elementor-size-default\">Bellavista Franciacorta Millesimato a une couleur jaune paille cristalline aux reflets dor\u00e9s, agr\u00e9ment\u00e9e d&#039;un perlage persistant, aristocratique et intrigant. La palette aromatique est convaincante et fra\u00eeche : des notes de cro\u00fbte de pain, de pomme verte, de fleurs blanches et de miel se succ\u00e8dent parmi des notes min\u00e9rales et d&#039;agrumes. Le go\u00fbt est \u00e9l\u00e9gant, cr\u00e9meux et unique, rendu possible par la synergie entre fra\u00eecheur, douceur, min\u00e9ralit\u00e9 et effervescence.<\/h5>\t\t\t\t<\/div>\n\t\t\t\t<\/div>\n\t\t\t\t<div class=\"elementor-element elementor-element-473a9921 elementor-widget elementor-widget-heading\" data-id=\"473a9921\" data-element_type=\"widget\" data-e-type=\"widget\" data-widget_type=\"heading.default\">\n\t\t\t\t<div class=\"elementor-widget-container\">\n\t\t\t\t\t<h5 class=\"elementor-heading-title elementor-size-default\">A d\u00e9boucher lors des occasions festives, mais aussi compagnon id\u00e9al tout au long du repas, d\u00e9licieux et agr\u00e9able, il enthousiasmera et donnera de grandes satisfactions. Et si vous ne savez toujours pas quoi servir \u00e0 vos invit\u00e9s, faites confiance \u00e0 cette expression vivante, synonyme de garantie, qui aura s\u00fbrement du succ\u00e8s. Ce Brut raconte derri\u00e8re chaque bulle l&#039;histoire de la passion, de la t\u00e9nacit\u00e9 et de la grande tradition de l&#039;une des r\u00e9alit\u00e9s les plus importantes de notre sc\u00e8ne viticole : Bellavista.<\/h5>\t\t\t\t<\/div>\n\t\t\t\t<\/div>\n\t\t\t\t\t<\/div>\n\t\t<\/div>\n\t\t\t\t\t<\/div>\n\t\t<\/section>\n\t\t\t\t<section class=\"wd-negative-gap elementor-section elementor-top-section elementor-element elementor-element-2148c7d1 wd-section-stretch elementor-section-boxed elementor-section-height-default elementor-section-height-default\" data-id=\"2148c7d1\" data-element_type=\"section\" data-e-type=\"section\" data-settings=\"{&quot;background_background&quot;:&quot;classic&quot;}\">\n\t\t\t\t\t\t<div class=\"elementor-container elementor-column-gap-default\">\n\t\t\t\t\t<div class=\"elementor-column elementor-col-100 elementor-top-column elementor-element elementor-element-2e2e1fb5\" data-id=\"2e2e1fb5\" data-element_type=\"column\" data-e-type=\"column\">\n\t\t\t<div class=\"elementor-widget-wrap elementor-element-populated\">\n\t\t\t\t\t\t<section class=\"wd-negative-gap elementor-section elementor-inner-section elementor-element elementor-element-7c0d9b85 elementor-section-boxed elementor-section-height-default elementor-section-height-default\" data-id=\"7c0d9b85\" data-element_type=\"section\" data-e-type=\"section\">\n\t\t\t\t\t\t<div class=\"elementor-container elementor-column-gap-default\">\n\t\t\t\t\t<div class=\"elementor-column elementor-col-33 elementor-inner-column elementor-element elementor-element-5b2cd3d2\" data-id=\"5b2cd3d2\" data-element_type=\"column\" data-e-type=\"column\">\n\t\t\t<div class=\"elementor-widget-wrap elementor-element-populated\">\n\t\t\t\t\t\t<div class=\"elementor-element elementor-element-2f3a80d0 elementor-widget elementor-widget-wd_infobox\" data-id=\"2f3a80d0\" data-element_type=\"widget\" data-e-type=\"widget\" data-widget_type=\"wd_infobox.default\">\n\t\t\t\t<div class=\"elementor-widget-container\">\n\t\t\t\t\t\t\t<div class=\"info-box-wrapper\">\n\t\t\t<div class=\"wd-info-box text-left box-icon-align-left box-style-base color-scheme-light wd-items-top\">\n\t\t\t\t\t\t\t\t\t<div class=\"box-icon-wrapper  box-with-text text-size-default box-icon-simple\">\n\t\t\t\t\t\t<div class=\"info-box-icon\">\n\t\t\t\t\t\t\t\t\t\t\t\t\t\t\t1.\t\t\t\t\t\t\t\t\t\t\t\t\t<\/div>\n\t\t\t\t\t<\/div>\n\t\t\t\t\n\t\t\t\t<div class=\"info-box-content\">\n\t\t\t\t\t\n\t\t\t\t\t\t\t\t\t\t\t<h4\t\t\t\t\t\tclass=\"info-box-title title box-title-style-default wd-fontsize-xl\" data-elementor-setting-key=\"title\">\n\t\t\t\t\t\t\t\tCOULEUR\t\t\t\t\t\t<\/h4>\n\t\t\t\t\t\n\t\t\t\t\t<div class=\"info-box-inner reset-last-child\"data-elementor-setting-key=\"content\"><p>Rouge rubis intense.<\/p>\n<\/div>\n\n\t\t\t\t\t\t\t\t\t<\/div>\n\n\t\t\t\t\t\t\t<\/div>\n\t\t<\/div>\n\t\t\t\t\t\t<\/div>\n\t\t\t\t<\/div>\n\t\t\t\t\t<\/div>\n\t\t<\/div>\n\t\t\t\t<div class=\"elementor-column elementor-col-33 elementor-inner-column elementor-element elementor-element-46319767\" data-id=\"46319767\" data-element_type=\"column\" data-e-type=\"column\">\n\t\t\t<div class=\"elementor-widget-wrap elementor-element-populated\">\n\t\t\t\t\t\t<div class=\"elementor-element elementor-element-43f5f2ba elementor-widget elementor-widget-wd_infobox\" data-id=\"43f5f2ba\" data-element_type=\"widget\" data-e-type=\"widget\" data-widget_type=\"wd_infobox.default\">\n\t\t\t\t<div class=\"elementor-widget-container\">\n\t\t\t\t\t\t\t<div class=\"info-box-wrapper\">\n\t\t\t<div class=\"wd-info-box text-left box-icon-align-left box-style-base color-scheme-light wd-items-top\">\n\t\t\t\t\t\t\t\t\t<div class=\"box-icon-wrapper  box-with-text text-size-default box-icon-simple\">\n\t\t\t\t\t\t<div class=\"info-box-icon\">\n\t\t\t\t\t\t\t\t\t\t\t\t\t\t\t2.\t\t\t\t\t\t\t\t\t\t\t\t\t<\/div>\n\t\t\t\t\t<\/div>\n\t\t\t\t\n\t\t\t\t<div class=\"info-box-content\">\n\t\t\t\t\t\n\t\t\t\t\t\t\t\t\t\t\t<h4\t\t\t\t\t\tclass=\"info-box-title title box-title-style-default wd-fontsize-xl\" data-elementor-setting-key=\"title\">\n\t\t\t\t\t\t\t\tGO\u00dbT\t\t\t\t\t\t<\/h4>\n\t\t\t\t\t\n\t\t\t\t\t<div class=\"info-box-inner reset-last-child\"data-elementor-setting-key=\"content\"><p>Frais, cr\u00e9meux, intense et \u00e9l\u00e9gant, citronn\u00e9 et avec un perlage intrigant.<\/p>\n<\/div>\n\n\t\t\t\t\t\t\t\t\t<\/div>\n\n\t\t\t\t\t\t\t<\/div>\n\t\t<\/div>\n\t\t\t\t\t\t<\/div>\n\t\t\t\t<\/div>\n\t\t\t\t\t<\/div>\n\t\t<\/div>\n\t\t\t\t<div class=\"elementor-column elementor-col-33 elementor-inner-column elementor-element elementor-element-35af7d8b\" data-id=\"35af7d8b\" data-element_type=\"column\" data-e-type=\"column\">\n\t\t\t<div class=\"elementor-widget-wrap elementor-element-populated\">\n\t\t\t\t\t\t<div class=\"elementor-element elementor-element-7733d635 elementor-widget elementor-widget-wd_infobox\" data-id=\"7733d635\" data-element_type=\"widget\" data-e-type=\"widget\" data-widget_type=\"wd_infobox.default\">\n\t\t\t\t<div class=\"elementor-widget-container\">\n\t\t\t\t\t\t\t<div class=\"info-box-wrapper\">\n\t\t\t<div class=\"wd-info-box text-left box-icon-align-left box-style-base color-scheme-light wd-items-top\">\n\t\t\t\t\t\t\t\t\t<div class=\"box-icon-wrapper  box-with-text text-size-default box-icon-simple\">\n\t\t\t\t\t\t<div class=\"info-box-icon\">\n\t\t\t\t\t\t\t\t\t\t\t\t\t\t\t3.\t\t\t\t\t\t\t\t\t\t\t\t\t<\/div>\n\t\t\t\t\t<\/div>\n\t\t\t\t\n\t\t\t\t<div class=\"info-box-content\">\n\t\t\t\t\t\n\t\t\t\t\t\t\t\t\t\t\t<h4\t\t\t\t\t\tclass=\"info-box-title title box-title-style-default wd-fontsize-xl\" data-elementor-setting-key=\"title\">\n\t\t\t\t\t\t\t\tPARFUM\t\t\t\t\t\t<\/h4>\n\t\t\t\t\t\n\t\t\t\t\t<div class=\"info-box-inner reset-last-child\"data-elementor-setting-key=\"content\"><p>Riche et persuasif, avec du miel, des fruits frais, des agrumes et du muguet sur un fond agr\u00e9ablement grill\u00e9.<\/p>\n<\/div>\n\n\t\t\t\t\t\t\t\t\t<\/div>\n\n\t\t\t\t\t\t\t<\/div>\n\t\t<\/div>\n\t\t\t\t\t\t<\/div>\n\t\t\t\t<\/div>\n\t\t\t\t\t<\/div>\n\t\t<\/div>\n\t\t\t\t\t<\/div>\n\t\t<\/section>\n\t\t\t\t\t<\/div>\n\t\t<\/div>\n\t\t\t\t\t<\/div>\n\t\t<\/section>\n\t\t\t\t<\/div>","protected":false},"excerpt":{"rendered":"<p>Le Franciacorta Brut Millesimato de Bellavista est un vin mousseux de m\u00e9thode classique, d&#039;un \u00e9quilibre impeccable et d&#039;une grande \u00e9l\u00e9gance, \u00e9lev\u00e9 sur les levures en bouteille pendant 36 mois. Ses nuances douces, fra\u00eeches et enveloppantes sont anim\u00e9es de notes de miel, d&#039;agrumes et de fleurs blanches.<\/p>","protected":false},"featured_media":33810,"comment_status":"closed","ping_status":"closed","template":"","meta":{"_relevanssi_hide_post":"","_relevanssi_hide_content":"","_relevanssi_pin_for_all":"","_relevanssi_pin_keywords":"","_relevanssi_unpin_keywords":"","_relevanssi_related_keywords":"","_relevanssi_related_include_ids":"","_relevanssi_related_exclude_ids":"","_relevanssi_related_no_append":"","_relevanssi_related_not_related":"","_relevanssi_related_posts":"","_relevanssi_noindex_reason":""},"product_brand":[],"product_cat":[485],"product_tag":[],"class_list":{"0":"post-37065","1":"product","2":"type-product","3":"status-publish","4":"has-post-thumbnail","6":"product_cat-franciacorta","7":"pa_annata-533","8":"pa_denominazione-franciacorta-docg","9":"pa_formato-075-cl","10":"pa_gradazione-alcolica-12-5","11":"pa_paese-italia","12":"pa_produttore-bellavista","13":"pa_regione-lombardia","14":"pa_tipologia-franciacorta","15":"pa_vitigni-chardonnay-73-pinot-nero-27","17":"first","18":"outofstock","19":"taxable","20":"shipping-taxable","21":"purchasable","22":"product-type-simple"},"ase":null,"_links":{"self":[{"href":"https:\/\/www.vinness.it\/fr\/wp-json\/wp\/v2\/product\/37065","targetHints":{"allow":["GET"]}}],"collection":[{"href":"https:\/\/www.vinness.it\/fr\/wp-json\/wp\/v2\/product"}],"about":[{"href":"https:\/\/www.vinness.it\/fr\/wp-json\/wp\/v2\/types\/product"}],"replies":[{"embeddable":true,"href":"https:\/\/www.vinness.it\/fr\/wp-json\/wp\/v2\/comments?post=37065"}],"version-history":[{"count":0,"href":"https:\/\/www.vinness.it\/fr\/wp-json\/wp\/v2\/product\/37065\/revisions"}],"wp:featuredmedia":[{"embeddable":true,"href":"https:\/\/www.vinness.it\/fr\/wp-json\/wp\/v2\/media\/33810"}],"wp:attachment":[{"href":"https:\/\/www.vinness.it\/fr\/wp-json\/wp\/v2\/media?parent=37065"}],"wp:term":[{"taxonomy":"product_brand","embeddable":true,"href":"https:\/\/www.vinness.it\/fr\/wp-json\/wp\/v2\/product_brand?post=37065"},{"taxonomy":"product_cat","embeddable":true,"href":"https:\/\/www.vinness.it\/fr\/wp-json\/wp\/v2\/product_cat?post=37065"},{"taxonomy":"product_tag","embeddable":true,"href":"https:\/\/www.vinness.it\/fr\/wp-json\/wp\/v2\/product_tag?post=37065"}],"curies":[{"name":"wp","href":"https:\/\/api.w.org\/{rel}","templated":true}]}}