{"id":38559,"date":"2024-12-06T11:17:04","date_gmt":"2024-12-06T10:17:04","guid":{"rendered":"https:\/\/www.vinness.it\/?post_type=product&#038;p=38559"},"modified":"2026-04-25T23:32:49","modified_gmt":"2026-04-25T21:32:49","slug":"roero-arneis-docg-pradalupo-2023-fontanafredda","status":"publish","type":"product","link":"https:\/\/www.vinness.it\/fr\/catalogo\/vineria\/vini-vineria\/bianco\/roero-arneis-docg-pradalupo-2023-fontanafredda\/","title":{"rendered":"Roero Arneis DOCG &#8220;Pradalupo&#8221; 2023 &#8211; Fontanafredda"},"content":{"rendered":"<div data-elementor-type=\"product-post\" data-elementor-id=\"38559\" class=\"elementor elementor-38559\" data-elementor-post-type=\"product\">\n\t\t\t\t<div data-particle_enable=\"false\" data-particle-mobile-disabled=\"false\" class=\"elementor-element elementor-element-75649dc6 e-con-full e-flex e-con e-parent\" data-id=\"75649dc6\" data-element_type=\"container\" data-e-type=\"container\">\n\t\t<div data-particle_enable=\"false\" data-particle-mobile-disabled=\"false\" class=\"elementor-element elementor-element-54a71949 e-flex e-con-boxed e-con e-child\" data-id=\"54a71949\" data-element_type=\"container\" data-e-type=\"container\">\n\t\t\t\t\t<div class=\"e-con-inner\">\n\t\t\t\t<div class=\"elementor-element elementor-element-645115cc elementor-widget elementor-widget-heading\" data-id=\"645115cc\" data-element_type=\"widget\" data-e-type=\"widget\" data-widget_type=\"heading.default\">\n\t\t\t\t<div class=\"elementor-widget-container\">\n\t\t\t\t\t<h2 class=\"elementor-heading-title elementor-size-default\">Roero Arneis DOCG \u201cPradalupo\u201d<br>\nFontanafredda<\/h2>\t\t\t\t<\/div>\n\t\t\t\t<\/div>\n\t\t\t\t\t<\/div>\n\t\t\t\t<\/div>\n\t\t<div data-particle_enable=\"false\" data-particle-mobile-disabled=\"false\" class=\"wd-negative-gap elementor-element elementor-element-301e7747 e-flex e-con-boxed e-con e-child\" data-id=\"301e7747\" data-element_type=\"container\" data-e-type=\"container\">\n\t\t\t\t\t<div class=\"e-con-inner\">\n\t\t\t\t<div class=\"elementor-element elementor-element-194f2b86 elementor-widget elementor-widget-gallery\" data-id=\"194f2b86\" data-element_type=\"widget\" data-e-type=\"widget\" data-settings=\"{&quot;gallery_layout&quot;:&quot;masonry&quot;,&quot;columns&quot;:2,&quot;gap&quot;:{&quot;unit&quot;:&quot;px&quot;,&quot;size&quot;:24,&quot;sizes&quot;:[]},&quot;columns_tablet&quot;:2,&quot;columns_mobile&quot;:1,&quot;gap_tablet&quot;:{&quot;unit&quot;:&quot;px&quot;,&quot;size&quot;:10,&quot;sizes&quot;:[]},&quot;gap_mobile&quot;:{&quot;unit&quot;:&quot;px&quot;,&quot;size&quot;:10,&quot;sizes&quot;:[]},&quot;link_to&quot;:&quot;file&quot;,&quot;overlay_background&quot;:&quot;yes&quot;,&quot;content_hover_animation&quot;:&quot;fade-in&quot;}\" data-widget_type=\"gallery.default\">\n\t\t\t\t<div class=\"elementor-widget-container\">\n\t\t\t\t\t\t\t<div class=\"elementor-gallery__container\">\n\t\t\t\t\t<\/div>\n\t\t\t\t\t<\/div>\n\t\t\t\t<\/div>\n\t\t\t\t\t<\/div>\n\t\t\t\t<\/div>\n\t\t\t\t<\/div>\n\t\t\t\t<section data-particle_enable=\"false\" data-particle-mobile-disabled=\"false\" class=\"wd-negative-gap elementor-section elementor-top-section elementor-element elementor-element-304ec0f0 elementor-section-boxed elementor-section-height-default elementor-section-height-default\" data-id=\"304ec0f0\" data-element_type=\"section\" data-e-type=\"section\">\n\t\t\t\t\t\t<div class=\"elementor-container elementor-column-gap-default\">\n\t\t\t\t\t<div class=\"elementor-column elementor-col-100 elementor-top-column elementor-element elementor-element-252050e1\" data-id=\"252050e1\" data-element_type=\"column\" data-e-type=\"column\">\n\t\t\t<div class=\"elementor-widget-wrap elementor-element-populated\">\n\t\t\t\t\t\t<div class=\"elementor-element elementor-element-7add751f elementor-widget elementor-widget-heading\" data-id=\"7add751f\" data-element_type=\"widget\" data-e-type=\"widget\" data-widget_type=\"heading.default\">\n\t\t\t\t<div class=\"elementor-widget-container\">\n\t\t\t\t\t<h5 class=\"elementor-heading-title elementor-size-default\">Il Roero Arneis \"Pradalupo Le Righe\", della storica cantina piemontese Fontanafredda, \u00e8 un bianco fresco, fragrante e fruttato, di grande piacevolezza di beva, giovane e immediato. La bottiglia fa parte di una collezione, che nella grafica dell\u2019etichetta, riprende le righe orizzontali caratteristiche degli edifici dell\u2019antico borgo di Fontanafredda. La scelta di differenziare la vinificazione con una parte delle uve sottoposte a una breve macerazione, contribuisce a donare un profilo pi\u00f9 ricco, ampio e intenso, di gande fascino e persistenza gustativa. \u00c8 ottimo da degustare con risotti ai frutti di mare e in generale con primi piatti a base di pesce.<\/h5>\t\t\t\t<\/div>\n\t\t\t\t<\/div>\n\t\t\t\t<div class=\"elementor-element elementor-element-5635bb35 elementor-widget elementor-widget-heading\" data-id=\"5635bb35\" data-element_type=\"widget\" data-e-type=\"widget\" data-widget_type=\"heading.default\">\n\t\t\t\t<div class=\"elementor-widget-container\">\n\t\t\t\t\t<h5 class=\"elementor-heading-title elementor-size-default\">\u201cPradalupo Le Righe\u201d \u00e8 una bella versione di Roero Arneis di Fontanafredda.  Le vigne che donano le uve per realizzare quest\u2019etichetta, sono coltivate sulle soleggiate e dolci colline dell\u2019area del Roero, a un\u2019altitudine compresa tra i 200 e i 330 metri sul livello del mare, con esposizione rivolta a est-ovest. I suoli sono caratterizzati da un\u2019abbondante presenza di sabbie d\u2019antica origine marina, marne di arenarie e calcare, particolarmente adatte alla coltivazione delle uve a bacca bianca, che in questa zona si esprimono con particolare finezza. Al termine della vendemmia, l\u2019uva viene trasferita velocemente in cantina. Un 20% della massa viene diraspata, pigiata e sottoposta a una macerazione prefermentativa per 24 ore alla temperatura di 10 \u00b0C. Il resto dell\u2019uva, invece, viene pressato direttamente in modo molto delicato per ottenere il mosto fiore.  Le fermentazioni si svolgono separatamente in serbatoi d\u2019acciaio inox a temperatura controllata e solo in un secondo momento si procede all\u2019assemblaggio. Prima dell\u2019imbottigliamento, il vino matura sulle fecce fini in vasche d\u2019acciaio per 4-5 mesi.<\/h5>\t\t\t\t<\/div>\n\t\t\t\t<\/div>\n\t\t\t\t<div class=\"elementor-element elementor-element-b0204dc elementor-widget elementor-widget-heading\" data-id=\"b0204dc\" data-element_type=\"widget\" data-e-type=\"widget\" data-widget_type=\"heading.default\">\n\t\t\t\t<div class=\"elementor-widget-container\">\n\t\t\t\t\t<h5 class=\"elementor-heading-title elementor-size-default\">Il vino Roero Arneis \u201cPradalupo Le Righe\u201d di Fontanafredda \u00e8 una splendida interpretazione del bianco pi\u00f9 famoso del territorio della riva sinistra del Tanaro. Un vitigno che negli ultimi anni si \u00e8 imposto all\u2019attenzione degli appassionati, mettendo in luce l\u2019immediata piacevolezza dei suoi ricchi e affascinanti aromi fruttati. Nel calice si presenta di colore giallo paglierino, attraversato da riflessi luminosi e brillanti. Il bouquet \u00e8 connotato da profumi di biancospino e fiori d\u2019acacia, esuberanti aromi di pera Williams, mela Golden, pesca bianca e morbide sfumature di frutta tropicale, Al palato \u00e8 ampio, ricco, con un frutto fragrante, un sorso morbido e armonioso, che accompagna verso un finale sapido e di grande equilibrio gustativo.<\/h5>\t\t\t\t<\/div>\n\t\t\t\t<\/div>\n\t\t\t\t\t<\/div>\n\t\t<\/div>\n\t\t\t\t\t<\/div>\n\t\t<\/section>\n\t\t\t\t<section data-particle_enable=\"false\" data-particle-mobile-disabled=\"false\" class=\"wd-negative-gap elementor-section elementor-top-section elementor-element elementor-element-3c7fb5ee wd-section-stretch elementor-section-boxed elementor-section-height-default elementor-section-height-default\" data-id=\"3c7fb5ee\" data-element_type=\"section\" data-e-type=\"section\" data-settings=\"{&quot;background_background&quot;:&quot;classic&quot;}\">\n\t\t\t\t\t\t<div class=\"elementor-container elementor-column-gap-default\">\n\t\t\t\t\t<div class=\"elementor-column elementor-col-100 elementor-top-column elementor-element elementor-element-36426b4f\" data-id=\"36426b4f\" data-element_type=\"column\" data-e-type=\"column\">\n\t\t\t<div class=\"elementor-widget-wrap elementor-element-populated\">\n\t\t\t\t\t\t<section data-particle_enable=\"false\" data-particle-mobile-disabled=\"false\" class=\"wd-negative-gap elementor-section elementor-inner-section elementor-element elementor-element-7a0b7d12 elementor-section-boxed elementor-section-height-default elementor-section-height-default\" data-id=\"7a0b7d12\" data-element_type=\"section\" data-e-type=\"section\">\n\t\t\t\t\t\t<div class=\"elementor-container elementor-column-gap-default\">\n\t\t\t\t\t<div class=\"elementor-column elementor-col-33 elementor-inner-column elementor-element elementor-element-53b3d66e\" data-id=\"53b3d66e\" data-element_type=\"column\" data-e-type=\"column\">\n\t\t\t<div class=\"elementor-widget-wrap elementor-element-populated\">\n\t\t\t\t\t\t<div class=\"elementor-element elementor-element-7a9ee1c1 elementor-widget elementor-widget-wd_infobox\" data-id=\"7a9ee1c1\" data-element_type=\"widget\" data-e-type=\"widget\" data-widget_type=\"wd_infobox.default\">\n\t\t\t\t<div class=\"elementor-widget-container\">\n\t\t\t\t\t\t\t<div class=\"info-box-wrapper\">\n\t\t\t<div class=\"wd-info-box text-left box-icon-align-left box-style-base color-scheme-light wd-items-top\">\n\t\t\t\t\t\t\t\t\t<div class=\"box-icon-wrapper  box-with-text text-size-default box-icon-simple\">\n\t\t\t\t\t\t<div class=\"info-box-icon\">\n\t\t\t\t\t\t\t\t\t\t\t\t\t\t\t1.\t\t\t\t\t\t\t\t\t\t\t\t\t<\/div>\n\t\t\t\t\t<\/div>\n\t\t\t\t\n\t\t\t\t<div class=\"info-box-content\">\n\t\t\t\t\t\n\t\t\t\t\t\t\t\t\t\t\t<h4\t\t\t\t\t\tclass=\"info-box-title title box-title-style-default wd-fontsize-xl\" data-elementor-setting-key=\"title\">\n\t\t\t\t\t\t\t\tCOULEUR\t\t\t\t\t\t<\/h4>\n\t\t\t\t\t\n\t\t\t\t\t<div class=\"info-box-inner reset-last-child\"data-elementor-setting-key=\"content\"><p>Giallo paglierino intenso con riflessi verdolini.<\/p>\n<\/div>\n\n\t\t\t\t\t\t\t\t\t<\/div>\n\n\t\t\t\t\t\t\t<\/div>\n\t\t<\/div>\n\t\t\t\t\t\t<\/div>\n\t\t\t\t<\/div>\n\t\t\t\t\t<\/div>\n\t\t<\/div>\n\t\t\t\t<div class=\"elementor-column elementor-col-33 elementor-inner-column elementor-element elementor-element-4a1265a1\" data-id=\"4a1265a1\" data-element_type=\"column\" data-e-type=\"column\">\n\t\t\t<div class=\"elementor-widget-wrap elementor-element-populated\">\n\t\t\t\t\t\t<div class=\"elementor-element elementor-element-23ddd87d elementor-widget elementor-widget-wd_infobox\" data-id=\"23ddd87d\" data-element_type=\"widget\" data-e-type=\"widget\" data-widget_type=\"wd_infobox.default\">\n\t\t\t\t<div class=\"elementor-widget-container\">\n\t\t\t\t\t\t\t<div class=\"info-box-wrapper\">\n\t\t\t<div class=\"wd-info-box text-left box-icon-align-left box-style-base color-scheme-light wd-items-top\">\n\t\t\t\t\t\t\t\t\t<div class=\"box-icon-wrapper  box-with-text text-size-default box-icon-simple\">\n\t\t\t\t\t\t<div class=\"info-box-icon\">\n\t\t\t\t\t\t\t\t\t\t\t\t\t\t\t2.\t\t\t\t\t\t\t\t\t\t\t\t\t<\/div>\n\t\t\t\t\t<\/div>\n\t\t\t\t\n\t\t\t\t<div class=\"info-box-content\">\n\t\t\t\t\t\n\t\t\t\t\t\t\t\t\t\t\t<h4\t\t\t\t\t\tclass=\"info-box-title title box-title-style-default wd-fontsize-xl\" data-elementor-setting-key=\"title\">\n\t\t\t\t\t\t\t\tGO\u00dbT\t\t\t\t\t\t<\/h4>\n\t\t\t\t\t\n\t\t\t\t\t<div class=\"info-box-inner reset-last-child\"data-elementor-setting-key=\"content\"><p>Fresco, dolce, morbido, beverino, sapido ed equilibrato.<\/p>\n<\/div>\n\n\t\t\t\t\t\t\t\t\t<\/div>\n\n\t\t\t\t\t\t\t<\/div>\n\t\t<\/div>\n\t\t\t\t\t\t<\/div>\n\t\t\t\t<\/div>\n\t\t\t\t\t<\/div>\n\t\t<\/div>\n\t\t\t\t<div class=\"elementor-column elementor-col-33 elementor-inner-column elementor-element elementor-element-3e6264ae\" data-id=\"3e6264ae\" data-element_type=\"column\" data-e-type=\"column\">\n\t\t\t<div class=\"elementor-widget-wrap elementor-element-populated\">\n\t\t\t\t\t\t<div class=\"elementor-element elementor-element-21d7b720 elementor-widget elementor-widget-wd_infobox\" data-id=\"21d7b720\" data-element_type=\"widget\" data-e-type=\"widget\" data-widget_type=\"wd_infobox.default\">\n\t\t\t\t<div class=\"elementor-widget-container\">\n\t\t\t\t\t\t\t<div class=\"info-box-wrapper\">\n\t\t\t<div class=\"wd-info-box text-left box-icon-align-left box-style-base color-scheme-light wd-items-top\">\n\t\t\t\t\t\t\t\t\t<div class=\"box-icon-wrapper  box-with-text text-size-default box-icon-simple\">\n\t\t\t\t\t\t<div class=\"info-box-icon\">\n\t\t\t\t\t\t\t\t\t\t\t\t\t\t\t3.\t\t\t\t\t\t\t\t\t\t\t\t\t<\/div>\n\t\t\t\t\t<\/div>\n\t\t\t\t\n\t\t\t\t<div class=\"info-box-content\">\n\t\t\t\t\t\n\t\t\t\t\t\t\t\t\t\t\t<h4\t\t\t\t\t\tclass=\"info-box-title title box-title-style-default wd-fontsize-xl\" data-elementor-setting-key=\"title\">\n\t\t\t\t\t\t\t\tPARFUM\t\t\t\t\t\t<\/h4>\n\t\t\t\t\t\n\t\t\t\t\t<div class=\"info-box-inner reset-last-child\"data-elementor-setting-key=\"content\"><p>Ricco, ampio, note di frutti esotici, pera matura e fiori di biancospino incontrano cenni di miele.<\/p>\n<\/div>\n\n\t\t\t\t\t\t\t\t\t<\/div>\n\n\t\t\t\t\t\t\t<\/div>\n\t\t<\/div>\n\t\t\t\t\t\t<\/div>\n\t\t\t\t<\/div>\n\t\t\t\t\t<\/div>\n\t\t<\/div>\n\t\t\t\t\t<\/div>\n\t\t<\/section>\n\t\t\t\t\t<\/div>\n\t\t<\/div>\n\t\t\t\t\t<\/div>\n\t\t<\/section>\n\t\t\t\t<\/div>","protected":false},"excerpt":{"rendered":"<p style=\"font-size: 16px;text-decoration: none;quot;font-variant: normal;white-space: normal;text-transform: none;font-weight: 400;font-style: normal;text-align: left;margin: 0px 0px 19px;letter-spacing: normal;text-indent: 0px\">Calice color giallo paglierino, con riflessi verdolino. Il naso si esprime su un bouquet di frutta esotica, di pera matura e di biancospino, con un delicato rimando di miele di acacia.<\/p>\n<p>Il sorso \u00e8 rotondo, morbido e ricco, seppur ben equilibrato dalle componenti acide e sapide. Finale piacevole su note fruttate.<\/p>","protected":false},"featured_media":285181,"comment_status":"closed","ping_status":"closed","template":"","meta":{"_relevanssi_hide_post":"","_relevanssi_hide_content":"","_relevanssi_pin_for_all":"","_relevanssi_pin_keywords":"","_relevanssi_unpin_keywords":"","_relevanssi_related_keywords":"","_relevanssi_related_include_ids":"","_relevanssi_related_exclude_ids":"","_relevanssi_related_no_append":"","_relevanssi_related_not_related":"","_relevanssi_related_posts":"","_relevanssi_noindex_reason":""},"product_brand":[1269],"product_cat":[429],"product_tag":[1184],"class_list":{"0":"post-38559","1":"product","2":"type-product","3":"status-publish","4":"has-post-thumbnail","6":"product_brand-fontanafredda","7":"product_cat-bianco","8":"product_tag-1184","9":"pa_denominazione-roero-docg","10":"pa_formato-075-cl","11":"pa_gradazione-alcolica-13-5","12":"pa_paese-italia","13":"pa_produttore-fontanafredda","14":"pa_regione-piemonte","15":"pa_tipologia-vini-bianchi","16":"pa_vitigni-arneis-100","18":"first","19":"instock","20":"taxable","21":"shipping-taxable","22":"purchasable","23":"product-type-simple"},"ase":null,"_links":{"self":[{"href":"https:\/\/www.vinness.it\/fr\/wp-json\/wp\/v2\/product\/38559","targetHints":{"allow":["GET"]}}],"collection":[{"href":"https:\/\/www.vinness.it\/fr\/wp-json\/wp\/v2\/product"}],"about":[{"href":"https:\/\/www.vinness.it\/fr\/wp-json\/wp\/v2\/types\/product"}],"replies":[{"embeddable":true,"href":"https:\/\/www.vinness.it\/fr\/wp-json\/wp\/v2\/comments?post=38559"}],"version-history":[{"count":1,"href":"https:\/\/www.vinness.it\/fr\/wp-json\/wp\/v2\/product\/38559\/revisions"}],"predecessor-version":[{"id":163939,"href":"https:\/\/www.vinness.it\/fr\/wp-json\/wp\/v2\/product\/38559\/revisions\/163939"}],"wp:featuredmedia":[{"embeddable":true,"href":"https:\/\/www.vinness.it\/fr\/wp-json\/wp\/v2\/media\/285181"}],"wp:attachment":[{"href":"https:\/\/www.vinness.it\/fr\/wp-json\/wp\/v2\/media?parent=38559"}],"wp:term":[{"taxonomy":"product_brand","embeddable":true,"href":"https:\/\/www.vinness.it\/fr\/wp-json\/wp\/v2\/product_brand?post=38559"},{"taxonomy":"product_cat","embeddable":true,"href":"https:\/\/www.vinness.it\/fr\/wp-json\/wp\/v2\/product_cat?post=38559"},{"taxonomy":"product_tag","embeddable":true,"href":"https:\/\/www.vinness.it\/fr\/wp-json\/wp\/v2\/product_tag?post=38559"}],"curies":[{"name":"wp","href":"https:\/\/api.w.org\/{rel}","templated":true}]}}