{"id":38623,"date":"2024-12-06T14:59:14","date_gmt":"2024-12-06T13:59:14","guid":{"rendered":"https:\/\/www.vinness.it\/?post_type=product&#038;p=38623"},"modified":"2026-04-25T23:32:37","modified_gmt":"2026-04-25T21:32:37","slug":"nebbiolo-sassella-valtellina-superiore-2019-nino-negri-375-cl","status":"publish","type":"product","link":"https:\/\/www.vinness.it\/fr\/catalogo\/vineria\/vini-vineria\/vini-375-cl\/nebbiolo-sassella-valtellina-superiore-2019-nino-negri-375-cl\/","title":{"rendered":"Nebbiolo &#8220;Sassella Valtellina Superiore&#8221; (37,5 CL) 2019 &#8211; Nino Negri"},"content":{"rendered":"<div data-elementor-type=\"product-post\" data-elementor-id=\"38623\" class=\"elementor elementor-38623\" data-elementor-post-type=\"product\">\n\t\t\t\t<div data-particle_enable=\"false\" data-particle-mobile-disabled=\"false\" class=\"elementor-element elementor-element-ca49d5c e-con-full e-flex e-con e-parent\" data-id=\"ca49d5c\" data-element_type=\"container\" data-e-type=\"container\">\n\t\t<div data-particle_enable=\"false\" data-particle-mobile-disabled=\"false\" class=\"elementor-element elementor-element-b911c00 e-flex e-con-boxed e-con e-child\" data-id=\"b911c00\" data-element_type=\"container\" data-e-type=\"container\">\n\t\t\t\t\t<div class=\"e-con-inner\">\n\t\t\t\t<div class=\"elementor-element elementor-element-68f32f50 elementor-widget elementor-widget-heading\" data-id=\"68f32f50\" data-element_type=\"widget\" data-e-type=\"widget\" data-widget_type=\"heading.default\">\n\t\t\t\t<div class=\"elementor-widget-container\">\n\t\t\t\t\t<h2 class=\"elementor-heading-title elementor-size-default\">Nebbiolo \u201cSassella Valtellina Superiore\u201d\n<br>\nNino N\u00e9gri<\/h2>\t\t\t\t<\/div>\n\t\t\t\t<\/div>\n\t\t\t\t\t<\/div>\n\t\t\t\t<\/div>\n\t\t<div data-particle_enable=\"false\" data-particle-mobile-disabled=\"false\" class=\"wd-negative-gap elementor-element elementor-element-4536dbdd e-flex e-con-boxed e-con e-child\" data-id=\"4536dbdd\" data-element_type=\"container\" data-e-type=\"container\">\n\t\t\t\t\t<div class=\"e-con-inner\">\n\t\t\t\t<div class=\"elementor-element elementor-element-24ac8116 elementor-widget elementor-widget-gallery\" data-id=\"24ac8116\" data-element_type=\"widget\" data-e-type=\"widget\" data-settings=\"{&quot;gallery_layout&quot;:&quot;masonry&quot;,&quot;columns&quot;:2,&quot;gap&quot;:{&quot;unit&quot;:&quot;px&quot;,&quot;size&quot;:24,&quot;sizes&quot;:[]},&quot;columns_tablet&quot;:2,&quot;columns_mobile&quot;:1,&quot;gap_tablet&quot;:{&quot;unit&quot;:&quot;px&quot;,&quot;size&quot;:10,&quot;sizes&quot;:[]},&quot;gap_mobile&quot;:{&quot;unit&quot;:&quot;px&quot;,&quot;size&quot;:10,&quot;sizes&quot;:[]},&quot;link_to&quot;:&quot;file&quot;,&quot;overlay_background&quot;:&quot;yes&quot;,&quot;content_hover_animation&quot;:&quot;fade-in&quot;}\" data-widget_type=\"gallery.default\">\n\t\t\t\t<div class=\"elementor-widget-container\">\n\t\t\t\t\t\t\t<div class=\"elementor-gallery__container\">\n\t\t\t\t\t<\/div>\n\t\t\t\t\t<\/div>\n\t\t\t\t<\/div>\n\t\t\t\t\t<\/div>\n\t\t\t\t<\/div>\n\t\t\t\t<\/div>\n\t\t\t\t<section data-particle_enable=\"false\" data-particle-mobile-disabled=\"false\" class=\"wd-negative-gap elementor-section elementor-top-section elementor-element elementor-element-128c7072 elementor-section-boxed elementor-section-height-default elementor-section-height-default\" data-id=\"128c7072\" data-element_type=\"section\" data-e-type=\"section\">\n\t\t\t\t\t\t<div class=\"elementor-container elementor-column-gap-default\">\n\t\t\t\t\t<div class=\"elementor-column elementor-col-100 elementor-top-column elementor-element elementor-element-1ec257ed\" data-id=\"1ec257ed\" data-element_type=\"column\" data-e-type=\"column\">\n\t\t\t<div class=\"elementor-widget-wrap elementor-element-populated\">\n\t\t\t\t\t\t<div class=\"elementor-element elementor-element-3b175189 elementor-widget elementor-widget-heading\" data-id=\"3b175189\" data-element_type=\"widget\" data-e-type=\"widget\" data-widget_type=\"heading.default\">\n\t\t\t\t<div class=\"elementor-widget-container\">\n\t\t\t\t\t<h5 class=\"elementor-heading-title elementor-size-default\">Il Valtellina Superiore Sassella di Nino Negri \u00e8 il vino che esprime la pi\u00f9 antica tradizione del territorio, con un rosso intenso fresco e fruttato, che nasce dalle vigne coltivate a ovest della citt\u00e0 di Sondrio. Sui soleggiati pendii delle Alpi Retiche, il Nebbiolo ha trovato un territorio d\u2019elezione fuori dalla regione Piemonte e regala rossi di grande eleganza, finezza e freschezza. Sono vini di montagna, frutto di uve che maturano in modo lento e  con notevoli sbalzi termici.<\/h5>\t\t\t\t<\/div>\n\t\t\t\t<\/div>\n\t\t\t\t<div class=\"elementor-element elementor-element-72e3e7c elementor-widget elementor-widget-heading\" data-id=\"72e3e7c\" data-element_type=\"widget\" data-e-type=\"widget\" data-widget_type=\"heading.default\">\n\t\t\t\t<div class=\"elementor-widget-container\">\n\t\t\t\t\t<h5 class=\"elementor-heading-title elementor-size-default\">Il Sassella di Nino Negri \u00e8 un Valtellina Superiore prodotto da una delle cantine simbolo del territorio. Fin dalla fine dell\u2019Ottocento, la famiglia Negri si \u00e8 occupata di viticoltura in Valle. Il particolare orientamento sull\u2019asse est-ovest della Valtellina, permette d\u2019avere un versante esposto a mezzogiorno, che consente di coltivare l\u2019uva anche in presenza di un clima fresco, tipicamente alpino. \u00c8 nata cos\u00ec una viticoltura eroica, fatta di strette terrazze, strappate al versante della montagna con un secolare lavoro dell\u2019uomo. La ripidit\u00e0 della zona non permette di meccanizzare le lavorazioni in vigna, che vengono svolte tutte manualmente, cosi come sono manuali tutte le operazioni di vendemmia. Oggi Nino Negri gestisce, oltre alle vigne storiche di propriet\u00e0, gli appezzamenti di 280 conferitori ed \u00e8 una delle realt\u00e0 pi\u00f9 importanti della Valtellina.<\/h5>\t\t\t\t<\/div>\n\t\t\t\t<\/div>\n\t\t\t\t<div class=\"elementor-element elementor-element-d10fb5e elementor-widget elementor-widget-heading\" data-id=\"d10fb5e\" data-element_type=\"widget\" data-e-type=\"widget\" data-widget_type=\"heading.default\">\n\t\t\t\t<div class=\"elementor-widget-container\">\n\t\t\t\t\t<h5 class=\"elementor-heading-title elementor-size-default\">Il Sassella Valtellina Superiore di Nino Negri \u00e8 un rosso adatto a chi ama la personalit\u00e0 unica del Nebbiolo \u00e8 vuole scoprirne le migliori declinazioni lontano dalla terre delle Langhe e dall\u2019Alto Piemonte. \u00c8 un\u2019etichetta elegante, intensa, che rispecchia perfettamente la zona d\u2019origine e le caratteristiche varietali di questo grande vitigno.  Le uve provengono da viti di oltre 60 anni d\u2019et\u00e0 coltivate nella sottozona Sassella. La fermentazione si svolge in acciaio a temperatura controllata e il vino riposa per almeno 12 mesi in legno prima dell\u2019imbottigliamento. Il colore \u00e8 rosso rubino intenso. Il bouquet regala aromi di mirtillo, ribes, note di piccoli frutti di bosco, sentori di erbe e fiori di montagna, sensazioni speziate e delicatamente tostate. Il sorso \u00e8 scorrevole e fragrante, con una tessitura tannica in evidenza e un finale fresco e sapido. \u00c8 il volto elegante e fruttato della Valtellina.<\/h5>\t\t\t\t<\/div>\n\t\t\t\t<\/div>\n\t\t\t\t\t<\/div>\n\t\t<\/div>\n\t\t\t\t\t<\/div>\n\t\t<\/section>\n\t\t\t\t<section data-particle_enable=\"false\" data-particle-mobile-disabled=\"false\" class=\"wd-negative-gap elementor-section elementor-top-section elementor-element elementor-element-7273c81f wd-section-stretch elementor-section-boxed elementor-section-height-default elementor-section-height-default\" data-id=\"7273c81f\" data-element_type=\"section\" data-e-type=\"section\" data-settings=\"{&quot;background_background&quot;:&quot;classic&quot;}\">\n\t\t\t\t\t\t<div class=\"elementor-container elementor-column-gap-default\">\n\t\t\t\t\t<div class=\"elementor-column elementor-col-100 elementor-top-column elementor-element elementor-element-2580822a\" data-id=\"2580822a\" data-element_type=\"column\" data-e-type=\"column\">\n\t\t\t<div class=\"elementor-widget-wrap elementor-element-populated\">\n\t\t\t\t\t\t<section data-particle_enable=\"false\" data-particle-mobile-disabled=\"false\" class=\"wd-negative-gap elementor-section elementor-inner-section elementor-element elementor-element-24cf89ce elementor-section-boxed elementor-section-height-default elementor-section-height-default\" data-id=\"24cf89ce\" data-element_type=\"section\" data-e-type=\"section\">\n\t\t\t\t\t\t<div class=\"elementor-container elementor-column-gap-default\">\n\t\t\t\t\t<div class=\"elementor-column elementor-col-33 elementor-inner-column elementor-element elementor-element-16fcd80\" data-id=\"16fcd80\" data-element_type=\"column\" data-e-type=\"column\">\n\t\t\t<div class=\"elementor-widget-wrap elementor-element-populated\">\n\t\t\t\t\t\t<div class=\"elementor-element elementor-element-2a622966 elementor-widget elementor-widget-wd_infobox\" data-id=\"2a622966\" data-element_type=\"widget\" data-e-type=\"widget\" data-widget_type=\"wd_infobox.default\">\n\t\t\t\t<div class=\"elementor-widget-container\">\n\t\t\t\t\t\t\t<div class=\"info-box-wrapper\">\n\t\t\t<div class=\"wd-info-box text-left box-icon-align-left box-style-base color-scheme-light wd-items-top\">\n\t\t\t\t\t\t\t\t\t<div class=\"box-icon-wrapper  box-with-text text-size-default box-icon-simple\">\n\t\t\t\t\t\t<div class=\"info-box-icon\">\n\t\t\t\t\t\t\t\t\t\t\t\t\t\t\t1.\t\t\t\t\t\t\t\t\t\t\t\t\t<\/div>\n\t\t\t\t\t<\/div>\n\t\t\t\t\n\t\t\t\t<div class=\"info-box-content\">\n\t\t\t\t\t\n\t\t\t\t\t\t\t\t\t\t\t<h4\t\t\t\t\t\tclass=\"info-box-title title box-title-style-default wd-fontsize-xl\" data-elementor-setting-key=\"title\">\n\t\t\t\t\t\t\t\tCOULEUR\t\t\t\t\t\t<\/h4>\n\t\t\t\t\t\n\t\t\t\t\t<div class=\"info-box-inner reset-last-child\"data-elementor-setting-key=\"content\"><p>Rosso rubino intenso e luminoso.<\/p>\n<\/div>\n\n\t\t\t\t\t\t\t\t\t<\/div>\n\n\t\t\t\t\t\t\t<\/div>\n\t\t<\/div>\n\t\t\t\t\t\t<\/div>\n\t\t\t\t<\/div>\n\t\t\t\t\t<\/div>\n\t\t<\/div>\n\t\t\t\t<div class=\"elementor-column elementor-col-33 elementor-inner-column elementor-element elementor-element-544be7f2\" data-id=\"544be7f2\" data-element_type=\"column\" data-e-type=\"column\">\n\t\t\t<div class=\"elementor-widget-wrap elementor-element-populated\">\n\t\t\t\t\t\t<div class=\"elementor-element elementor-element-56890965 elementor-widget elementor-widget-wd_infobox\" data-id=\"56890965\" data-element_type=\"widget\" data-e-type=\"widget\" data-widget_type=\"wd_infobox.default\">\n\t\t\t\t<div class=\"elementor-widget-container\">\n\t\t\t\t\t\t\t<div class=\"info-box-wrapper\">\n\t\t\t<div class=\"wd-info-box text-left box-icon-align-left box-style-base color-scheme-light wd-items-top\">\n\t\t\t\t\t\t\t\t\t<div class=\"box-icon-wrapper  box-with-text text-size-default box-icon-simple\">\n\t\t\t\t\t\t<div class=\"info-box-icon\">\n\t\t\t\t\t\t\t\t\t\t\t\t\t\t\t2.\t\t\t\t\t\t\t\t\t\t\t\t\t<\/div>\n\t\t\t\t\t<\/div>\n\t\t\t\t\n\t\t\t\t<div class=\"info-box-content\">\n\t\t\t\t\t\n\t\t\t\t\t\t\t\t\t\t\t<h4\t\t\t\t\t\tclass=\"info-box-title title box-title-style-default wd-fontsize-xl\" data-elementor-setting-key=\"title\">\n\t\t\t\t\t\t\t\tGO\u00dbT\t\t\t\t\t\t<\/h4>\n\t\t\t\t\t\n\t\t\t\t\t<div class=\"info-box-inner reset-last-child\"data-elementor-setting-key=\"content\"><p>Intenso, carnoso, fresco e decisamente e piacevolmente tannico.<\/p>\n<\/div>\n\n\t\t\t\t\t\t\t\t\t<\/div>\n\n\t\t\t\t\t\t\t<\/div>\n\t\t<\/div>\n\t\t\t\t\t\t<\/div>\n\t\t\t\t<\/div>\n\t\t\t\t\t<\/div>\n\t\t<\/div>\n\t\t\t\t<div class=\"elementor-column elementor-col-33 elementor-inner-column elementor-element elementor-element-6f09bf4c\" data-id=\"6f09bf4c\" data-element_type=\"column\" data-e-type=\"column\">\n\t\t\t<div class=\"elementor-widget-wrap elementor-element-populated\">\n\t\t\t\t\t\t<div class=\"elementor-element elementor-element-15d6f172 elementor-widget elementor-widget-wd_infobox\" data-id=\"15d6f172\" data-element_type=\"widget\" data-e-type=\"widget\" data-widget_type=\"wd_infobox.default\">\n\t\t\t\t<div class=\"elementor-widget-container\">\n\t\t\t\t\t\t\t<div class=\"info-box-wrapper\">\n\t\t\t<div class=\"wd-info-box text-left box-icon-align-left box-style-base color-scheme-light wd-items-top\">\n\t\t\t\t\t\t\t\t\t<div class=\"box-icon-wrapper  box-with-text text-size-default box-icon-simple\">\n\t\t\t\t\t\t<div class=\"info-box-icon\">\n\t\t\t\t\t\t\t\t\t\t\t\t\t\t\t3.\t\t\t\t\t\t\t\t\t\t\t\t\t<\/div>\n\t\t\t\t\t<\/div>\n\t\t\t\t\n\t\t\t\t<div class=\"info-box-content\">\n\t\t\t\t\t\n\t\t\t\t\t\t\t\t\t\t\t<h4\t\t\t\t\t\tclass=\"info-box-title title box-title-style-default wd-fontsize-xl\" data-elementor-setting-key=\"title\">\n\t\t\t\t\t\t\t\tPARFUM\t\t\t\t\t\t<\/h4>\n\t\t\t\t\t\n\t\t\t\t\t<div class=\"info-box-inner reset-last-child\"data-elementor-setting-key=\"content\"><p>Sentori di mora, mirtillo, erbe balsamiche e aromatiche, sbuffi speziati e cenni tostati.<\/p>\n<\/div>\n\n\t\t\t\t\t\t\t\t\t<\/div>\n\n\t\t\t\t\t\t\t<\/div>\n\t\t<\/div>\n\t\t\t\t\t\t<\/div>\n\t\t\t\t<\/div>\n\t\t\t\t\t<\/div>\n\t\t<\/div>\n\t\t\t\t\t<\/div>\n\t\t<\/section>\n\t\t\t\t\t<\/div>\n\t\t<\/div>\n\t\t\t\t\t<\/div>\n\t\t<\/section>\n\t\t\t\t<\/div>","protected":false},"excerpt":{"rendered":"<p><span style='font-size: 16px;text-decoration: none;font-family: \"Open Sans\", Helvetica, Arial, sans-serif;white-space: normal;text-transform: none;float: none;font-weight: 400;font-style: normal;display: inline !important;letter-spacing: normal;text-indent: 0px'>Le site<span class=\"Apple-converted-space\">&nbsp;<\/span><\/span>Sassella <span style='font-size: 16px;text-decoration: none;font-family: \"Open Sans\", Helvetica, Arial, sans-serif;white-space: normal;text-transform: none;float: none;font-weight: 400;font-style: normal;display: inline !important;letter-spacing: normal;text-indent: 0px'>di Nino Negri \u00e8 un Valtellina Superiore&nbsp;intenso e strutturato, frutto di una viticoltura &#8220;eroica&#8221; che si realizza sui ripidi terrazzamenti nella zona pi\u00f9 antica della denominazione. I profumi di frutti di bosco, gli accenti floreali, le note tostate e le lievi sfumature di erbe aromatiche compongono un bouquet molto tipico e territoriale. <\/p>\n<p>Al palato regala un sorso complesso e piacevolmente fresco, avvolto in una decisa trama tannica<\/span><\/p>","protected":false},"featured_media":285171,"comment_status":"closed","ping_status":"closed","template":"","meta":{"_relevanssi_hide_post":"","_relevanssi_hide_content":"","_relevanssi_pin_for_all":"","_relevanssi_pin_keywords":"","_relevanssi_unpin_keywords":"","_relevanssi_related_keywords":"","_relevanssi_related_include_ids":"","_relevanssi_related_exclude_ids":"","_relevanssi_related_no_append":"","_relevanssi_related_not_related":"","_relevanssi_related_posts":"","_relevanssi_noindex_reason":""},"product_brand":[1185],"product_cat":[623],"product_tag":[1191],"class_list":{"0":"post-38623","1":"product","2":"type-product","3":"status-publish","4":"has-post-thumbnail","6":"product_brand-nino-negri","7":"product_cat-vini-375-cl","8":"product_tag-1191","9":"pa_annata-534","10":"pa_denominazione-valtellina-superiore-docg","11":"pa_formato-375-cl","12":"pa_gradazione-alcolica-13-5","13":"pa_paese-italia","14":"pa_produttore-nino-negri","15":"pa_regione-lombardia","16":"pa_tipologia-vini-rossi","17":"pa_vitigni-nebbiolo-chiavennasca-95-uve-rosse-locali-5","19":"first","20":"instock","21":"taxable","22":"shipping-taxable","23":"purchasable","24":"product-type-simple"},"ase":null,"_links":{"self":[{"href":"https:\/\/www.vinness.it\/fr\/wp-json\/wp\/v2\/product\/38623","targetHints":{"allow":["GET"]}}],"collection":[{"href":"https:\/\/www.vinness.it\/fr\/wp-json\/wp\/v2\/product"}],"about":[{"href":"https:\/\/www.vinness.it\/fr\/wp-json\/wp\/v2\/types\/product"}],"replies":[{"embeddable":true,"href":"https:\/\/www.vinness.it\/fr\/wp-json\/wp\/v2\/comments?post=38623"}],"version-history":[{"count":1,"href":"https:\/\/www.vinness.it\/fr\/wp-json\/wp\/v2\/product\/38623\/revisions"}],"predecessor-version":[{"id":163924,"href":"https:\/\/www.vinness.it\/fr\/wp-json\/wp\/v2\/product\/38623\/revisions\/163924"}],"wp:featuredmedia":[{"embeddable":true,"href":"https:\/\/www.vinness.it\/fr\/wp-json\/wp\/v2\/media\/285171"}],"wp:attachment":[{"href":"https:\/\/www.vinness.it\/fr\/wp-json\/wp\/v2\/media?parent=38623"}],"wp:term":[{"taxonomy":"product_brand","embeddable":true,"href":"https:\/\/www.vinness.it\/fr\/wp-json\/wp\/v2\/product_brand?post=38623"},{"taxonomy":"product_cat","embeddable":true,"href":"https:\/\/www.vinness.it\/fr\/wp-json\/wp\/v2\/product_cat?post=38623"},{"taxonomy":"product_tag","embeddable":true,"href":"https:\/\/www.vinness.it\/fr\/wp-json\/wp\/v2\/product_tag?post=38623"}],"curies":[{"name":"wp","href":"https:\/\/api.w.org\/{rel}","templated":true}]}}