{"id":38632,"date":"2024-12-06T15:05:30","date_gmt":"2024-12-06T14:05:30","guid":{"rendered":"https:\/\/www.vinness.it\/?post_type=product&#038;p=38632"},"modified":"2026-04-25T23:32:38","modified_gmt":"2026-04-25T21:32:38","slug":"primitivo-di-manduria-dop-sisma-18-2018-erario-copia","status":"publish","type":"product","link":"https:\/\/www.vinness.it\/fr\/catalogo\/vineria\/vini-vineria\/rosso\/primitivo-di-manduria-dop-sisma-18-2018-erario-copia\/","title":{"rendered":"Primitivo di Manduria DOP &#8220;Sisma 18&#8221; 2018 &#8211; Erario"},"content":{"rendered":"<div data-elementor-type=\"product-post\" data-elementor-id=\"38632\" class=\"elementor elementor-38632\" data-elementor-post-type=\"product\">\n\t\t\t\t<div data-particle_enable=\"false\" data-particle-mobile-disabled=\"false\" class=\"elementor-element elementor-element-2300002a e-con-full e-flex e-con e-parent\" data-id=\"2300002a\" data-element_type=\"container\" data-e-type=\"container\">\n\t\t<div data-particle_enable=\"false\" data-particle-mobile-disabled=\"false\" class=\"elementor-element elementor-element-347a9bd2 e-flex e-con-boxed e-con e-child\" data-id=\"347a9bd2\" data-element_type=\"container\" data-e-type=\"container\">\n\t\t\t\t\t<div class=\"e-con-inner\">\n\t\t\t\t<div class=\"elementor-element elementor-element-6836b702 elementor-widget elementor-widget-heading\" data-id=\"6836b702\" data-element_type=\"widget\" data-e-type=\"widget\" data-widget_type=\"heading.default\">\n\t\t\t\t<div class=\"elementor-widget-container\">\n\t\t\t\t\t<h2 class=\"elementor-heading-title elementor-size-default\">Primitivo di Manduria DOP\n<br>\n\u201cSisma 18\u201d Erario<\/h2>\t\t\t\t<\/div>\n\t\t\t\t<\/div>\n\t\t\t\t\t<\/div>\n\t\t\t\t<\/div>\n\t\t<div data-particle_enable=\"false\" data-particle-mobile-disabled=\"false\" class=\"wd-negative-gap elementor-element elementor-element-7973dbb4 e-flex e-con-boxed e-con e-child\" data-id=\"7973dbb4\" data-element_type=\"container\" data-e-type=\"container\">\n\t\t\t\t\t<div class=\"e-con-inner\">\n\t\t\t\t<div class=\"elementor-element elementor-element-70e4bf6e elementor-widget elementor-widget-gallery\" data-id=\"70e4bf6e\" data-element_type=\"widget\" data-e-type=\"widget\" data-settings=\"{&quot;gallery_layout&quot;:&quot;masonry&quot;,&quot;columns&quot;:2,&quot;gap&quot;:{&quot;unit&quot;:&quot;px&quot;,&quot;size&quot;:24,&quot;sizes&quot;:[]},&quot;columns_tablet&quot;:2,&quot;columns_mobile&quot;:1,&quot;gap_tablet&quot;:{&quot;unit&quot;:&quot;px&quot;,&quot;size&quot;:10,&quot;sizes&quot;:[]},&quot;gap_mobile&quot;:{&quot;unit&quot;:&quot;px&quot;,&quot;size&quot;:10,&quot;sizes&quot;:[]},&quot;link_to&quot;:&quot;file&quot;,&quot;overlay_background&quot;:&quot;yes&quot;,&quot;content_hover_animation&quot;:&quot;fade-in&quot;}\" data-widget_type=\"gallery.default\">\n\t\t\t\t<div class=\"elementor-widget-container\">\n\t\t\t\t\t\t\t<div class=\"elementor-gallery__container\">\n\t\t\t\t\t<\/div>\n\t\t\t\t\t<\/div>\n\t\t\t\t<\/div>\n\t\t\t\t\t<\/div>\n\t\t\t\t<\/div>\n\t\t\t\t<\/div>\n\t\t\t\t<section data-particle_enable=\"false\" data-particle-mobile-disabled=\"false\" class=\"wd-negative-gap elementor-section elementor-top-section elementor-element elementor-element-72cd22e8 elementor-section-boxed elementor-section-height-default elementor-section-height-default\" data-id=\"72cd22e8\" data-element_type=\"section\" data-e-type=\"section\">\n\t\t\t\t\t\t<div class=\"elementor-container elementor-column-gap-default\">\n\t\t\t\t\t<div class=\"elementor-column elementor-col-100 elementor-top-column elementor-element elementor-element-26dc1023\" data-id=\"26dc1023\" data-element_type=\"column\" data-e-type=\"column\">\n\t\t\t<div class=\"elementor-widget-wrap elementor-element-populated\">\n\t\t\t\t\t\t<div class=\"elementor-element elementor-element-6c69c407 elementor-widget elementor-widget-heading\" data-id=\"6c69c407\" data-element_type=\"widget\" data-e-type=\"widget\" data-widget_type=\"heading.default\">\n\t\t\t\t<div class=\"elementor-widget-container\">\n\t\t\t\t\t<h5 class=\"elementor-heading-title elementor-size-default\">Vino prodotto da vitigni condotti ad alberello che hanno un\u2019et\u00e0 media di almeno 70 anni. Per ottenere questo vino necessita un ottima maturazione delle uve rigorosamente selezionate e raccolte a mano. La fermentazione lunga e rigorosamente a temperatura controllata con una conseguente lunga macerazione e continua micro ossigenazione, sono la base per ottenere un grado alcolico di 16\u00b0 e un prodotto di eccellenza.<\/h5>\t\t\t\t<\/div>\n\t\t\t\t<\/div>\n\t\t\t\t<div class=\"elementor-element elementor-element-28b19703 elementor-widget elementor-widget-heading\" data-id=\"28b19703\" data-element_type=\"widget\" data-e-type=\"widget\" data-widget_type=\"heading.default\">\n\t\t\t\t<div class=\"elementor-widget-container\">\n\t\t\t\t\t<h5 class=\"elementor-heading-title elementor-size-default\">Si procede dunque con l\u2019affinamento in acciaio per 12 mesi,con successivi 12 mesi in barrique di rovere per poi maturare per ulteriori 6 mesi in vetro. Vino dal colore rosso granato carico con sfumature violacee,dal profumo etereo,\nfragrante, speziato con sentori di frutta a bacca rossa , mandorla amara, vaniglia e nel finale di liquirizia e cacao amaro; \u00e8 un vino asciutto, caldo e complesso, intenso e concentrato, su un fondo piacevolmente tannico.<\/h5>\t\t\t\t<\/div>\n\t\t\t\t<\/div>\n\t\t\t\t<div class=\"elementor-element elementor-element-d0f3471 elementor-widget elementor-widget-heading\" data-id=\"d0f3471\" data-element_type=\"widget\" data-e-type=\"widget\" data-widget_type=\"heading.default\">\n\t\t\t\t<div class=\"elementor-widget-container\">\n\t\t\t\t\t<h5 class=\"elementor-heading-title elementor-size-default\">Impeccabile con primi piatti saporiti e robusti, quali bucatini o sagne ncannulate al ragu\u2019, oppure con secondi quali selvaggina, involtini al sugo o carne alla brace. Ben riuscita l\u2019unione con i formaggi di media e alta stagionatura. Pu\u00f2 essere considerato anche un \u2018vino da meditazione\u2019, sorseggiato lentamente per poter cogliere tutte le sfumature del suo ricco bouquet.<\/h5>\t\t\t\t<\/div>\n\t\t\t\t<\/div>\n\t\t\t\t\t<\/div>\n\t\t<\/div>\n\t\t\t\t\t<\/div>\n\t\t<\/section>\n\t\t\t\t<section data-particle_enable=\"false\" data-particle-mobile-disabled=\"false\" class=\"wd-negative-gap elementor-section elementor-top-section elementor-element elementor-element-338e4bb9 wd-section-stretch elementor-section-boxed elementor-section-height-default elementor-section-height-default\" data-id=\"338e4bb9\" data-element_type=\"section\" data-e-type=\"section\" data-settings=\"{&quot;background_background&quot;:&quot;classic&quot;}\">\n\t\t\t\t\t\t<div class=\"elementor-container elementor-column-gap-default\">\n\t\t\t\t\t<div class=\"elementor-column elementor-col-100 elementor-top-column elementor-element elementor-element-7ed40f1b\" data-id=\"7ed40f1b\" data-element_type=\"column\" data-e-type=\"column\">\n\t\t\t<div class=\"elementor-widget-wrap elementor-element-populated\">\n\t\t\t\t\t\t<section data-particle_enable=\"false\" data-particle-mobile-disabled=\"false\" class=\"wd-negative-gap elementor-section elementor-inner-section elementor-element elementor-element-6087e029 elementor-section-boxed elementor-section-height-default elementor-section-height-default\" data-id=\"6087e029\" data-element_type=\"section\" data-e-type=\"section\">\n\t\t\t\t\t\t<div class=\"elementor-container elementor-column-gap-default\">\n\t\t\t\t\t<div class=\"elementor-column elementor-col-33 elementor-inner-column elementor-element elementor-element-748c6007\" data-id=\"748c6007\" data-element_type=\"column\" data-e-type=\"column\">\n\t\t\t<div class=\"elementor-widget-wrap elementor-element-populated\">\n\t\t\t\t\t\t<div class=\"elementor-element elementor-element-6ece57ca elementor-widget elementor-widget-wd_infobox\" data-id=\"6ece57ca\" data-element_type=\"widget\" data-e-type=\"widget\" data-widget_type=\"wd_infobox.default\">\n\t\t\t\t<div class=\"elementor-widget-container\">\n\t\t\t\t\t\t\t<div class=\"info-box-wrapper\">\n\t\t\t<div class=\"wd-info-box text-left box-icon-align-left box-style-base color-scheme-light wd-items-top\">\n\t\t\t\t\t\t\t\t\t<div class=\"box-icon-wrapper  box-with-text text-size-default box-icon-simple\">\n\t\t\t\t\t\t<div class=\"info-box-icon\">\n\t\t\t\t\t\t\t\t\t\t\t\t\t\t\t1.\t\t\t\t\t\t\t\t\t\t\t\t\t<\/div>\n\t\t\t\t\t<\/div>\n\t\t\t\t\n\t\t\t\t<div class=\"info-box-content\">\n\t\t\t\t\t\n\t\t\t\t\t\t\t\t\t\t\t<h4\t\t\t\t\t\tclass=\"info-box-title title box-title-style-default wd-fontsize-xl\" data-elementor-setting-key=\"title\">\n\t\t\t\t\t\t\t\tCOULEUR\t\t\t\t\t\t<\/h4>\n\t\t\t\t\t\n\t\t\t\t\t<div class=\"info-box-inner reset-last-child\"data-elementor-setting-key=\"content\"><p>Rosso granato intenso.<\/p>\n<\/div>\n\n\t\t\t\t\t\t\t\t\t<\/div>\n\n\t\t\t\t\t\t\t<\/div>\n\t\t<\/div>\n\t\t\t\t\t\t<\/div>\n\t\t\t\t<\/div>\n\t\t\t\t\t<\/div>\n\t\t<\/div>\n\t\t\t\t<div class=\"elementor-column elementor-col-33 elementor-inner-column elementor-element elementor-element-6ed5731b\" data-id=\"6ed5731b\" data-element_type=\"column\" data-e-type=\"column\">\n\t\t\t<div class=\"elementor-widget-wrap elementor-element-populated\">\n\t\t\t\t\t\t<div class=\"elementor-element elementor-element-23a05789 elementor-widget elementor-widget-wd_infobox\" data-id=\"23a05789\" data-element_type=\"widget\" data-e-type=\"widget\" data-widget_type=\"wd_infobox.default\">\n\t\t\t\t<div class=\"elementor-widget-container\">\n\t\t\t\t\t\t\t<div class=\"info-box-wrapper\">\n\t\t\t<div class=\"wd-info-box text-left box-icon-align-left box-style-base color-scheme-light wd-items-top\">\n\t\t\t\t\t\t\t\t\t<div class=\"box-icon-wrapper  box-with-text text-size-default box-icon-simple\">\n\t\t\t\t\t\t<div class=\"info-box-icon\">\n\t\t\t\t\t\t\t\t\t\t\t\t\t\t\t2.\t\t\t\t\t\t\t\t\t\t\t\t\t<\/div>\n\t\t\t\t\t<\/div>\n\t\t\t\t\n\t\t\t\t<div class=\"info-box-content\">\n\t\t\t\t\t\n\t\t\t\t\t\t\t\t\t\t\t<h4\t\t\t\t\t\tclass=\"info-box-title title box-title-style-default wd-fontsize-xl\" data-elementor-setting-key=\"title\">\n\t\t\t\t\t\t\t\tGO\u00dbT\t\t\t\t\t\t<\/h4>\n\t\t\t\t\t\n\t\t\t\t\t<div class=\"info-box-inner reset-last-child\"data-elementor-setting-key=\"content\"><p>Ricco, denso con una astringenza marcata ma allo stesso tempo equilibrata da una spiccata morbidezza.<\/p>\n<\/div>\n\n\t\t\t\t\t\t\t\t\t<\/div>\n\n\t\t\t\t\t\t\t<\/div>\n\t\t<\/div>\n\t\t\t\t\t\t<\/div>\n\t\t\t\t<\/div>\n\t\t\t\t\t<\/div>\n\t\t<\/div>\n\t\t\t\t<div class=\"elementor-column elementor-col-33 elementor-inner-column elementor-element elementor-element-2ba43b23\" data-id=\"2ba43b23\" data-element_type=\"column\" data-e-type=\"column\">\n\t\t\t<div class=\"elementor-widget-wrap elementor-element-populated\">\n\t\t\t\t\t\t<div class=\"elementor-element elementor-element-1d61024c elementor-widget elementor-widget-wd_infobox\" data-id=\"1d61024c\" data-element_type=\"widget\" data-e-type=\"widget\" data-widget_type=\"wd_infobox.default\">\n\t\t\t\t<div class=\"elementor-widget-container\">\n\t\t\t\t\t\t\t<div class=\"info-box-wrapper\">\n\t\t\t<div class=\"wd-info-box text-left box-icon-align-left box-style-base color-scheme-light wd-items-top\">\n\t\t\t\t\t\t\t\t\t<div class=\"box-icon-wrapper  box-with-text text-size-default box-icon-simple\">\n\t\t\t\t\t\t<div class=\"info-box-icon\">\n\t\t\t\t\t\t\t\t\t\t\t\t\t\t\t3.\t\t\t\t\t\t\t\t\t\t\t\t\t<\/div>\n\t\t\t\t\t<\/div>\n\t\t\t\t\n\t\t\t\t<div class=\"info-box-content\">\n\t\t\t\t\t\n\t\t\t\t\t\t\t\t\t\t\t<h4\t\t\t\t\t\tclass=\"info-box-title title box-title-style-default wd-fontsize-xl\" data-elementor-setting-key=\"title\">\n\t\t\t\t\t\t\t\tPARFUM\t\t\t\t\t\t<\/h4>\n\t\t\t\t\t\n\t\t\t\t\t<div class=\"info-box-inner reset-last-child\"data-elementor-setting-key=\"content\"><p>Sentori di frutta matura, confettura di amarena, lamponi e prugna, sentori di tabacco e liquirizia.<\/p>\n<\/div>\n\n\t\t\t\t\t\t\t\t\t<\/div>\n\n\t\t\t\t\t\t\t<\/div>\n\t\t<\/div>\n\t\t\t\t\t\t<\/div>\n\t\t\t\t<\/div>\n\t\t\t\t\t<\/div>\n\t\t<\/div>\n\t\t\t\t\t<\/div>\n\t\t<\/section>\n\t\t\t\t\t<\/div>\n\t\t<\/div>\n\t\t\t\t\t<\/div>\n\t\t<\/section>\n\t\t\t\t<\/div>","protected":false},"excerpt":{"rendered":"<p>Primitivo di Manduria DOP Sisma 18 di Cantina Erario, dopo il primo sorso anche il cuore sar\u00e0 bello e caldo 18,5% vol. \u00e8 gi\u00e0 un annuncio. Naso fruttato con molte ciliegie scure e rosse.<\/p>\n<p>Molto soave al palato, frutti scuri maturi con tannino maturo. Corposo con molta frutta dolce e candita.<\/p>","protected":false},"featured_media":285172,"comment_status":"closed","ping_status":"closed","template":"","meta":{"_relevanssi_hide_post":"","_relevanssi_hide_content":"","_relevanssi_pin_for_all":"","_relevanssi_pin_keywords":"","_relevanssi_unpin_keywords":"","_relevanssi_related_keywords":"","_relevanssi_related_include_ids":"","_relevanssi_related_exclude_ids":"","_relevanssi_related_no_append":"","_relevanssi_related_not_related":"","_relevanssi_related_posts":"","_relevanssi_noindex_reason":""},"product_brand":[1169],"product_cat":[427],"product_tag":[1168],"class_list":{"0":"post-38632","1":"product","2":"type-product","3":"status-publish","4":"has-post-thumbnail","6":"product_brand-erario","7":"product_cat-rosso","8":"product_tag-1168","9":"pa_annata-533","10":"pa_denominazione-primitivo-di-manduria-dop","11":"pa_formato-075-cl","12":"pa_gradazione-alcolica-18-0","13":"pa_paese-italia","14":"pa_produttore-cantina-erario","15":"pa_regione-puglia","16":"pa_tipologia-vini-rossi","17":"pa_vitigni-primitivo-100","19":"first","20":"instock","21":"taxable","22":"shipping-taxable","23":"purchasable","24":"product-type-simple"},"ase":null,"_links":{"self":[{"href":"https:\/\/www.vinness.it\/fr\/wp-json\/wp\/v2\/product\/38632","targetHints":{"allow":["GET"]}}],"collection":[{"href":"https:\/\/www.vinness.it\/fr\/wp-json\/wp\/v2\/product"}],"about":[{"href":"https:\/\/www.vinness.it\/fr\/wp-json\/wp\/v2\/types\/product"}],"replies":[{"embeddable":true,"href":"https:\/\/www.vinness.it\/fr\/wp-json\/wp\/v2\/comments?post=38632"}],"version-history":[{"count":0,"href":"https:\/\/www.vinness.it\/fr\/wp-json\/wp\/v2\/product\/38632\/revisions"}],"wp:featuredmedia":[{"embeddable":true,"href":"https:\/\/www.vinness.it\/fr\/wp-json\/wp\/v2\/media\/285172"}],"wp:attachment":[{"href":"https:\/\/www.vinness.it\/fr\/wp-json\/wp\/v2\/media?parent=38632"}],"wp:term":[{"taxonomy":"product_brand","embeddable":true,"href":"https:\/\/www.vinness.it\/fr\/wp-json\/wp\/v2\/product_brand?post=38632"},{"taxonomy":"product_cat","embeddable":true,"href":"https:\/\/www.vinness.it\/fr\/wp-json\/wp\/v2\/product_cat?post=38632"},{"taxonomy":"product_tag","embeddable":true,"href":"https:\/\/www.vinness.it\/fr\/wp-json\/wp\/v2\/product_tag?post=38632"}],"curies":[{"name":"wp","href":"https:\/\/api.w.org\/{rel}","templated":true}]}}