{"id":87473,"date":"2025-10-18T16:39:06","date_gmt":"2025-10-18T14:39:06","guid":{"rendered":"https:\/\/www.vinness.it\/catalogo\/senza-categoria\/scalabrone-r-2024-8001935253204\/"},"modified":"2026-04-25T23:33:10","modified_gmt":"2026-04-25T21:33:10","slug":"scalabrone-r-2024-8001935253204","status":"publish","type":"product","link":"https:\/\/www.vinness.it\/fr\/catalogo\/vineria\/vini-vineria\/rosato\/scalabrone-r-2024-8001935253204\/","title":{"rendered":"Scalabrone R. 2024 &#8211; 8001935253204"},"content":{"rendered":"<p>\u00ab Scalabrone \u00bb est un vin ros\u00e9 toscan riche en ar\u00f4mes, expression c\u00e9l\u00e8bre de la cave Guado al Tasso. Le bouquet comprend des notes de cerises, de petits fruits rouges et d&#039;herbes aromatiques. Le go\u00fbt se caract\u00e9rise par une excellente fra\u00eecheur et saveur, avec des retours aromatiques juteux et fruit\u00e9s.<\/p>","protected":false},"excerpt":{"rendered":"<p>\u00ab Scalabrone \u00bb est un vin ros\u00e9 toscan riche en ar\u00f4mes, expression c\u00e9l\u00e8bre de la cave Guado al Tasso. Le bouquet comprend des notes de cerises, de petits fruits rouges et d&#039;herbes aromatiques. Le go\u00fbt se caract\u00e9rise par une excellente fra\u00eecheur et saveur, avec des retours aromatiques juteux et fruit\u00e9s.<\/p>","protected":false},"featured_media":285220,"comment_status":"closed","ping_status":"closed","template":"","meta":{"_relevanssi_hide_post":"","_relevanssi_hide_content":"","_relevanssi_pin_for_all":"","_relevanssi_pin_keywords":"","_relevanssi_unpin_keywords":"","_relevanssi_related_keywords":"","_relevanssi_related_include_ids":"","_relevanssi_related_exclude_ids":"","_relevanssi_related_no_append":"","_relevanssi_related_not_related":"","_relevanssi_related_posts":"","_relevanssi_noindex_reason":""},"product_brand":[],"product_cat":[428],"product_tag":[],"class_list":{"0":"post-87473","1":"product","2":"type-product","3":"status-publish","4":"has-post-thumbnail","6":"product_cat-rosato","8":"first","9":"instock","10":"taxable","11":"shipping-taxable","12":"purchasable","13":"product-type-simple"},"ase":null,"_links":{"self":[{"href":"https:\/\/www.vinness.it\/fr\/wp-json\/wp\/v2\/product\/87473","targetHints":{"allow":["GET"]}}],"collection":[{"href":"https:\/\/www.vinness.it\/fr\/wp-json\/wp\/v2\/product"}],"about":[{"href":"https:\/\/www.vinness.it\/fr\/wp-json\/wp\/v2\/types\/product"}],"replies":[{"embeddable":true,"href":"https:\/\/www.vinness.it\/fr\/wp-json\/wp\/v2\/comments?post=87473"}],"version-history":[{"count":0,"href":"https:\/\/www.vinness.it\/fr\/wp-json\/wp\/v2\/product\/87473\/revisions"}],"wp:featuredmedia":[{"embeddable":true,"href":"https:\/\/www.vinness.it\/fr\/wp-json\/wp\/v2\/media\/285220"}],"wp:attachment":[{"href":"https:\/\/www.vinness.it\/fr\/wp-json\/wp\/v2\/media?parent=87473"}],"wp:term":[{"taxonomy":"product_brand","embeddable":true,"href":"https:\/\/www.vinness.it\/fr\/wp-json\/wp\/v2\/product_brand?post=87473"},{"taxonomy":"product_cat","embeddable":true,"href":"https:\/\/www.vinness.it\/fr\/wp-json\/wp\/v2\/product_cat?post=87473"},{"taxonomy":"product_tag","embeddable":true,"href":"https:\/\/www.vinness.it\/fr\/wp-json\/wp\/v2\/product_tag?post=87473"}],"curies":[{"name":"wp","href":"https:\/\/api.w.org\/{rel}","templated":true}]}}