{"id":29977,"date":"2024-02-13T16:34:45","date_gmt":"2024-02-13T15:34:45","guid":{"rendered":"http:\/\/vinness.it\/?post_type=product&#038;p=29977"},"modified":"2025-03-09T11:44:51","modified_gmt":"2025-03-09T10:44:51","slug":"erbaluce-di-caluso-docg-la-rustia-2019-orsolani","status":"publish","type":"product","link":"https:\/\/www.vinness.it\/zh\/catalogo\/vineria\/vini-vineria\/bianco\/erbaluce-di-caluso-docg-la-rustia-2019-orsolani\/","title":{"rendered":"Erbaluce di Caluso DOCG &#8220;La Rustia&#8221; 2019 &#8211; Orsolani"},"content":{"rendered":"","protected":false},"excerpt":{"rendered":"<p>Vino dal colore giallo paglierino luminoso. Il suo profumo \u00e8 deciso, si mescolano note di salvia ed erbe aromatiche a sentori fruttati di pera e pompelmo maturo. Al palato \u00e8 netto ed intenso, con un finale persistente e di grande mineralit\u00e0.<\/p>","protected":false},"featured_media":34182,"comment_status":"closed","ping_status":"closed","template":"","meta":{"_relevanssi_hide_post":"","_relevanssi_hide_content":"","_relevanssi_pin_for_all":"","_relevanssi_pin_keywords":"","_relevanssi_unpin_keywords":"","_relevanssi_related_keywords":"","_relevanssi_related_include_ids":"","_relevanssi_related_exclude_ids":"","_relevanssi_related_no_append":"","_relevanssi_related_not_related":"","_relevanssi_related_posts":"","_relevanssi_noindex_reason":""},"product_brand":[],"product_cat":[429],"product_tag":[],"class_list":{"0":"post-29977","1":"product","2":"type-product","3":"status-publish","4":"has-post-thumbnail","6":"product_cat-bianco","7":"pa_annata-534","8":"pa_denominazione-erbaluce-di-caluso-docg","9":"pa_formato-075-cl","10":"pa_gradazione-alcolica-12-5","11":"pa_paese-italia","12":"pa_produttore-orsolani","13":"pa_regione-piemonte","14":"pa_tipologia-vini-bianchi","15":"pa_vitigni-erbaluce-100","17":"first","18":"outofstock","19":"taxable","20":"shipping-taxable","21":"purchasable","22":"product-type-simple"},"ase":null,"_links":{"self":[{"href":"https:\/\/www.vinness.it\/zh\/wp-json\/wp\/v2\/product\/29977","targetHints":{"allow":["GET"]}}],"collection":[{"href":"https:\/\/www.vinness.it\/zh\/wp-json\/wp\/v2\/product"}],"about":[{"href":"https:\/\/www.vinness.it\/zh\/wp-json\/wp\/v2\/types\/product"}],"replies":[{"embeddable":true,"href":"https:\/\/www.vinness.it\/zh\/wp-json\/wp\/v2\/comments?post=29977"}],"version-history":[{"count":0,"href":"https:\/\/www.vinness.it\/zh\/wp-json\/wp\/v2\/product\/29977\/revisions"}],"wp:featuredmedia":[{"embeddable":true,"href":"https:\/\/www.vinness.it\/zh\/wp-json\/wp\/v2\/media\/34182"}],"wp:attachment":[{"href":"https:\/\/www.vinness.it\/zh\/wp-json\/wp\/v2\/media?parent=29977"}],"wp:term":[{"taxonomy":"product_brand","embeddable":true,"href":"https:\/\/www.vinness.it\/zh\/wp-json\/wp\/v2\/product_brand?post=29977"},{"taxonomy":"product_cat","embeddable":true,"href":"https:\/\/www.vinness.it\/zh\/wp-json\/wp\/v2\/product_cat?post=29977"},{"taxonomy":"product_tag","embeddable":true,"href":"https:\/\/www.vinness.it\/zh\/wp-json\/wp\/v2\/product_tag?post=29977"}],"curies":[{"name":"wp","href":"https:\/\/api.w.org\/{rel}","templated":true}]}}