{"id":30160,"date":"2024-02-13T21:10:30","date_gmt":"2024-02-13T20:10:30","guid":{"rendered":"http:\/\/vinness.it\/?post_type=product&#038;p=30160"},"modified":"2025-03-09T13:05:32","modified_gmt":"2025-03-09T12:05:32","slug":"fiano-docg-2020-salvatore-molettieri","status":"publish","type":"product","link":"https:\/\/www.vinness.it\/zh\/catalogo\/vineria\/vini-vineria\/bianco\/fiano-docg-2020-salvatore-molettieri\/","title":{"rendered":"Fiano di Avellino \u201cApianum\u201d DOCG 2020 \u2013 Salvatore Molettieri"},"content":{"rendered":"","protected":false},"excerpt":{"rendered":"<p>Gli antichi Romani conoscevano gi\u00e0 la variet\u00e0 Fiano, e la apprezzavano per il suo carattere aromatico e speziato, con note che ricordano il miele. \u00c8 coltivato principalmente nel Sud Italia, ma \u00e8 associato in particolare alla regione Campania, dove esiste l&#8217;unica DOCG di questa variet\u00e0, ovvero il Fiano di Avellino. Avellino \u00e8 il nome di una Provincia della regione Campania, nata intorno ad una citt\u00e0 di origini preistoriche, tristemente nota per il devastante terremoto del 1980. Il Fiano di Avellino si \u00e8 ritagliato un posto di rilievo nel panorama vinicolo italiano ed \u00e8 considerato una delle pi\u00f9 importanti denominazioni, oltre che essere un bianco con un eccellente potenziale di invecchiamento.<\/p>","protected":false},"featured_media":33935,"comment_status":"closed","ping_status":"closed","template":"","meta":{"_relevanssi_hide_post":"","_relevanssi_hide_content":"","_relevanssi_pin_for_all":"","_relevanssi_pin_keywords":"","_relevanssi_unpin_keywords":"","_relevanssi_related_keywords":"","_relevanssi_related_include_ids":"","_relevanssi_related_exclude_ids":"","_relevanssi_related_no_append":"","_relevanssi_related_not_related":"","_relevanssi_related_posts":"","_relevanssi_noindex_reason":""},"product_brand":[],"product_cat":[429],"product_tag":[],"class_list":{"0":"post-30160","1":"product","2":"type-product","3":"status-publish","4":"has-post-thumbnail","6":"product_cat-bianco","7":"pa_annata-535","8":"pa_denominazione-fiano-di-avellino-docg","9":"pa_formato-075-cl","10":"pa_gradazione-alcolica-12-5","11":"pa_paese-italia","12":"pa_produttore-salvatore-molettieri","13":"pa_regione-campania","14":"pa_tipologia-vini-bianchi","15":"pa_vitigni-fiano-100","17":"first","18":"outofstock","19":"taxable","20":"shipping-taxable","21":"purchasable","22":"product-type-simple"},"_links":{"self":[{"href":"https:\/\/www.vinness.it\/zh\/wp-json\/wp\/v2\/product\/30160","targetHints":{"allow":["GET"]}}],"collection":[{"href":"https:\/\/www.vinness.it\/zh\/wp-json\/wp\/v2\/product"}],"about":[{"href":"https:\/\/www.vinness.it\/zh\/wp-json\/wp\/v2\/types\/product"}],"replies":[{"embeddable":true,"href":"https:\/\/www.vinness.it\/zh\/wp-json\/wp\/v2\/comments?post=30160"}],"version-history":[{"count":0,"href":"https:\/\/www.vinness.it\/zh\/wp-json\/wp\/v2\/product\/30160\/revisions"}],"wp:featuredmedia":[{"embeddable":true,"href":"https:\/\/www.vinness.it\/zh\/wp-json\/wp\/v2\/media\/33935"}],"wp:attachment":[{"href":"https:\/\/www.vinness.it\/zh\/wp-json\/wp\/v2\/media?parent=30160"}],"wp:term":[{"taxonomy":"product_brand","embeddable":true,"href":"https:\/\/www.vinness.it\/zh\/wp-json\/wp\/v2\/product_brand?post=30160"},{"taxonomy":"product_cat","embeddable":true,"href":"https:\/\/www.vinness.it\/zh\/wp-json\/wp\/v2\/product_cat?post=30160"},{"taxonomy":"product_tag","embeddable":true,"href":"https:\/\/www.vinness.it\/zh\/wp-json\/wp\/v2\/product_tag?post=30160"}],"curies":[{"name":"wp","href":"https:\/\/api.w.org\/{rel}","templated":true}]}}