{"id":30818,"date":"2024-02-14T11:01:26","date_gmt":"2024-02-14T10:01:26","guid":{"rendered":"http:\/\/vinness.it\/?post_type=product&#038;p=30818"},"modified":"2026-05-03T18:01:51","modified_gmt":"2026-05-03T16:01:51","slug":"aglianico-irpinia-terra-declano-2019-quintodecimo","status":"publish","type":"product","link":"https:\/\/www.vinness.it\/zh\/catalogo\/vineria\/vini-vineria\/rosso\/aglianico-irpinia-terra-declano-2019-quintodecimo\/","title":{"rendered":"Aglianico Irpinia DOC &#8220;Terra d&#8217;Eclano&#8221; 2019 &#8211; Quintodecimo"},"content":{"rendered":"<div data-elementor-type=\"product-post\" data-elementor-id=\"30818\" class=\"elementor elementor-30818\" data-elementor-post-type=\"product\">\n\t\t\t\t<div data-particle_enable=\"false\" data-particle-mobile-disabled=\"false\" class=\"elementor-element elementor-element-103846a e-con-full e-flex e-con e-parent\" data-id=\"103846a\" data-element_type=\"container\" data-e-type=\"container\">\n\t\t<div data-particle_enable=\"false\" data-particle-mobile-disabled=\"false\" class=\"elementor-element elementor-element-7cf16e3c e-flex e-con-boxed e-con e-child\" data-id=\"7cf16e3c\" data-element_type=\"container\" data-e-type=\"container\">\n\t\t\t\t\t<div class=\"e-con-inner\">\n\t\t\t\t<div class=\"elementor-element elementor-element-7e7a6c46 elementor-widget elementor-widget-heading\" data-id=\"7e7a6c46\" data-element_type=\"widget\" data-e-type=\"widget\" data-widget_type=\"heading.default\">\n\t\t\t\t<div class=\"elementor-widget-container\">\n\t\t\t\t\t<h2 class=\"elementor-heading-title elementor-size-default\">Aglianico Irpinia DOC \u201cTerra d\u2019Eclano\u201d\n<br>\n\u7b2c\u4e94\u548c\u7b2c\u5341<\/h2>\t\t\t\t<\/div>\n\t\t\t\t<\/div>\n\t\t\t\t\t<\/div>\n\t\t\t\t<\/div>\n\t\t<div data-particle_enable=\"false\" data-particle-mobile-disabled=\"false\" class=\"wd-negative-gap elementor-element elementor-element-64bd7044 e-flex e-con-boxed e-con e-child\" data-id=\"64bd7044\" data-element_type=\"container\" data-e-type=\"container\">\n\t\t\t\t\t<div class=\"e-con-inner\">\n\t\t\t\t<div class=\"elementor-element elementor-element-553670b9 elementor-widget elementor-widget-gallery\" data-id=\"553670b9\" data-element_type=\"widget\" data-e-type=\"widget\" data-settings=\"{&quot;gallery_layout&quot;:&quot;masonry&quot;,&quot;columns&quot;:2,&quot;gap&quot;:{&quot;unit&quot;:&quot;px&quot;,&quot;size&quot;:24,&quot;sizes&quot;:[]},&quot;columns_tablet&quot;:2,&quot;columns_mobile&quot;:1,&quot;gap_tablet&quot;:{&quot;unit&quot;:&quot;px&quot;,&quot;size&quot;:10,&quot;sizes&quot;:[]},&quot;gap_mobile&quot;:{&quot;unit&quot;:&quot;px&quot;,&quot;size&quot;:10,&quot;sizes&quot;:[]},&quot;link_to&quot;:&quot;file&quot;,&quot;overlay_background&quot;:&quot;yes&quot;,&quot;content_hover_animation&quot;:&quot;fade-in&quot;}\" data-widget_type=\"gallery.default\">\n\t\t\t\t<div class=\"elementor-widget-container\">\n\t\t\t\t\t\t\t<div class=\"elementor-gallery__container\">\n\t\t\t\t\t<\/div>\n\t\t\t\t\t<\/div>\n\t\t\t\t<\/div>\n\t\t\t\t\t<\/div>\n\t\t\t\t<\/div>\n\t\t\t\t<\/div>\n\t\t\t\t<section data-particle_enable=\"false\" data-particle-mobile-disabled=\"false\" class=\"wd-negative-gap elementor-section elementor-top-section elementor-element elementor-element-4bbea298 elementor-section-boxed elementor-section-height-default elementor-section-height-default\" data-id=\"4bbea298\" data-element_type=\"section\" data-e-type=\"section\">\n\t\t\t\t\t\t<div class=\"elementor-container elementor-column-gap-default\">\n\t\t\t\t\t<div class=\"elementor-column elementor-col-100 elementor-top-column elementor-element elementor-element-1f3fe7fd\" data-id=\"1f3fe7fd\" data-element_type=\"column\" data-e-type=\"column\">\n\t\t\t<div class=\"elementor-widget-wrap elementor-element-populated\">\n\t\t\t\t\t\t<div class=\"elementor-element elementor-element-16b6c650 elementor-widget elementor-widget-heading\" data-id=\"16b6c650\" data-element_type=\"widget\" data-e-type=\"widget\" data-widget_type=\"heading.default\">\n\t\t\t\t<div class=\"elementor-widget-container\">\n\t\t\t\t\t<h5 class=\"elementor-heading-title elementor-size-default\">L\u2019Aglianico Terra d\u2019Eclano di Quintodecimo \u00e8 un esempio perfetto della qualit\u00e0 indiscussa dei vini prodotti da questa cantina, una delle realt\u00e0 pi\u00f9 importanti e premiate della Campania. Situata nei pressi di Taurasi, Quintodecimo \u00e8 famosa per la sua capacit\u00e0 di esprimere il meglio del terroir campano, in particolare per la vinificazione dell\u2019Aglianico, il vitigno simbolo della regione. Il nome della cantina, scelto da Luigi e Laura Moio, deriva dal toponimo latino Quintum Decimum, che faceva riferimento all\u2019antico municipio di Eclano, oggi sede della cantina.<\/h5>\t\t\t\t<\/div>\n\t\t\t\t<\/div>\n\t\t\t\t<div class=\"elementor-element elementor-element-56bf4894 elementor-widget elementor-widget-heading\" data-id=\"56bf4894\" data-element_type=\"widget\" data-e-type=\"widget\" data-widget_type=\"heading.default\">\n\t\t\t\t<div class=\"elementor-widget-container\">\n\t\t\t\t\t<h5 class=\"elementor-heading-title elementor-size-default\">Il Terra d\u2019Eclano \u00e8 realizzato con uve provenienti da cinque distinti vigneti, coltivati esclusivamente con Aglianico. Questo vino rappresenta un\u2019eccellente espressione del vitigno, affermandosi come un Aglianico raffinato e seducente, che richiama la struttura e la complessit\u00e0 del suo \u201cfratello maggiore\u201d, il Taurasi Quintodecimo. Il profumo \u00e8 elegante e complesso, con sentori di frutti di bosco, frutta dolce, e note pi\u00f9 intense di caff\u00e8 e liquirizia, che ne arricchiscono la freschezza e la profondit\u00e0.<\/h5>\t\t\t\t<\/div>\n\t\t\t\t<\/div>\n\t\t\t\t<div class=\"elementor-element elementor-element-75694c8 elementor-widget elementor-widget-heading\" data-id=\"75694c8\" data-element_type=\"widget\" data-e-type=\"widget\" data-widget_type=\"heading.default\">\n\t\t\t\t<div class=\"elementor-widget-container\">\n\t\t\t\t\t<h5 class=\"elementor-heading-title elementor-size-default\">La qualit\u00e0 del Terra d\u2019Eclano deriva dai cinque terroir che compongono il blend, ognuno con caratteristiche uniche di clima, esposizione e suolo, che contribuiscono a un profilo aromatico e gustativo ricco e variegato. Al palato, il vino si presenta con una struttura suadente, caratterizzata da tannini vellutati che avvolgono il palato, mentre il finale \u00e8 lungo, elegante e maestoso, con un tocco di sapidit\u00e0 che arricchisce l\u2019esperienza gustativa, completata da note balsamiche e speziate. Il Terra d\u2019Eclano \u00e8 un grande vino che racconta la Irpinia con ogni sorso, una testimonianza dell\u2019Aglianico che cresce in queste terre uniche, a cavallo tra tradizione e innovazione, ed \u00e8 capace di evolversi magnificamente nel tempo.<\/h5>\t\t\t\t<\/div>\n\t\t\t\t<\/div>\n\t\t\t\t\t<\/div>\n\t\t<\/div>\n\t\t\t\t\t<\/div>\n\t\t<\/section>\n\t\t\t\t<section data-particle_enable=\"false\" data-particle-mobile-disabled=\"false\" class=\"wd-negative-gap elementor-section elementor-top-section elementor-element elementor-element-4a8b6ca8 wd-section-stretch elementor-section-boxed elementor-section-height-default elementor-section-height-default\" data-id=\"4a8b6ca8\" data-element_type=\"section\" data-e-type=\"section\" data-settings=\"{&quot;background_background&quot;:&quot;classic&quot;}\">\n\t\t\t\t\t\t<div class=\"elementor-container elementor-column-gap-default\">\n\t\t\t\t\t<div class=\"elementor-column elementor-col-100 elementor-top-column elementor-element elementor-element-394e5286\" data-id=\"394e5286\" data-element_type=\"column\" data-e-type=\"column\">\n\t\t\t<div class=\"elementor-widget-wrap elementor-element-populated\">\n\t\t\t\t\t\t<section data-particle_enable=\"false\" data-particle-mobile-disabled=\"false\" class=\"wd-negative-gap elementor-section elementor-inner-section elementor-element elementor-element-6a9a8b80 elementor-section-boxed elementor-section-height-default elementor-section-height-default\" data-id=\"6a9a8b80\" data-element_type=\"section\" data-e-type=\"section\">\n\t\t\t\t\t\t<div class=\"elementor-container elementor-column-gap-default\">\n\t\t\t\t\t<div class=\"elementor-column elementor-col-33 elementor-inner-column elementor-element elementor-element-1ed72afd\" data-id=\"1ed72afd\" data-element_type=\"column\" data-e-type=\"column\">\n\t\t\t<div class=\"elementor-widget-wrap elementor-element-populated\">\n\t\t\t\t\t\t<div class=\"elementor-element elementor-element-7b077e99 elementor-widget elementor-widget-wd_infobox\" data-id=\"7b077e99\" data-element_type=\"widget\" data-e-type=\"widget\" data-widget_type=\"wd_infobox.default\">\n\t\t\t\t<div class=\"elementor-widget-container\">\n\t\t\t\t\t\t\t<div class=\"info-box-wrapper\">\n\t\t\t<div class=\"wd-info-box text-left box-icon-align-left box-style-base color-scheme-light wd-items-top\">\n\t\t\t\t\t\t\t\t\t<div class=\"box-icon-wrapper  box-with-text text-size-default box-icon-simple\">\n\t\t\t\t\t\t<div class=\"info-box-icon\">\n\t\t\t\t\t\t\t\t\t\t\t\t\t\t\t1.\t\t\t\t\t\t\t\t\t\t\t\t\t<\/div>\n\t\t\t\t\t<\/div>\n\t\t\t\t\n\t\t\t\t<div class=\"info-box-content\">\n\t\t\t\t\t\n\t\t\t\t\t\t\t\t\t\t\t<h4\t\t\t\t\t\tclass=\"info-box-title title box-title-style-default wd-fontsize-xl\" data-elementor-setting-key=\"title\">\n\t\t\t\t\t\t\t\t\u989c\u8272\t\t\t\t\t\t<\/h4>\n\t\t\t\t\t\n\t\t\t\t\t<div class=\"info-box-inner reset-last-child\"data-elementor-setting-key=\"content\"><p>Presenta un colore rosso rubino.<\/p>\n<\/div>\n\n\t\t\t\t\t\t\t\t\t<\/div>\n\n\t\t\t\t\t\t\t<\/div>\n\t\t<\/div>\n\t\t\t\t\t\t<\/div>\n\t\t\t\t<\/div>\n\t\t\t\t\t<\/div>\n\t\t<\/div>\n\t\t\t\t<div class=\"elementor-column elementor-col-33 elementor-inner-column elementor-element elementor-element-24b40d5d\" data-id=\"24b40d5d\" data-element_type=\"column\" data-e-type=\"column\">\n\t\t\t<div class=\"elementor-widget-wrap elementor-element-populated\">\n\t\t\t\t\t\t<div class=\"elementor-element elementor-element-7956e54d elementor-widget elementor-widget-wd_infobox\" data-id=\"7956e54d\" data-element_type=\"widget\" data-e-type=\"widget\" data-widget_type=\"wd_infobox.default\">\n\t\t\t\t<div class=\"elementor-widget-container\">\n\t\t\t\t\t\t\t<div class=\"info-box-wrapper\">\n\t\t\t<div class=\"wd-info-box text-left box-icon-align-left box-style-base color-scheme-light wd-items-top\">\n\t\t\t\t\t\t\t\t\t<div class=\"box-icon-wrapper  box-with-text text-size-default box-icon-simple\">\n\t\t\t\t\t\t<div class=\"info-box-icon\">\n\t\t\t\t\t\t\t\t\t\t\t\t\t\t\t2.\t\t\t\t\t\t\t\t\t\t\t\t\t<\/div>\n\t\t\t\t\t<\/div>\n\t\t\t\t\n\t\t\t\t<div class=\"info-box-content\">\n\t\t\t\t\t\n\t\t\t\t\t\t\t\t\t\t\t<h4\t\t\t\t\t\tclass=\"info-box-title title box-title-style-default wd-fontsize-xl\" data-elementor-setting-key=\"title\">\n\t\t\t\t\t\t\t\t\u54c1\u5c1d\t\t\t\t\t\t<\/h4>\n\t\t\t\t\t\n\t\t\t\t\t<div class=\"info-box-inner reset-last-child\"data-elementor-setting-key=\"content\"><p>In bocca \u00e8 dotato di ottima struttura e tannino levigato, persistendo in un lungo finale che ricorda ora le note balsamiche, ora le spezie.<\/p>\n<\/div>\n\n\t\t\t\t\t\t\t\t\t<\/div>\n\n\t\t\t\t\t\t\t<\/div>\n\t\t<\/div>\n\t\t\t\t\t\t<\/div>\n\t\t\t\t<\/div>\n\t\t\t\t\t<\/div>\n\t\t<\/div>\n\t\t\t\t<div class=\"elementor-column elementor-col-33 elementor-inner-column elementor-element elementor-element-67014c3f\" data-id=\"67014c3f\" data-element_type=\"column\" data-e-type=\"column\">\n\t\t\t<div class=\"elementor-widget-wrap elementor-element-populated\">\n\t\t\t\t\t\t<div class=\"elementor-element elementor-element-441c8cba elementor-widget elementor-widget-wd_infobox\" data-id=\"441c8cba\" data-element_type=\"widget\" data-e-type=\"widget\" data-widget_type=\"wd_infobox.default\">\n\t\t\t\t<div class=\"elementor-widget-container\">\n\t\t\t\t\t\t\t<div class=\"info-box-wrapper\">\n\t\t\t<div class=\"wd-info-box text-left box-icon-align-left box-style-base color-scheme-light wd-items-top\">\n\t\t\t\t\t\t\t\t\t<div class=\"box-icon-wrapper  box-with-text text-size-default box-icon-simple\">\n\t\t\t\t\t\t<div class=\"info-box-icon\">\n\t\t\t\t\t\t\t\t\t\t\t\t\t\t\t3.\t\t\t\t\t\t\t\t\t\t\t\t\t<\/div>\n\t\t\t\t\t<\/div>\n\t\t\t\t\n\t\t\t\t<div class=\"info-box-content\">\n\t\t\t\t\t\n\t\t\t\t\t\t\t\t\t\t\t<h4\t\t\t\t\t\tclass=\"info-box-title title box-title-style-default wd-fontsize-xl\" data-elementor-setting-key=\"title\">\n\t\t\t\t\t\t\t\t\u9999\u6c34\t\t\t\t\t\t<\/h4>\n\t\t\t\t\t\n\t\t\t\t\t<div class=\"info-box-inner reset-last-child\"data-elementor-setting-key=\"content\"><p>Profumo stratificato, di frutti rossi, prugne e caff\u00e8.<\/p>\n<\/div>\n\n\t\t\t\t\t\t\t\t\t<\/div>\n\n\t\t\t\t\t\t\t<\/div>\n\t\t<\/div>\n\t\t\t\t\t\t<\/div>\n\t\t\t\t<\/div>\n\t\t\t\t\t<\/div>\n\t\t<\/div>\n\t\t\t\t\t<\/div>\n\t\t<\/section>\n\t\t\t\t\t<\/div>\n\t\t<\/div>\n\t\t\t\t\t<\/div>\n\t\t<\/section>\n\t\t\t\t<\/div>","protected":false},"excerpt":{"rendered":"<p style=\"font-size: 14px;text-decoration: none;border-top: 0px;font-family: Lato, Arial, Helvetica, sans-serif;border-right: 0px;vertical-align: baseline;white-space: normal;margin-top: 0px;border-bottom: 0px;text-transform: none;font-weight: 400;padding-bottom: 0px;font-style: normal;text-align: left;padding-top: 0px;padding-left: 0px;margin-left: 0px;border-left: 0px;letter-spacing: normal;padding-right: 0px;margin-right: 0px;text-indent: 0px\">L\u2019azienda Quintodecimo ha come obiettivo quello di raccontare il territorio irpino, esaltandolo nelle sue peculiarit\u00e0 e nelle sue straordinarie attitudini viticole. Siamo in quella zona della Campania dove bianchi e rossi procedono a braccetto sulla strada della qualit\u00e0 e della tradizione.<\/p>\n<p style=\"font-size: 14px;text-decoration: none;border-top: 0px;font-family: Lato, Arial, Helvetica, sans-serif;border-right: 0px;vertical-align: baseline;white-space: normal;border-bottom: 0px;text-transform: none;font-weight: 400;padding-bottom: 0px;font-style: normal;text-align: left;padding-top: 0px;padding-left: 0px;border-left: 0px;margin: 0px;letter-spacing: normal;padding-right: 0px;text-indent: 0px\">Terra d\u2019Eclano \u00e8 composto da uve Aglianico al 100%, raccolte a partire da cinque diversi vigneti di propriet\u00e0 dell\u2019azienda. Affina per 18 mesi in barrique di rovere francese.<\/p>","protected":false},"featured_media":285838,"comment_status":"closed","ping_status":"closed","template":"","meta":{"_relevanssi_hide_post":"","_relevanssi_hide_content":"","_relevanssi_pin_for_all":"","_relevanssi_pin_keywords":"","_relevanssi_unpin_keywords":"","_relevanssi_related_keywords":"","_relevanssi_related_include_ids":"","_relevanssi_related_exclude_ids":"","_relevanssi_related_no_append":"","_relevanssi_related_not_related":"","_relevanssi_related_posts":"","_relevanssi_noindex_reason":""},"product_brand":[1264],"product_cat":[427],"product_tag":[1191],"class_list":{"0":"post-30818","1":"product","2":"type-product","3":"status-publish","4":"has-post-thumbnail","6":"product_brand-quintodecimo","7":"product_cat-rosso","8":"product_tag-1191","9":"pa_annata-534","10":"pa_denominazione-irpinia-aglianico-doc","11":"pa_formato-075-cl","12":"pa_gradazione-alcolica-14-0","13":"pa_paese-italia","14":"pa_produttore-quintodecimo","15":"pa_regione-campania","16":"pa_tipologia-vini-rossi","17":"pa_vitigni-aglianico-100","19":"first","20":"instock","21":"taxable","22":"shipping-taxable","23":"purchasable","24":"product-type-simple"},"ase":null,"_links":{"self":[{"href":"https:\/\/www.vinness.it\/zh\/wp-json\/wp\/v2\/product\/30818","targetHints":{"allow":["GET"]}}],"collection":[{"href":"https:\/\/www.vinness.it\/zh\/wp-json\/wp\/v2\/product"}],"about":[{"href":"https:\/\/www.vinness.it\/zh\/wp-json\/wp\/v2\/types\/product"}],"replies":[{"embeddable":true,"href":"https:\/\/www.vinness.it\/zh\/wp-json\/wp\/v2\/comments?post=30818"}],"version-history":[{"count":1,"href":"https:\/\/www.vinness.it\/zh\/wp-json\/wp\/v2\/product\/30818\/revisions"}],"predecessor-version":[{"id":163647,"href":"https:\/\/www.vinness.it\/zh\/wp-json\/wp\/v2\/product\/30818\/revisions\/163647"}],"wp:featuredmedia":[{"embeddable":true,"href":"https:\/\/www.vinness.it\/zh\/wp-json\/wp\/v2\/media\/285838"}],"wp:attachment":[{"href":"https:\/\/www.vinness.it\/zh\/wp-json\/wp\/v2\/media?parent=30818"}],"wp:term":[{"taxonomy":"product_brand","embeddable":true,"href":"https:\/\/www.vinness.it\/zh\/wp-json\/wp\/v2\/product_brand?post=30818"},{"taxonomy":"product_cat","embeddable":true,"href":"https:\/\/www.vinness.it\/zh\/wp-json\/wp\/v2\/product_cat?post=30818"},{"taxonomy":"product_tag","embeddable":true,"href":"https:\/\/www.vinness.it\/zh\/wp-json\/wp\/v2\/product_tag?post=30818"}],"curies":[{"name":"wp","href":"https:\/\/api.w.org\/{rel}","templated":true}]}}