{"id":31416,"date":"2024-02-15T12:00:40","date_gmt":"2024-02-15T11:00:40","guid":{"rendered":"http:\/\/vinness.it\/?post_type=product&#038;p=31416"},"modified":"2025-03-09T04:17:44","modified_gmt":"2025-03-09T03:17:44","slug":"chianti-classico-docg-peppoli-2016-antinori","status":"publish","type":"product","link":"https:\/\/www.vinness.it\/zh\/catalogo\/vineria\/vini-vineria\/rosso\/chianti-classico-docg-peppoli-2016-antinori\/","title":{"rendered":"Chianti Classico DOCG &#8220;P\u00e8ppoli&#8221; 2016 &#8211; Antinori"},"content":{"rendered":"<p>\u00c8 nel cuore del Chianti Classico che si trova P\u00e8ppoli, un luogo ricco di fascino dove trovano dimora circa 50 ettari coltivati con le tipiche variet\u00e0 della zona. Il Chianti Classico della Tenuta nasce nel 1988 con la prima annata 1985 e rappresenta la combinazione di un vino complesso, ben strutturato ma con un carattere fruttato, pieno di aromi. Questo stile di vino \u00e8 reso possibile grazie ad un microclima unico: i vigneti sono infatti piantati in una vallata particolarmente favorevole e su terreni ricchi in minerali, che sono ideali per la coltivazione di un sangiovese pieno di vitalit\u00e0 e di carattere fruttato, caratteristiche amplificate da una maturazione sia in botti di rovere francese che in barrique di rovere americano.<\/p>","protected":false},"excerpt":{"rendered":"<p><strong>CARATTERISTICHE<\/strong><\/p>\n<p><strong>\u9762\u989d\u3002<\/strong> Chianti Classico DOCG<br \/>\n<strong>\u8461\u8404\u54c1\u79cd\u3002<\/strong> sangiovese 90%, merlot e syrah 10%<br \/>\n<strong>\u5730\u533a\u3002<\/strong> \u6258\u65af\u5361\u7eb3<br \/>\n<strong>\u5206\u7ea7\u3002<\/strong> 13%<br \/>\n<strong>Temp. servizio:<\/strong> 16\u00b0-18\u00b0C<br \/>\n<strong>\u683c\u5f0f\u3002<\/strong> \u74f6\u88c575cl<\/p>","protected":false},"featured_media":32792,"comment_status":"closed","ping_status":"closed","template":"","meta":{"_relevanssi_hide_post":"","_relevanssi_hide_content":"","_relevanssi_pin_for_all":"","_relevanssi_pin_keywords":"","_relevanssi_unpin_keywords":"","_relevanssi_related_keywords":"","_relevanssi_related_include_ids":"","_relevanssi_related_exclude_ids":"","_relevanssi_related_no_append":"","_relevanssi_related_not_related":"","_relevanssi_related_posts":"","_relevanssi_noindex_reason":""},"product_brand":[],"product_cat":[427],"product_tag":[],"class_list":{"0":"post-31416","1":"product","2":"type-product","3":"status-publish","4":"has-post-thumbnail","6":"product_cat-rosso","8":"first","9":"outofstock","10":"taxable","11":"shipping-taxable","12":"purchasable","13":"product-type-simple"},"ase":null,"_links":{"self":[{"href":"https:\/\/www.vinness.it\/zh\/wp-json\/wp\/v2\/product\/31416","targetHints":{"allow":["GET"]}}],"collection":[{"href":"https:\/\/www.vinness.it\/zh\/wp-json\/wp\/v2\/product"}],"about":[{"href":"https:\/\/www.vinness.it\/zh\/wp-json\/wp\/v2\/types\/product"}],"replies":[{"embeddable":true,"href":"https:\/\/www.vinness.it\/zh\/wp-json\/wp\/v2\/comments?post=31416"}],"version-history":[{"count":0,"href":"https:\/\/www.vinness.it\/zh\/wp-json\/wp\/v2\/product\/31416\/revisions"}],"wp:featuredmedia":[{"embeddable":true,"href":"https:\/\/www.vinness.it\/zh\/wp-json\/wp\/v2\/media\/32792"}],"wp:attachment":[{"href":"https:\/\/www.vinness.it\/zh\/wp-json\/wp\/v2\/media?parent=31416"}],"wp:term":[{"taxonomy":"product_brand","embeddable":true,"href":"https:\/\/www.vinness.it\/zh\/wp-json\/wp\/v2\/product_brand?post=31416"},{"taxonomy":"product_cat","embeddable":true,"href":"https:\/\/www.vinness.it\/zh\/wp-json\/wp\/v2\/product_cat?post=31416"},{"taxonomy":"product_tag","embeddable":true,"href":"https:\/\/www.vinness.it\/zh\/wp-json\/wp\/v2\/product_tag?post=31416"}],"curies":[{"name":"wp","href":"https:\/\/api.w.org\/{rel}","templated":true}]}}