{"id":32052,"date":"2024-02-16T02:39:00","date_gmt":"2024-02-16T01:39:00","guid":{"rendered":"http:\/\/vinness.it\/?post_type=product&#038;p=32052"},"modified":"2026-04-25T23:31:04","modified_gmt":"2026-04-25T21:31:04","slug":"perdera-monica-di-sardegna-2018-argiolas","status":"publish","type":"product","link":"https:\/\/www.vinness.it\/zh\/catalogo\/vineria\/vini-vineria\/rosso\/perdera-monica-di-sardegna-2018-argiolas\/","title":{"rendered":"Monica di Sardegna DOC \u201cPerdera\u201d 2018 &#8211; Argiolas"},"content":{"rendered":"<div data-elementor-type=\"product-post\" data-elementor-id=\"32052\" class=\"elementor elementor-32052\" data-elementor-post-type=\"product\">\n\t\t\t\t<div data-particle_enable=\"false\" data-particle-mobile-disabled=\"false\" class=\"elementor-element elementor-element-439510d3 e-con-full e-flex e-con e-parent\" data-id=\"439510d3\" data-element_type=\"container\" data-e-type=\"container\">\n\t\t<div data-particle_enable=\"false\" data-particle-mobile-disabled=\"false\" class=\"elementor-element elementor-element-55861c00 e-flex e-con-boxed e-con e-child\" data-id=\"55861c00\" data-element_type=\"container\" data-e-type=\"container\">\n\t\t\t\t\t<div class=\"e-con-inner\">\n\t\t\t\t<div class=\"elementor-element elementor-element-1a3885f elementor-widget elementor-widget-heading\" data-id=\"1a3885f\" data-element_type=\"widget\" data-e-type=\"widget\" data-widget_type=\"heading.default\">\n\t\t\t\t<div class=\"elementor-widget-container\">\n\t\t\t\t\t<h2 class=\"elementor-heading-title elementor-size-default\">Monica di Sardegna DOC\n<br>\n\u201cPerdera\u201d Argiolas<\/h2>\t\t\t\t<\/div>\n\t\t\t\t<\/div>\n\t\t\t\t\t<\/div>\n\t\t\t\t<\/div>\n\t\t<div data-particle_enable=\"false\" data-particle-mobile-disabled=\"false\" class=\"wd-negative-gap elementor-element elementor-element-4e3916fb e-flex e-con-boxed e-con e-child\" data-id=\"4e3916fb\" data-element_type=\"container\" data-e-type=\"container\">\n\t\t\t\t\t<div class=\"e-con-inner\">\n\t\t\t\t<div class=\"elementor-element elementor-element-3d8fbf02 elementor-widget elementor-widget-gallery\" data-id=\"3d8fbf02\" data-element_type=\"widget\" data-e-type=\"widget\" data-settings=\"{&quot;gallery_layout&quot;:&quot;masonry&quot;,&quot;columns&quot;:2,&quot;gap&quot;:{&quot;unit&quot;:&quot;px&quot;,&quot;size&quot;:24,&quot;sizes&quot;:[]},&quot;columns_tablet&quot;:2,&quot;columns_mobile&quot;:1,&quot;gap_tablet&quot;:{&quot;unit&quot;:&quot;px&quot;,&quot;size&quot;:10,&quot;sizes&quot;:[]},&quot;gap_mobile&quot;:{&quot;unit&quot;:&quot;px&quot;,&quot;size&quot;:10,&quot;sizes&quot;:[]},&quot;link_to&quot;:&quot;file&quot;,&quot;overlay_background&quot;:&quot;yes&quot;,&quot;content_hover_animation&quot;:&quot;fade-in&quot;}\" data-widget_type=\"gallery.default\">\n\t\t\t\t<div class=\"elementor-widget-container\">\n\t\t\t\t\t\t\t<div class=\"elementor-gallery__container\">\n\t\t\t\t\t<\/div>\n\t\t\t\t\t<\/div>\n\t\t\t\t<\/div>\n\t\t\t\t\t<\/div>\n\t\t\t\t<\/div>\n\t\t\t\t<\/div>\n\t\t\t\t<section data-particle_enable=\"false\" data-particle-mobile-disabled=\"false\" class=\"wd-negative-gap elementor-section elementor-top-section elementor-element elementor-element-2bba9c50 elementor-section-boxed elementor-section-height-default elementor-section-height-default\" data-id=\"2bba9c50\" data-element_type=\"section\" data-e-type=\"section\">\n\t\t\t\t\t\t<div class=\"elementor-container elementor-column-gap-default\">\n\t\t\t\t\t<div class=\"elementor-column elementor-col-100 elementor-top-column elementor-element elementor-element-595a7feb\" data-id=\"595a7feb\" data-element_type=\"column\" data-e-type=\"column\">\n\t\t\t<div class=\"elementor-widget-wrap elementor-element-populated\">\n\t\t\t\t\t\t<div class=\"elementor-element elementor-element-254abe6e elementor-widget elementor-widget-heading\" data-id=\"254abe6e\" data-element_type=\"widget\" data-e-type=\"widget\" data-widget_type=\"heading.default\">\n\t\t\t\t<div class=\"elementor-widget-container\">\n\t\t\t\t\t<h5 class=\"elementor-heading-title elementor-size-default\">Il Monica \u201cPerdera\u201d \u00e8 un rosso sardo che sin dai primi sorsi fa venire in mente due parole: garanzia e affidabilit\u00e0. E non potrebbe essere altrimenti, visto che questa bottiglia porta la firma di Argiolas, una delle cantine pi\u00f9 importanti di tutta la Sardegna. Una realt\u00e0 produttiva che riesce come poche altre a coniugare qualit\u00e0 e quantit\u00e0 in ogni prodotto. Il \u201cPerdera\u201d \u00e8 un\u2019etichetta delicata e intrigante, dotata di una beva scorrevole, che si caratterizza per il bouquet variegato di profumi che riesce a esprimere al naso.<\/h5>\t\t\t\t<\/div>\n\t\t\t\t<\/div>\n\t\t\t\t<div class=\"elementor-element elementor-element-5faed17e elementor-widget elementor-widget-heading\" data-id=\"5faed17e\" data-element_type=\"widget\" data-e-type=\"widget\" data-widget_type=\"heading.default\">\n\t\t\t\t<div class=\"elementor-widget-container\">\n\t\t\t\t\t<h5 class=\"elementor-heading-title elementor-size-default\">Il \u201cPerdera\u201d Monica firmato da Argiolas viene prodotto utilizzando un trittico di variet\u00e0, in prevalenza Monica, a cui si aggiunge una piccola percentuale di Bovale e Carignano, assemblate in un taglio di ottima fattura. Le uve provengono dalle tenute di S\u2019Elegas e crescono all\u2019interno di vigneti caratterizzati da un sottosuolo calcareo-argilloso, influenzati da un clima tipicamente mediterraneo. Una volte raccolti, gli acini fermentano a una temperatura controllata di 27-28 gradi per circa 8-10 giorni. Poi si passa alla fase dell\u2019affinamento, svolto per 7 mesi in barrique, al termine dei quali il vino \u00e8 pronto per essere imbottigliato.<\/h5>\t\t\t\t<\/div>\n\t\t\t\t<\/div>\n\t\t\t\t<div class=\"elementor-element elementor-element-dc3b4ef elementor-widget elementor-widget-heading\" data-id=\"dc3b4ef\" data-element_type=\"widget\" data-e-type=\"widget\" data-widget_type=\"heading.default\">\n\t\t\t\t<div class=\"elementor-widget-container\">\n\t\t\t\t\t<h5 class=\"elementor-heading-title elementor-size-default\">Il vino rosso Monica \u201cPerdera\u201d si presenta alla vista con una tonalit\u00e0 che richiama il colore del rosso rubino. I profumi e le sensazioni aromatiche che si sviluppano al naso sono variopinte: si parte da un profilo pi\u00f9 floreale, per poi virare verso sfumature fruttate che, in chiusura, si tingono di tocchi speziati e affumicati. All\u2019assaggio \u00e8 di buon corpo, intenso, con un sorso caratterizzato da un tannino levigato e da una piacevole freschezza; termina con un finale caratterizzato da un retrogusto leggermente dolce. Un\u2019etichetta su cui la cantina Argiolas ha sempre puntato, e che rappresenta uno degli alfieri dell\u2019intera produzione.<\/h5>\t\t\t\t<\/div>\n\t\t\t\t<\/div>\n\t\t\t\t\t<\/div>\n\t\t<\/div>\n\t\t\t\t\t<\/div>\n\t\t<\/section>\n\t\t\t\t<section data-particle_enable=\"false\" data-particle-mobile-disabled=\"false\" class=\"wd-negative-gap elementor-section elementor-top-section elementor-element elementor-element-3027dbfe wd-section-stretch elementor-section-boxed elementor-section-height-default elementor-section-height-default\" data-id=\"3027dbfe\" data-element_type=\"section\" data-e-type=\"section\" data-settings=\"{&quot;background_background&quot;:&quot;classic&quot;}\">\n\t\t\t\t\t\t<div class=\"elementor-container elementor-column-gap-default\">\n\t\t\t\t\t<div class=\"elementor-column elementor-col-100 elementor-top-column elementor-element elementor-element-3eddc8b0\" data-id=\"3eddc8b0\" data-element_type=\"column\" data-e-type=\"column\">\n\t\t\t<div class=\"elementor-widget-wrap elementor-element-populated\">\n\t\t\t\t\t\t<section data-particle_enable=\"false\" data-particle-mobile-disabled=\"false\" class=\"wd-negative-gap elementor-section elementor-inner-section elementor-element elementor-element-721321bd elementor-section-boxed elementor-section-height-default elementor-section-height-default\" data-id=\"721321bd\" data-element_type=\"section\" data-e-type=\"section\">\n\t\t\t\t\t\t<div class=\"elementor-container elementor-column-gap-default\">\n\t\t\t\t\t<div class=\"elementor-column elementor-col-33 elementor-inner-column elementor-element elementor-element-730d39cd\" data-id=\"730d39cd\" data-element_type=\"column\" data-e-type=\"column\">\n\t\t\t<div class=\"elementor-widget-wrap elementor-element-populated\">\n\t\t\t\t\t\t<div class=\"elementor-element elementor-element-628b1611 elementor-widget elementor-widget-wd_infobox\" data-id=\"628b1611\" data-element_type=\"widget\" data-e-type=\"widget\" data-widget_type=\"wd_infobox.default\">\n\t\t\t\t<div class=\"elementor-widget-container\">\n\t\t\t\t\t\t\t<div class=\"info-box-wrapper\">\n\t\t\t<div class=\"wd-info-box text-left box-icon-align-left box-style-base color-scheme-light wd-items-top\">\n\t\t\t\t\t\t\t\t\t<div class=\"box-icon-wrapper  box-with-text text-size-default box-icon-simple\">\n\t\t\t\t\t\t<div class=\"info-box-icon\">\n\t\t\t\t\t\t\t\t\t\t\t\t\t\t\t1.\t\t\t\t\t\t\t\t\t\t\t\t\t<\/div>\n\t\t\t\t\t<\/div>\n\t\t\t\t\n\t\t\t\t<div class=\"info-box-content\">\n\t\t\t\t\t\n\t\t\t\t\t\t\t\t\t\t\t<h4\t\t\t\t\t\tclass=\"info-box-title title box-title-style-default wd-fontsize-xl\" data-elementor-setting-key=\"title\">\n\t\t\t\t\t\t\t\t\u989c\u8272\t\t\t\t\t\t<\/h4>\n\t\t\t\t\t\n\t\t\t\t\t<div class=\"info-box-inner reset-last-child\"data-elementor-setting-key=\"content\"><p>Rosso rubino di buona intensit\u00e0.<\/p>\n<\/div>\n\n\t\t\t\t\t\t\t\t\t<\/div>\n\n\t\t\t\t\t\t\t<\/div>\n\t\t<\/div>\n\t\t\t\t\t\t<\/div>\n\t\t\t\t<\/div>\n\t\t\t\t\t<\/div>\n\t\t<\/div>\n\t\t\t\t<div class=\"elementor-column elementor-col-33 elementor-inner-column elementor-element elementor-element-3271adc8\" data-id=\"3271adc8\" data-element_type=\"column\" data-e-type=\"column\">\n\t\t\t<div class=\"elementor-widget-wrap elementor-element-populated\">\n\t\t\t\t\t\t<div class=\"elementor-element elementor-element-3d6a1721 elementor-widget elementor-widget-wd_infobox\" data-id=\"3d6a1721\" data-element_type=\"widget\" data-e-type=\"widget\" data-widget_type=\"wd_infobox.default\">\n\t\t\t\t<div class=\"elementor-widget-container\">\n\t\t\t\t\t\t\t<div class=\"info-box-wrapper\">\n\t\t\t<div class=\"wd-info-box text-left box-icon-align-left box-style-base color-scheme-light wd-items-top\">\n\t\t\t\t\t\t\t\t\t<div class=\"box-icon-wrapper  box-with-text text-size-default box-icon-simple\">\n\t\t\t\t\t\t<div class=\"info-box-icon\">\n\t\t\t\t\t\t\t\t\t\t\t\t\t\t\t2.\t\t\t\t\t\t\t\t\t\t\t\t\t<\/div>\n\t\t\t\t\t<\/div>\n\t\t\t\t\n\t\t\t\t<div class=\"info-box-content\">\n\t\t\t\t\t\n\t\t\t\t\t\t\t\t\t\t\t<h4\t\t\t\t\t\tclass=\"info-box-title title box-title-style-default wd-fontsize-xl\" data-elementor-setting-key=\"title\">\n\t\t\t\t\t\t\t\t\u54c1\u5c1d\t\t\t\t\t\t<\/h4>\n\t\t\t\t\t\n\t\t\t\t\t<div class=\"info-box-inner reset-last-child\"data-elementor-setting-key=\"content\"><p>Caldo, rotondo, abbastanza fresco, dai tannini ben polimerizzati e con retrogusto leggermente dolce.<\/p>\n<\/div>\n\n\t\t\t\t\t\t\t\t\t<\/div>\n\n\t\t\t\t\t\t\t<\/div>\n\t\t<\/div>\n\t\t\t\t\t\t<\/div>\n\t\t\t\t<\/div>\n\t\t\t\t\t<\/div>\n\t\t<\/div>\n\t\t\t\t<div class=\"elementor-column elementor-col-33 elementor-inner-column elementor-element elementor-element-1294ca0\" data-id=\"1294ca0\" data-element_type=\"column\" data-e-type=\"column\">\n\t\t\t<div class=\"elementor-widget-wrap elementor-element-populated\">\n\t\t\t\t\t\t<div class=\"elementor-element elementor-element-8d58cae elementor-widget elementor-widget-wd_infobox\" data-id=\"8d58cae\" data-element_type=\"widget\" data-e-type=\"widget\" data-widget_type=\"wd_infobox.default\">\n\t\t\t\t<div class=\"elementor-widget-container\">\n\t\t\t\t\t\t\t<div class=\"info-box-wrapper\">\n\t\t\t<div class=\"wd-info-box text-left box-icon-align-left box-style-base color-scheme-light wd-items-top\">\n\t\t\t\t\t\t\t\t\t<div class=\"box-icon-wrapper  box-with-text text-size-default box-icon-simple\">\n\t\t\t\t\t\t<div class=\"info-box-icon\">\n\t\t\t\t\t\t\t\t\t\t\t\t\t\t\t3.\t\t\t\t\t\t\t\t\t\t\t\t\t<\/div>\n\t\t\t\t\t<\/div>\n\t\t\t\t\n\t\t\t\t<div class=\"info-box-content\">\n\t\t\t\t\t\n\t\t\t\t\t\t\t\t\t\t\t<h4\t\t\t\t\t\tclass=\"info-box-title title box-title-style-default wd-fontsize-xl\" data-elementor-setting-key=\"title\">\n\t\t\t\t\t\t\t\t\u9999\u6c34\t\t\t\t\t\t<\/h4>\n\t\t\t\t\t\n\t\t\t\t\t<div class=\"info-box-inner reset-last-child\"data-elementor-setting-key=\"content\"><p>Ricco e caratteristico, profilo floreale di rosa e geranio si trasforma in ciliegia e amarena, in chiusura spezie orientali e ritorni affumicati.<\/p>\n<\/div>\n\n\t\t\t\t\t\t\t\t\t<\/div>\n\n\t\t\t\t\t\t\t<\/div>\n\t\t<\/div>\n\t\t\t\t\t\t<\/div>\n\t\t\t\t<\/div>\n\t\t\t\t\t<\/div>\n\t\t<\/div>\n\t\t\t\t\t<\/div>\n\t\t<\/section>\n\t\t\t\t\t<\/div>\n\t\t<\/div>\n\t\t\t\t\t<\/div>\n\t\t<\/section>\n\t\t\t\t<\/div>","protected":false},"excerpt":{"rendered":"<p>Il Monica vitigno storico della Sardegna, viene coltivato un p\u00f2 in tutta l&#8217;isola ma non in grandi quantit\u00e0.<\/p>\n<p>Il Perdera coltivato nella Tenuta Sisini, \u00e8 un vino dal colore rosso rubino con riflessi violacei tipici della Monica, al naso \u00e8 vino intenso con sentori tipici di questo uvaggio.<\/p>","protected":false},"featured_media":284999,"comment_status":"closed","ping_status":"closed","template":"","meta":{"_relevanssi_hide_post":"","_relevanssi_hide_content":"","_relevanssi_pin_for_all":"","_relevanssi_pin_keywords":"","_relevanssi_unpin_keywords":"","_relevanssi_related_keywords":"","_relevanssi_related_include_ids":"","_relevanssi_related_exclude_ids":"","_relevanssi_related_no_append":"","_relevanssi_related_not_related":"","_relevanssi_related_posts":"","_relevanssi_noindex_reason":""},"product_brand":[1281],"product_cat":[427],"product_tag":[1168],"class_list":{"0":"post-32052","1":"product","2":"type-product","3":"status-publish","4":"has-post-thumbnail","6":"product_brand-argiolas","7":"product_cat-rosso","8":"product_tag-1168","9":"pa_annata-533","10":"pa_denominazione-monica-di-sardegna-doc","11":"pa_formato-075-cl","12":"pa_gradazione-alcolica-13-0","13":"pa_paese-italia","14":"pa_produttore-argiolas","15":"pa_regione-sardegna","16":"pa_tipologia-vini-rossi","17":"pa_vitigni-monica-con-piccole-aggiunte-di-carignano-e-bovale","19":"first","20":"instock","21":"taxable","22":"shipping-taxable","23":"purchasable","24":"product-type-simple"},"ase":null,"_links":{"self":[{"href":"https:\/\/www.vinness.it\/zh\/wp-json\/wp\/v2\/product\/32052","targetHints":{"allow":["GET"]}}],"collection":[{"href":"https:\/\/www.vinness.it\/zh\/wp-json\/wp\/v2\/product"}],"about":[{"href":"https:\/\/www.vinness.it\/zh\/wp-json\/wp\/v2\/types\/product"}],"replies":[{"embeddable":true,"href":"https:\/\/www.vinness.it\/zh\/wp-json\/wp\/v2\/comments?post=32052"}],"version-history":[{"count":0,"href":"https:\/\/www.vinness.it\/zh\/wp-json\/wp\/v2\/product\/32052\/revisions"}],"wp:featuredmedia":[{"embeddable":true,"href":"https:\/\/www.vinness.it\/zh\/wp-json\/wp\/v2\/media\/284999"}],"wp:attachment":[{"href":"https:\/\/www.vinness.it\/zh\/wp-json\/wp\/v2\/media?parent=32052"}],"wp:term":[{"taxonomy":"product_brand","embeddable":true,"href":"https:\/\/www.vinness.it\/zh\/wp-json\/wp\/v2\/product_brand?post=32052"},{"taxonomy":"product_cat","embeddable":true,"href":"https:\/\/www.vinness.it\/zh\/wp-json\/wp\/v2\/product_cat?post=32052"},{"taxonomy":"product_tag","embeddable":true,"href":"https:\/\/www.vinness.it\/zh\/wp-json\/wp\/v2\/product_tag?post=32052"}],"curies":[{"name":"wp","href":"https:\/\/api.w.org\/{rel}","templated":true}]}}