{"id":32744,"date":"2024-02-20T18:50:15","date_gmt":"2024-02-20T17:50:15","guid":{"rendered":"http:\/\/vinness.it\/?post_type=product&#038;p=32744"},"modified":"2025-03-09T04:38:06","modified_gmt":"2025-03-09T03:38:06","slug":"gewurztraminer-2022-elena-walch","status":"publish","type":"product","link":"https:\/\/www.vinness.it\/zh\/catalogo\/vineria\/vini-vineria\/bianco\/gewurztraminer-2022-elena-walch\/","title":{"rendered":"Alto Adige Gew\u00fcrztraminer DOC 2022 &#8211; Elena Walch"},"content":{"rendered":"","protected":false},"excerpt":{"rendered":"<p>La Selezione, una linea che comprende solo monovarietali provenienti da vigneti sia di propriet\u00e0 che in affitto. Un Gew\u00fcrztraminer che vuole raccontare tutta la tipicit\u00e0 della tipologia e la naturale finezza dei bianchi altoatesini. Vinificato e lasciato maturare per pochi mesi in sole vasche di acciaio, \u00e8 vino che esprime belle e decise note floreali e fruttate, una certa ricchezza ed una particolare armonia. L&#8217;Alto Adige Gew\u00fcrztraminer DOC di Elena Walch \u00e8 un bianco per ogni occasione, consigliato per un aperitivo o per una bella cena di pesce.<\/p>","protected":false},"featured_media":0,"comment_status":"closed","ping_status":"closed","template":"","meta":{"_relevanssi_hide_post":"","_relevanssi_hide_content":"","_relevanssi_pin_for_all":"","_relevanssi_pin_keywords":"","_relevanssi_unpin_keywords":"","_relevanssi_related_keywords":"","_relevanssi_related_include_ids":"","_relevanssi_related_exclude_ids":"","_relevanssi_related_no_append":"","_relevanssi_related_not_related":"","_relevanssi_related_posts":"","_relevanssi_noindex_reason":""},"product_brand":[],"product_cat":[429],"product_tag":[],"class_list":{"0":"post-32744","1":"product","2":"type-product","3":"status-publish","5":"product_cat-bianco","6":"pa_annata-537","7":"pa_denominazione-alto-adige-doc","8":"pa_formato-075-cl","9":"pa_gradazione-alcolica-14-0","10":"pa_paese-italia","11":"pa_produttore-elena-walch","12":"pa_regione-trentino-alto-adige","13":"pa_tipologia-vini-bianchi","14":"pa_vitigni-gewurztraminer-100","16":"first","17":"outofstock","18":"taxable","19":"shipping-taxable","20":"purchasable","21":"product-type-simple"},"ase":null,"_links":{"self":[{"href":"https:\/\/www.vinness.it\/zh\/wp-json\/wp\/v2\/product\/32744","targetHints":{"allow":["GET"]}}],"collection":[{"href":"https:\/\/www.vinness.it\/zh\/wp-json\/wp\/v2\/product"}],"about":[{"href":"https:\/\/www.vinness.it\/zh\/wp-json\/wp\/v2\/types\/product"}],"replies":[{"embeddable":true,"href":"https:\/\/www.vinness.it\/zh\/wp-json\/wp\/v2\/comments?post=32744"}],"version-history":[{"count":0,"href":"https:\/\/www.vinness.it\/zh\/wp-json\/wp\/v2\/product\/32744\/revisions"}],"wp:attachment":[{"href":"https:\/\/www.vinness.it\/zh\/wp-json\/wp\/v2\/media?parent=32744"}],"wp:term":[{"taxonomy":"product_brand","embeddable":true,"href":"https:\/\/www.vinness.it\/zh\/wp-json\/wp\/v2\/product_brand?post=32744"},{"taxonomy":"product_cat","embeddable":true,"href":"https:\/\/www.vinness.it\/zh\/wp-json\/wp\/v2\/product_cat?post=32744"},{"taxonomy":"product_tag","embeddable":true,"href":"https:\/\/www.vinness.it\/zh\/wp-json\/wp\/v2\/product_tag?post=32744"}],"curies":[{"name":"wp","href":"https:\/\/api.w.org\/{rel}","templated":true}]}}