{"id":33200,"date":"2024-02-27T23:07:30","date_gmt":"2024-02-27T22:07:30","guid":{"rendered":"http:\/\/vinness.it\/?post_type=product&#038;p=33200"},"modified":"2025-05-28T13:49:35","modified_gmt":"2025-05-28T11:49:35","slug":"spumante-pinot-nero-blanc-de-noir-bellussi-bellussi","status":"publish","type":"product","link":"https:\/\/www.vinness.it\/zh\/catalogo\/vineria\/magnum-vineria\/spumante-pinot-nero-blanc-de-noir-bellussi-bellussi\/","title":{"rendered":"\u8d77\u6ce1\u9ed1\u76ae\u8bfa\u201cBlanc De Noir BellusSI 2020\u201d150 cl \u2013 Bellussi"},"content":{"rendered":"","protected":false},"excerpt":{"rendered":"<p>Un attenta selezione dei migliori grappoli di chardonnay provenienti da diversi appezzamenti porta ad uno spumante unico per personalit\u00e0. Un Franciacorta che ricorda la precisione di un abito su misura, seguito in modo scrupoloso in ogni fase della vinificazione e la cui permanenza sui lieviti non \u00e8 mai inferiore a 36 mesi. Il Franciacorta DOCG Milled\u00ec Brut di Ferghettina \u00e8 uno spumante raffinato e deciso, da non mancare.<\/p>","protected":false},"featured_media":34499,"comment_status":"closed","ping_status":"closed","template":"","meta":{"_relevanssi_hide_post":"","_relevanssi_hide_content":"","_relevanssi_pin_for_all":"","_relevanssi_pin_keywords":"","_relevanssi_unpin_keywords":"","_relevanssi_related_keywords":"","_relevanssi_related_include_ids":"","_relevanssi_related_exclude_ids":"","_relevanssi_related_no_append":"","_relevanssi_related_not_related":"","_relevanssi_related_posts":"","_relevanssi_noindex_reason":""},"product_brand":[],"product_cat":[478,484],"product_tag":[],"class_list":{"0":"post-33200","1":"product","2":"type-product","3":"status-publish","4":"has-post-thumbnail","6":"product_cat-magnum-vineria","7":"product_cat-spumante","8":"pa_annata-535","9":"pa_denominazione-vino-spumante-di-qualita-vsq","10":"pa_formato-150-cl","11":"pa_gradazione-alcolica-12-0","12":"pa_paese-italia","13":"pa_produttore-bellussi","14":"pa_regione-veneto","15":"pa_tipologia-spumante","16":"pa_vitigni-pinot-nero-100","18":"first","19":"outofstock","20":"taxable","21":"shipping-taxable","22":"purchasable","23":"product-type-simple"},"ase":null,"_links":{"self":[{"href":"https:\/\/www.vinness.it\/zh\/wp-json\/wp\/v2\/product\/33200","targetHints":{"allow":["GET"]}}],"collection":[{"href":"https:\/\/www.vinness.it\/zh\/wp-json\/wp\/v2\/product"}],"about":[{"href":"https:\/\/www.vinness.it\/zh\/wp-json\/wp\/v2\/types\/product"}],"replies":[{"embeddable":true,"href":"https:\/\/www.vinness.it\/zh\/wp-json\/wp\/v2\/comments?post=33200"}],"version-history":[{"count":0,"href":"https:\/\/www.vinness.it\/zh\/wp-json\/wp\/v2\/product\/33200\/revisions"}],"wp:featuredmedia":[{"embeddable":true,"href":"https:\/\/www.vinness.it\/zh\/wp-json\/wp\/v2\/media\/34499"}],"wp:attachment":[{"href":"https:\/\/www.vinness.it\/zh\/wp-json\/wp\/v2\/media?parent=33200"}],"wp:term":[{"taxonomy":"product_brand","embeddable":true,"href":"https:\/\/www.vinness.it\/zh\/wp-json\/wp\/v2\/product_brand?post=33200"},{"taxonomy":"product_cat","embeddable":true,"href":"https:\/\/www.vinness.it\/zh\/wp-json\/wp\/v2\/product_cat?post=33200"},{"taxonomy":"product_tag","embeddable":true,"href":"https:\/\/www.vinness.it\/zh\/wp-json\/wp\/v2\/product_tag?post=33200"}],"curies":[{"name":"wp","href":"https:\/\/api.w.org\/{rel}","templated":true}]}}