{"id":33297,"date":"2024-03-01T11:20:28","date_gmt":"2024-03-01T10:20:28","guid":{"rendered":"http:\/\/vinness.it\/?post_type=product&#038;p=33297"},"modified":"2025-05-28T13:44:44","modified_gmt":"2025-05-28T11:44:44","slug":"franciacorta-extra-brut-cuvee-prestige-edizione-45-2023-ca-del-bosco","status":"publish","type":"product","link":"https:\/\/www.vinness.it\/zh\/catalogo\/vineria\/bollicine-vineria\/franciacorta\/franciacorta-extra-brut-cuvee-prestige-edizione-45-2023-ca-del-bosco\/","title":{"rendered":"Franciacorta Extra Brut \u201cCuv\u00e9e Prestige Edition 45\u201d 2023 \u2013 Ca&#039; del Bosco"},"content":{"rendered":"<div data-elementor-type=\"product-post\" data-elementor-id=\"33297\" class=\"elementor elementor-33297\" data-elementor-post-type=\"product\">\n\t\t\t\t<div class=\"elementor-element elementor-element-62ff2496 e-con-full e-flex e-con e-parent\" data-id=\"62ff2496\" data-element_type=\"container\" data-e-type=\"container\">\n\t\t<div class=\"elementor-element elementor-element-470889b7 e-flex e-con-boxed e-con e-child\" data-id=\"470889b7\" data-element_type=\"container\" data-e-type=\"container\">\n\t\t\t\t\t<div class=\"e-con-inner\">\n\t\t\t\t<div class=\"elementor-element elementor-element-14ef2877 elementor-widget elementor-widget-heading\" data-id=\"14ef2877\" data-element_type=\"widget\" data-e-type=\"widget\" data-widget_type=\"heading.default\">\n\t\t\t\t<div class=\"elementor-widget-container\">\n\t\t\t\t\t<h2 class=\"elementor-heading-title elementor-size-default\">Franciacorta Extra Brut 'Cuv\u00e9e Prestige Edizione 45'\n<br>\nCa' del Bosco<\/h2>\t\t\t\t<\/div>\n\t\t\t\t<\/div>\n\t\t\t\t<div class=\"elementor-element elementor-element-6df3db21 elementor-widget elementor-widget-heading\" data-id=\"6df3db21\" data-element_type=\"widget\" data-e-type=\"widget\" data-widget_type=\"heading.default\">\n\t\t\t\t<div class=\"elementor-widget-container\">\n\t\t\t\t\t<h5 class=\"elementor-heading-title elementor-size-default\">Il \"Cuv\u00e9e Prestige Edizione 45\" di Ca' del Bosco \u00e8 un Franciacorta Extra Brut fresco e vivace di grande piacevolezza aromatica, affinato per circa 25 mesi sui lieviti in bottiglia. Fragranze fruttate di pesca, fiori, agrumi si integrano a note di panificazione e mandorle tostate: un simbolo della Franciacorta!<\/h5>\t\t\t\t<\/div>\n\t\t\t\t<\/div>\n\t\t\t\t\t<\/div>\n\t\t\t\t<\/div>\n\t\t<div class=\"wd-negative-gap elementor-element elementor-element-2dc8b30e e-flex e-con-boxed e-con e-child\" data-id=\"2dc8b30e\" data-element_type=\"container\" data-e-type=\"container\">\n\t\t\t\t\t<div class=\"e-con-inner\">\n\t\t\t\t<div class=\"elementor-element elementor-element-6ac4ffd3 elementor-widget elementor-widget-gallery\" data-id=\"6ac4ffd3\" data-element_type=\"widget\" data-e-type=\"widget\" data-settings=\"{&quot;gallery_layout&quot;:&quot;masonry&quot;,&quot;columns&quot;:2,&quot;gap&quot;:{&quot;unit&quot;:&quot;px&quot;,&quot;size&quot;:24,&quot;sizes&quot;:[]},&quot;columns_tablet&quot;:2,&quot;columns_mobile&quot;:1,&quot;gap_tablet&quot;:{&quot;unit&quot;:&quot;px&quot;,&quot;size&quot;:10,&quot;sizes&quot;:[]},&quot;gap_mobile&quot;:{&quot;unit&quot;:&quot;px&quot;,&quot;size&quot;:10,&quot;sizes&quot;:[]},&quot;link_to&quot;:&quot;file&quot;,&quot;overlay_background&quot;:&quot;yes&quot;,&quot;content_hover_animation&quot;:&quot;fade-in&quot;}\" data-widget_type=\"gallery.default\">\n\t\t\t\t<div class=\"elementor-widget-container\">\n\t\t\t\t\t\t\t<div class=\"elementor-gallery__container\">\n\t\t\t\t\t<\/div>\n\t\t\t\t\t<\/div>\n\t\t\t\t<\/div>\n\t\t\t\t\t<\/div>\n\t\t\t\t<\/div>\n\t\t\t\t<\/div>\n\t\t\t\t<section class=\"wd-negative-gap elementor-section elementor-top-section elementor-element elementor-element-676da948 elementor-section-boxed elementor-section-height-default elementor-section-height-default\" data-id=\"676da948\" data-element_type=\"section\" data-e-type=\"section\">\n\t\t\t\t\t\t<div class=\"elementor-container elementor-column-gap-default\">\n\t\t\t\t\t<div class=\"elementor-column elementor-col-100 elementor-top-column elementor-element elementor-element-2d0da017\" data-id=\"2d0da017\" data-element_type=\"column\" data-e-type=\"column\">\n\t\t\t<div class=\"elementor-widget-wrap elementor-element-populated\">\n\t\t\t\t\t\t<div class=\"elementor-element elementor-element-15366ab elementor-widget elementor-widget-heading\" data-id=\"15366ab\" data-element_type=\"widget\" data-e-type=\"widget\" data-widget_type=\"heading.default\">\n\t\t\t\t<div class=\"elementor-widget-container\">\n\t\t\t\t\t<h5 class=\"elementor-heading-title elementor-size-default\">Il Franciacorta Cuv\u00e9e Prestige 45 di Ca' del Bosco \u00e8 uno spumante di riferimento in tutto il mondo delle bollicine. Un nome e una certezza: Ca' del Bosco, tra le cantine pi\u00f9 importanti d'Italia, che con questo Cuv\u00e9e Prestige in edizione 44 racconta tutta la sua storia. Tutto nacque da Maurizio Zanella, un ragazzo appassionato fortemente di vino che si trasfer\u00ec con la famiglia ad Erbusco e decise di coltivare il suo primo vigneto. Maurizio non avrebbe mai immaginato che quella semplice vigna era il primo mattone di una realt\u00e0 che sarebbe diventata un modello e un esempio nel mondo spumantistico italiano. La svolta avvenne qualche anno dopo quando Maurizio intraprese un viaggio nella regione dello Champagne e, affascinato dalle grandi bollicine, decise di dedicare la propria vita alla creazione di uno spumante che riportasse tutti i tratti francesi. Cos\u00ec nasce Prestige Cuv\u00e8e, quel sogno tanto sperato e coltivato si realizza in forma liquida! Si tratta di una perla in stile Ca\u2019 del Bosco, una bollicina tradizionale, nata da oltre 30 anni di esperienza, che incarna alla perfezione l\u2019anima e l\u2019essenza della terra Franciacortina. Un'edizione che omaggia la storia di questa storica cantina e che racchiude tutta l'essenza dei diversi terroir della Franciacorta.<\/h5>\t\t\t\t<\/div>\n\t\t\t\t<\/div>\n\t\t\t\t<div class=\"elementor-element elementor-element-f018487 elementor-widget elementor-widget-heading\" data-id=\"f018487\" data-element_type=\"widget\" data-e-type=\"widget\" data-widget_type=\"heading.default\">\n\t\t\t\t<div class=\"elementor-widget-container\">\n\t\t\t\t\t<h5 class=\"elementor-heading-title elementor-size-default\">Il Franciacorta Cuv\u00e8e Prestige \"Edizione 45\" nasce dalle migliori uve Chardonnay, con una piccola percentuale di Pinot Nero e Pinot Bianco, che provengono da 197 vigne diverse, di cui 162 solo per lo Chardonnay. Le viti hanno un\u2019et\u00e0 media compresa tra i 19 e i 29 anni e sono radicate su terreno di matrice argillosa e calcarea. Vengono vinificate separatamente in serbatoi d\u2019acciaio termocondizionati per 8 mesi e poi uniti alle riserve delle migliori annate al fine di trovare la ricetta perfetta per la miglior Cuv\u00e9e. La rifermentazione avviene in bottiglia secondo i principi del Metodo Classico e l\u2019affinamento sui lieviti dura circa 25 mesi, donandogli una personalit\u00e0 unica e ricca. Si tratta di un Extra-Brut a tutti gli effetti dosato con circa 1,0 grammi\/litro di zucchero.<\/h5>\t\t\t\t<\/div>\n\t\t\t\t<\/div>\n\t\t\t\t<div class=\"elementor-element elementor-element-7d501126 elementor-widget elementor-widget-heading\" data-id=\"7d501126\" data-element_type=\"widget\" data-e-type=\"widget\" data-widget_type=\"heading.default\">\n\t\t\t\t<div class=\"elementor-widget-container\">\n\t\t\t\t\t<h5 class=\"elementor-heading-title elementor-size-default\">Ca' del Bosco Franciacorta 45 si presenta alla vista con un prestigioso manto giallo paglierino luminoso, solcato da bollicine fini e persistenti. All\u2019olfatto libera delicatamente e progressivamente timidi e fragranti sentori di agrumi, mela, pesca bianca e frutta esotica, arricchiti da ricordi di pasticceria, echi di frutta secca e scie minerali. Il gusto, vivace e guizzante, invoglia la beva in virt\u00f9 della sua irresistibile freschezza, vibrante e ben dosata. La beva risulta quindi snella e invitante e si distende fino ad un gradevole finale fruttato. Da spendere su antipasti di pesce fresco, carpacci, sushi e sashimi o su un risotto ai frutti di mare o con zucchine e gamberi. La freschezza fatta a vino!<\/h5>\t\t\t\t<\/div>\n\t\t\t\t<\/div>\n\t\t\t\t\t<\/div>\n\t\t<\/div>\n\t\t\t\t\t<\/div>\n\t\t<\/section>\n\t\t\t\t<section class=\"wd-negative-gap elementor-section elementor-top-section elementor-element elementor-element-49e2cc3a wd-section-stretch elementor-section-boxed elementor-section-height-default elementor-section-height-default\" data-id=\"49e2cc3a\" data-element_type=\"section\" data-e-type=\"section\" data-settings=\"{&quot;background_background&quot;:&quot;classic&quot;}\">\n\t\t\t\t\t\t<div class=\"elementor-container elementor-column-gap-default\">\n\t\t\t\t\t<div class=\"elementor-column elementor-col-100 elementor-top-column elementor-element elementor-element-1b04ff26\" data-id=\"1b04ff26\" data-element_type=\"column\" data-e-type=\"column\">\n\t\t\t<div class=\"elementor-widget-wrap elementor-element-populated\">\n\t\t\t\t\t\t<section class=\"wd-negative-gap elementor-section elementor-inner-section elementor-element elementor-element-3f07c949 elementor-section-boxed elementor-section-height-default elementor-section-height-default\" data-id=\"3f07c949\" data-element_type=\"section\" data-e-type=\"section\">\n\t\t\t\t\t\t<div class=\"elementor-container elementor-column-gap-default\">\n\t\t\t\t\t<div class=\"elementor-column elementor-col-33 elementor-inner-column elementor-element elementor-element-776c4422\" data-id=\"776c4422\" data-element_type=\"column\" data-e-type=\"column\">\n\t\t\t<div class=\"elementor-widget-wrap elementor-element-populated\">\n\t\t\t\t\t\t<div class=\"elementor-element elementor-element-7c5a325c elementor-widget elementor-widget-wd_infobox\" data-id=\"7c5a325c\" data-element_type=\"widget\" data-e-type=\"widget\" data-widget_type=\"wd_infobox.default\">\n\t\t\t\t<div class=\"elementor-widget-container\">\n\t\t\t\t\t\t\t<div class=\"info-box-wrapper\">\n\t\t\t<div class=\"wd-info-box text-left box-icon-align-left box-style-base color-scheme-light wd-items-top\">\n\t\t\t\t\t\t\t\t\t<div class=\"box-icon-wrapper  box-with-text text-size-default box-icon-simple\">\n\t\t\t\t\t\t<div class=\"info-box-icon\">\n\t\t\t\t\t\t\t\t\t\t\t\t\t\t\t1.\t\t\t\t\t\t\t\t\t\t\t\t\t<\/div>\n\t\t\t\t\t<\/div>\n\t\t\t\t\n\t\t\t\t<div class=\"info-box-content\">\n\t\t\t\t\t\n\t\t\t\t\t\t\t\t\t\t\t<h4\t\t\t\t\t\tclass=\"info-box-title title box-title-style-default wd-fontsize-xl\" data-elementor-setting-key=\"title\">\n\t\t\t\t\t\t\t\t\u989c\u8272\t\t\t\t\t\t<\/h4>\n\t\t\t\t\t\n\t\t\t\t\t<div class=\"info-box-inner reset-last-child\"data-elementor-setting-key=\"content\"><p>Paglierino, con riflessi dorati; perlage fine e persistente.<\/p>\n<\/div>\n\n\t\t\t\t\t\t\t\t\t<\/div>\n\n\t\t\t\t\t\t\t<\/div>\n\t\t<\/div>\n\t\t\t\t\t\t<\/div>\n\t\t\t\t<\/div>\n\t\t\t\t\t<\/div>\n\t\t<\/div>\n\t\t\t\t<div class=\"elementor-column elementor-col-33 elementor-inner-column elementor-element elementor-element-117447d1\" data-id=\"117447d1\" data-element_type=\"column\" data-e-type=\"column\">\n\t\t\t<div class=\"elementor-widget-wrap elementor-element-populated\">\n\t\t\t\t\t\t<div class=\"elementor-element elementor-element-1e4bd702 elementor-widget elementor-widget-wd_infobox\" data-id=\"1e4bd702\" data-element_type=\"widget\" data-e-type=\"widget\" data-widget_type=\"wd_infobox.default\">\n\t\t\t\t<div class=\"elementor-widget-container\">\n\t\t\t\t\t\t\t<div class=\"info-box-wrapper\">\n\t\t\t<div class=\"wd-info-box text-left box-icon-align-left box-style-base color-scheme-light wd-items-top\">\n\t\t\t\t\t\t\t\t\t<div class=\"box-icon-wrapper  box-with-text text-size-default box-icon-simple\">\n\t\t\t\t\t\t<div class=\"info-box-icon\">\n\t\t\t\t\t\t\t\t\t\t\t\t\t\t\t2.\t\t\t\t\t\t\t\t\t\t\t\t\t<\/div>\n\t\t\t\t\t<\/div>\n\t\t\t\t\n\t\t\t\t<div class=\"info-box-content\">\n\t\t\t\t\t\n\t\t\t\t\t\t\t\t\t\t\t<h4\t\t\t\t\t\tclass=\"info-box-title title box-title-style-default wd-fontsize-xl\" data-elementor-setting-key=\"title\">\n\t\t\t\t\t\t\t\t\u54c1\u5c1d\t\t\t\t\t\t<\/h4>\n\t\t\t\t\t\n\t\t\t\t\t<div class=\"info-box-inner reset-last-child\"data-elementor-setting-key=\"content\"><p>Al palato \u00e8 fine, molto fresco e armonico.<\/p>\n<\/div>\n\n\t\t\t\t\t\t\t\t\t<\/div>\n\n\t\t\t\t\t\t\t<\/div>\n\t\t<\/div>\n\t\t\t\t\t\t<\/div>\n\t\t\t\t<\/div>\n\t\t\t\t\t<\/div>\n\t\t<\/div>\n\t\t\t\t<div class=\"elementor-column elementor-col-33 elementor-inner-column elementor-element elementor-element-4465b7fe\" data-id=\"4465b7fe\" data-element_type=\"column\" data-e-type=\"column\">\n\t\t\t<div class=\"elementor-widget-wrap elementor-element-populated\">\n\t\t\t\t\t\t<div class=\"elementor-element elementor-element-6ded949 elementor-widget elementor-widget-wd_infobox\" data-id=\"6ded949\" data-element_type=\"widget\" data-e-type=\"widget\" data-widget_type=\"wd_infobox.default\">\n\t\t\t\t<div class=\"elementor-widget-container\">\n\t\t\t\t\t\t\t<div class=\"info-box-wrapper\">\n\t\t\t<div class=\"wd-info-box text-left box-icon-align-left box-style-base color-scheme-light wd-items-top\">\n\t\t\t\t\t\t\t\t\t<div class=\"box-icon-wrapper  box-with-text text-size-default box-icon-simple\">\n\t\t\t\t\t\t<div class=\"info-box-icon\">\n\t\t\t\t\t\t\t\t\t\t\t\t\t\t\t3.\t\t\t\t\t\t\t\t\t\t\t\t\t<\/div>\n\t\t\t\t\t<\/div>\n\t\t\t\t\n\t\t\t\t<div class=\"info-box-content\">\n\t\t\t\t\t\n\t\t\t\t\t\t\t\t\t\t\t<h4\t\t\t\t\t\tclass=\"info-box-title title box-title-style-default wd-fontsize-xl\" data-elementor-setting-key=\"title\">\n\t\t\t\t\t\t\t\t\u9999\u6c34\t\t\t\t\t\t<\/h4>\n\t\t\t\t\t\n\t\t\t\t\t<div class=\"info-box-inner reset-last-child\"data-elementor-setting-key=\"content\"><p>Al naso si esprime con sentori di pesca e agrumi, delicate note floreali e cenni di mandorla. <\/p>\n<\/div>\n\n\t\t\t\t\t\t\t\t\t<\/div>\n\n\t\t\t\t\t\t\t<\/div>\n\t\t<\/div>\n\t\t\t\t\t\t<\/div>\n\t\t\t\t<\/div>\n\t\t\t\t\t<\/div>\n\t\t<\/div>\n\t\t\t\t\t<\/div>\n\t\t<\/section>\n\t\t\t\t\t<\/div>\n\t\t<\/div>\n\t\t\t\t\t<\/div>\n\t\t<\/section>\n\t\t\t\t<\/div>","protected":false},"excerpt":{"rendered":"<p>Il Franciacorta \u201cCuv\u00e9e Prestige &#8211; Edizione 45&#8243; di Ca&#8217; del Bosco, quarantacinquesima interpretazione del multivintage, vuole essere espressione dell\u2019essenza pi\u00f9 autentica dei diversi terroir della Franciacorta. L\u2019Edizione 45 \u00e8 un Franciacorta originale, fragrante e complesso, che rivela al meglio il carattere dei 139 diversi vini di cui si compone, provenienti da 141 particelle di vigna e da ben 4 diverse annate. Affinato sui lieviti per almeno 25 mesi, \u00e8 un Franciacorta sorprendente per freschezza ed equilibrio gustativo, con una grande ricchezza aromatica, assolutamente da non perdere.<\/p>","protected":false},"featured_media":33622,"comment_status":"closed","ping_status":"closed","template":"","meta":{"_relevanssi_hide_post":"","_relevanssi_hide_content":"","_relevanssi_pin_for_all":"","_relevanssi_pin_keywords":"","_relevanssi_unpin_keywords":"","_relevanssi_related_keywords":"","_relevanssi_related_include_ids":"","_relevanssi_related_exclude_ids":"","_relevanssi_related_no_append":"","_relevanssi_related_not_related":"","_relevanssi_related_posts":"","_relevanssi_noindex_reason":""},"product_brand":[],"product_cat":[485],"product_tag":[],"class_list":{"0":"post-33297","1":"product","2":"type-product","3":"status-publish","4":"has-post-thumbnail","6":"product_cat-franciacorta","7":"pa_annata-538","8":"pa_denominazione-franciacorta-docg","9":"pa_formato-075-cl","10":"pa_gradazione-alcolica-12-5","11":"pa_paese-italia","12":"pa_produttore-ca-del-bosco","13":"pa_regione-lombardia","14":"pa_tipologia-franciacorta","15":"pa_vitigni-chardonnay-83-pinot-nero-12-pinot-bianco-5","17":"first","18":"outofstock","19":"taxable","20":"shipping-taxable","21":"purchasable","22":"product-type-simple"},"ase":null,"_links":{"self":[{"href":"https:\/\/www.vinness.it\/zh\/wp-json\/wp\/v2\/product\/33297","targetHints":{"allow":["GET"]}}],"collection":[{"href":"https:\/\/www.vinness.it\/zh\/wp-json\/wp\/v2\/product"}],"about":[{"href":"https:\/\/www.vinness.it\/zh\/wp-json\/wp\/v2\/types\/product"}],"replies":[{"embeddable":true,"href":"https:\/\/www.vinness.it\/zh\/wp-json\/wp\/v2\/comments?post=33297"}],"version-history":[{"count":0,"href":"https:\/\/www.vinness.it\/zh\/wp-json\/wp\/v2\/product\/33297\/revisions"}],"wp:featuredmedia":[{"embeddable":true,"href":"https:\/\/www.vinness.it\/zh\/wp-json\/wp\/v2\/media\/33622"}],"wp:attachment":[{"href":"https:\/\/www.vinness.it\/zh\/wp-json\/wp\/v2\/media?parent=33297"}],"wp:term":[{"taxonomy":"product_brand","embeddable":true,"href":"https:\/\/www.vinness.it\/zh\/wp-json\/wp\/v2\/product_brand?post=33297"},{"taxonomy":"product_cat","embeddable":true,"href":"https:\/\/www.vinness.it\/zh\/wp-json\/wp\/v2\/product_cat?post=33297"},{"taxonomy":"product_tag","embeddable":true,"href":"https:\/\/www.vinness.it\/zh\/wp-json\/wp\/v2\/product_tag?post=33297"}],"curies":[{"name":"wp","href":"https:\/\/api.w.org\/{rel}","templated":true}]}}