{"id":37065,"date":"2024-05-13T11:46:08","date_gmt":"2024-05-13T09:46:08","guid":{"rendered":"https:\/\/www.vinness.it\/?post_type=product&#038;p=37065"},"modified":"2025-05-28T13:38:47","modified_gmt":"2025-05-28T11:38:47","slug":"franciacorta-brut-docg-teatro-alla-scala-2018-bellavista","status":"publish","type":"product","link":"https:\/\/www.vinness.it\/zh\/catalogo\/vineria\/bollicine-vineria\/franciacorta\/franciacorta-brut-docg-teatro-alla-scala-2018-bellavista\/","title":{"rendered":"Franciacorta Brut Millesimato &#8220;Edizione Teatro alla Scala&#8221; 2018 &#8211; Bellavista"},"content":{"rendered":"<div data-elementor-type=\"product-post\" data-elementor-id=\"37065\" class=\"elementor elementor-37065\" data-elementor-post-type=\"product\">\n\t\t\t\t<div class=\"elementor-element elementor-element-360c834d e-con-full e-flex e-con e-parent\" data-id=\"360c834d\" data-element_type=\"container\" data-e-type=\"container\">\n\t\t<div class=\"elementor-element elementor-element-535c4131 e-flex e-con-boxed e-con e-child\" data-id=\"535c4131\" data-element_type=\"container\" data-e-type=\"container\">\n\t\t\t\t\t<div class=\"e-con-inner\">\n\t\t\t\t<div class=\"elementor-element elementor-element-259123ee elementor-widget elementor-widget-heading\" data-id=\"259123ee\" data-element_type=\"widget\" data-e-type=\"widget\" data-widget_type=\"heading.default\">\n\t\t\t\t<div class=\"elementor-widget-container\">\n\t\t\t\t\t<h2 class=\"elementor-heading-title elementor-size-default\">Franciacorta Brut Millesimato \"Teatro alla Scala\"<\/h2>\t\t\t\t<\/div>\n\t\t\t\t<\/div>\n\t\t\t\t<div class=\"elementor-element elementor-element-7e66bfa1 elementor-widget elementor-widget-heading\" data-id=\"7e66bfa1\" data-element_type=\"widget\" data-e-type=\"widget\" data-widget_type=\"heading.default\">\n\t\t\t\t<div class=\"elementor-widget-container\">\n\t\t\t\t\t<h5 class=\"elementor-heading-title elementor-size-default\">Il Franciacorta Brut Millesimato nasce dall\u2019ingegno del titolare Vittorio Moretti e dalla mano sapiente dell\u2019enologo Mattia Vezzola.<\/h5>\t\t\t\t<\/div>\n\t\t\t\t<\/div>\n\t\t\t\t\t<\/div>\n\t\t\t\t<\/div>\n\t\t<div class=\"wd-negative-gap elementor-element elementor-element-35ea28df e-flex e-con-boxed e-con e-child\" data-id=\"35ea28df\" data-element_type=\"container\" data-e-type=\"container\">\n\t\t\t\t\t<div class=\"e-con-inner\">\n\t\t\t\t<div class=\"elementor-element elementor-element-1aeb5fa4 elementor-widget elementor-widget-gallery\" data-id=\"1aeb5fa4\" data-element_type=\"widget\" data-e-type=\"widget\" data-settings=\"{&quot;gallery_layout&quot;:&quot;masonry&quot;,&quot;columns&quot;:2,&quot;gap&quot;:{&quot;unit&quot;:&quot;px&quot;,&quot;size&quot;:24,&quot;sizes&quot;:[]},&quot;columns_tablet&quot;:2,&quot;columns_mobile&quot;:1,&quot;gap_tablet&quot;:{&quot;unit&quot;:&quot;px&quot;,&quot;size&quot;:10,&quot;sizes&quot;:[]},&quot;gap_mobile&quot;:{&quot;unit&quot;:&quot;px&quot;,&quot;size&quot;:10,&quot;sizes&quot;:[]},&quot;link_to&quot;:&quot;file&quot;,&quot;overlay_background&quot;:&quot;yes&quot;,&quot;content_hover_animation&quot;:&quot;fade-in&quot;}\" data-widget_type=\"gallery.default\">\n\t\t\t\t<div class=\"elementor-widget-container\">\n\t\t\t\t\t\t\t<div class=\"elementor-gallery__container\">\n\t\t\t\t\t<\/div>\n\t\t\t\t\t<\/div>\n\t\t\t\t<\/div>\n\t\t\t\t\t<\/div>\n\t\t\t\t<\/div>\n\t\t\t\t<\/div>\n\t\t\t\t<section class=\"wd-negative-gap elementor-section elementor-top-section elementor-element elementor-element-7c10fd4c elementor-section-boxed elementor-section-height-default elementor-section-height-default\" data-id=\"7c10fd4c\" data-element_type=\"section\" data-e-type=\"section\">\n\t\t\t\t\t\t<div class=\"elementor-container elementor-column-gap-default\">\n\t\t\t\t\t<div class=\"elementor-column elementor-col-100 elementor-top-column elementor-element elementor-element-1e0deea7\" data-id=\"1e0deea7\" data-element_type=\"column\" data-e-type=\"column\">\n\t\t\t<div class=\"elementor-widget-wrap elementor-element-populated\">\n\t\t\t\t\t\t<div class=\"elementor-element elementor-element-24bb1a38 elementor-widget elementor-widget-heading\" data-id=\"24bb1a38\" data-element_type=\"widget\" data-e-type=\"widget\" data-widget_type=\"heading.default\">\n\t\t\t\t<div class=\"elementor-widget-container\">\n\t\t\t\t\t<h5 class=\"elementor-heading-title elementor-size-default\">La cantina Bellavista \u00e8 tra le pi\u00f9 autorevoli e famose firme delle bollicine italiane, considerata come una vera e propria maison della Franciacorta grazie alla produzione spumanti simbolici e di altissima qualit\u00e0. Infatti questo Millesimato Brut ne \u00e8 un esempio concreto, un simbolo della cantina che ne incarna appieno tutte le caratteristiche: impeccabile, misurato ed equilibrato, una sintesi di eleganza e finezza. Ci troviamo nel centro della Lombardia, in quell\u2019angolo di terra che si estende dalla Pianura Padana fino a toccare le rive del Lago d\u2019Iseo. Qui Bellavista ha affondato le proprie radici decenni fa acquistando pi\u00f9 di 200 ettari e producendo eccellenze che sarebbero diventate in pochi anni un punto di riferimento del mondo spumantistico italiano.<\/h5>\t\t\t\t<\/div>\n\t\t\t\t<\/div>\n\t\t\t\t<div class=\"elementor-element elementor-element-66e6e0d3 elementor-widget elementor-widget-heading\" data-id=\"66e6e0d3\" data-element_type=\"widget\" data-e-type=\"widget\" data-widget_type=\"heading.default\">\n\t\t\t\t<div class=\"elementor-widget-container\">\n\t\t\t\t\t<h5 class=\"elementor-heading-title elementor-size-default\">Il Millesimato Brut Franciacorta nasce da uve Chardonnay e Pinot Nero della stessa annata coltivate in alta collina con esposizione a Sud\/Sud-Est da viti di et\u00e0 superiore ai 25 anni. Una parte del mosto fermenta in piccole botti di rovere bianco per circa 7 mesi, mentre la restante in acciaio. La seconda fermentazione \u00e8 svolta in bottiglia secondo il Metodo Classico e l\u2019affinamento sui lieviti dura 36 mesi, il tempo necessario affinch\u00e9 i lieviti restituiscano tutto quello che hanno \u201cmangiato\u201d. Segue la sboccatura e la chiusura con il classico tappo a sughero e la gabbietta di metallo.<\/h5>\t\t\t\t<\/div>\n\t\t\t\t<\/div>\n\t\t\t\t<div class=\"elementor-element elementor-element-3530ddf9 elementor-widget elementor-widget-heading\" data-id=\"3530ddf9\" data-element_type=\"widget\" data-e-type=\"widget\" data-widget_type=\"heading.default\">\n\t\t\t\t<div class=\"elementor-widget-container\">\n\t\t\t\t\t<h5 class=\"elementor-heading-title elementor-size-default\">Il Bellavista Franciacorta Millesimato ha un manto cristallino paglierino con riflessi dorati, impreziosito da un perlage persistente, aristocratico e intrigante. Il ventaglio di profumi \u00e8 suadente e fresco: sentori di crosta di pane, mela verde, fiori bianchi e miele sfilano in successione tra ricordi minerali e agrumati. Al gusto \u00e8 elegante, cremoso e unico, reso possibile dalla sinergia tra freschezza, morbidezza, mineralit\u00e0 ed effervescenza.<\/h5>\t\t\t\t<\/div>\n\t\t\t\t<\/div>\n\t\t\t\t<div class=\"elementor-element elementor-element-473a9921 elementor-widget elementor-widget-heading\" data-id=\"473a9921\" data-element_type=\"widget\" data-e-type=\"widget\" data-widget_type=\"heading.default\">\n\t\t\t\t<div class=\"elementor-widget-container\">\n\t\t\t\t\t<h5 class=\"elementor-heading-title elementor-size-default\">Da stappare in occasioni di festa, ma anche ideale compagno a tutto pasto, delizioso e piacevole, sapr\u00e0 emozionare e regalare grandi soddisfazioni. E se siete ancora indecisi su cosa servire ai vostri ospiti fidatevi di questa vivace espressione, sinonimo di garanzia, che sicuramente riscuoter\u00e0 successo. Questo Brut racconta dietro ogni bollicina la passione, la tenacia e la grande tradizione di una delle realt\u00e0 pi\u00f9 importanti del nostro panorama enologico: Bellavista.<\/h5>\t\t\t\t<\/div>\n\t\t\t\t<\/div>\n\t\t\t\t\t<\/div>\n\t\t<\/div>\n\t\t\t\t\t<\/div>\n\t\t<\/section>\n\t\t\t\t<section class=\"wd-negative-gap elementor-section elementor-top-section elementor-element elementor-element-2148c7d1 wd-section-stretch elementor-section-boxed elementor-section-height-default elementor-section-height-default\" data-id=\"2148c7d1\" data-element_type=\"section\" data-e-type=\"section\" data-settings=\"{&quot;background_background&quot;:&quot;classic&quot;}\">\n\t\t\t\t\t\t<div class=\"elementor-container elementor-column-gap-default\">\n\t\t\t\t\t<div class=\"elementor-column elementor-col-100 elementor-top-column elementor-element elementor-element-2e2e1fb5\" data-id=\"2e2e1fb5\" data-element_type=\"column\" data-e-type=\"column\">\n\t\t\t<div class=\"elementor-widget-wrap elementor-element-populated\">\n\t\t\t\t\t\t<section class=\"wd-negative-gap elementor-section elementor-inner-section elementor-element elementor-element-7c0d9b85 elementor-section-boxed elementor-section-height-default elementor-section-height-default\" data-id=\"7c0d9b85\" data-element_type=\"section\" data-e-type=\"section\">\n\t\t\t\t\t\t<div class=\"elementor-container elementor-column-gap-default\">\n\t\t\t\t\t<div class=\"elementor-column elementor-col-33 elementor-inner-column elementor-element elementor-element-5b2cd3d2\" data-id=\"5b2cd3d2\" data-element_type=\"column\" data-e-type=\"column\">\n\t\t\t<div class=\"elementor-widget-wrap elementor-element-populated\">\n\t\t\t\t\t\t<div class=\"elementor-element elementor-element-2f3a80d0 elementor-widget elementor-widget-wd_infobox\" data-id=\"2f3a80d0\" data-element_type=\"widget\" data-e-type=\"widget\" data-widget_type=\"wd_infobox.default\">\n\t\t\t\t<div class=\"elementor-widget-container\">\n\t\t\t\t\t\t\t<div class=\"info-box-wrapper\">\n\t\t\t<div class=\"wd-info-box text-left box-icon-align-left box-style-base color-scheme-light wd-items-top\">\n\t\t\t\t\t\t\t\t\t<div class=\"box-icon-wrapper  box-with-text text-size-default box-icon-simple\">\n\t\t\t\t\t\t<div class=\"info-box-icon\">\n\t\t\t\t\t\t\t\t\t\t\t\t\t\t\t1.\t\t\t\t\t\t\t\t\t\t\t\t\t<\/div>\n\t\t\t\t\t<\/div>\n\t\t\t\t\n\t\t\t\t<div class=\"info-box-content\">\n\t\t\t\t\t\n\t\t\t\t\t\t\t\t\t\t\t<h4\t\t\t\t\t\tclass=\"info-box-title title box-title-style-default wd-fontsize-xl\" data-elementor-setting-key=\"title\">\n\t\t\t\t\t\t\t\t\u989c\u8272\t\t\t\t\t\t<\/h4>\n\t\t\t\t\t\n\t\t\t\t\t<div class=\"info-box-inner reset-last-child\"data-elementor-setting-key=\"content\"><p>Rosso rubino intenso.<\/p>\n<\/div>\n\n\t\t\t\t\t\t\t\t\t<\/div>\n\n\t\t\t\t\t\t\t<\/div>\n\t\t<\/div>\n\t\t\t\t\t\t<\/div>\n\t\t\t\t<\/div>\n\t\t\t\t\t<\/div>\n\t\t<\/div>\n\t\t\t\t<div class=\"elementor-column elementor-col-33 elementor-inner-column elementor-element elementor-element-46319767\" data-id=\"46319767\" data-element_type=\"column\" data-e-type=\"column\">\n\t\t\t<div class=\"elementor-widget-wrap elementor-element-populated\">\n\t\t\t\t\t\t<div class=\"elementor-element elementor-element-43f5f2ba elementor-widget elementor-widget-wd_infobox\" data-id=\"43f5f2ba\" data-element_type=\"widget\" data-e-type=\"widget\" data-widget_type=\"wd_infobox.default\">\n\t\t\t\t<div class=\"elementor-widget-container\">\n\t\t\t\t\t\t\t<div class=\"info-box-wrapper\">\n\t\t\t<div class=\"wd-info-box text-left box-icon-align-left box-style-base color-scheme-light wd-items-top\">\n\t\t\t\t\t\t\t\t\t<div class=\"box-icon-wrapper  box-with-text text-size-default box-icon-simple\">\n\t\t\t\t\t\t<div class=\"info-box-icon\">\n\t\t\t\t\t\t\t\t\t\t\t\t\t\t\t2.\t\t\t\t\t\t\t\t\t\t\t\t\t<\/div>\n\t\t\t\t\t<\/div>\n\t\t\t\t\n\t\t\t\t<div class=\"info-box-content\">\n\t\t\t\t\t\n\t\t\t\t\t\t\t\t\t\t\t<h4\t\t\t\t\t\tclass=\"info-box-title title box-title-style-default wd-fontsize-xl\" data-elementor-setting-key=\"title\">\n\t\t\t\t\t\t\t\t\u54c1\u5c1d\t\t\t\t\t\t<\/h4>\n\t\t\t\t\t\n\t\t\t\t\t<div class=\"info-box-inner reset-last-child\"data-elementor-setting-key=\"content\"><p>Fresco, cremoso, intenso ed elegante, agrumato e con un perlage intrigante.<\/p>\n<\/div>\n\n\t\t\t\t\t\t\t\t\t<\/div>\n\n\t\t\t\t\t\t\t<\/div>\n\t\t<\/div>\n\t\t\t\t\t\t<\/div>\n\t\t\t\t<\/div>\n\t\t\t\t\t<\/div>\n\t\t<\/div>\n\t\t\t\t<div class=\"elementor-column elementor-col-33 elementor-inner-column elementor-element elementor-element-35af7d8b\" data-id=\"35af7d8b\" data-element_type=\"column\" data-e-type=\"column\">\n\t\t\t<div class=\"elementor-widget-wrap elementor-element-populated\">\n\t\t\t\t\t\t<div class=\"elementor-element elementor-element-7733d635 elementor-widget elementor-widget-wd_infobox\" data-id=\"7733d635\" data-element_type=\"widget\" data-e-type=\"widget\" data-widget_type=\"wd_infobox.default\">\n\t\t\t\t<div class=\"elementor-widget-container\">\n\t\t\t\t\t\t\t<div class=\"info-box-wrapper\">\n\t\t\t<div class=\"wd-info-box text-left box-icon-align-left box-style-base color-scheme-light wd-items-top\">\n\t\t\t\t\t\t\t\t\t<div class=\"box-icon-wrapper  box-with-text text-size-default box-icon-simple\">\n\t\t\t\t\t\t<div class=\"info-box-icon\">\n\t\t\t\t\t\t\t\t\t\t\t\t\t\t\t3.\t\t\t\t\t\t\t\t\t\t\t\t\t<\/div>\n\t\t\t\t\t<\/div>\n\t\t\t\t\n\t\t\t\t<div class=\"info-box-content\">\n\t\t\t\t\t\n\t\t\t\t\t\t\t\t\t\t\t<h4\t\t\t\t\t\tclass=\"info-box-title title box-title-style-default wd-fontsize-xl\" data-elementor-setting-key=\"title\">\n\t\t\t\t\t\t\t\t\u9999\u6c34\t\t\t\t\t\t<\/h4>\n\t\t\t\t\t\n\t\t\t\t\t<div class=\"info-box-inner reset-last-child\"data-elementor-setting-key=\"content\"><p>Ricco e suadente, di miele, frutta fresca, agrumi e mughetto su sfondo piacevolmente tostato.<\/p>\n<\/div>\n\n\t\t\t\t\t\t\t\t\t<\/div>\n\n\t\t\t\t\t\t\t<\/div>\n\t\t<\/div>\n\t\t\t\t\t\t<\/div>\n\t\t\t\t<\/div>\n\t\t\t\t\t<\/div>\n\t\t<\/div>\n\t\t\t\t\t<\/div>\n\t\t<\/section>\n\t\t\t\t\t<\/div>\n\t\t<\/div>\n\t\t\t\t\t<\/div>\n\t\t<\/section>\n\t\t\t\t<\/div>","protected":false},"excerpt":{"rendered":"<p>Il Franciacorta Brut Millesimato di Bellavista \u00e8 uno spumante metodo classico di impeccabile equilibrio e grande eleganza, maturato sui lieviti in bottiglia per 36 mesi. Le sue tonalit\u00e0 morbide, fresche e avvolgenti sono animate da sentori di miele, agrumi e fiori bianchi.<\/p>","protected":false},"featured_media":33810,"comment_status":"closed","ping_status":"closed","template":"","meta":{"_relevanssi_hide_post":"","_relevanssi_hide_content":"","_relevanssi_pin_for_all":"","_relevanssi_pin_keywords":"","_relevanssi_unpin_keywords":"","_relevanssi_related_keywords":"","_relevanssi_related_include_ids":"","_relevanssi_related_exclude_ids":"","_relevanssi_related_no_append":"","_relevanssi_related_not_related":"","_relevanssi_related_posts":"","_relevanssi_noindex_reason":""},"product_brand":[],"product_cat":[485],"product_tag":[],"class_list":{"0":"post-37065","1":"product","2":"type-product","3":"status-publish","4":"has-post-thumbnail","6":"product_cat-franciacorta","7":"pa_annata-533","8":"pa_denominazione-franciacorta-docg","9":"pa_formato-075-cl","10":"pa_gradazione-alcolica-12-5","11":"pa_paese-italia","12":"pa_produttore-bellavista","13":"pa_regione-lombardia","14":"pa_tipologia-franciacorta","15":"pa_vitigni-chardonnay-73-pinot-nero-27","17":"first","18":"outofstock","19":"taxable","20":"shipping-taxable","21":"purchasable","22":"product-type-simple"},"ase":null,"_links":{"self":[{"href":"https:\/\/www.vinness.it\/zh\/wp-json\/wp\/v2\/product\/37065","targetHints":{"allow":["GET"]}}],"collection":[{"href":"https:\/\/www.vinness.it\/zh\/wp-json\/wp\/v2\/product"}],"about":[{"href":"https:\/\/www.vinness.it\/zh\/wp-json\/wp\/v2\/types\/product"}],"replies":[{"embeddable":true,"href":"https:\/\/www.vinness.it\/zh\/wp-json\/wp\/v2\/comments?post=37065"}],"version-history":[{"count":0,"href":"https:\/\/www.vinness.it\/zh\/wp-json\/wp\/v2\/product\/37065\/revisions"}],"wp:featuredmedia":[{"embeddable":true,"href":"https:\/\/www.vinness.it\/zh\/wp-json\/wp\/v2\/media\/33810"}],"wp:attachment":[{"href":"https:\/\/www.vinness.it\/zh\/wp-json\/wp\/v2\/media?parent=37065"}],"wp:term":[{"taxonomy":"product_brand","embeddable":true,"href":"https:\/\/www.vinness.it\/zh\/wp-json\/wp\/v2\/product_brand?post=37065"},{"taxonomy":"product_cat","embeddable":true,"href":"https:\/\/www.vinness.it\/zh\/wp-json\/wp\/v2\/product_cat?post=37065"},{"taxonomy":"product_tag","embeddable":true,"href":"https:\/\/www.vinness.it\/zh\/wp-json\/wp\/v2\/product_tag?post=37065"}],"curies":[{"name":"wp","href":"https:\/\/api.w.org\/{rel}","templated":true}]}}