{"id":37077,"date":"2024-05-13T12:02:59","date_gmt":"2024-05-13T10:02:59","guid":{"rendered":"https:\/\/www.vinness.it\/?post_type=product&#038;p=37077"},"modified":"2025-05-28T13:38:48","modified_gmt":"2025-05-28T11:38:48","slug":"franciacorta-brut-rose-docg-2020-ferghettina","status":"publish","type":"product","link":"https:\/\/www.vinness.it\/zh\/catalogo\/vineria\/bollicine-vineria\/franciacorta\/franciacorta-brut-rose-docg-2020-ferghettina\/","title":{"rendered":"Franciacorta Brut Ros\u00e9 DOCG 2020 \u2013 Ferghettina"},"content":{"rendered":"<div data-elementor-type=\"product-post\" data-elementor-id=\"37077\" class=\"elementor elementor-37077\" data-elementor-post-type=\"product\">\n\t\t\t\t<div data-particle_enable=\"false\" data-particle-mobile-disabled=\"false\" class=\"elementor-element elementor-element-11e1c14c e-con-full e-flex e-con e-parent\" data-id=\"11e1c14c\" data-element_type=\"container\" data-e-type=\"container\">\n\t\t<div data-particle_enable=\"false\" data-particle-mobile-disabled=\"false\" class=\"elementor-element elementor-element-e998755 e-flex e-con-boxed e-con e-child\" data-id=\"e998755\" data-element_type=\"container\" data-e-type=\"container\">\n\t\t\t\t\t<div class=\"e-con-inner\">\n\t\t\t\t<div class=\"elementor-element elementor-element-1219bd5f elementor-widget elementor-widget-heading\" data-id=\"1219bd5f\" data-element_type=\"widget\" data-e-type=\"widget\" data-widget_type=\"heading.default\">\n\t\t\t\t<div class=\"elementor-widget-container\">\n\t\t\t\t\t<h2 class=\"elementor-heading-title elementor-size-default\">Franciacorta Brut Ros\u00e9 DOCG<\/h2>\t\t\t\t<\/div>\n\t\t\t\t<\/div>\n\t\t\t\t<div class=\"elementor-element elementor-element-3bbbf5cd elementor-widget elementor-widget-heading\" data-id=\"3bbbf5cd\" data-element_type=\"widget\" data-e-type=\"widget\" data-widget_type=\"heading.default\">\n\t\t\t\t<div class=\"elementor-widget-container\">\n\t\t\t\t\t<h5 class=\"elementor-heading-title elementor-size-default\">Il Franciacorta Brut Ros\u00e9 della realt\u00e0 vinicola lombarda Ferghettina \u00e8 una bollicina capace di associare struttura e agilit\u00e0 gustative, realizzata a partire da sole uve Pinot Nero.<\/h5>\t\t\t\t<\/div>\n\t\t\t\t<\/div>\n\t\t\t\t\t<\/div>\n\t\t\t\t<\/div>\n\t\t<div data-particle_enable=\"false\" data-particle-mobile-disabled=\"false\" class=\"wd-negative-gap elementor-element elementor-element-67cd014e e-flex e-con-boxed e-con e-child\" data-id=\"67cd014e\" data-element_type=\"container\" data-e-type=\"container\">\n\t\t\t\t\t<div class=\"e-con-inner\">\n\t\t\t\t<div class=\"elementor-element elementor-element-168a07c5 elementor-widget elementor-widget-gallery\" data-id=\"168a07c5\" data-element_type=\"widget\" data-e-type=\"widget\" data-settings=\"{&quot;gallery_layout&quot;:&quot;masonry&quot;,&quot;columns&quot;:2,&quot;gap&quot;:{&quot;unit&quot;:&quot;px&quot;,&quot;size&quot;:24,&quot;sizes&quot;:[]},&quot;columns_tablet&quot;:2,&quot;columns_mobile&quot;:1,&quot;gap_tablet&quot;:{&quot;unit&quot;:&quot;px&quot;,&quot;size&quot;:10,&quot;sizes&quot;:[]},&quot;gap_mobile&quot;:{&quot;unit&quot;:&quot;px&quot;,&quot;size&quot;:10,&quot;sizes&quot;:[]},&quot;link_to&quot;:&quot;file&quot;,&quot;overlay_background&quot;:&quot;yes&quot;,&quot;content_hover_animation&quot;:&quot;fade-in&quot;}\" data-widget_type=\"gallery.default\">\n\t\t\t\t<div class=\"elementor-widget-container\">\n\t\t\t\t\t\t\t<div class=\"elementor-gallery__container\">\n\t\t\t\t\t<\/div>\n\t\t\t\t\t<\/div>\n\t\t\t\t<\/div>\n\t\t\t\t\t<\/div>\n\t\t\t\t<\/div>\n\t\t\t\t<\/div>\n\t\t\t\t<section data-particle_enable=\"false\" data-particle-mobile-disabled=\"false\" class=\"wd-negative-gap elementor-section elementor-top-section elementor-element elementor-element-10e530b4 elementor-section-boxed elementor-section-height-default elementor-section-height-default\" data-id=\"10e530b4\" data-element_type=\"section\" data-e-type=\"section\">\n\t\t\t\t\t\t<div class=\"elementor-container elementor-column-gap-default\">\n\t\t\t\t\t<div class=\"elementor-column elementor-col-100 elementor-top-column elementor-element elementor-element-7620dc50\" data-id=\"7620dc50\" data-element_type=\"column\" data-e-type=\"column\">\n\t\t\t<div class=\"elementor-widget-wrap elementor-element-populated\">\n\t\t\t\t\t\t<div class=\"elementor-element elementor-element-c2f6d11 elementor-widget elementor-widget-heading\" data-id=\"c2f6d11\" data-element_type=\"widget\" data-e-type=\"widget\" data-widget_type=\"heading.default\">\n\t\t\t\t<div class=\"elementor-widget-container\">\n\t\t\t\t\t<h5 class=\"elementor-heading-title elementor-size-default\">I grappoli vengono vinificati attraverso il torchio verticale Marmonier, un\u2019antica macchina enologica utilizzata per la pressatura che rispetta al massimo le caratteristiche intrinseche degli acini. Infatti, la pressione applicata dal torchio \u00e8 piuttosto delicata e ci\u00f2 consente di non frantumare le bucce estraendo cos\u00ec esclusivamente le sostanze pi\u00f9 nobili.<\/h5>\t\t\t\t<\/div>\n\t\t\t\t<\/div>\n\t\t\t\t<div class=\"elementor-element elementor-element-173188d7 elementor-widget elementor-widget-heading\" data-id=\"173188d7\" data-element_type=\"widget\" data-e-type=\"widget\" data-widget_type=\"heading.default\">\n\t\t\t\t<div class=\"elementor-widget-container\">\n\t\t\t\t\t<h5 class=\"elementor-heading-title elementor-size-default\">Ferghettina Franciacorta Ros\u00e9 Brut \u00e8 un 100% Pinot Nero da 14 differenti vigneti distribuiti su 4 comuni della zona del Franciacorta, situati a circa 250 metri di altitudine. La raccolta viene effettuata a mano solitamente a met\u00e0 agosto, allo scopo di preservare la naturale dotazione in acidi organici delle uve, che vengono quindi vinificate a grappolo intero attraverso il torchio Marmonier.<\/h5>\t\t\t\t<\/div>\n\t\t\t\t<\/div>\n\t\t\t\t<div class=\"elementor-element elementor-element-7785e35e elementor-widget elementor-widget-heading\" data-id=\"7785e35e\" data-element_type=\"widget\" data-e-type=\"widget\" data-widget_type=\"heading.default\">\n\t\t\t\t<div class=\"elementor-widget-container\">\n\t\t\t\t\t<h5 class=\"elementor-heading-title elementor-size-default\">Il solo mosto fiore estratto dalla pressatura soffice viene posto in vasche di acciaio inox per la fermentazione alcolica a temperatura controllata, seguita da qualche mese di maturazione sempre in acciaio. In primavera il vino base viene quindi imbottigliato e addizionato dello sciroppo di tiraggio per la presa di spuma secondo il Metodo Classico, con almeno 36 mesi di affinamento sui lieviti in vetro. Terminato il periodo di sosta sur lie si procede infine con la sboccatura e il dosaggio Brut.<\/h5>\t\t\t\t<\/div>\n\t\t\t\t<\/div>\n\t\t\t\t<div class=\"elementor-element elementor-element-1000175 elementor-widget elementor-widget-heading\" data-id=\"1000175\" data-element_type=\"widget\" data-e-type=\"widget\" data-widget_type=\"heading.default\">\n\t\t\t\t<div class=\"elementor-widget-container\">\n\t\t\t\t\t<h5 class=\"elementor-heading-title elementor-size-default\">Il Ros\u00e9 Franciacorta Brut Ferghettina \u00e8 di colore rosa tenue dai riflessi brillanti, con effervescenza sottile e persistente. Al naso si percepiscono delicati sentori di crosta di pane, fragoline, bacche di bosco e mandorla, mentre in bocca risulta diretto, pulito ed elegante, di buona struttura e accesa freschezza. L\u2019epilogo porta con s\u00e9 piacevoli sensazioni sapide e fruttate.<\/h5>\t\t\t\t<\/div>\n\t\t\t\t<\/div>\n\t\t\t\t\t<\/div>\n\t\t<\/div>\n\t\t\t\t\t<\/div>\n\t\t<\/section>\n\t\t\t\t<section data-particle_enable=\"false\" data-particle-mobile-disabled=\"false\" class=\"wd-negative-gap elementor-section elementor-top-section elementor-element elementor-element-6017a382 wd-section-stretch elementor-section-boxed elementor-section-height-default elementor-section-height-default\" data-id=\"6017a382\" data-element_type=\"section\" data-e-type=\"section\" data-settings=\"{&quot;background_background&quot;:&quot;classic&quot;}\">\n\t\t\t\t\t\t<div class=\"elementor-container elementor-column-gap-default\">\n\t\t\t\t\t<div class=\"elementor-column elementor-col-100 elementor-top-column elementor-element elementor-element-ab153ca\" data-id=\"ab153ca\" data-element_type=\"column\" data-e-type=\"column\">\n\t\t\t<div class=\"elementor-widget-wrap elementor-element-populated\">\n\t\t\t\t\t\t<section data-particle_enable=\"false\" data-particle-mobile-disabled=\"false\" class=\"wd-negative-gap elementor-section elementor-inner-section elementor-element elementor-element-5ec47da7 elementor-section-boxed elementor-section-height-default elementor-section-height-default\" data-id=\"5ec47da7\" data-element_type=\"section\" data-e-type=\"section\">\n\t\t\t\t\t\t<div class=\"elementor-container elementor-column-gap-default\">\n\t\t\t\t\t<div class=\"elementor-column elementor-col-33 elementor-inner-column elementor-element elementor-element-3299d576\" data-id=\"3299d576\" data-element_type=\"column\" data-e-type=\"column\">\n\t\t\t<div class=\"elementor-widget-wrap elementor-element-populated\">\n\t\t\t\t\t\t<div class=\"elementor-element elementor-element-40a3b42e elementor-widget elementor-widget-wd_infobox\" data-id=\"40a3b42e\" data-element_type=\"widget\" data-e-type=\"widget\" data-widget_type=\"wd_infobox.default\">\n\t\t\t\t<div class=\"elementor-widget-container\">\n\t\t\t\t\t\t\t<div class=\"info-box-wrapper\">\n\t\t\t<div class=\"wd-info-box text-left box-icon-align-left box-style-base color-scheme-light wd-items-top\">\n\t\t\t\t\t\t\t\t\t<div class=\"box-icon-wrapper  box-with-text text-size-default box-icon-simple\">\n\t\t\t\t\t\t<div class=\"info-box-icon\">\n\t\t\t\t\t\t\t\t\t\t\t\t\t\t\t1.\t\t\t\t\t\t\t\t\t\t\t\t\t<\/div>\n\t\t\t\t\t<\/div>\n\t\t\t\t\n\t\t\t\t<div class=\"info-box-content\">\n\t\t\t\t\t\n\t\t\t\t\t\t\t\t\t\t\t<h4\t\t\t\t\t\tclass=\"info-box-title title box-title-style-default wd-fontsize-xl\" data-elementor-setting-key=\"title\">\n\t\t\t\t\t\t\t\t\u989c\u8272\t\t\t\t\t\t<\/h4>\n\t\t\t\t\t\n\t\t\t\t\t<div class=\"info-box-inner reset-last-child\"data-elementor-setting-key=\"content\"><p>Rosso rubino intenso.<\/p>\n<\/div>\n\n\t\t\t\t\t\t\t\t\t<\/div>\n\n\t\t\t\t\t\t\t<\/div>\n\t\t<\/div>\n\t\t\t\t\t\t<\/div>\n\t\t\t\t<\/div>\n\t\t\t\t\t<\/div>\n\t\t<\/div>\n\t\t\t\t<div class=\"elementor-column elementor-col-33 elementor-inner-column elementor-element elementor-element-79922536\" data-id=\"79922536\" data-element_type=\"column\" data-e-type=\"column\">\n\t\t\t<div class=\"elementor-widget-wrap elementor-element-populated\">\n\t\t\t\t\t\t<div class=\"elementor-element elementor-element-e7c411a elementor-widget elementor-widget-wd_infobox\" data-id=\"e7c411a\" data-element_type=\"widget\" data-e-type=\"widget\" data-widget_type=\"wd_infobox.default\">\n\t\t\t\t<div class=\"elementor-widget-container\">\n\t\t\t\t\t\t\t<div class=\"info-box-wrapper\">\n\t\t\t<div class=\"wd-info-box text-left box-icon-align-left box-style-base color-scheme-light wd-items-top\">\n\t\t\t\t\t\t\t\t\t<div class=\"box-icon-wrapper  box-with-text text-size-default box-icon-simple\">\n\t\t\t\t\t\t<div class=\"info-box-icon\">\n\t\t\t\t\t\t\t\t\t\t\t\t\t\t\t2.\t\t\t\t\t\t\t\t\t\t\t\t\t<\/div>\n\t\t\t\t\t<\/div>\n\t\t\t\t\n\t\t\t\t<div class=\"info-box-content\">\n\t\t\t\t\t\n\t\t\t\t\t\t\t\t\t\t\t<h4\t\t\t\t\t\tclass=\"info-box-title title box-title-style-default wd-fontsize-xl\" data-elementor-setting-key=\"title\">\n\t\t\t\t\t\t\t\t\u54c1\u5c1d\t\t\t\t\t\t<\/h4>\n\t\t\t\t\t\n\t\t\t\t\t<div class=\"info-box-inner reset-last-child\"data-elementor-setting-key=\"content\"><p>Diretto, pulito ed elegante, di buona struttura e sapido.<\/p>\n<\/div>\n\n\t\t\t\t\t\t\t\t\t<\/div>\n\n\t\t\t\t\t\t\t<\/div>\n\t\t<\/div>\n\t\t\t\t\t\t<\/div>\n\t\t\t\t<\/div>\n\t\t\t\t\t<\/div>\n\t\t<\/div>\n\t\t\t\t<div class=\"elementor-column elementor-col-33 elementor-inner-column elementor-element elementor-element-6d97e792\" data-id=\"6d97e792\" data-element_type=\"column\" data-e-type=\"column\">\n\t\t\t<div class=\"elementor-widget-wrap elementor-element-populated\">\n\t\t\t\t\t\t<div class=\"elementor-element elementor-element-5cc71b37 elementor-widget elementor-widget-wd_infobox\" data-id=\"5cc71b37\" data-element_type=\"widget\" data-e-type=\"widget\" data-widget_type=\"wd_infobox.default\">\n\t\t\t\t<div class=\"elementor-widget-container\">\n\t\t\t\t\t\t\t<div class=\"info-box-wrapper\">\n\t\t\t<div class=\"wd-info-box text-left box-icon-align-left box-style-base color-scheme-light wd-items-top\">\n\t\t\t\t\t\t\t\t\t<div class=\"box-icon-wrapper  box-with-text text-size-default box-icon-simple\">\n\t\t\t\t\t\t<div class=\"info-box-icon\">\n\t\t\t\t\t\t\t\t\t\t\t\t\t\t\t3.\t\t\t\t\t\t\t\t\t\t\t\t\t<\/div>\n\t\t\t\t\t<\/div>\n\t\t\t\t\n\t\t\t\t<div class=\"info-box-content\">\n\t\t\t\t\t\n\t\t\t\t\t\t\t\t\t\t\t<h4\t\t\t\t\t\tclass=\"info-box-title title box-title-style-default wd-fontsize-xl\" data-elementor-setting-key=\"title\">\n\t\t\t\t\t\t\t\t\u9999\u6c34\t\t\t\t\t\t<\/h4>\n\t\t\t\t\t\n\t\t\t\t\t<div class=\"info-box-inner reset-last-child\"data-elementor-setting-key=\"content\"><p>Sentori delicati di crosta di pane, bacche di bosco, fragoline e mandorle.<\/p>\n<\/div>\n\n\t\t\t\t\t\t\t\t\t<\/div>\n\n\t\t\t\t\t\t\t<\/div>\n\t\t<\/div>\n\t\t\t\t\t\t<\/div>\n\t\t\t\t<\/div>\n\t\t\t\t\t<\/div>\n\t\t<\/div>\n\t\t\t\t\t<\/div>\n\t\t<\/section>\n\t\t\t\t\t<\/div>\n\t\t<\/div>\n\t\t\t\t\t<\/div>\n\t\t<\/section>\n\t\t\t\t<\/div>","protected":false},"excerpt":{"rendered":"<p>Il Franciacorta Ros\u00e9 la Ferghettina \u00e8 uno spumante di buona vivacit\u00e0, finezza e fragranza, maturato sui lieviti per 36 mesi. Delicate note di pane, mandorle, fragoline e frutti di bosco invitano a un sorso nitido e pulito, fresco e dinamico!<\/p>","protected":false},"featured_media":34490,"comment_status":"closed","ping_status":"closed","template":"","meta":{"_relevanssi_hide_post":"","_relevanssi_hide_content":"","_relevanssi_pin_for_all":"","_relevanssi_pin_keywords":"","_relevanssi_unpin_keywords":"","_relevanssi_related_keywords":"","_relevanssi_related_include_ids":"","_relevanssi_related_exclude_ids":"","_relevanssi_related_no_append":"","_relevanssi_related_not_related":"","_relevanssi_related_posts":"","_relevanssi_noindex_reason":""},"product_brand":[],"product_cat":[485],"product_tag":[],"class_list":{"0":"post-37077","1":"product","2":"type-product","3":"status-publish","4":"has-post-thumbnail","6":"product_cat-franciacorta","7":"pa_annata-535","8":"pa_denominazione-franciacorta-docg","9":"pa_formato-075-cl","10":"pa_gradazione-alcolica-12-5","11":"pa_paese-italia","12":"pa_produttore-ferghettina","13":"pa_regione-lombardia","14":"pa_tipologia-franciacorta","15":"pa_vitigni-pinot-nero-100","17":"first","18":"outofstock","19":"taxable","20":"shipping-taxable","21":"purchasable","22":"product-type-simple"},"ase":null,"_links":{"self":[{"href":"https:\/\/www.vinness.it\/zh\/wp-json\/wp\/v2\/product\/37077","targetHints":{"allow":["GET"]}}],"collection":[{"href":"https:\/\/www.vinness.it\/zh\/wp-json\/wp\/v2\/product"}],"about":[{"href":"https:\/\/www.vinness.it\/zh\/wp-json\/wp\/v2\/types\/product"}],"replies":[{"embeddable":true,"href":"https:\/\/www.vinness.it\/zh\/wp-json\/wp\/v2\/comments?post=37077"}],"version-history":[{"count":0,"href":"https:\/\/www.vinness.it\/zh\/wp-json\/wp\/v2\/product\/37077\/revisions"}],"wp:featuredmedia":[{"embeddable":true,"href":"https:\/\/www.vinness.it\/zh\/wp-json\/wp\/v2\/media\/34490"}],"wp:attachment":[{"href":"https:\/\/www.vinness.it\/zh\/wp-json\/wp\/v2\/media?parent=37077"}],"wp:term":[{"taxonomy":"product_brand","embeddable":true,"href":"https:\/\/www.vinness.it\/zh\/wp-json\/wp\/v2\/product_brand?post=37077"},{"taxonomy":"product_cat","embeddable":true,"href":"https:\/\/www.vinness.it\/zh\/wp-json\/wp\/v2\/product_cat?post=37077"},{"taxonomy":"product_tag","embeddable":true,"href":"https:\/\/www.vinness.it\/zh\/wp-json\/wp\/v2\/product_tag?post=37077"}],"curies":[{"name":"wp","href":"https:\/\/api.w.org\/{rel}","templated":true}]}}