{"id":87465,"date":"2025-10-18T16:39:00","date_gmt":"2025-10-18T14:39:00","guid":{"rendered":"https:\/\/www.vinness.it\/catalogo\/senza-categoria\/gragnano-ottouve-2024-06874\/"},"modified":"2026-04-15T23:16:08","modified_gmt":"2026-04-15T21:16:08","slug":"gragnano-ottouve-2024-06874","status":"publish","type":"product","link":"https:\/\/www.vinness.it\/zh\/catalogo\/vineria\/vini-vineria\/rosso\/gragnano-ottouve-2024-06874\/","title":{"rendered":"Gragnano Ottouve 2024 &#8211; 06874"},"content":{"rendered":"<p><span style=\"font-size: 13px;text-decoration: none;font-family: Verdana, sans-serif;white-space: normal;text-transform: none;float: none;font-weight: 400;font-style: normal;text-align: justify;display: inline !important;letter-spacing: normal;text-indent: 0px\">Il Gragnano della Penisola Sorrentina doc \u00e8 per antonomasia il vino rosso della citt\u00e0 di Napoli ed \u00e8 considerato il miglior abbinamento con la verace pizza napoletana. Citato in racconti, poesie e commedie di cui la pi\u00f9 famosa \u00e8 senz\u2019altro \u2018Miseria e Nobilt\u00e0\u2019 di Eduardo Scarpetta nella quale Tot\u00f2 \u2013 in veste di moderno sommellier \u2013 ne decanta le caratteristiche e termina con la celebre frase \u2018se non \u00e8 Gragnano, desisti\u2019.<\/p>\n<p>Il nome \u201cOttouve\u201d \u00e8 un omaggio ai molteplici vitigni autoctoni che storicamente concorrevano ed in parte ancora concorrono alla produzione del Gragnano: il piedirosso, l\u2019aglianico, lo sciascinoso, la suppezza, la castagnara, l\u2019olivella, la sauca, la surbegna.<\/span><\/p>","protected":false},"excerpt":{"rendered":"<p><span style=\"font-size: 13px;text-decoration: none;font-family: Verdana, sans-serif;white-space: normal;text-transform: none;float: none;font-weight: 400;font-style: normal;text-align: justify;display: inline !important;letter-spacing: normal;text-indent: 0px\">Il Gragnano della Penisola Sorrentina doc \u00e8 per antonomasia il vino rosso della citt\u00e0 di Napoli ed \u00e8 considerato il miglior abbinamento con la verace pizza napoletana. Citato in racconti, poesie e commedie di cui la pi\u00f9 famosa \u00e8 senz\u2019altro \u2018Miseria e Nobilt\u00e0\u2019 di Eduardo Scarpetta nella quale Tot\u00f2 \u2013 in veste di moderno sommellier \u2013 ne decanta le caratteristiche e termina con la celebre frase \u2018se non \u00e8 Gragnano, desisti\u2019.<\/p>\n<p>Il nome \u201cOttouve\u201d \u00e8 un omaggio ai molteplici vitigni autoctoni che storicamente concorrevano ed in parte ancora concorrono alla produzione del Gragnano: il piedirosso, l\u2019aglianico, lo sciascinoso, la suppezza, la castagnara, l\u2019olivella, la sauca, la surbegna.<\/span><\/p>","protected":false},"featured_media":253860,"comment_status":"closed","ping_status":"closed","template":"","meta":{"_relevanssi_hide_post":"","_relevanssi_hide_content":"","_relevanssi_pin_for_all":"","_relevanssi_pin_keywords":"","_relevanssi_unpin_keywords":"","_relevanssi_related_keywords":"","_relevanssi_related_include_ids":"","_relevanssi_related_exclude_ids":"","_relevanssi_related_no_append":"","_relevanssi_related_not_related":"","_relevanssi_related_posts":"","_relevanssi_noindex_reason":""},"product_brand":[],"product_cat":[427],"product_tag":[],"class_list":{"0":"post-87465","1":"product","2":"type-product","3":"status-publish","4":"has-post-thumbnail","6":"product_cat-rosso","8":"first","9":"outofstock","10":"taxable","11":"shipping-taxable","12":"purchasable","13":"product-type-simple"},"ase":null,"_links":{"self":[{"href":"https:\/\/www.vinness.it\/zh\/wp-json\/wp\/v2\/product\/87465","targetHints":{"allow":["GET"]}}],"collection":[{"href":"https:\/\/www.vinness.it\/zh\/wp-json\/wp\/v2\/product"}],"about":[{"href":"https:\/\/www.vinness.it\/zh\/wp-json\/wp\/v2\/types\/product"}],"replies":[{"embeddable":true,"href":"https:\/\/www.vinness.it\/zh\/wp-json\/wp\/v2\/comments?post=87465"}],"version-history":[{"count":1,"href":"https:\/\/www.vinness.it\/zh\/wp-json\/wp\/v2\/product\/87465\/revisions"}],"predecessor-version":[{"id":163976,"href":"https:\/\/www.vinness.it\/zh\/wp-json\/wp\/v2\/product\/87465\/revisions\/163976"}],"wp:featuredmedia":[{"embeddable":true,"href":"https:\/\/www.vinness.it\/zh\/wp-json\/wp\/v2\/media\/253860"}],"wp:attachment":[{"href":"https:\/\/www.vinness.it\/zh\/wp-json\/wp\/v2\/media?parent=87465"}],"wp:term":[{"taxonomy":"product_brand","embeddable":true,"href":"https:\/\/www.vinness.it\/zh\/wp-json\/wp\/v2\/product_brand?post=87465"},{"taxonomy":"product_cat","embeddable":true,"href":"https:\/\/www.vinness.it\/zh\/wp-json\/wp\/v2\/product_cat?post=87465"},{"taxonomy":"product_tag","embeddable":true,"href":"https:\/\/www.vinness.it\/zh\/wp-json\/wp\/v2\/product_tag?post=87465"}],"curies":[{"name":"wp","href":"https:\/\/api.w.org\/{rel}","templated":true}]}}